{"id":630,"date":"2020-03-24T16:26:16","date_gmt":"2020-03-24T15:26:16","guid":{"rendered":"https:\/\/nanoe.com\/alumine\/"},"modified":"2021-07-28T11:45:49","modified_gmt":"2021-07-28T09:45:49","slug":"alumina","status":"publish","type":"page","link":"https:\/\/nanoe.com\/en\/alumina\/","title":{"rendered":"Alumina"},"content":{"rendered":"","protected":false},"excerpt":{"rendered":"","protected":false},"author":3,"featured_media":0,"parent":0,"menu_order":0,"comment_status":"closed","ping_status":"closed","template":"","meta":[],"acf":{"components":[{"acf_fc_layout":"hero","hero_background":492,"hero_title":"Alumina "},{"acf_fc_layout":"wysiwyg","wysiwyg":"<p style=\"text-align: center;\"><b>Very high wear resistance | Very high temperature resistance<\/b><\/p>\n","display_one":false,"colonne":"10"},{"acf_fc_layout":"title","type":"h2","align":"left","title":"Alumina"},{"acf_fc_layout":"wysiwyg","wysiwyg":"<p><span style=\"font-weight: 400;\">Alumina is the most used material in the fields of technical ceramics. It possesses high hardness properties as well as a good thermodynamic stability. It also has very interesting thermal and electrical properties which makes it a prime choice\u00a0 for a wide array of different applications.<\/span><\/p>\n","display_one":false,"colonne":"10"},{"acf_fc_layout":"content","title":"Al100 type Alumina : A high purity material","text":"<p><span style=\"font-weight: 400;\">The Al100 that Nanoe offers is a very high purity alumina (99.99%) to which we\u2019ve added additives destined to better it\u2019s properties and performances. Thanks to our know-how and unique process of fabrication, we are able to offer a very fine alumine which will enable you to obtain sintered parts with better mechanical properties than with a traditional alumina.<\/span><\/p>\n","link_one":{"title":"Download the datasheet","url":"https:\/\/nanoe.com\/wp-content\/uploads\/2021\/07\/datasheetaluminafinal2021compresse.pdf","target":"_blank"},"link_two":{"title":"Download the MSDS","url":"\/wp-content\/uploads\/2020\/05\/MSDS-anglais-alumine.pdf","target":"_blank"},"background":{"ID":122,"id":122,"title":"microscope","filename":"microscope.png","filesize":1397617,"url":"https:\/\/nanoe.com\/wp-content\/uploads\/2020\/03\/microscope.png","link":"https:\/\/nanoe.com\/en\/support-technique\/microscope\/","alt":"","author":"1","description":"","caption":"","name":"microscope","status":"inherit","uploaded_to":120,"date":"2020-03-10 17:36:04","modified":"2020-03-10 17:36:04","menu_order":0,"mime_type":"image\/png","type":"image","subtype":"png","icon":"https:\/\/nanoe.com\/wp-includes\/images\/media\/default.png","width":1920,"height":640,"sizes":{"thumbnail":"https:\/\/nanoe.com\/wp-content\/uploads\/2020\/03\/microscope-150x150.png","thumbnail-width":150,"thumbnail-height":150,"medium":"https:\/\/nanoe.com\/wp-content\/uploads\/2020\/03\/microscope-300x100.png","medium-width":300,"medium-height":100,"medium_large":"https:\/\/nanoe.com\/wp-content\/uploads\/2020\/03\/microscope-768x256.png","medium_large-width":768,"medium_large-height":256,"large":"https:\/\/nanoe.com\/wp-content\/uploads\/2020\/03\/microscope-1024x341.png","large-width":1024,"large-height":341,"1536x1536":"https:\/\/nanoe.com\/wp-content\/uploads\/2020\/03\/microscope-1536x512.png","1536x1536-width":1536,"1536x1536-height":512,"2048x2048":"https:\/\/nanoe.com\/wp-content\/uploads\/2020\/03\/microscope.png","2048x2048-width":1920,"2048x2048-height":640,"wide":"https:\/\/nanoe.com\/wp-content\/uploads\/2020\/03\/microscope.png","wide-width":1920,"wide-height":640,"hero":"https:\/\/nanoe.com\/wp-content\/uploads\/2020\/03\/microscope-1236x412.png","hero-width":1236,"hero-height":412}}},{"acf_fc_layout":"spacer","size":"small"},{"acf_fc_layout":"title","type":"h2","align":"left","title":"A wide variety of applications"},{"acf_fc_layout":"wysiwyg","wysiwyg":"<h4><span style=\"font-weight: 400;\">Alumina enable to make wear parts which will benefit a longer lifespan ; e.g. balls for metrology, thread guides or even grinding balls. It can also be used to make electric isolators. It also a key material that is used a lot in the medical industry.<\/span><\/h4>\n","display_one":false,"colonne":"12"},{"acf_fc_layout":"pictos","block":[{"pictogramme":"doctor","title":"Biomedical","description":"Alumina is a chemically stable and biocompatible ceramic, it\u2019s main use is for the fabrication of prosthetics ...","picto_link":{"title":"Biomedical","url":"\/en\/biomedical\/","target":""}},{"pictogramme":"tools","title":"Wear parts and tools","description":"A material tougher than metal, the cutting tools made out of alumina are more resistant to wear than your standard cutting tools ...","picto_link":{"title":"Wear parts and tools","url":"\/en\/wear-parts-tools\/","target":""}},{"pictogramme":"compas","title":"Metrology","description":"In metrology, alumina is a prime choice because it allows for perfectly spherical precision balls \u2026","picto_link":{"title":"Metrology","url":"\/en\/metrology\/","target":""}}],"link":{"title":"Our applications","url":"\/metrologie\/","target":""}},{"acf_fc_layout":"separateur"},{"acf_fc_layout":"push","title":"A product curated for your needs","text":"<p><span style=\"font-weight: 400;\">In order to better respond to your needs, Nanoe delivers it\u2019s alumina Al100 under the shape best fitted for your process. We are able to provide our products as granules ready to press, redispersible powder or even as a feedstock for ceramic injection. Nanoe is also capable of adjusting the alumina to best fit your demands and constraints ; e.g. adding a special doping agent in its composition.<\/span><\/p>\n<p style=\"text-align: center;\"><b>Are you interested in Nanoe\u2019s Alumina?<\/b><\/p>\n","link":{"title":"Contact us for more info or to order!","url":"\/en\/contact\/","target":""},"background":{"ID":232,"id":232,"title":"BGdark-compressor","filename":"BGdark-compressor.png","filesize":264791,"url":"https:\/\/nanoe.com\/wp-content\/uploads\/2020\/03\/BGdark-compressor.png","link":"https:\/\/nanoe.com\/en\/zta-12\/bgdark-compressor\/","alt":"","author":"1","description":"","caption":"","name":"bgdark-compressor","status":"inherit","uploaded_to":230,"date":"2020-03-20 10:50:07","modified":"2020-03-20 10:50:07","menu_order":0,"mime_type":"image\/png","type":"image","subtype":"png","icon":"https:\/\/nanoe.com\/wp-includes\/images\/media\/default.png","width":1920,"height":729,"sizes":{"thumbnail":"https:\/\/nanoe.com\/wp-content\/uploads\/2020\/03\/BGdark-compressor-150x150.png","thumbnail-width":150,"thumbnail-height":150,"medium":"https:\/\/nanoe.com\/wp-content\/uploads\/2020\/03\/BGdark-compressor-300x114.png","medium-width":300,"medium-height":114,"medium_large":"https:\/\/nanoe.com\/wp-content\/uploads\/2020\/03\/BGdark-compressor-768x292.png","medium_large-width":768,"medium_large-height":292,"large":"https:\/\/nanoe.com\/wp-content\/uploads\/2020\/03\/BGdark-compressor-1024x389.png","large-width":1024,"large-height":389,"1536x1536":"https:\/\/nanoe.com\/wp-content\/uploads\/2020\/03\/BGdark-compressor-1536x583.png","1536x1536-width":1536,"1536x1536-height":583,"2048x2048":"https:\/\/nanoe.com\/wp-content\/uploads\/2020\/03\/BGdark-compressor.png","2048x2048-width":1920,"2048x2048-height":729,"wide":"https:\/\/nanoe.com\/wp-content\/uploads\/2020\/03\/BGdark-compressor.png","wide-width":1920,"wide-height":729,"hero":"https:\/\/nanoe.com\/wp-content\/uploads\/2020\/03\/BGdark-compressor-1085x412.png","hero-width":1085,"hero-height":412}}}]},"yoast_head":"<!-- This site is optimized with the Yoast SEO plugin v16.3 - https:\/\/yoast.com\/wordpress\/plugins\/seo\/ -->\n<meta name=\"description\" content=\"Duret\u00e9 \u00e9lev\u00e9e, stabilit\u00e9 thermodynamique, propri\u00e9t\u00e9s \u00e9lectriques et thermiques. L&#039;Alumina convient au biom\u00e9dical, \u00e0 la m\u00e9trologie, \u00e0 l&#039;isolation...\" \/>\n<meta name=\"robots\" content=\"index, follow, max-snippet:-1, max-image-preview:large, max-video-preview:-1\" \/>\n<link rel=\"canonical\" href=\"https:\/\/nanoe.com\/en\/alumina\/\" \/>\n<meta property=\"og:locale\" content=\"en_US\" \/>\n<meta property=\"og:type\" content=\"article\" \/>\n<meta property=\"og:title\" content=\"Alumina &ndash; Nanoe\" \/>\n<meta property=\"og:description\" content=\"Duret\u00e9 \u00e9lev\u00e9e, stabilit\u00e9 thermodynamique, propri\u00e9t\u00e9s \u00e9lectriques et thermiques. L&#039;Alumina convient au biom\u00e9dical, \u00e0 la m\u00e9trologie, \u00e0 l&#039;isolation...\" \/>\n<meta property=\"og:url\" content=\"https:\/\/nanoe.com\/en\/alumina\/\" \/>\n<meta property=\"og:site_name\" content=\"Nanoe\" \/>\n<meta property=\"article:modified_time\" content=\"2021-07-28T09:45:49+00:00\" \/>\n<meta name=\"twitter:card\" content=\"summary_large_image\" \/>\n<script type=\"application\/ld+json\" class=\"yoast-schema-graph\">{\"@context\":\"https:\/\/schema.org\",\"@graph\":[{\"@type\":\"Organization\",\"@id\":\"https:\/\/nanoe.com\/en\/#organization\",\"name\":\"Nanoe\",\"url\":\"https:\/\/nanoe.com\/en\/\",\"sameAs\":[],\"logo\":{\"@type\":\"ImageObject\",\"@id\":\"https:\/\/nanoe.com\/en\/#logo\",\"inLanguage\":\"en-US\",\"url\":\"https:\/\/nanoe.com\/wp-content\/uploads\/2020\/03\/logo.png\",\"contentUrl\":\"https:\/\/nanoe.com\/wp-content\/uploads\/2020\/03\/logo.png\",\"width\":618,\"height\":126,\"caption\":\"Nanoe\"},\"image\":{\"@id\":\"https:\/\/nanoe.com\/en\/#logo\"}},{\"@type\":\"WebSite\",\"@id\":\"https:\/\/nanoe.com\/en\/#website\",\"url\":\"https:\/\/nanoe.com\/en\/\",\"name\":\"Nanoe\",\"description\":\"Nanopoudres pour l&#039;industrie c\\u00e9ramique\",\"publisher\":{\"@id\":\"https:\/\/nanoe.com\/en\/#organization\"},\"potentialAction\":[{\"@type\":\"SearchAction\",\"target\":\"https:\/\/nanoe.com\/en\/?s={search_term_string}\",\"query-input\":\"required name=search_term_string\"}],\"inLanguage\":\"en-US\"},{\"@type\":\"WebPage\",\"@id\":\"https:\/\/nanoe.com\/en\/alumina\/#webpage\",\"url\":\"https:\/\/nanoe.com\/en\/alumina\/\",\"name\":\"Alumina &ndash; Nanoe\",\"isPartOf\":{\"@id\":\"https:\/\/nanoe.com\/en\/#website\"},\"datePublished\":\"2020-03-24T15:26:16+00:00\",\"dateModified\":\"2021-07-28T09:45:49+00:00\",\"description\":\"Duret\\u00e9 \\u00e9lev\\u00e9e, stabilit\\u00e9 thermodynamique, propri\\u00e9t\\u00e9s \\u00e9lectriques et thermiques. L'Alumina convient au biom\\u00e9dical, \\u00e0 la m\\u00e9trologie, \\u00e0 l'isolation...\",\"breadcrumb\":{\"@id\":\"https:\/\/nanoe.com\/en\/alumina\/#breadcrumb\"},\"inLanguage\":\"en-US\",\"potentialAction\":[{\"@type\":\"ReadAction\",\"target\":[\"https:\/\/nanoe.com\/en\/alumina\/\"]}]},{\"@type\":\"BreadcrumbList\",\"@id\":\"https:\/\/nanoe.com\/en\/alumina\/#breadcrumb\",\"itemListElement\":[{\"@type\":\"ListItem\",\"position\":1,\"item\":{\"@type\":\"WebPage\",\"@id\":\"https:\/\/nanoe.com\/en\/\",\"url\":\"https:\/\/nanoe.com\/en\/\",\"name\":\"Home\"}},{\"@type\":\"ListItem\",\"position\":2,\"item\":{\"@id\":\"https:\/\/nanoe.com\/en\/alumina\/#webpage\"}}]}]}<\/script>\n<!-- \/ Yoast SEO plugin. -->","_links":{"self":[{"href":"https:\/\/nanoe.com\/en\/wp-json\/wp\/v2\/pages\/630"}],"collection":[{"href":"https:\/\/nanoe.com\/en\/wp-json\/wp\/v2\/pages"}],"about":[{"href":"https:\/\/nanoe.com\/en\/wp-json\/wp\/v2\/types\/page"}],"author":[{"embeddable":true,"href":"https:\/\/nanoe.com\/en\/wp-json\/wp\/v2\/users\/3"}],"replies":[{"embeddable":true,"href":"https:\/\/nanoe.com\/en\/wp-json\/wp\/v2\/comments?post=630"}],"version-history":[{"count":1,"href":"https:\/\/nanoe.com\/en\/wp-json\/wp\/v2\/pages\/630\/revisions"}],"predecessor-version":[{"id":1427,"href":"https:\/\/nanoe.com\/en\/wp-json\/wp\/v2\/pages\/630\/revisions\/1427"}],"wp:attachment":[{"href":"https:\/\/nanoe.com\/en\/wp-json\/wp\/v2\/media?parent=630"}],"curies":[{"name":"wp","href":"https:\/\/api.w.org\/{rel}","templated":true}]}}