{"id":642,"date":"2020-03-11T15:06:09","date_gmt":"2020-03-11T14:06:09","guid":{"rendered":"https:\/\/nanoe.com\/stockage-de-lenergie\/"},"modified":"2020-05-15T12:11:00","modified_gmt":"2020-05-15T10:11:00","slug":"energy-storage","status":"publish","type":"page","link":"https:\/\/nanoe.com\/en\/energy-storage\/","title":{"rendered":"Energy storage"},"content":{"rendered":"","protected":false},"excerpt":{"rendered":"","protected":false},"author":1,"featured_media":0,"parent":0,"menu_order":0,"comment_status":"closed","ping_status":"closed","template":"","meta":[],"acf":{"components":[{"acf_fc_layout":"hero","hero_background":273,"hero_title":"Energy storage"},{"acf_fc_layout":"wysiwyg","wysiwyg":"<p><span style=\"font-weight: 400;\">Lithium-ion batteries are at the heart of innovations in many fields: electric cars, energy storage, electronics and drones. Today, the main challenges that hinders the use of these materials are their cost, as well as their energy and power density. The limits of their performance can be exceeded thanks to innovations in the field of materials.<\/span><\/p>\n","display_one":true,"colonne":"10"},{"acf_fc_layout":"text_image","title":"Our know-how used in the energy storage field","text":"<p><span style=\"font-weight: 400;\">Nanoe\u2019s R&amp;D department includes a team dedicated to the synthesis of innovative active ingredients for Li-ion and post Li-ion batteries.<\/span> <span style=\"font-weight: 400;\">Other important topics such as the optimization of the synthesis processes of these materials are being studied.<\/span> <span style=\"font-weight: 400;\">With our partnerships with Sorbonne Universit\u00e9, Universit\u00e9 Paris Est and Universit\u00e9 Paris Saclay, we\u2019re developing with our clients the important materials that will be in the next generations of electrochemical accumulators.<\/span> <span style=\"font-weight: 400;\">Since 2019, we have also joined the Network Industrial Club for Electrochemical Energy Storage (RS2E).<\/span><\/p>\n","image":{"ID":269,"id":269,"title":"Savoir faire stockage de l'\u00e9nergie Nanoe","filename":"Savoir-faire-stockage-de-l\u00e9nergie-Nanoe.jpg","filesize":864989,"url":"https:\/\/nanoe.com\/wp-content\/uploads\/2020\/03\/Savoir-faire-stockage-de-l\u00e9nergie-Nanoe.jpg","link":"https:\/\/nanoe.com\/en\/stockage-de-lenergie\/savoir-faire-stockage-de-lenergie-nanoe\/","alt":"","author":"1","description":"","caption":"","name":"savoir-faire-stockage-de-lenergie-nanoe","status":"inherit","uploaded_to":148,"date":"2020-03-20 11:51:40","modified":"2020-03-20 11:51:40","menu_order":0,"mime_type":"image\/jpeg","type":"image","subtype":"jpeg","icon":"https:\/\/nanoe.com\/wp-includes\/images\/media\/default.png","width":1448,"height":967,"sizes":{"thumbnail":"https:\/\/nanoe.com\/wp-content\/uploads\/2020\/03\/Savoir-faire-stockage-de-l\u00e9nergie-Nanoe-150x150.jpg","thumbnail-width":150,"thumbnail-height":150,"medium":"https:\/\/nanoe.com\/wp-content\/uploads\/2020\/03\/Savoir-faire-stockage-de-l\u00e9nergie-Nanoe-300x200.jpg","medium-width":300,"medium-height":200,"medium_large":"https:\/\/nanoe.com\/wp-content\/uploads\/2020\/03\/Savoir-faire-stockage-de-l\u00e9nergie-Nanoe-768x513.jpg","medium_large-width":768,"medium_large-height":513,"large":"https:\/\/nanoe.com\/wp-content\/uploads\/2020\/03\/Savoir-faire-stockage-de-l\u00e9nergie-Nanoe-1024x684.jpg","large-width":1024,"large-height":684,"1536x1536":"https:\/\/nanoe.com\/wp-content\/uploads\/2020\/03\/Savoir-faire-stockage-de-l\u00e9nergie-Nanoe.jpg","1536x1536-width":1448,"1536x1536-height":967,"2048x2048":"https:\/\/nanoe.com\/wp-content\/uploads\/2020\/03\/Savoir-faire-stockage-de-l\u00e9nergie-Nanoe.jpg","2048x2048-width":1448,"2048x2048-height":967,"wide":"https:\/\/nanoe.com\/wp-content\/uploads\/2020\/03\/Savoir-faire-stockage-de-l\u00e9nergie-Nanoe.jpg","wide-width":1448,"wide-height":967,"hero":"https:\/\/nanoe.com\/wp-content\/uploads\/2020\/03\/Savoir-faire-stockage-de-l\u00e9nergie-Nanoe-617x412.jpg","hero-width":617,"hero-height":412}},"link":"","image_right":false,"couleur":"secondary"},{"acf_fc_layout":"content","title":"Innovative and economical NMC powder synthesis method","text":"<p><span style=\"font-weight: 400;\">NMC (nickel manganese cobalt) batteries have recently been used for their low cost and high energy density. These active materials are traditionally synthesized by coprecipitation, from precursors derived from pre-processed salts. The number of manufacturing steps, and the cost of precursors weigh heavily on the cost of production.<\/span><\/p>\n<p><span style=\"font-weight: 400;\">Nanoe offers an alternative method based on our historical know-how. This approach divides the cost of manufacturing materials in half, resulting in a final cost of the cell of less than $100\/kWh.<\/span><\/p>\n","link_one":"","link_two":"","background":{"ID":122,"id":122,"title":"microscope","filename":"microscope.png","filesize":1397617,"url":"https:\/\/nanoe.com\/wp-content\/uploads\/2020\/03\/microscope.png","link":"https:\/\/nanoe.com\/en\/support-technique\/microscope\/","alt":"","author":"1","description":"","caption":"","name":"microscope","status":"inherit","uploaded_to":120,"date":"2020-03-10 17:36:04","modified":"2020-03-10 17:36:04","menu_order":0,"mime_type":"image\/png","type":"image","subtype":"png","icon":"https:\/\/nanoe.com\/wp-includes\/images\/media\/default.png","width":1920,"height":640,"sizes":{"thumbnail":"https:\/\/nanoe.com\/wp-content\/uploads\/2020\/03\/microscope-150x150.png","thumbnail-width":150,"thumbnail-height":150,"medium":"https:\/\/nanoe.com\/wp-content\/uploads\/2020\/03\/microscope-300x100.png","medium-width":300,"medium-height":100,"medium_large":"https:\/\/nanoe.com\/wp-content\/uploads\/2020\/03\/microscope-768x256.png","medium_large-width":768,"medium_large-height":256,"large":"https:\/\/nanoe.com\/wp-content\/uploads\/2020\/03\/microscope-1024x341.png","large-width":1024,"large-height":341,"1536x1536":"https:\/\/nanoe.com\/wp-content\/uploads\/2020\/03\/microscope-1536x512.png","1536x1536-width":1536,"1536x1536-height":512,"2048x2048":"https:\/\/nanoe.com\/wp-content\/uploads\/2020\/03\/microscope.png","2048x2048-width":1920,"2048x2048-height":640,"wide":"https:\/\/nanoe.com\/wp-content\/uploads\/2020\/03\/microscope.png","wide-width":1920,"wide-height":640,"hero":"https:\/\/nanoe.com\/wp-content\/uploads\/2020\/03\/microscope-1236x412.png","hero-width":1236,"hero-height":412}}},{"acf_fc_layout":"text_image","title":"Our tailored solutions","text":"<p><span style=\"font-weight: 400;\">Thanks to the efficiency of this new process, Nanoe is able to synthesize other active materials such as NCA (nickel cobalt aluminum), LFP (lithium iron phosphate), or to make custom compositions according to applications (energy\/ power). We are thus able to produce raw materials for battery electrode in intermediate quantities (100 Kg &#8211; 10 T) with specific compositions not available today on the market, ensuring the same level of purity and quality just as with our ceramic materials. We also devote a major part of our research effort to the development of critical materials for post Li-ion technologies, such as innovative active ingredients and ceramic separators for solid batteries.<\/span><\/p>\n","image":{"ID":151,"id":151,"title":"cycleur","filename":"cycleur.png","filesize":393872,"url":"https:\/\/nanoe.com\/wp-content\/uploads\/2020\/03\/cycleur.png","link":"https:\/\/nanoe.com\/en\/stockage-de-lenergie\/cycleur\/","alt":"","author":"1","description":"","caption":"","name":"cycleur","status":"inherit","uploaded_to":148,"date":"2020-03-11 14:06:03","modified":"2020-03-11 14:06:03","menu_order":0,"mime_type":"image\/png","type":"image","subtype":"png","icon":"https:\/\/nanoe.com\/wp-includes\/images\/media\/default.png","width":464,"height":416,"sizes":{"thumbnail":"https:\/\/nanoe.com\/wp-content\/uploads\/2020\/03\/cycleur-150x150.png","thumbnail-width":150,"thumbnail-height":150,"medium":"https:\/\/nanoe.com\/wp-content\/uploads\/2020\/03\/cycleur-300x269.png","medium-width":300,"medium-height":269,"medium_large":"https:\/\/nanoe.com\/wp-content\/uploads\/2020\/03\/cycleur.png","medium_large-width":464,"medium_large-height":416,"large":"https:\/\/nanoe.com\/wp-content\/uploads\/2020\/03\/cycleur.png","large-width":464,"large-height":416,"1536x1536":"https:\/\/nanoe.com\/wp-content\/uploads\/2020\/03\/cycleur.png","1536x1536-width":464,"1536x1536-height":416,"2048x2048":"https:\/\/nanoe.com\/wp-content\/uploads\/2020\/03\/cycleur.png","2048x2048-width":464,"2048x2048-height":416,"wide":"https:\/\/nanoe.com\/wp-content\/uploads\/2020\/03\/cycleur.png","wide-width":464,"wide-height":416,"hero":"https:\/\/nanoe.com\/wp-content\/uploads\/2020\/03\/cycleur-460x412.png","hero-width":460,"hero-height":412}},"link":{"title":"Your tailor made product","url":"\/en\/tailor-made-product\/","target":""},"image_right":false,"couleur":"secondary"}]},"yoast_head":"<!-- This site is optimized with the Yoast SEO plugin v16.3 - https:\/\/yoast.com\/wordpress\/plugins\/seo\/ -->\n<meta name=\"robots\" content=\"index, follow, max-snippet:-1, max-image-preview:large, max-video-preview:-1\" \/>\n<link rel=\"canonical\" href=\"https:\/\/nanoe.com\/en\/energy-storage\/\" \/>\n<meta property=\"og:locale\" content=\"en_US\" \/>\n<meta property=\"og:type\" content=\"article\" \/>\n<meta property=\"og:title\" content=\"Energy storage and NMC powder synthesis &ndash; Nanoe\" \/>\n<meta property=\"og:url\" content=\"https:\/\/nanoe.com\/en\/energy-storage\/\" \/>\n<meta property=\"og:site_name\" content=\"Nanoe\" \/>\n<meta property=\"article:modified_time\" content=\"2020-05-15T10:11:00+00:00\" \/>\n<meta name=\"twitter:card\" content=\"summary_large_image\" \/>\n<script type=\"application\/ld+json\" class=\"yoast-schema-graph\">{\"@context\":\"https:\/\/schema.org\",\"@graph\":[{\"@type\":\"Organization\",\"@id\":\"https:\/\/nanoe.com\/en\/#organization\",\"name\":\"Nanoe\",\"url\":\"https:\/\/nanoe.com\/en\/\",\"sameAs\":[],\"logo\":{\"@type\":\"ImageObject\",\"@id\":\"https:\/\/nanoe.com\/en\/#logo\",\"inLanguage\":\"en-US\",\"url\":\"https:\/\/nanoe.com\/wp-content\/uploads\/2020\/03\/logo.png\",\"contentUrl\":\"https:\/\/nanoe.com\/wp-content\/uploads\/2020\/03\/logo.png\",\"width\":618,\"height\":126,\"caption\":\"Nanoe\"},\"image\":{\"@id\":\"https:\/\/nanoe.com\/en\/#logo\"}},{\"@type\":\"WebSite\",\"@id\":\"https:\/\/nanoe.com\/en\/#website\",\"url\":\"https:\/\/nanoe.com\/en\/\",\"name\":\"Nanoe\",\"description\":\"Nanopoudres pour l&#039;industrie c\\u00e9ramique\",\"publisher\":{\"@id\":\"https:\/\/nanoe.com\/en\/#organization\"},\"potentialAction\":[{\"@type\":\"SearchAction\",\"target\":\"https:\/\/nanoe.com\/en\/?s={search_term_string}\",\"query-input\":\"required name=search_term_string\"}],\"inLanguage\":\"en-US\"},{\"@type\":\"WebPage\",\"@id\":\"https:\/\/nanoe.com\/en\/energy-storage\/#webpage\",\"url\":\"https:\/\/nanoe.com\/en\/energy-storage\/\",\"name\":\"Energy storage and NMC powder synthesis &ndash; Nanoe\",\"isPartOf\":{\"@id\":\"https:\/\/nanoe.com\/en\/#website\"},\"datePublished\":\"2020-03-11T14:06:09+00:00\",\"dateModified\":\"2020-05-15T10:11:00+00:00\",\"breadcrumb\":{\"@id\":\"https:\/\/nanoe.com\/en\/energy-storage\/#breadcrumb\"},\"inLanguage\":\"en-US\",\"potentialAction\":[{\"@type\":\"ReadAction\",\"target\":[\"https:\/\/nanoe.com\/en\/energy-storage\/\"]}]},{\"@type\":\"BreadcrumbList\",\"@id\":\"https:\/\/nanoe.com\/en\/energy-storage\/#breadcrumb\",\"itemListElement\":[{\"@type\":\"ListItem\",\"position\":1,\"item\":{\"@type\":\"WebPage\",\"@id\":\"https:\/\/nanoe.com\/en\/\",\"url\":\"https:\/\/nanoe.com\/en\/\",\"name\":\"Home\"}},{\"@type\":\"ListItem\",\"position\":2,\"item\":{\"@id\":\"https:\/\/nanoe.com\/en\/energy-storage\/#webpage\"}}]}]}<\/script>\n<!-- \/ Yoast SEO plugin. -->","_links":{"self":[{"href":"https:\/\/nanoe.com\/en\/wp-json\/wp\/v2\/pages\/642"}],"collection":[{"href":"https:\/\/nanoe.com\/en\/wp-json\/wp\/v2\/pages"}],"about":[{"href":"https:\/\/nanoe.com\/en\/wp-json\/wp\/v2\/types\/page"}],"author":[{"embeddable":true,"href":"https:\/\/nanoe.com\/en\/wp-json\/wp\/v2\/users\/1"}],"replies":[{"embeddable":true,"href":"https:\/\/nanoe.com\/en\/wp-json\/wp\/v2\/comments?post=642"}],"version-history":[{"count":0,"href":"https:\/\/nanoe.com\/en\/wp-json\/wp\/v2\/pages\/642\/revisions"}],"wp:attachment":[{"href":"https:\/\/nanoe.com\/en\/wp-json\/wp\/v2\/media?parent=642"}],"curies":[{"name":"wp","href":"https:\/\/api.w.org\/{rel}","templated":true}]}}