{"id":649,"date":"2020-03-20T18:22:23","date_gmt":"2020-03-20T17:22:23","guid":{"rendered":"https:\/\/nanoe.com\/gestion-des-fluides\/"},"modified":"2020-10-23T17:21:50","modified_gmt":"2020-10-23T15:21:50","slug":"fluid-management","status":"publish","type":"page","link":"https:\/\/nanoe.com\/en\/fluid-management\/","title":{"rendered":"Fluid management"},"content":{"rendered":"","protected":false},"excerpt":{"rendered":"","protected":false},"author":3,"featured_media":0,"parent":0,"menu_order":0,"comment_status":"closed","ping_status":"closed","template":"","meta":[],"acf":{"components":[{"acf_fc_layout":"hero","hero_background":507,"hero_title":"Fluid management"},{"acf_fc_layout":"wysiwyg","wysiwyg":"<p><span style=\"font-weight: 400;\">Using more efficient equipment to reduce the number of maintenance shutdowns and facilitate sterilization cycles is the challenge for all industries dealing with fluids in their manufacturing process.<\/span><\/p>\n","display_one":false,"colonne":"10"},{"acf_fc_layout":"content","title":"Ceramics, the choice for fluid management","text":"<p><span style=\"font-weight: 400;\">Whether for the pharmaceutical, cosmetic or agri-food industries, ceramics are ideal for the production of pump bodies, valves, sensors or nozzles.<\/span> <span style=\"font-weight: 400;\">Unalterable, they make it possible to manufacture durable, easily sterilizable objects that are resistant to the highest loads while eliminating the risk of pollution to the contents.<\/span><\/p>\n","link_one":"","link_two":"","background":{"ID":122,"id":122,"title":"microscope","filename":"microscope.png","filesize":1397617,"url":"https:\/\/nanoe.com\/wp-content\/uploads\/2020\/03\/microscope.png","link":"https:\/\/nanoe.com\/en\/support-technique\/microscope\/","alt":"","author":"1","description":"","caption":"","name":"microscope","status":"inherit","uploaded_to":120,"date":"2020-03-10 17:36:04","modified":"2020-03-10 17:36:04","menu_order":0,"mime_type":"image\/png","type":"image","subtype":"png","icon":"https:\/\/nanoe.com\/wp-includes\/images\/media\/default.png","width":1920,"height":640,"sizes":{"thumbnail":"https:\/\/nanoe.com\/wp-content\/uploads\/2020\/03\/microscope-150x150.png","thumbnail-width":150,"thumbnail-height":150,"medium":"https:\/\/nanoe.com\/wp-content\/uploads\/2020\/03\/microscope-300x100.png","medium-width":300,"medium-height":100,"medium_large":"https:\/\/nanoe.com\/wp-content\/uploads\/2020\/03\/microscope-768x256.png","medium_large-width":768,"medium_large-height":256,"large":"https:\/\/nanoe.com\/wp-content\/uploads\/2020\/03\/microscope-1024x341.png","large-width":1024,"large-height":341,"1536x1536":"https:\/\/nanoe.com\/wp-content\/uploads\/2020\/03\/microscope-1536x512.png","1536x1536-width":1536,"1536x1536-height":512,"2048x2048":"https:\/\/nanoe.com\/wp-content\/uploads\/2020\/03\/microscope.png","2048x2048-width":1920,"2048x2048-height":640,"wide":"https:\/\/nanoe.com\/wp-content\/uploads\/2020\/03\/microscope.png","wide-width":1920,"wide-height":640,"hero":"https:\/\/nanoe.com\/wp-content\/uploads\/2020\/03\/microscope-1236x412.png","hero-width":1236,"hero-height":412}}},{"acf_fc_layout":"rich_content","title":"","text":"<h2><\/h2>\n<h2><strong>Pressure sensors<\/strong><\/h2>\n<p>&nbsp;<\/p>\n<p><span style=\"font-weight: 400;\">Pressure sensors for the chemical and agri-food industry must be as resistant as possible to chemical aggression. The Alumina proposed by Nanoe is recommended for this application because it has a density of 99% and is extremely pure. These qualities therefore allow better resistance to abrasion and corrosion, lengthening the time of use of the sensors.<\/span><\/p>\n","image":{"ID":1088,"id":1088,"title":"capteur de pression 1","filename":"capteur-de-pression-1.png","filesize":268851,"url":"https:\/\/nanoe.com\/wp-content\/uploads\/2020\/10\/capteur-de-pression-1.png","link":"https:\/\/nanoe.com\/en\/?attachment_id=1088","alt":"","author":"2","description":"","caption":"","name":"capteur-de-pression-1-2","status":"inherit","uploaded_to":1115,"date":"2020-10-23 12:09:58","modified":"2020-10-23 15:21:23","menu_order":0,"mime_type":"image\/png","type":"image","subtype":"png","icon":"https:\/\/nanoe.com\/wp-includes\/images\/media\/default.png","width":2258,"height":1382,"sizes":{"thumbnail":"https:\/\/nanoe.com\/wp-content\/uploads\/2020\/10\/capteur-de-pression-1-150x150.png","thumbnail-width":150,"thumbnail-height":150,"medium":"https:\/\/nanoe.com\/wp-content\/uploads\/2020\/10\/capteur-de-pression-1-300x184.png","medium-width":300,"medium-height":184,"medium_large":"https:\/\/nanoe.com\/wp-content\/uploads\/2020\/10\/capteur-de-pression-1-768x470.png","medium_large-width":768,"medium_large-height":470,"large":"https:\/\/nanoe.com\/wp-content\/uploads\/2020\/10\/capteur-de-pression-1-1024x627.png","large-width":1024,"large-height":627,"1536x1536":"https:\/\/nanoe.com\/wp-content\/uploads\/2020\/10\/capteur-de-pression-1-1536x940.png","1536x1536-width":1536,"1536x1536-height":940,"2048x2048":"https:\/\/nanoe.com\/wp-content\/uploads\/2020\/10\/capteur-de-pression-1-2048x1253.png","2048x2048-width":2048,"2048x2048-height":1253,"wide":"https:\/\/nanoe.com\/wp-content\/uploads\/2020\/10\/capteur-de-pression-1-1673x1024.png","wide-width":1673,"wide-height":1024,"hero":"https:\/\/nanoe.com\/wp-content\/uploads\/2020\/10\/capteur-de-pression-1-673x412.png","hero-width":673,"hero-height":412}},"image_right":false},{"acf_fc_layout":"rich_content","title":"","text":"<h2><strong>Pump bodies<\/strong><\/h2>\n<p>&nbsp;<\/p>\n<p><span style=\"font-weight: 400;\">Stainless steel is a widely used material for the production of filling and dosing pumps for many industries. However, this material is less resistant to corrosion and stress due to sterilization cycles than ceramic. The ZTA has good wear resistance, thermal shock and hydrothermal ageing and is a prime choice material for this kind of application.<\/span><\/p>\n","image":{"ID":1093,"id":1093,"title":"gestion des fluides v2","filename":"gestion-des-fluides-v2.png","filesize":127236,"url":"https:\/\/nanoe.com\/wp-content\/uploads\/2020\/10\/gestion-des-fluides-v2.png","link":"https:\/\/nanoe.com\/en\/?attachment_id=1093","alt":"","author":"2","description":"","caption":"","name":"gestion-des-fluides-v2-2","status":"inherit","uploaded_to":1115,"date":"2020-10-23 13:19:35","modified":"2020-10-23 15:21:23","menu_order":0,"mime_type":"image\/png","type":"image","subtype":"png","icon":"https:\/\/nanoe.com\/wp-includes\/images\/media\/default.png","width":1536,"height":1532,"sizes":{"thumbnail":"https:\/\/nanoe.com\/wp-content\/uploads\/2020\/10\/gestion-des-fluides-v2-150x150.png","thumbnail-width":150,"thumbnail-height":150,"medium":"https:\/\/nanoe.com\/wp-content\/uploads\/2020\/10\/gestion-des-fluides-v2-300x300.png","medium-width":300,"medium-height":300,"medium_large":"https:\/\/nanoe.com\/wp-content\/uploads\/2020\/10\/gestion-des-fluides-v2-768x766.png","medium_large-width":768,"medium_large-height":766,"large":"https:\/\/nanoe.com\/wp-content\/uploads\/2020\/10\/gestion-des-fluides-v2-1024x1021.png","large-width":1024,"large-height":1021,"1536x1536":"https:\/\/nanoe.com\/wp-content\/uploads\/2020\/10\/gestion-des-fluides-v2.png","1536x1536-width":1536,"1536x1536-height":1532,"2048x2048":"https:\/\/nanoe.com\/wp-content\/uploads\/2020\/10\/gestion-des-fluides-v2.png","2048x2048-width":1536,"2048x2048-height":1532,"wide":"https:\/\/nanoe.com\/wp-content\/uploads\/2020\/10\/gestion-des-fluides-v2-1027x1024.png","wide-width":1027,"wide-height":1024,"hero":"https:\/\/nanoe.com\/wp-content\/uploads\/2020\/10\/gestion-des-fluides-v2-413x412.png","hero-width":413,"hero-height":412}},"image_right":true},{"acf_fc_layout":"products","title":"Our products","products":[{"product":{"title":"ZTA 12","url":"\/en\/zta-12\/","target":""}},{"product":{"title":"ZTA 25","url":"\/en\/zta-25\/","target":""}},{"product":{"title":"Alumina","url":"\/en\/alumina\/","target":""}}]}]},"yoast_head":"<!-- This site is optimized with the Yoast SEO plugin v16.3 - https:\/\/yoast.com\/wordpress\/plugins\/seo\/ -->\n<meta name=\"description\" content=\"Industries pharmaceutiques, cosm\u00e9tiques, agroalimentaires : les c\u00e9ramiques sont id\u00e9ales pour la production de corps de pompes, valves, senseurs, buses.\" \/>\n<meta name=\"robots\" content=\"index, follow, max-snippet:-1, max-image-preview:large, max-video-preview:-1\" \/>\n<link rel=\"canonical\" href=\"https:\/\/nanoe.com\/en\/fluid-management\/\" \/>\n<meta property=\"og:locale\" content=\"en_US\" \/>\n<meta property=\"og:type\" content=\"article\" \/>\n<meta property=\"og:title\" content=\"Fluid management : ceramics for durable objects &ndash; Nanoe\" \/>\n<meta property=\"og:description\" content=\"Industries pharmaceutiques, cosm\u00e9tiques, agroalimentaires : les c\u00e9ramiques sont id\u00e9ales pour la production de corps de pompes, valves, senseurs, buses.\" \/>\n<meta property=\"og:url\" content=\"https:\/\/nanoe.com\/en\/fluid-management\/\" \/>\n<meta property=\"og:site_name\" content=\"Nanoe\" \/>\n<meta property=\"article:modified_time\" content=\"2020-10-23T15:21:50+00:00\" \/>\n<meta name=\"twitter:card\" content=\"summary_large_image\" \/>\n<script type=\"application\/ld+json\" class=\"yoast-schema-graph\">{\"@context\":\"https:\/\/schema.org\",\"@graph\":[{\"@type\":\"Organization\",\"@id\":\"https:\/\/nanoe.com\/en\/#organization\",\"name\":\"Nanoe\",\"url\":\"https:\/\/nanoe.com\/en\/\",\"sameAs\":[],\"logo\":{\"@type\":\"ImageObject\",\"@id\":\"https:\/\/nanoe.com\/en\/#logo\",\"inLanguage\":\"en-US\",\"url\":\"https:\/\/nanoe.com\/wp-content\/uploads\/2020\/03\/logo.png\",\"contentUrl\":\"https:\/\/nanoe.com\/wp-content\/uploads\/2020\/03\/logo.png\",\"width\":618,\"height\":126,\"caption\":\"Nanoe\"},\"image\":{\"@id\":\"https:\/\/nanoe.com\/en\/#logo\"}},{\"@type\":\"WebSite\",\"@id\":\"https:\/\/nanoe.com\/en\/#website\",\"url\":\"https:\/\/nanoe.com\/en\/\",\"name\":\"Nanoe\",\"description\":\"Nanopoudres pour l&#039;industrie c\\u00e9ramique\",\"publisher\":{\"@id\":\"https:\/\/nanoe.com\/en\/#organization\"},\"potentialAction\":[{\"@type\":\"SearchAction\",\"target\":\"https:\/\/nanoe.com\/en\/?s={search_term_string}\",\"query-input\":\"required name=search_term_string\"}],\"inLanguage\":\"en-US\"},{\"@type\":\"WebPage\",\"@id\":\"https:\/\/nanoe.com\/en\/fluid-management\/#webpage\",\"url\":\"https:\/\/nanoe.com\/en\/fluid-management\/\",\"name\":\"Fluid management : ceramics for durable objects &ndash; Nanoe\",\"isPartOf\":{\"@id\":\"https:\/\/nanoe.com\/en\/#website\"},\"datePublished\":\"2020-03-20T17:22:23+00:00\",\"dateModified\":\"2020-10-23T15:21:50+00:00\",\"description\":\"Industries pharmaceutiques, cosm\\u00e9tiques, agroalimentaires : les c\\u00e9ramiques sont id\\u00e9ales pour la production de corps de pompes, valves, senseurs, buses.\",\"breadcrumb\":{\"@id\":\"https:\/\/nanoe.com\/en\/fluid-management\/#breadcrumb\"},\"inLanguage\":\"en-US\",\"potentialAction\":[{\"@type\":\"ReadAction\",\"target\":[\"https:\/\/nanoe.com\/en\/fluid-management\/\"]}]},{\"@type\":\"BreadcrumbList\",\"@id\":\"https:\/\/nanoe.com\/en\/fluid-management\/#breadcrumb\",\"itemListElement\":[{\"@type\":\"ListItem\",\"position\":1,\"item\":{\"@type\":\"WebPage\",\"@id\":\"https:\/\/nanoe.com\/en\/\",\"url\":\"https:\/\/nanoe.com\/en\/\",\"name\":\"Home\"}},{\"@type\":\"ListItem\",\"position\":2,\"item\":{\"@id\":\"https:\/\/nanoe.com\/en\/fluid-management\/#webpage\"}}]}]}<\/script>\n<!-- \/ Yoast SEO plugin. -->","_links":{"self":[{"href":"https:\/\/nanoe.com\/en\/wp-json\/wp\/v2\/pages\/649"}],"collection":[{"href":"https:\/\/nanoe.com\/en\/wp-json\/wp\/v2\/pages"}],"about":[{"href":"https:\/\/nanoe.com\/en\/wp-json\/wp\/v2\/types\/page"}],"author":[{"embeddable":true,"href":"https:\/\/nanoe.com\/en\/wp-json\/wp\/v2\/users\/3"}],"replies":[{"embeddable":true,"href":"https:\/\/nanoe.com\/en\/wp-json\/wp\/v2\/comments?post=649"}],"version-history":[{"count":0,"href":"https:\/\/nanoe.com\/en\/wp-json\/wp\/v2\/pages\/649\/revisions"}],"wp:attachment":[{"href":"https:\/\/nanoe.com\/en\/wp-json\/wp\/v2\/media?parent=649"}],"curies":[{"name":"wp","href":"https:\/\/api.w.org\/{rel}","templated":true}]}}