{"id":653,"date":"2020-03-20T14:22:40","date_gmt":"2020-03-20T13:22:40","guid":{"rendered":"https:\/\/nanoe.com\/horlogerie-bijouterie\/"},"modified":"2020-05-15T12:11:00","modified_gmt":"2020-05-15T10:11:00","slug":"watchmaking-jewellery","status":"publish","type":"page","link":"https:\/\/nanoe.com\/en\/watchmaking-jewellery\/","title":{"rendered":"Watchmaking, jewellery and visible parts"},"content":{"rendered":"","protected":false},"excerpt":{"rendered":"","protected":false},"author":1,"featured_media":0,"parent":0,"menu_order":0,"comment_status":"closed","ping_status":"closed","template":"","meta":[],"acf":{"components":[{"acf_fc_layout":"hero","hero_background":306,"hero_title":"Watchmaking, jewellery and visible parts"},{"acf_fc_layout":"wysiwyg","wysiwyg":"<h4><span style=\"font-weight: 400;\">De par leur r\u00e9sistance \u00e0 l\u2019usure et leur faible coefficient de frottement, les c\u00e9ramiques techniques sont id\u00e9ales pour l\u2019horlogerie, et en particulier pour la fabrication des paliers supportant les axes de rouage des pi\u00e8ces d\u2019horlogerie. De plus, leur aspect lisse et leurs propri\u00e9t\u00e9s hors du commun de r\u00e9sistance aux rayures en font des mat\u00e9riaux de choix pour la bijouterie et les pi\u00e8ces d\u2019aspects.<\/span><\/h4>\n","display_one":false,"colonne":"10"},{"acf_fc_layout":"content","title":"Reliables and outstanding ceramics","text":"<p><span style=\"font-weight: 400;\">Nanoe offers coloured zirconia and chrome alumina, also known as polycrystalline rubies, to meet the needs of the luxury industry. Our powders are very thin, they ensure optimal mechanical properties and a very beautiful appearance.<\/span><\/p>\n","link_one":"","link_two":"","background":{"ID":122,"id":122,"title":"microscope","filename":"microscope.png","filesize":1397617,"url":"https:\/\/nanoe.com\/wp-content\/uploads\/2020\/03\/microscope.png","link":"https:\/\/nanoe.com\/en\/support-technique\/microscope\/","alt":"","author":"1","description":"","caption":"","name":"microscope","status":"inherit","uploaded_to":120,"date":"2020-03-10 17:36:04","modified":"2020-03-10 17:36:04","menu_order":0,"mime_type":"image\/png","type":"image","subtype":"png","icon":"https:\/\/nanoe.com\/wp-includes\/images\/media\/default.png","width":1920,"height":640,"sizes":{"thumbnail":"https:\/\/nanoe.com\/wp-content\/uploads\/2020\/03\/microscope-150x150.png","thumbnail-width":150,"thumbnail-height":150,"medium":"https:\/\/nanoe.com\/wp-content\/uploads\/2020\/03\/microscope-300x100.png","medium-width":300,"medium-height":100,"medium_large":"https:\/\/nanoe.com\/wp-content\/uploads\/2020\/03\/microscope-768x256.png","medium_large-width":768,"medium_large-height":256,"large":"https:\/\/nanoe.com\/wp-content\/uploads\/2020\/03\/microscope-1024x341.png","large-width":1024,"large-height":341,"1536x1536":"https:\/\/nanoe.com\/wp-content\/uploads\/2020\/03\/microscope-1536x512.png","1536x1536-width":1536,"1536x1536-height":512,"2048x2048":"https:\/\/nanoe.com\/wp-content\/uploads\/2020\/03\/microscope.png","2048x2048-width":1920,"2048x2048-height":640,"wide":"https:\/\/nanoe.com\/wp-content\/uploads\/2020\/03\/microscope.png","wide-width":1920,"wide-height":640,"hero":"https:\/\/nanoe.com\/wp-content\/uploads\/2020\/03\/microscope-1236x412.png","hero-width":1236,"hero-height":412}}},{"acf_fc_layout":"text_image","title":"Watch bearing","text":"<p><span style=\"font-weight: 400;\">For watchmaking stones, our chrome alumina is a material of choice.<\/span> <span style=\"font-weight: 400;\">Our powders are very thin, they allow to produce dense bearings and have a very low friction coefficient.<\/span> <span style=\"font-weight: 400;\">Thus, by making the movement of the needles smoother, the mechanisms consume less energy and gains in autonomy.<\/span><\/p>\n","image":{"ID":510,"id":510,"title":"paliers de frottements","filename":"paliers-de-frottements.jpg","filesize":272023,"url":"https:\/\/nanoe.com\/wp-content\/uploads\/2020\/04\/paliers-de-frottements.jpg","link":"https:\/\/nanoe.com\/en\/horlogerie-bijouterie\/paliers-de-frottements-2\/","alt":"","author":"1","description":"","caption":"","name":"paliers-de-frottements-2","status":"inherit","uploaded_to":304,"date":"2020-04-01 13:10:44","modified":"2020-04-01 13:10:44","menu_order":0,"mime_type":"image\/jpeg","type":"image","subtype":"jpeg","icon":"https:\/\/nanoe.com\/wp-includes\/images\/media\/default.png","width":1037,"height":691,"sizes":{"thumbnail":"https:\/\/nanoe.com\/wp-content\/uploads\/2020\/04\/paliers-de-frottements-150x150.jpg","thumbnail-width":150,"thumbnail-height":150,"medium":"https:\/\/nanoe.com\/wp-content\/uploads\/2020\/04\/paliers-de-frottements-300x200.jpg","medium-width":300,"medium-height":200,"medium_large":"https:\/\/nanoe.com\/wp-content\/uploads\/2020\/04\/paliers-de-frottements-768x512.jpg","medium_large-width":768,"medium_large-height":512,"large":"https:\/\/nanoe.com\/wp-content\/uploads\/2020\/04\/paliers-de-frottements-1024x682.jpg","large-width":1024,"large-height":682,"1536x1536":"https:\/\/nanoe.com\/wp-content\/uploads\/2020\/04\/paliers-de-frottements.jpg","1536x1536-width":1037,"1536x1536-height":691,"2048x2048":"https:\/\/nanoe.com\/wp-content\/uploads\/2020\/04\/paliers-de-frottements.jpg","2048x2048-width":1037,"2048x2048-height":691,"wide":"https:\/\/nanoe.com\/wp-content\/uploads\/2020\/04\/paliers-de-frottements.jpg","wide-width":1037,"wide-height":691,"hero":"https:\/\/nanoe.com\/wp-content\/uploads\/2020\/04\/paliers-de-frottements-618x412.jpg","hero-width":618,"hero-height":412}},"link":"","image_right":false,"couleur":"black"},{"acf_fc_layout":"text_image","title":"Visible part","text":"<p><span style=\"font-weight: 400;\">Ceramic is a bold alternative to metal thanks to the wide variety of colors it offers. While noble metals such as gold or silver limit the number of shades used and are subject to scratches and time, ceramics have both great freedom of form and color, the appearance precious metals and the solidity of the rarest stones. In addition, different textures can be obtained by varying the surface state: matte, brushed, sanded or shiny. Our products are used for the manufacture of various visible parts, such as for glasses, press buttons but also for jewelry and accessories.<\/span><\/p>\n","image":{"ID":511,"id":511,"title":"pi\u00e8ces industrie luxe","filename":"pi\u00e8ces-industrie-luxe.jpg","filesize":277514,"url":"https:\/\/nanoe.com\/wp-content\/uploads\/2020\/04\/pi\u00e8ces-industrie-luxe.jpg","link":"https:\/\/nanoe.com\/en\/horlogerie-bijouterie\/pieces-industrie-luxe-2\/","alt":"","author":"1","description":"","caption":"","name":"pieces-industrie-luxe-2","status":"inherit","uploaded_to":304,"date":"2020-04-01 13:10:45","modified":"2020-04-01 13:10:45","menu_order":0,"mime_type":"image\/jpeg","type":"image","subtype":"jpeg","icon":"https:\/\/nanoe.com\/wp-includes\/images\/media\/default.png","width":1037,"height":691,"sizes":{"thumbnail":"https:\/\/nanoe.com\/wp-content\/uploads\/2020\/04\/pi\u00e8ces-industrie-luxe-150x150.jpg","thumbnail-width":150,"thumbnail-height":150,"medium":"https:\/\/nanoe.com\/wp-content\/uploads\/2020\/04\/pi\u00e8ces-industrie-luxe-300x200.jpg","medium-width":300,"medium-height":200,"medium_large":"https:\/\/nanoe.com\/wp-content\/uploads\/2020\/04\/pi\u00e8ces-industrie-luxe-768x512.jpg","medium_large-width":768,"medium_large-height":512,"large":"https:\/\/nanoe.com\/wp-content\/uploads\/2020\/04\/pi\u00e8ces-industrie-luxe-1024x682.jpg","large-width":1024,"large-height":682,"1536x1536":"https:\/\/nanoe.com\/wp-content\/uploads\/2020\/04\/pi\u00e8ces-industrie-luxe.jpg","1536x1536-width":1037,"1536x1536-height":691,"2048x2048":"https:\/\/nanoe.com\/wp-content\/uploads\/2020\/04\/pi\u00e8ces-industrie-luxe.jpg","2048x2048-width":1037,"2048x2048-height":691,"wide":"https:\/\/nanoe.com\/wp-content\/uploads\/2020\/04\/pi\u00e8ces-industrie-luxe.jpg","wide-width":1037,"wide-height":691,"hero":"https:\/\/nanoe.com\/wp-content\/uploads\/2020\/04\/pi\u00e8ces-industrie-luxe-618x412.jpg","hero-width":618,"hero-height":412}},"link":"","image_right":true,"couleur":"black"},{"acf_fc_layout":"products","title":"Our products","products":[{"product":{"title":"Polycrystalline rubies","url":"\/en\/polycrystalline-rubies\/","target":""}},{"product":{"title":"Colored Zirconia &amp; ATZ","url":"\/en\/colored-zirconia-atz\/","target":""}}]}]},"yoast_head":"<!-- This site is optimized with the Yoast SEO plugin v16.3 - https:\/\/yoast.com\/wordpress\/plugins\/seo\/ -->\n<meta name=\"description\" content=\"Our very fine powders ensure optimal mechanical properties and a very beautiful appearance. Watch bearing and colored appearance parts.\" \/>\n<meta name=\"robots\" content=\"index, follow, max-snippet:-1, max-image-preview:large, max-video-preview:-1\" \/>\n<link rel=\"canonical\" href=\"https:\/\/nanoe.com\/en\/watchmaking-jewellery\/\" \/>\n<meta property=\"og:locale\" content=\"en_US\" \/>\n<meta property=\"og:type\" content=\"article\" \/>\n<meta property=\"og:title\" content=\"Watchmaking, jewellery and visible parts : technical ceramics &ndash; Nanoe\" \/>\n<meta property=\"og:description\" content=\"Our very fine powders ensure optimal mechanical properties and a very beautiful appearance. Watch bearing and colored appearance parts.\" \/>\n<meta property=\"og:url\" content=\"https:\/\/nanoe.com\/en\/watchmaking-jewellery\/\" \/>\n<meta property=\"og:site_name\" content=\"Nanoe\" \/>\n<meta property=\"article:modified_time\" content=\"2020-05-15T10:11:00+00:00\" \/>\n<meta name=\"twitter:card\" content=\"summary_large_image\" \/>\n<script type=\"application\/ld+json\" class=\"yoast-schema-graph\">{\"@context\":\"https:\/\/schema.org\",\"@graph\":[{\"@type\":\"Organization\",\"@id\":\"https:\/\/nanoe.com\/en\/#organization\",\"name\":\"Nanoe\",\"url\":\"https:\/\/nanoe.com\/en\/\",\"sameAs\":[],\"logo\":{\"@type\":\"ImageObject\",\"@id\":\"https:\/\/nanoe.com\/en\/#logo\",\"inLanguage\":\"en-US\",\"url\":\"https:\/\/nanoe.com\/wp-content\/uploads\/2020\/03\/logo.png\",\"contentUrl\":\"https:\/\/nanoe.com\/wp-content\/uploads\/2020\/03\/logo.png\",\"width\":618,\"height\":126,\"caption\":\"Nanoe\"},\"image\":{\"@id\":\"https:\/\/nanoe.com\/en\/#logo\"}},{\"@type\":\"WebSite\",\"@id\":\"https:\/\/nanoe.com\/en\/#website\",\"url\":\"https:\/\/nanoe.com\/en\/\",\"name\":\"Nanoe\",\"description\":\"Nanopoudres pour l&#039;industrie c\\u00e9ramique\",\"publisher\":{\"@id\":\"https:\/\/nanoe.com\/en\/#organization\"},\"potentialAction\":[{\"@type\":\"SearchAction\",\"target\":\"https:\/\/nanoe.com\/en\/?s={search_term_string}\",\"query-input\":\"required name=search_term_string\"}],\"inLanguage\":\"en-US\"},{\"@type\":\"WebPage\",\"@id\":\"https:\/\/nanoe.com\/en\/watchmaking-jewellery\/#webpage\",\"url\":\"https:\/\/nanoe.com\/en\/watchmaking-jewellery\/\",\"name\":\"Watchmaking, jewellery and visible parts : technical ceramics &ndash; Nanoe\",\"isPartOf\":{\"@id\":\"https:\/\/nanoe.com\/en\/#website\"},\"datePublished\":\"2020-03-20T13:22:40+00:00\",\"dateModified\":\"2020-05-15T10:11:00+00:00\",\"description\":\"Our very fine powders ensure optimal mechanical properties and a very beautiful appearance. Watch bearing and colored appearance parts.\",\"breadcrumb\":{\"@id\":\"https:\/\/nanoe.com\/en\/watchmaking-jewellery\/#breadcrumb\"},\"inLanguage\":\"en-US\",\"potentialAction\":[{\"@type\":\"ReadAction\",\"target\":[\"https:\/\/nanoe.com\/en\/watchmaking-jewellery\/\"]}]},{\"@type\":\"BreadcrumbList\",\"@id\":\"https:\/\/nanoe.com\/en\/watchmaking-jewellery\/#breadcrumb\",\"itemListElement\":[{\"@type\":\"ListItem\",\"position\":1,\"item\":{\"@type\":\"WebPage\",\"@id\":\"https:\/\/nanoe.com\/en\/\",\"url\":\"https:\/\/nanoe.com\/en\/\",\"name\":\"Home\"}},{\"@type\":\"ListItem\",\"position\":2,\"item\":{\"@id\":\"https:\/\/nanoe.com\/en\/watchmaking-jewellery\/#webpage\"}}]}]}<\/script>\n<!-- \/ Yoast SEO plugin. -->","_links":{"self":[{"href":"https:\/\/nanoe.com\/en\/wp-json\/wp\/v2\/pages\/653"}],"collection":[{"href":"https:\/\/nanoe.com\/en\/wp-json\/wp\/v2\/pages"}],"about":[{"href":"https:\/\/nanoe.com\/en\/wp-json\/wp\/v2\/types\/page"}],"author":[{"embeddable":true,"href":"https:\/\/nanoe.com\/en\/wp-json\/wp\/v2\/users\/1"}],"replies":[{"embeddable":true,"href":"https:\/\/nanoe.com\/en\/wp-json\/wp\/v2\/comments?post=653"}],"version-history":[{"count":0,"href":"https:\/\/nanoe.com\/en\/wp-json\/wp\/v2\/pages\/653\/revisions"}],"wp:attachment":[{"href":"https:\/\/nanoe.com\/en\/wp-json\/wp\/v2\/media?parent=653"}],"curies":[{"name":"wp","href":"https:\/\/api.w.org\/{rel}","templated":true}]}}