{"id":1184,"date":"2020-03-20T18:25:32","date_gmt":"2020-03-20T17:25:32","guid":{"rendered":"https:\/\/nanoe.com\/aeronautique-aerospatial\/"},"modified":"2021-05-26T07:49:59","modified_gmt":"2021-05-26T05:49:59","slug":"aeronautique-aerospatial","status":"publish","type":"page","link":"https:\/\/nanoe.com\/zh-hans\/aeronautique-aerospatial\/","title":{"rendered":"\u822a\u7a7a\u822a\u5929"},"content":{"rendered":"","protected":false},"excerpt":{"rendered":"","protected":false},"author":3,"featured_media":0,"parent":0,"menu_order":0,"comment_status":"closed","ping_status":"closed","template":"","meta":[],"acf":{"components":[{"acf_fc_layout":"hero","hero_background":501,"hero_title":"\u822a\u7a7a\u822a\u5929"},{"acf_fc_layout":"wysiwyg","wysiwyg":"<p>\u51fa\u4e8e\u8282\u7701\u8d44\u6e90\u7684\u8003\u8651\uff0c\u5c24\u5176\u662f\u71c3\u6599\u8d44\u6e90\uff0c\u7528\u4e8e\u822a\u7a7a\u4e1a\u7684\u6750\u6599\u5e94\u5f80\u66f4\u8f7b\u66f4\u9ad8\u6548\u7684\u65b9\u5411\u6539\u8fdb\u3002\u4e3a\u4e86\u5e94\u5bf9\u8fd9\u4e00\u6311\u6218\uff0c\u6211\u4eec\u9700\u8981\u66f4\u8f7b\u5de7\u3001\u66f4\u8010\u9ad8\u6e29\u7684\u6750\u6599\uff0c\u540c\u65f6\u4fdd\u6301\u51fa\u8272\u7684\u673a\u68b0\u6027\u80fd\u3002<\/p>\n","display_one":false,"colonne":"10"},{"acf_fc_layout":"content","title":"\u7528\u4e8e\u63d0\u9ad8\u6027\u80fd\u7684\u9ad8\u7cbe\u5c16\u6750\u6599","text":"<p>Nanoe\u7684\u7ec6\u817b\u7c89\u672b\u662f\u7528\u4e8e\u5236\u9020\u822a\u7a7a\u4e1a\u4e2d\u591a\u79cd\u5173\u952e\u5de5\u4ef6\u7684\u4f18\u8d28\u6750\u6599\u3002\u6211\u4eec\u63d0\u4f9b\u5236\u4f5cCMC\uff08\u9676\u74f7\u57fa\u590d\u5408\u6750\u6599\uff09\u7684\u7c89\u672b\uff0c\u517c\u5177\u8f7b\u76c8\u548c\u8010\u9ad8\u6e29\u6027\u80fd\uff0c\u540c\u65f6\u52a0\u5165\u9ad8\u7eaf\u5ea6\u6c27\u5316\u9487\u589e\u97e7\u6c27\u5316\u9506\u6750\u6599\uff0c\u7528\u4e8e\u9694\u7edd\u53d1\u52a8\u673a\u7684\u9ad8\u70ed\u96f6\u4ef6\u3002<\/p>\n","link_one":"","link_two":"","background":{"ID":122,"id":122,"title":"microscope","filename":"microscope.png","filesize":1397617,"url":"https:\/\/nanoe.com\/wp-content\/uploads\/2020\/03\/microscope.png","link":"https:\/\/nanoe.com\/zh-hans\/support-technique\/microscope\/","alt":"","author":"1","description":"","caption":"","name":"microscope","status":"inherit","uploaded_to":120,"date":"2020-03-10 17:36:04","modified":"2020-03-10 17:36:04","menu_order":0,"mime_type":"image\/png","type":"image","subtype":"png","icon":"https:\/\/nanoe.com\/wp-includes\/images\/media\/default.png","width":1920,"height":640,"sizes":{"thumbnail":"https:\/\/nanoe.com\/wp-content\/uploads\/2020\/03\/microscope-150x150.png","thumbnail-width":150,"thumbnail-height":150,"medium":"https:\/\/nanoe.com\/wp-content\/uploads\/2020\/03\/microscope-300x100.png","medium-width":300,"medium-height":100,"medium_large":"https:\/\/nanoe.com\/wp-content\/uploads\/2020\/03\/microscope-768x256.png","medium_large-width":768,"medium_large-height":256,"large":"https:\/\/nanoe.com\/wp-content\/uploads\/2020\/03\/microscope-1024x341.png","large-width":1024,"large-height":341,"1536x1536":"https:\/\/nanoe.com\/wp-content\/uploads\/2020\/03\/microscope-1536x512.png","1536x1536-width":1536,"1536x1536-height":512,"2048x2048":"https:\/\/nanoe.com\/wp-content\/uploads\/2020\/03\/microscope.png","2048x2048-width":1920,"2048x2048-height":640,"wide":"https:\/\/nanoe.com\/wp-content\/uploads\/2020\/03\/microscope.png","wide-width":1920,"wide-height":640,"hero":"https:\/\/nanoe.com\/wp-content\/uploads\/2020\/03\/microscope-1236x412.png","hero-width":1236,"hero-height":412}}},{"acf_fc_layout":"spacer","size":"small"},{"acf_fc_layout":"text_image","title":"\u4fdd\u6e29\u5c42","text":"<p>\u53d1\u52a8\u673a\u6027\u80fd\u8d8a\u9ad8\uff0c\u610f\u5473\u7740\u6e29\u5ea6\u4e5f\u8d8a\u9ad8\uff0c\u65e0\u53ef\u907f\u514d\u4f1a\u9020\u6210\u6280\u672f\u6311\u6218\u3002\u4fdd\u62a4\u597d \u98de\u673a\u53d1\u52a8\u673a\u5185\u7684\u9ad8\u70ed\u96f6\u4ef6\u662f\u786e\u4fdd\u98de\u673a\u6b63\u5e38\u8fd0\u884c\u7684\u5fc5\u8981\u6761\u4ef6\u3002\u6c27\u5316\u9487\u589e\u97e7\u6c27\u5316\u9506\uff0c\u53ef\u7528\u4e8e\u8986\u76d6\u96f6\u4ef6\u8868\u9762\uff0c\u662f\u9694\u7edd\u6da1\u8f6e\u9ad8\u6e29\u5c42\u7684\u7406\u60f3\u6750\u6599\u3002\u8be5\u6750\u6599\u5177\u6709\u4f4e\u5bfc\u70ed\u6027\u548c\u7ed3\u6784\u7a33\u5b9a\u6027\uff0c\u80fd\u591f\u8010\u53d7\u9ad8\u8fbe1600\u5ea6\u9ad8\u6e29\uff0c\u8fd8\u80fd\u9632\u6b62\u71c3\u70e7\u6c14\u4f53\u7684\u8150\u8680\uff0c\u56e0\u6b64\u662f\u7406\u60f3\u7684\u8010\u70ed\u6750\u6599\u3002<\/p>\n","image":{"ID":499,"id":499,"title":"Barri\u00e8re thermique a\u00e9ronautique","filename":"AdobeStock_247844204.jpg","filesize":629082,"url":"https:\/\/nanoe.com\/wp-content\/uploads\/2020\/04\/AdobeStock_247844204.jpg","link":"https:\/\/nanoe.com\/zh-hans\/aeronautique-aerospatial\/adobestock_247844204\/","alt":"","author":"1","description":"","caption":"","name":"adobestock_247844204","status":"inherit","uploaded_to":313,"date":"2020-04-01 13:02:41","modified":"2020-04-01 13:02:56","menu_order":0,"mime_type":"image\/jpeg","type":"image","subtype":"jpeg","icon":"https:\/\/nanoe.com\/wp-includes\/images\/media\/default.png","width":1106,"height":738,"sizes":{"thumbnail":"https:\/\/nanoe.com\/wp-content\/uploads\/2020\/04\/AdobeStock_247844204-150x150.jpg","thumbnail-width":150,"thumbnail-height":150,"medium":"https:\/\/nanoe.com\/wp-content\/uploads\/2020\/04\/AdobeStock_247844204-300x200.jpg","medium-width":300,"medium-height":200,"medium_large":"https:\/\/nanoe.com\/wp-content\/uploads\/2020\/04\/AdobeStock_247844204-768x512.jpg","medium_large-width":768,"medium_large-height":512,"large":"https:\/\/nanoe.com\/wp-content\/uploads\/2020\/04\/AdobeStock_247844204-1024x683.jpg","large-width":1024,"large-height":683,"1536x1536":"https:\/\/nanoe.com\/wp-content\/uploads\/2020\/04\/AdobeStock_247844204.jpg","1536x1536-width":1106,"1536x1536-height":738,"2048x2048":"https:\/\/nanoe.com\/wp-content\/uploads\/2020\/04\/AdobeStock_247844204.jpg","2048x2048-width":1106,"2048x2048-height":738,"wide":"https:\/\/nanoe.com\/wp-content\/uploads\/2020\/04\/AdobeStock_247844204.jpg","wide-width":1106,"wide-height":738,"hero":"https:\/\/nanoe.com\/wp-content\/uploads\/2020\/04\/AdobeStock_247844204-617x412.jpg","hero-width":617,"hero-height":412}},"link":"","image_right":false,"couleur":"black"},{"acf_fc_layout":"text_image","title":"\u9676\u74f7\u57fa\u590d\u5408\u6750\u6599\uff08CMC\uff09","text":"<p>CMC\u662f\u5e94\u5bf9\u822a\u7a7a\u4e1a \u6311\u6218\u7684\u89e3\u51b3\u65b9\u6848\u4e4b\u4e00\uff0c\u5728\u4e0b\u4e00\u4ee3\u98de\u673a\u751f\u4ea7\u4e2d\uff0c\u5b83\u5f88\u5feb\u5c06\u53d6\u4ee3\u53d1\u52a8\u673a\u540e\u90e8\u91d1\u5c5e\u96f6\u4ef6\uff0c\u4ee5\u53ca\u53d1\u52a8\u673a\u6302\u67b6\u4fdd\u62a4\u5c42\u6750\u6599\u3002\u8be5\u6750\u6599\u7531\u6c27\u5316\u94dd\u6d78\u6e0d\u7684\u9676\u74f7\u7ea4\u7ef4\u5236\u6210\uff0c\u975e\u5e38\u8f7b\u5de7\uff0c\u5ef6\u5c55\u6027\u6bd4\u4f20\u7edf\u9676\u74f7\u6750\u6599\u9ad8\u3002Nanoe\u5229\u7528\u7c89\u672b\u5408\u6210\u7684\u72ec\u7279\u6280\u672f\uff0c\u7814\u53d1\u51faAL100\u6c27\u5316\u94dd\u7c89\u672b\uff0c\u7528\u4e8e\u5236\u4f5c\u6781\u5176\u8f7b\u8584\u7684CMC\u6750\u6599\uff0c\u4ece\u800c\u4f7f\u5f97\u6210\u54c1\u5de5\u4ef6\u83b7\u5f97\u66f4\u597d\u7684\u6297\u70ed\u51b2\u51fb\u548c\u6297\u7834\u88c2\u6027\u80fd\u3002Nanoe\u8fd8\u63a8\u51fa\u4e86\u81ea\u5236\u914d\u65b9\u60ac\u6d6e\u6db2\uff0c\u53ef\u76f4\u63a5\u7528\u4e8e\u7ea4\u7ef4\u6d78\u6e0d\u3002<\/p>\n","image":{"ID":498,"id":498,"title":"CMC","filename":"CMC.jpg","filesize":266639,"url":"https:\/\/nanoe.com\/wp-content\/uploads\/2020\/04\/CMC.jpg","link":"https:\/\/nanoe.com\/zh-hans\/aeronautique-aerospatial\/cmc\/","alt":"","author":"1","description":"","caption":"","name":"cmc","status":"inherit","uploaded_to":313,"date":"2020-04-01 13:01:54","modified":"2020-04-01 13:01:54","menu_order":0,"mime_type":"image\/jpeg","type":"image","subtype":"jpeg","icon":"https:\/\/nanoe.com\/wp-includes\/images\/media\/default.png","width":1037,"height":691,"sizes":{"thumbnail":"https:\/\/nanoe.com\/wp-content\/uploads\/2020\/04\/CMC-150x150.jpg","thumbnail-width":150,"thumbnail-height":150,"medium":"https:\/\/nanoe.com\/wp-content\/uploads\/2020\/04\/CMC-300x200.jpg","medium-width":300,"medium-height":200,"medium_large":"https:\/\/nanoe.com\/wp-content\/uploads\/2020\/04\/CMC-768x512.jpg","medium_large-width":768,"medium_large-height":512,"large":"https:\/\/nanoe.com\/wp-content\/uploads\/2020\/04\/CMC-1024x682.jpg","large-width":1024,"large-height":682,"1536x1536":"https:\/\/nanoe.com\/wp-content\/uploads\/2020\/04\/CMC.jpg","1536x1536-width":1037,"1536x1536-height":691,"2048x2048":"https:\/\/nanoe.com\/wp-content\/uploads\/2020\/04\/CMC.jpg","2048x2048-width":1037,"2048x2048-height":691,"wide":"https:\/\/nanoe.com\/wp-content\/uploads\/2020\/04\/CMC.jpg","wide-width":1037,"wide-height":691,"hero":"https:\/\/nanoe.com\/wp-content\/uploads\/2020\/04\/CMC-618x412.jpg","hero-width":618,"hero-height":412}},"link":"","image_right":true,"couleur":"black"},{"acf_fc_layout":"products","title":"\u6211\u4eec\u7684\u4ea7\u54c1","products":[{"product":{"title":"\u6c27\u5316\u9506\u589e\u97e7\u6c27\u5316\u94dd 25","url":"\/zta-25\/","target":""}},{"product":{"title":"\u6c27\u5316\u94dd","url":"\/alumine\/","target":""}},{"product":{"title":"\u6c27\u5316\u9506\u4e0e\u6c27\u5316\u9506\u589e\u97e7\u6c27\u5316\u94dd","url":"\/zircone-atz\/","target":""}}]}]},"yoast_head":"<!-- This site is optimized with the Yoast SEO plugin v16.3 - https:\/\/yoast.com\/wordpress\/plugins\/seo\/ -->\n<meta name=\"description\" content=\"La finesse des poudres Nanoe en font des mat\u00e9riaux parfaits pour la fabrication de pi\u00e8ces critiques de l\u2019a\u00e9ronautique. Barri\u00e8res thermiques et CMC.\" \/>\n<meta name=\"robots\" content=\"index, follow, max-snippet:-1, max-image-preview:large, max-video-preview:-1\" \/>\n<link rel=\"canonical\" href=\"https:\/\/nanoe.com\/zh-hans\/aeronautique-aerospatial\/\" \/>\n<meta property=\"og:locale\" content=\"zh_CN\" \/>\n<meta property=\"og:type\" content=\"article\" \/>\n<meta property=\"og:title\" content=\"\u822a\u7a7a\u822a\u5929 : des mat\u00e9riaux l\u00e9gers et r\u00e9sistants &ndash; Nanoe\" \/>\n<meta property=\"og:description\" content=\"La finesse des poudres Nanoe en font des mat\u00e9riaux parfaits pour la fabrication de pi\u00e8ces critiques de l\u2019a\u00e9ronautique. Barri\u00e8res thermiques et CMC.\" \/>\n<meta property=\"og:url\" content=\"https:\/\/nanoe.com\/zh-hans\/aeronautique-aerospatial\/\" \/>\n<meta property=\"og:site_name\" content=\"Nanoe\" \/>\n<meta property=\"article:modified_time\" content=\"2021-05-26T05:49:59+00:00\" \/>\n<meta name=\"twitter:card\" content=\"summary_large_image\" \/>\n<script type=\"application\/ld+json\" class=\"yoast-schema-graph\">{\"@context\":\"https:\/\/schema.org\",\"@graph\":[{\"@type\":\"Organization\",\"@id\":\"https:\/\/nanoe.com\/en\/#organization\",\"name\":\"Nanoe\",\"url\":\"https:\/\/nanoe.com\/en\/\",\"sameAs\":[],\"logo\":{\"@type\":\"ImageObject\",\"@id\":\"https:\/\/nanoe.com\/en\/#logo\",\"inLanguage\":\"zh-CN\",\"url\":\"https:\/\/nanoe.com\/wp-content\/uploads\/2020\/03\/logo.png\",\"contentUrl\":\"https:\/\/nanoe.com\/wp-content\/uploads\/2020\/03\/logo.png\",\"width\":618,\"height\":126,\"caption\":\"Nanoe\"},\"image\":{\"@id\":\"https:\/\/nanoe.com\/en\/#logo\"}},{\"@type\":\"WebSite\",\"@id\":\"https:\/\/nanoe.com\/en\/#website\",\"url\":\"https:\/\/nanoe.com\/en\/\",\"name\":\"Nanoe\",\"description\":\"Nanopoudres pour l&#039;industrie c\\u00e9ramique\",\"publisher\":{\"@id\":\"https:\/\/nanoe.com\/en\/#organization\"},\"potentialAction\":[{\"@type\":\"SearchAction\",\"target\":\"https:\/\/nanoe.com\/en\/?s={search_term_string}\",\"query-input\":\"required name=search_term_string\"}],\"inLanguage\":\"zh-CN\"},{\"@type\":\"WebPage\",\"@id\":\"https:\/\/nanoe.com\/zh-hans\/aeronautique-aerospatial\/#webpage\",\"url\":\"https:\/\/nanoe.com\/zh-hans\/aeronautique-aerospatial\/\",\"name\":\"\\u822a\\u7a7a\\u822a\\u5929 : des mat\\u00e9riaux l\\u00e9gers et r\\u00e9sistants &ndash; Nanoe\",\"isPartOf\":{\"@id\":\"https:\/\/nanoe.com\/en\/#website\"},\"datePublished\":\"2020-03-20T17:25:32+00:00\",\"dateModified\":\"2021-05-26T05:49:59+00:00\",\"description\":\"La finesse des poudres Nanoe en font des mat\\u00e9riaux parfaits pour la fabrication de pi\\u00e8ces critiques de l\\u2019a\\u00e9ronautique. Barri\\u00e8res thermiques et CMC.\",\"breadcrumb\":{\"@id\":\"https:\/\/nanoe.com\/zh-hans\/aeronautique-aerospatial\/#breadcrumb\"},\"inLanguage\":\"zh-CN\",\"potentialAction\":[{\"@type\":\"ReadAction\",\"target\":[\"https:\/\/nanoe.com\/zh-hans\/aeronautique-aerospatial\/\"]}]},{\"@type\":\"BreadcrumbList\",\"@id\":\"https:\/\/nanoe.com\/zh-hans\/aeronautique-aerospatial\/#breadcrumb\",\"itemListElement\":[{\"@type\":\"ListItem\",\"position\":1,\"item\":{\"@type\":\"WebPage\",\"@id\":\"https:\/\/nanoe.com\/zh-hans\/\",\"url\":\"https:\/\/nanoe.com\/zh-hans\/\",\"name\":\"Home\"}},{\"@type\":\"ListItem\",\"position\":2,\"item\":{\"@id\":\"https:\/\/nanoe.com\/zh-hans\/aeronautique-aerospatial\/#webpage\"}}]}]}<\/script>\n<!-- \/ Yoast SEO plugin. -->","_links":{"self":[{"href":"https:\/\/nanoe.com\/zh-hans\/wp-json\/wp\/v2\/pages\/1184"}],"collection":[{"href":"https:\/\/nanoe.com\/zh-hans\/wp-json\/wp\/v2\/pages"}],"about":[{"href":"https:\/\/nanoe.com\/zh-hans\/wp-json\/wp\/v2\/types\/page"}],"author":[{"embeddable":true,"href":"https:\/\/nanoe.com\/zh-hans\/wp-json\/wp\/v2\/users\/3"}],"replies":[{"embeddable":true,"href":"https:\/\/nanoe.com\/zh-hans\/wp-json\/wp\/v2\/comments?post=1184"}],"version-history":[{"count":2,"href":"https:\/\/nanoe.com\/zh-hans\/wp-json\/wp\/v2\/pages\/1184\/revisions"}],"predecessor-version":[{"id":1390,"href":"https:\/\/nanoe.com\/zh-hans\/wp-json\/wp\/v2\/pages\/1184\/revisions\/1390"}],"wp:attachment":[{"href":"https:\/\/nanoe.com\/zh-hans\/wp-json\/wp\/v2\/media?parent=1184"}],"curies":[{"name":"wp","href":"https:\/\/api.w.org\/{rel}","templated":true}]}}