{"id":1188,"date":"2020-03-24T16:26:16","date_gmt":"2020-03-24T15:26:16","guid":{"rendered":"https:\/\/nanoe.com\/alumine\/"},"modified":"2021-07-28T11:46:39","modified_gmt":"2021-07-28T09:46:39","slug":"alumine","status":"publish","type":"page","link":"https:\/\/nanoe.com\/zh-hans\/alumine\/","title":{"rendered":"\u6c27\u5316\u94dd"},"content":{"rendered":"","protected":false},"excerpt":{"rendered":"","protected":false},"author":3,"featured_media":0,"parent":0,"menu_order":0,"comment_status":"closed","ping_status":"closed","template":"","meta":[],"acf":{"components":[{"acf_fc_layout":"hero","hero_background":492,"hero_title":"\u6c27\u5316\u94dd"},{"acf_fc_layout":"wysiwyg","wysiwyg":"<p style=\"text-align: center;\"><strong>\u8d85\u9ad8\u8010\u78e8\u6027<\/strong><strong> | <\/strong><strong>\u8d85\u9ad8\u6e29\u5ea6\u8010\u53d7\u6027<\/strong><\/p>\n","display_one":false,"colonne":"10"},{"acf_fc_layout":"title","type":"h2","align":"left","title":"\u6c27\u5316\u94dd"},{"acf_fc_layout":"wysiwyg","wysiwyg":"<p>\u6c27\u5316\u94dd\u662f\u5de5\u4e1a\u9676\u74f7\u9886\u57df\u6700\u5e38\u7528\u7684\u6750\u6599\u3002\u8be5\u6750\u6599\u7684\u521a\u6027\u6781\u9ad8\uff0c\u62e5\u6709\u826f\u597d\u7684\u70ed\u529b\u5b66\u7a33\u5b9a\u6027\u3002\u8be5\u6750\u6599\u540c\u65f6\u8fd8\u5177\u6709\u4e0d\u4fd7\u7684\u7535\u6c14\u548c\u70ed\u5b66\u7279\u6027\uff0c\u56e0\u6b64\u88ab\u5e7f\u6cdb\u4f7f\u7528\u3002<\/p>\n","display_one":false,"colonne":"10"},{"acf_fc_layout":"content","title":"AL 100\u6c27\u5316\u94dd\uff1a\u9ad8\u7eaf\u5ea6\u6750\u6599","text":"<p>Nanoe\u63a8\u51fa\u7684Al100\u6750\u6599\u662f\u4e00\u79cd\u9ad8\u7eaf\u5ea6\uff0899.99%\uff09\u6c27\u5316\u94dd\uff0c\u901a\u8fc7\u52a0\u5165\u6dfb\u52a0\u5242\u6539\u5584\u5176\u7279\u6027\u3002\u6b64\u5916\uff0c\u6211\u4eec\u5229\u7528\u4e13\u4e1a\u6280\u672f\u548c\u72ec\u7279\u5de5\u827a\uff0c\u7814\u53d1\u51fa\u4e00\u6b3e\u8d85\u7ec6\u6c27\u5316\u94dd\u6750\u6599\uff0c\u53ef\u7528\u4e8e\u5236\u4f5c\u70e7\u7ed3\u5de5\u4ef6\uff0c\u83b7\u5f97\u6bd4\u4f20\u7edf\u6c27\u5316\u94dd\u6750\u6599\u66f4\u4f18\u8d8a\u7684\u673a\u68b0\u7279\u6027\u3002<\/p>\n","link_one":{"title":"\u4e0b\u8f7d\u6570\u636e\u8868","url":"https:\/\/nanoe.com\/wp-content\/uploads\/2021\/07\/datasheetaluminafinal2021compresse.pdf","target":"_blank"},"link_two":{"title":"\u4e0b\u8f7dFDS","url":"\/wp-content\/uploads\/2020\/04\/FDS-alumine.pdf","target":"_blank"},"background":{"ID":122,"id":122,"title":"microscope","filename":"microscope.png","filesize":1397617,"url":"https:\/\/nanoe.com\/wp-content\/uploads\/2020\/03\/microscope.png","link":"https:\/\/nanoe.com\/zh-hans\/support-technique\/microscope\/","alt":"","author":"1","description":"","caption":"","name":"microscope","status":"inherit","uploaded_to":120,"date":"2020-03-10 17:36:04","modified":"2020-03-10 17:36:04","menu_order":0,"mime_type":"image\/png","type":"image","subtype":"png","icon":"https:\/\/nanoe.com\/wp-includes\/images\/media\/default.png","width":1920,"height":640,"sizes":{"thumbnail":"https:\/\/nanoe.com\/wp-content\/uploads\/2020\/03\/microscope-150x150.png","thumbnail-width":150,"thumbnail-height":150,"medium":"https:\/\/nanoe.com\/wp-content\/uploads\/2020\/03\/microscope-300x100.png","medium-width":300,"medium-height":100,"medium_large":"https:\/\/nanoe.com\/wp-content\/uploads\/2020\/03\/microscope-768x256.png","medium_large-width":768,"medium_large-height":256,"large":"https:\/\/nanoe.com\/wp-content\/uploads\/2020\/03\/microscope-1024x341.png","large-width":1024,"large-height":341,"1536x1536":"https:\/\/nanoe.com\/wp-content\/uploads\/2020\/03\/microscope-1536x512.png","1536x1536-width":1536,"1536x1536-height":512,"2048x2048":"https:\/\/nanoe.com\/wp-content\/uploads\/2020\/03\/microscope.png","2048x2048-width":1920,"2048x2048-height":640,"wide":"https:\/\/nanoe.com\/wp-content\/uploads\/2020\/03\/microscope.png","wide-width":1920,"wide-height":640,"hero":"https:\/\/nanoe.com\/wp-content\/uploads\/2020\/03\/microscope-1236x412.png","hero-width":1236,"hero-height":412}}},{"acf_fc_layout":"spacer","size":"small"},{"acf_fc_layout":"title","type":"h2","align":"left","title":"\u5e94\u7528\u5e7f\u6cdb"},{"acf_fc_layout":"wysiwyg","wysiwyg":"<p><strong>\u6c27\u5316\u94dd\u6750\u6599\u53ef\u7528\u4e8e\u5236\u4f5c\u4f7f\u7528\u5bff\u547d\u66f4\u957f\u7684\u6613\u78e8\u635f\u5de5\u4ef6\uff0c\u5305\u62ec\u8ba1\u91cf\u7528\u7cbe\u5bc6\u6eda\u73e0\u3001\u5bfc\u7ebf\u5668\u6216\u7814\u78e8\u6eda\u73e0\u3002\u6c27\u5316\u94dd\u8fd8\u53ef\u7528\u4e8e\u5236\u4f5c\u7535\u7edd\u7f18\u6750\u6599\u3002\u6b64\u5916\uff0c\u6c27\u5316\u94dd\u4e5f\u662f\u533b\u7597\u5236\u9020\u9886\u57df\u7684\u5e38\u7528\u6750\u6599\u3002<\/strong><\/p>\n","display_one":false,"colonne":"12"},{"acf_fc_layout":"pictos","block":[{"pictogramme":"doctor","title":"\u751f\u7269\u533b\u7597","description":"\u6c27\u5316\u94dd\u662f\u4e00\u79cd\u5177\u6709\u5316\u5b66\u7a33\u5b9a\u6027\u548c\u751f\u7269\u76f8\u5bb9\u6027\u7684\u9676\u74f7\u6750\u6599\uff0c\u5e38\u7528\u4e8e\u5236\u9020\u533b\u7597\u5047\u5668\u3002","picto_link":{"title":"","url":"\/biomedical\/","target":""}},{"pictogramme":"tools","title":"\u6613\u78e8\u635f\u5de5\u4ef6\u548c\u5de5\u5177","description":"\u8be5\u6750\u6599\u6bd4\u91d1\u5c5e\u66f4\u786c\uff0c\u6c27\u5316\u94dd\u5236\u6210\u7684\u5207\u5272\u5de5\u5177\u7684\u8010\u78e8\u6027\u6bd4\u4f20\u7edf\u5207\u5272\u5de5\u5177\u66f4\u4f73\u3002","picto_link":{"title":"","url":"\/pieces-dusure-outillage\/","target":""}},{"pictogramme":"compas","title":"\u8ba1\u91cf\u5b66","description":"\u6c27\u5316\u94dd\u662f\u8ba1\u91cf\u5b66\u9886\u57df\u5e38\u7528\u7684\u6750\u6599\uff0c\u56e0\u4e3a\u8be5\u6750\u6599\u53ef\u7528\u4e8e\u5236\u9020\u5177\u6709\u7406\u60f3\u7403\u9762\u7684\u7cbe\u5bc6\u6eda\u73e0\u3002","picto_link":{"title":"","url":"\/metrologie\/","target":""}}],"link":{"title":"\u6211\u4eec\u7684\u5e94\u7528","url":"\/metrologie\/","target":""}},{"acf_fc_layout":"separateur"},{"acf_fc_layout":"push","title":"\u9002\u5e94\u60a8\u9700\u6c42\u7684\u4ea7\u54c1","text":"<p>Nanoe\u6839\u636e\u60a8\u7684\u751f\u4ea7\u6d41\u7a0b\u9700\u6c42\uff0c\u5c06\u4ea4\u4ed8\u7684Al100\u6c27\u5316\u94dd\u6750\u6599\u8c03\u6574\u6210\u6240\u9700\u7684\u5f62\u72b6\u3002\u540c\u65f6\u6211\u4eec\u8fd8\u80fd\u63d0\u4f9b\u5404\u79cd\u5f62\u6001\u7684\u6750\u6599\uff0c\u5305\u62ec\u53ef\u76f4\u63a5\u6324\u538b\u9897\u7c92\u3001\u53ef\u518d\u5206\u6563\u7c89\u672b\u3001\u6216\u7528\u4e8e\u9676\u74f7\u6ce8\u5c04\u6210\u5f62\u7684\u7ed9\u6599\u3002\u00a0 \u53e6\u5916\uff0cNanoe\u80fd\u591f\u6839\u636e\u60a8\u7684\u8981\u6c42\u8c03\u6574\u6c27\u5316\u94dd\u6750\u6599\uff0c\u4ee5\u8fbe\u5230\u6240\u9700\u7684\u5e94\u529b\u5c5e\u6027\uff1a\u4f8b\u5982\uff0c\u5728\u590d\u5408\u7269\u4e2d\u6dfb\u52a0\u63ba\u5408\u5242\u3002<\/p>\n<p style=\"text-align: center;\"><strong>\u60a8\u6709\u5174\u8da3\u4e86\u89e3<\/strong><strong>Nanoe<\/strong><strong>\u7684\u6c27\u5316\u94dd\u6750\u6599\u5417\uff1f<\/strong><\/p>\n","link":{"title":"\u6b22\u8fce\u4e0e\u6211\u4eec\u7684\u4e13\u5bb6\u8054\u7cfb !","url":"\/contact\/","target":""},"background":{"ID":232,"id":232,"title":"BGdark-compressor","filename":"BGdark-compressor.png","filesize":264791,"url":"https:\/\/nanoe.com\/wp-content\/uploads\/2020\/03\/BGdark-compressor.png","link":"https:\/\/nanoe.com\/zh-hans\/zta-12\/bgdark-compressor\/","alt":"","author":"1","description":"","caption":"","name":"bgdark-compressor","status":"inherit","uploaded_to":230,"date":"2020-03-20 10:50:07","modified":"2020-03-20 10:50:07","menu_order":0,"mime_type":"image\/png","type":"image","subtype":"png","icon":"https:\/\/nanoe.com\/wp-includes\/images\/media\/default.png","width":1920,"height":729,"sizes":{"thumbnail":"https:\/\/nanoe.com\/wp-content\/uploads\/2020\/03\/BGdark-compressor-150x150.png","thumbnail-width":150,"thumbnail-height":150,"medium":"https:\/\/nanoe.com\/wp-content\/uploads\/2020\/03\/BGdark-compressor-300x114.png","medium-width":300,"medium-height":114,"medium_large":"https:\/\/nanoe.com\/wp-content\/uploads\/2020\/03\/BGdark-compressor-768x292.png","medium_large-width":768,"medium_large-height":292,"large":"https:\/\/nanoe.com\/wp-content\/uploads\/2020\/03\/BGdark-compressor-1024x389.png","large-width":1024,"large-height":389,"1536x1536":"https:\/\/nanoe.com\/wp-content\/uploads\/2020\/03\/BGdark-compressor-1536x583.png","1536x1536-width":1536,"1536x1536-height":583,"2048x2048":"https:\/\/nanoe.com\/wp-content\/uploads\/2020\/03\/BGdark-compressor.png","2048x2048-width":1920,"2048x2048-height":729,"wide":"https:\/\/nanoe.com\/wp-content\/uploads\/2020\/03\/BGdark-compressor.png","wide-width":1920,"wide-height":729,"hero":"https:\/\/nanoe.com\/wp-content\/uploads\/2020\/03\/BGdark-compressor-1085x412.png","hero-width":1085,"hero-height":412}}}]},"yoast_head":"<!-- This site is optimized with the Yoast SEO plugin v16.3 - https:\/\/yoast.com\/wordpress\/plugins\/seo\/ -->\n<meta name=\"description\" content=\"Duret\u00e9 \u00e9lev\u00e9e, stabilit\u00e9 thermodynamique, propri\u00e9t\u00e9s \u00e9lectriques et thermiques. L&#039;\u6c27\u5316\u94dd convient au biom\u00e9dical, \u00e0 la m\u00e9trologie, \u00e0 l&#039;isolation...\" \/>\n<meta name=\"robots\" content=\"index, follow, max-snippet:-1, max-image-preview:large, max-video-preview:-1\" \/>\n<link rel=\"canonical\" href=\"https:\/\/nanoe.com\/zh-hans\/alumine\/\" \/>\n<meta property=\"og:locale\" content=\"zh_CN\" \/>\n<meta property=\"og:type\" content=\"article\" \/>\n<meta property=\"og:title\" content=\"\u6c27\u5316\u94dd &ndash; Nanoe\" \/>\n<meta property=\"og:description\" content=\"Duret\u00e9 \u00e9lev\u00e9e, stabilit\u00e9 thermodynamique, propri\u00e9t\u00e9s \u00e9lectriques et thermiques. L&#039;\u6c27\u5316\u94dd convient au biom\u00e9dical, \u00e0 la m\u00e9trologie, \u00e0 l&#039;isolation...\" \/>\n<meta property=\"og:url\" content=\"https:\/\/nanoe.com\/zh-hans\/alumine\/\" \/>\n<meta property=\"og:site_name\" content=\"Nanoe\" \/>\n<meta property=\"article:modified_time\" content=\"2021-07-28T09:46:39+00:00\" \/>\n<meta name=\"twitter:card\" content=\"summary_large_image\" \/>\n<script type=\"application\/ld+json\" class=\"yoast-schema-graph\">{\"@context\":\"https:\/\/schema.org\",\"@graph\":[{\"@type\":\"Organization\",\"@id\":\"https:\/\/nanoe.com\/en\/#organization\",\"name\":\"Nanoe\",\"url\":\"https:\/\/nanoe.com\/en\/\",\"sameAs\":[],\"logo\":{\"@type\":\"ImageObject\",\"@id\":\"https:\/\/nanoe.com\/en\/#logo\",\"inLanguage\":\"zh-CN\",\"url\":\"https:\/\/nanoe.com\/wp-content\/uploads\/2020\/03\/logo.png\",\"contentUrl\":\"https:\/\/nanoe.com\/wp-content\/uploads\/2020\/03\/logo.png\",\"width\":618,\"height\":126,\"caption\":\"Nanoe\"},\"image\":{\"@id\":\"https:\/\/nanoe.com\/en\/#logo\"}},{\"@type\":\"WebSite\",\"@id\":\"https:\/\/nanoe.com\/en\/#website\",\"url\":\"https:\/\/nanoe.com\/en\/\",\"name\":\"Nanoe\",\"description\":\"Nanopoudres pour l&#039;industrie c\\u00e9ramique\",\"publisher\":{\"@id\":\"https:\/\/nanoe.com\/en\/#organization\"},\"potentialAction\":[{\"@type\":\"SearchAction\",\"target\":\"https:\/\/nanoe.com\/en\/?s={search_term_string}\",\"query-input\":\"required name=search_term_string\"}],\"inLanguage\":\"zh-CN\"},{\"@type\":\"WebPage\",\"@id\":\"https:\/\/nanoe.com\/zh-hans\/alumine\/#webpage\",\"url\":\"https:\/\/nanoe.com\/zh-hans\/alumine\/\",\"name\":\"\\u6c27\\u5316\\u94dd &ndash; Nanoe\",\"isPartOf\":{\"@id\":\"https:\/\/nanoe.com\/en\/#website\"},\"datePublished\":\"2020-03-24T15:26:16+00:00\",\"dateModified\":\"2021-07-28T09:46:39+00:00\",\"description\":\"Duret\\u00e9 \\u00e9lev\\u00e9e, stabilit\\u00e9 thermodynamique, propri\\u00e9t\\u00e9s \\u00e9lectriques et thermiques. L'\\u6c27\\u5316\\u94dd convient au biom\\u00e9dical, \\u00e0 la m\\u00e9trologie, \\u00e0 l'isolation...\",\"breadcrumb\":{\"@id\":\"https:\/\/nanoe.com\/zh-hans\/alumine\/#breadcrumb\"},\"inLanguage\":\"zh-CN\",\"potentialAction\":[{\"@type\":\"ReadAction\",\"target\":[\"https:\/\/nanoe.com\/zh-hans\/alumine\/\"]}]},{\"@type\":\"BreadcrumbList\",\"@id\":\"https:\/\/nanoe.com\/zh-hans\/alumine\/#breadcrumb\",\"itemListElement\":[{\"@type\":\"ListItem\",\"position\":1,\"item\":{\"@type\":\"WebPage\",\"@id\":\"https:\/\/nanoe.com\/zh-hans\/\",\"url\":\"https:\/\/nanoe.com\/zh-hans\/\",\"name\":\"Home\"}},{\"@type\":\"ListItem\",\"position\":2,\"item\":{\"@id\":\"https:\/\/nanoe.com\/zh-hans\/alumine\/#webpage\"}}]}]}<\/script>\n<!-- \/ Yoast SEO plugin. -->","_links":{"self":[{"href":"https:\/\/nanoe.com\/zh-hans\/wp-json\/wp\/v2\/pages\/1188"}],"collection":[{"href":"https:\/\/nanoe.com\/zh-hans\/wp-json\/wp\/v2\/pages"}],"about":[{"href":"https:\/\/nanoe.com\/zh-hans\/wp-json\/wp\/v2\/types\/page"}],"author":[{"embeddable":true,"href":"https:\/\/nanoe.com\/zh-hans\/wp-json\/wp\/v2\/users\/3"}],"replies":[{"embeddable":true,"href":"https:\/\/nanoe.com\/zh-hans\/wp-json\/wp\/v2\/comments?post=1188"}],"version-history":[{"count":3,"href":"https:\/\/nanoe.com\/zh-hans\/wp-json\/wp\/v2\/pages\/1188\/revisions"}],"predecessor-version":[{"id":1429,"href":"https:\/\/nanoe.com\/zh-hans\/wp-json\/wp\/v2\/pages\/1188\/revisions\/1429"}],"wp:attachment":[{"href":"https:\/\/nanoe.com\/zh-hans\/wp-json\/wp\/v2\/media?parent=1188"}],"curies":[{"name":"wp","href":"https:\/\/api.w.org\/{rel}","templated":true}]}}