{"id":1190,"date":"2020-08-25T16:30:37","date_gmt":"2020-08-25T14:30:37","guid":{"rendered":"https:\/\/nanoe.com\/biomedical-medical-implantable\/"},"modified":"2022-03-17T14:26:59","modified_gmt":"2022-03-17T13:26:59","slug":"biomedical-medical-implantable","status":"publish","type":"page","link":"https:\/\/nanoe.com\/zh-hans\/biomedical-medical-implantable\/","title":{"rendered":"\u751f\u7269\u533b\u7597"},"content":{"rendered":"","protected":false},"excerpt":{"rendered":"","protected":false},"author":3,"featured_media":0,"parent":0,"menu_order":0,"comment_status":"closed","ping_status":"closed","template":"","meta":[],"acf":{"components":[{"acf_fc_layout":"hero","hero_background":295,"hero_title":"\u751f\u7269\u533b\u7597"},{"acf_fc_layout":"wysiwyg","wysiwyg":"<p>\u690d\u5165\u5f0f\u533b\u7597\u662f\u5bf9\u6750\u6599\u8981\u6c42\u6700\u4e25\u82db\u7684\u9886\u57df\u4e4b\u4e00\uff1a\u690d\u5165\u5f0f\u533b\u7597\u5668\u68b0\u5fc5\u987b\u5177\u5907\u751f\u7269\u76f8\u5bb9\u6027\uff0c\u9664\u6b64\u4e4b\u5916\u8fd8\u8981\u6709\u9ad8\u8010\u78e8\u6027\uff0c\u80fd\u591f\u62b5\u6297\u5076\u5c14\u6781\u7aef\u7684\u673a\u68b0\u5e94\u529b\uff0c\u62b5\u6297\u957f\u671f\u5904\u4e8e\u751f\u7269\u73af\u5883\u8001\u5316\u7684\u5f71\u54cd\uff0c\u540c\u65f6\u8fd8\u8981\u786e\u4fdd\u8fd1\u4e4e100%\u53ef\u9760\u6027\u3002<\/p>\n<p>\u57fa\u4e8e\u4e0a\u8ff0\u539f\u56e0\uff0c\u9676\u74f7\u6750\u6599\u88ab\u5e7f\u6cdb\u5e94\u7528\u4e8e\u6b64\u7c7b\u533b\u7597\u5668\u68b0\u7684\u8bbe\u8ba1\u548c\u751f\u4ea7\u3002\u5982\u4eca\uff0c\u4e3a\u4e86\u5e94\u5bf9\u75c5\u4eba\u5bff\u547d\u5ef6\u957f\u3001\u6cd5\u89c4\u8d8a\u6765\u8d8a\u4e25\u82db\u7684\u73b0\u72b6\uff0c\u7528\u4e8e\u751f\u4ea7\u533b\u7597\u5668\u4ef6\u7684\u9676\u74f7\u6750\u6599\u7684\u6027\u80fd\u548c\u53ef\u9760\u6027\u4e5f\u5fc5\u987b\u76f8\u5e94\u5730\u589e\u5f3a\u3002<\/p>\n","display_one":false,"colonne":"10"},{"acf_fc_layout":"content","title":"\u7eb3\u7c73\u7ea7\u7c89\u672b\uff1a\u533b\u5b66\u53ef\u9760\u6027","text":"<p>Nanoe\u63a8\u51fa\u4e00\u7cfb\u5217\u591a\u6b3e\u4e13\u4e3a\u533b\u7597\u5668\u68b0\u8bbe\u8ba1\u7684\u7c89\u672b\u6750\u6599\u3002\u6211\u4eec\u63d0\u4f9b\u6c27\u5316\u94dd\u3001\u6c27\u5316\u9506\uff0c\u5c24\u5176\u662f\u7531\u4e24\u8005\u5408\u6210\u7684\u6c27\u5316\u9506\u589e\u97e7\u6c27\u5316\u94dd\u6750\u6599\uff0c\u96c6\u6210\u4e86\u4e24\u79cd\u6750\u6599\u7684\u4f18\u70b9\u3002\u8fd9\u4e9b\u7c89\u672b\u6750\u6599\u540c\u65f6\u5177\u6709\u8010\u78e8\u635f\u3001\u8010\u5f2f\u66f2\u3001\u8010\u78b0\u649e\u3001\u8010\u70ed\u6db2\u8001\u5316\u7684\u6027\u80fd\u3002<\/p>\n<p>Nanoe\u63d0\u4f9b\u7684\u7c89\u672b\u6750\u6599\u7b26\u5408\u73b0\u884c\u6cd5\u89c4\u548c\u6280\u672f\u89c4\u8303\uff0c\u5176\u4e2d\u5305\u62ecISO-6474-1\u5173\u4e8e\u6c27\u5316\u94dd\u6750\u6599\u7684\u6807\u51c6\u548cISO-6474-2\u5173\u4e8e\u6c27\u5316\u9506\u589e\u97e7\u6c27\u5316\u94dd\u6750\u6599\u7684\u6807\u51c6\u3002<\/p>\n","link_one":"","link_two":"","background":{"ID":122,"id":122,"title":"microscope","filename":"microscope.png","filesize":1397617,"url":"https:\/\/nanoe.com\/wp-content\/uploads\/2020\/03\/microscope.png","link":"https:\/\/nanoe.com\/zh-hans\/support-technique\/microscope\/","alt":"","author":"1","description":"","caption":"","name":"microscope","status":"inherit","uploaded_to":120,"date":"2020-03-10 17:36:04","modified":"2020-03-10 17:36:04","menu_order":0,"mime_type":"image\/png","type":"image","subtype":"png","icon":"https:\/\/nanoe.com\/wp-includes\/images\/media\/default.png","width":1920,"height":640,"sizes":{"thumbnail":"https:\/\/nanoe.com\/wp-content\/uploads\/2020\/03\/microscope-150x150.png","thumbnail-width":150,"thumbnail-height":150,"medium":"https:\/\/nanoe.com\/wp-content\/uploads\/2020\/03\/microscope-300x100.png","medium-width":300,"medium-height":100,"medium_large":"https:\/\/nanoe.com\/wp-content\/uploads\/2020\/03\/microscope-768x256.png","medium_large-width":768,"medium_large-height":256,"large":"https:\/\/nanoe.com\/wp-content\/uploads\/2020\/03\/microscope-1024x341.png","large-width":1024,"large-height":341,"1536x1536":"https:\/\/nanoe.com\/wp-content\/uploads\/2020\/03\/microscope-1536x512.png","1536x1536-width":1536,"1536x1536-height":512,"2048x2048":"https:\/\/nanoe.com\/wp-content\/uploads\/2020\/03\/microscope.png","2048x2048-width":1920,"2048x2048-height":640,"wide":"https:\/\/nanoe.com\/wp-content\/uploads\/2020\/03\/microscope.png","wide-width":1920,"wide-height":640,"hero":"https:\/\/nanoe.com\/wp-content\/uploads\/2020\/03\/microscope-1236x412.png","hero-width":1236,"hero-height":412}}},{"acf_fc_layout":"spacer","size":"small"},{"acf_fc_layout":"rich_content","title":"","text":"<h2><strong>\u949b\u690d\u5165\u7269\u7684\u55b7\u7802\u5904\u7406<\/strong><\/h2>\n<p>&nbsp;<\/p>\n<p>\u949b\u662f\u9f7f\u79d1\u690d\u5165\u7269\u5e38\u7528\u7684\u6750\u6599\uff0c\u56e0\u4e3a\u5b83\u5f88\u8f7b\u4e14\u6709\u826f\u597d\u7684\u9aa8\u6574\u5408\u6027\u3002\u800c\u4e3a\u4e86\u8ffd\u6c42\u6700\u4f73\u7684\u9aa8\u6574\u5408\u6548\u679c\uff0c\u949b\u6750\u6599\u690d\u5165\u7269\u9700\u8981\u901a\u8fc7\u55b7\u7802\u5904\u7406\u8fbe\u5230\u7279\u5b9a\u7684\u7c97\u7cd9\u5ea6\u3002\u56e0\u6b64\uff0cNanoe \u63a8\u8350\u4f7f\u7528\u8fd9\u79cd\u9ad8\u7eaf\u5ea6\u9ed1\u8272 TiO<sub>2 <\/sub>\u7c89\u672b\uff0c\u5bf9\u690d\u5165\u7269\u8fdb\u884c\u540e\u5904\u7406\uff0c\u907f\u514d\u6c61\u67d3\u98ce\u9669\u3002<\/p>\n","image":{"ID":1470,"id":1470,"title":"proth\u00e8se dentaire titane","filename":"prothese-dentaire-titane.png","filesize":820973,"url":"https:\/\/nanoe.com\/wp-content\/uploads\/2022\/03\/prothese-dentaire-titane.png","link":"https:\/\/nanoe.com\/zh-hans\/biomedical-medical-implantable\/prothese-dentaire-titane-2\/","alt":"","author":"2","description":"","caption":"","name":"prothese-dentaire-titane-2","status":"inherit","uploaded_to":1190,"date":"2022-03-17 13:06:46","modified":"2022-03-17 13:06:46","menu_order":0,"mime_type":"image\/png","type":"image","subtype":"png","icon":"https:\/\/nanoe.com\/wp-includes\/images\/media\/default.png","width":1353,"height":1350,"sizes":{"thumbnail":"https:\/\/nanoe.com\/wp-content\/uploads\/2022\/03\/prothese-dentaire-titane-150x150.png","thumbnail-width":150,"thumbnail-height":150,"medium":"https:\/\/nanoe.com\/wp-content\/uploads\/2022\/03\/prothese-dentaire-titane-300x300.png","medium-width":300,"medium-height":300,"medium_large":"https:\/\/nanoe.com\/wp-content\/uploads\/2022\/03\/prothese-dentaire-titane-768x766.png","medium_large-width":768,"medium_large-height":766,"large":"https:\/\/nanoe.com\/wp-content\/uploads\/2022\/03\/prothese-dentaire-titane-1024x1022.png","large-width":1024,"large-height":1022,"1536x1536":"https:\/\/nanoe.com\/wp-content\/uploads\/2022\/03\/prothese-dentaire-titane.png","1536x1536-width":1353,"1536x1536-height":1350,"2048x2048":"https:\/\/nanoe.com\/wp-content\/uploads\/2022\/03\/prothese-dentaire-titane.png","2048x2048-width":1353,"2048x2048-height":1350,"wide":"https:\/\/nanoe.com\/wp-content\/uploads\/2022\/03\/prothese-dentaire-titane-1026x1024.png","wide-width":1026,"wide-height":1024,"hero":"https:\/\/nanoe.com\/wp-content\/uploads\/2022\/03\/prothese-dentaire-titane-413x412.png","hero-width":413,"hero-height":412}},"image_right":false},{"acf_fc_layout":"rich_content","title":"","text":"<h2><strong>\u6c27\u5316\u9506\u690d\u5165\u7269<\/strong><\/h2>\n<p>&nbsp;<\/p>\n<p>\u949b\u6599\u4e5f\u53ef\u80fd\u4f1a\u5bfc\u81f4\u90e8\u5206\u75c5\u4eba\u4e25\u91cd\u8fc7\u654f\u3002\u8fd9\u66f4\u591a\u53d6\u51b3\u4e8e\u690d\u5165\u73af\u5883\u7684\u7535\u5316\u5b66\u8150\u8680\u60c5\u51b5\uff0c\u5728\u53e3\u8154\u7684\u9178\u6027\u73af\u5883\u4e2d\u5c24\u4e3a\u5bb9\u6613\u5f15\u53d1\u8fc7\u654f\u3002\u9676\u74f7\u5177\u6709\u8010\u6f6e\u6e7f\u548c\u8010\u9178\u7279\u6027\uff0c\u662f\u5f88\u597d\u7684\u66ff\u4ee3\u6750\u6599\u3002Nanoe \u4e3a\u8fd9\u9879\u5e94\u7528\u63a8\u51fa\u4e86\u6c27\u5316\u9506\u548c ATZ \u7c89\u672b\uff0c\u517c\u5177\u51fa\u8272\u7684\u673a\u68b0\u7279\u6027\u548c\u7f8e\u89c2\u6548\u679c\u3002<\/p>\n","image":{"ID":1044,"id":1044,"title":"dentaire d\u00e9tour\u00e9 3","filename":"dentaire-d\u00e9tour\u00e9-3.png","filesize":360165,"url":"https:\/\/nanoe.com\/wp-content\/uploads\/2020\/10\/dentaire-d\u00e9tour\u00e9-3.png","link":"https:\/\/nanoe.com\/zh-hans\/biomedical-medical-implantable\/dentaire-detoure-3\/","alt":"","author":"2","description":"","caption":"","name":"dentaire-detoure-3","status":"inherit","uploaded_to":953,"date":"2020-10-16 09:36:14","modified":"2020-10-16 09:37:52","menu_order":0,"mime_type":"image\/png","type":"image","subtype":"png","icon":"https:\/\/nanoe.com\/wp-includes\/images\/media\/default.png","width":2079,"height":1959,"sizes":{"thumbnail":"https:\/\/nanoe.com\/wp-content\/uploads\/2020\/10\/dentaire-d\u00e9tour\u00e9-3-150x150.png","thumbnail-width":150,"thumbnail-height":150,"medium":"https:\/\/nanoe.com\/wp-content\/uploads\/2020\/10\/dentaire-d\u00e9tour\u00e9-3-300x283.png","medium-width":300,"medium-height":283,"medium_large":"https:\/\/nanoe.com\/wp-content\/uploads\/2020\/10\/dentaire-d\u00e9tour\u00e9-3-768x724.png","medium_large-width":768,"medium_large-height":724,"large":"https:\/\/nanoe.com\/wp-content\/uploads\/2020\/10\/dentaire-d\u00e9tour\u00e9-3-1024x965.png","large-width":1024,"large-height":965,"1536x1536":"https:\/\/nanoe.com\/wp-content\/uploads\/2020\/10\/dentaire-d\u00e9tour\u00e9-3-1536x1447.png","1536x1536-width":1536,"1536x1536-height":1447,"2048x2048":"https:\/\/nanoe.com\/wp-content\/uploads\/2020\/10\/dentaire-d\u00e9tour\u00e9-3-2048x1930.png","2048x2048-width":2048,"2048x2048-height":1930,"wide":"https:\/\/nanoe.com\/wp-content\/uploads\/2020\/10\/dentaire-d\u00e9tour\u00e9-3-1087x1024.png","wide-width":1087,"wide-height":1024,"hero":"https:\/\/nanoe.com\/wp-content\/uploads\/2020\/10\/dentaire-d\u00e9tour\u00e9-3-437x412.png","hero-width":437,"hero-height":412}},"image_right":true},{"acf_fc_layout":"rich_content","title":"","text":"<h2><strong>\u9acb\u5047\u80a2<\/strong><\/h2>\n<p>&nbsp;<\/p>\n<p>Nanoe\u63a8\u51fa\u4e00\u79cd\u542b\u670925%\u6c27\u5316\u9506\u548c75%\u6c27\u5316\u94dd\u7684\u6c27\u5316\u9506\u589e\u97e7\u6c27\u5316\u94dd\u6750\u6599\uff0c\u7528\u4e8e\u751f\u4ea7\u9acb\u5047\u80a2\uff0c\u7b26\u5408ISO-6474-2\u5173\u4e8e\u690d\u5165\u5f0f\u9676\u74f7\u6750\u6599\u7684\u6807\u51c6\u3002Nanoe\u63a8\u51fa\u7684\u6c27\u5316\u9506\u589e\u97e7\u6c27\u5316\u94dd 25\u6750\u6599\u7b26\u5408\u76f8\u5173\u6cd5\u89c4\u8981\u6c42\uff0c\u76f8\u6bd4\u4f20\u7edf\u6c27\u5316\u94dd\u6750\u6599\uff0c\u8be5\u6750\u6599\u53ef\u7528\u4e8e\u66f4\u52a0\u590d\u6742\u7684\u8bbe\u8ba1\u3001\u5236\u6210\u66f4\u52a0\u8f7b\u4fbf\u7684\u5f62\u6001\u3002\u56e0\u6b64\uff0c\u533b\u7597\u5047\u5668\u5c06\u8d8a\u6765\u8d8a\u5c0f\u5de7\u8f7b\u4fbf\uff0c\u63d0\u9ad8\u75c5\u4eba\u7684\u8212\u9002\u4f53\u9a8c\u3002<\/p>\n<p>Nanoe\u8fd8\u63a8\u51fa\u4e86\u4e00\u79cd\u63ba\u5165\u94ec\u548c\u9536\u7684\u7c89\u7ea2\u8272\u6c27\u5316\u9506\u589e\u97e7\u6c27\u5316\u94dd\u6750\u6599\uff0c\u53ef\u7528\u4e8e\u5236\u4f5c\u6027\u80fd\u66f4\u4f73\u7684\u9676\u74f7\u4ea7\u54c1\u3002<\/p>\n","image":{"ID":987,"id":987,"title":"essaie 2","filename":"essaie-2-1.png","filesize":633819,"url":"https:\/\/nanoe.com\/wp-content\/uploads\/2020\/08\/essaie-2-1.png","link":"https:\/\/nanoe.com\/zh-hans\/biomedical-medical-implantable\/essaie-2-2\/","alt":"","author":"2","description":"","caption":"","name":"essaie-2-2","status":"inherit","uploaded_to":953,"date":"2020-08-26 10:21:05","modified":"2020-10-16 09:32:12","menu_order":0,"mime_type":"image\/png","type":"image","subtype":"png","icon":"https:\/\/nanoe.com\/wp-includes\/images\/media\/default.png","width":2187,"height":2110,"sizes":{"thumbnail":"https:\/\/nanoe.com\/wp-content\/uploads\/2020\/08\/essaie-2-1-150x150.png","thumbnail-width":150,"thumbnail-height":150,"medium":"https:\/\/nanoe.com\/wp-content\/uploads\/2020\/08\/essaie-2-1-300x289.png","medium-width":300,"medium-height":289,"medium_large":"https:\/\/nanoe.com\/wp-content\/uploads\/2020\/08\/essaie-2-1-768x741.png","medium_large-width":768,"medium_large-height":741,"large":"https:\/\/nanoe.com\/wp-content\/uploads\/2020\/08\/essaie-2-1-1024x988.png","large-width":1024,"large-height":988,"1536x1536":"https:\/\/nanoe.com\/wp-content\/uploads\/2020\/08\/essaie-2-1-1536x1482.png","1536x1536-width":1536,"1536x1536-height":1482,"2048x2048":"https:\/\/nanoe.com\/wp-content\/uploads\/2020\/08\/essaie-2-1-2048x1976.png","2048x2048-width":2048,"2048x2048-height":1976,"wide":"https:\/\/nanoe.com\/wp-content\/uploads\/2020\/08\/essaie-2-1-1061x1024.png","wide-width":1061,"wide-height":1024,"hero":"https:\/\/nanoe.com\/wp-content\/uploads\/2020\/08\/essaie-2-1-427x412.png","hero-width":427,"hero-height":412}},"image_right":false},{"acf_fc_layout":"spacer","size":"small"},{"acf_fc_layout":"products","title":"\u6211\u4eec\u7684\u4ea7\u54c1","products":[{"product":{"title":"\u6c27\u5316\u9506\u589e\u97e7\u6c27\u5316\u94dd 25","url":"http:\/\/nanoe.com\/zta-25\/","target":""}},{"product":{"title":"\u6c27\u5316\u94dd","url":"https:\/\/nanoe.com\/alumine\/","target":""}},{"product":{"title":"\u6c27\u5316\u9506\u4e0e\u6c27\u5316\u9506\u589e\u97e7\u6c27\u5316\u94dd","url":"https:\/\/nanoe.com\/zircone-atz\/","target":""}}]}]},"yoast_head":"<!-- This site is optimized with the Yoast SEO plugin v16.3 - https:\/\/yoast.com\/wordpress\/plugins\/seo\/ -->\n<meta name=\"description\" content=\"Conception de dispositifs m\u00e9dicaux r\u00e9sistants \u00e0 l\u2019usure, la flexion, aux chocs et au vieillissement hydrothermal. Proth\u00e8ses de hanche, implants dentaires.\" \/>\n<meta name=\"robots\" content=\"index, follow, max-snippet:-1, max-image-preview:large, max-video-preview:-1\" \/>\n<link rel=\"canonical\" href=\"https:\/\/nanoe.com\/zh-hans\/biomedical-medical-implantable\/\" \/>\n<meta property=\"og:locale\" content=\"zh_CN\" \/>\n<meta property=\"og:type\" content=\"article\" \/>\n<meta property=\"og:title\" content=\"\u751f\u7269\u533b\u7597 : poudres nanom\u00e9triques au service de la m\u00e9decine &ndash; Nanoe\" \/>\n<meta property=\"og:description\" content=\"Conception de dispositifs m\u00e9dicaux r\u00e9sistants \u00e0 l\u2019usure, la flexion, aux chocs et au vieillissement hydrothermal. Proth\u00e8ses de hanche, implants dentaires.\" \/>\n<meta property=\"og:url\" content=\"https:\/\/nanoe.com\/zh-hans\/biomedical-medical-implantable\/\" \/>\n<meta property=\"og:site_name\" content=\"Nanoe\" \/>\n<meta property=\"article:modified_time\" content=\"2022-03-17T13:26:59+00:00\" \/>\n<meta name=\"twitter:card\" content=\"summary_large_image\" \/>\n<script type=\"application\/ld+json\" class=\"yoast-schema-graph\">{\"@context\":\"https:\/\/schema.org\",\"@graph\":[{\"@type\":\"Organization\",\"@id\":\"https:\/\/nanoe.com\/en\/#organization\",\"name\":\"Nanoe\",\"url\":\"https:\/\/nanoe.com\/en\/\",\"sameAs\":[],\"logo\":{\"@type\":\"ImageObject\",\"@id\":\"https:\/\/nanoe.com\/en\/#logo\",\"inLanguage\":\"zh-CN\",\"url\":\"https:\/\/nanoe.com\/wp-content\/uploads\/2020\/03\/logo.png\",\"contentUrl\":\"https:\/\/nanoe.com\/wp-content\/uploads\/2020\/03\/logo.png\",\"width\":618,\"height\":126,\"caption\":\"Nanoe\"},\"image\":{\"@id\":\"https:\/\/nanoe.com\/en\/#logo\"}},{\"@type\":\"WebSite\",\"@id\":\"https:\/\/nanoe.com\/en\/#website\",\"url\":\"https:\/\/nanoe.com\/en\/\",\"name\":\"Nanoe\",\"description\":\"Nanopoudres pour l&#039;industrie c\\u00e9ramique\",\"publisher\":{\"@id\":\"https:\/\/nanoe.com\/en\/#organization\"},\"potentialAction\":[{\"@type\":\"SearchAction\",\"target\":\"https:\/\/nanoe.com\/en\/?s={search_term_string}\",\"query-input\":\"required name=search_term_string\"}],\"inLanguage\":\"zh-CN\"},{\"@type\":\"WebPage\",\"@id\":\"https:\/\/nanoe.com\/zh-hans\/biomedical-medical-implantable\/#webpage\",\"url\":\"https:\/\/nanoe.com\/zh-hans\/biomedical-medical-implantable\/\",\"name\":\"\\u751f\\u7269\\u533b\\u7597 : poudres nanom\\u00e9triques au service de la m\\u00e9decine &ndash; Nanoe\",\"isPartOf\":{\"@id\":\"https:\/\/nanoe.com\/en\/#website\"},\"datePublished\":\"2020-08-25T14:30:37+00:00\",\"dateModified\":\"2022-03-17T13:26:59+00:00\",\"description\":\"Conception de dispositifs m\\u00e9dicaux r\\u00e9sistants \\u00e0 l\\u2019usure, la flexion, aux chocs et au vieillissement hydrothermal. Proth\\u00e8ses de hanche, implants dentaires.\",\"breadcrumb\":{\"@id\":\"https:\/\/nanoe.com\/zh-hans\/biomedical-medical-implantable\/#breadcrumb\"},\"inLanguage\":\"zh-CN\",\"potentialAction\":[{\"@type\":\"ReadAction\",\"target\":[\"https:\/\/nanoe.com\/zh-hans\/biomedical-medical-implantable\/\"]}]},{\"@type\":\"BreadcrumbList\",\"@id\":\"https:\/\/nanoe.com\/zh-hans\/biomedical-medical-implantable\/#breadcrumb\",\"itemListElement\":[{\"@type\":\"ListItem\",\"position\":1,\"item\":{\"@type\":\"WebPage\",\"@id\":\"https:\/\/nanoe.com\/zh-hans\/\",\"url\":\"https:\/\/nanoe.com\/zh-hans\/\",\"name\":\"Home\"}},{\"@type\":\"ListItem\",\"position\":2,\"item\":{\"@id\":\"https:\/\/nanoe.com\/zh-hans\/biomedical-medical-implantable\/#webpage\"}}]}]}<\/script>\n<!-- \/ Yoast SEO plugin. -->","_links":{"self":[{"href":"https:\/\/nanoe.com\/zh-hans\/wp-json\/wp\/v2\/pages\/1190"}],"collection":[{"href":"https:\/\/nanoe.com\/zh-hans\/wp-json\/wp\/v2\/pages"}],"about":[{"href":"https:\/\/nanoe.com\/zh-hans\/wp-json\/wp\/v2\/types\/page"}],"author":[{"embeddable":true,"href":"https:\/\/nanoe.com\/zh-hans\/wp-json\/wp\/v2\/users\/3"}],"replies":[{"embeddable":true,"href":"https:\/\/nanoe.com\/zh-hans\/wp-json\/wp\/v2\/comments?post=1190"}],"version-history":[{"count":3,"href":"https:\/\/nanoe.com\/zh-hans\/wp-json\/wp\/v2\/pages\/1190\/revisions"}],"predecessor-version":[{"id":1474,"href":"https:\/\/nanoe.com\/zh-hans\/wp-json\/wp\/v2\/pages\/1190\/revisions\/1474"}],"wp:attachment":[{"href":"https:\/\/nanoe.com\/zh-hans\/wp-json\/wp\/v2\/media?parent=1190"}],"curies":[{"name":"wp","href":"https:\/\/api.w.org\/{rel}","templated":true}]}}