{"id":1193,"date":"2020-03-20T18:22:23","date_gmt":"2020-03-20T17:22:23","guid":{"rendered":"https:\/\/nanoe.com\/gestion-des-fluides\/"},"modified":"2021-05-25T21:02:17","modified_gmt":"2021-05-25T19:02:17","slug":"gestion-des-fluides","status":"publish","type":"page","link":"https:\/\/nanoe.com\/zh-hans\/gestion-des-fluides\/","title":{"rendered":"\u6d41\u4f53\u7ba1\u7406"},"content":{"rendered":"","protected":false},"excerpt":{"rendered":"","protected":false},"author":3,"featured_media":0,"parent":0,"menu_order":0,"comment_status":"closed","ping_status":"closed","template":"","meta":[],"acf":{"components":[{"acf_fc_layout":"hero","hero_background":507,"hero_title":"\u6d41\u4f53\u7ba1\u7406"},{"acf_fc_layout":"wysiwyg","wysiwyg":"<p>\u5bf9\u4e8e\u6240\u6709\u5728\u5236\u9020\u6d41\u7a0b\u4e2d\u9700\u8981\u5904\u7406\u6d41\u4f53\u7684\u5de5\u4e1a\u9886\u57df\uff0c\u6700\u5927\u7684\u6311\u6218\u5728\u4e8e\u4f7f\u7528\u66f4\u6709\u6548\u7684\u8bbe\u5907\uff0c\u51cf\u5c11\u7ef4\u62a4\u505c\u673a\u7684\u6b21\u6570\uff0c\u52a0\u5feb\u6d88\u6bd2\u5468\u671f\u3002<\/p>\n","display_one":false,"colonne":"10"},{"acf_fc_layout":"content","title":"\u9676\u74f7\u6750\u6599\u7ecf\u5f97\u4f4f\u6d41\u4f53\u7ba1\u7406\u7684\u8003\u9a8c","text":"<p>\u65e0\u8bba\u662f\u533b\u836f\u3001\u5316\u5986\u54c1\u8fd8\u662f\u519c\u98df\u54c1\u5de5\u4e1a\uff0c\u9676\u74f7\u90fd\u662f\u5236\u4f5c\u6cf5\u3001\u9600\u3001\u4f20\u611f\u5668\u6216\u55b7\u5634\u4e3b\u4f53\u7684\u7406\u60f3\u6750\u6599\u3002\u9676\u74f7\u6750\u6599\u4e0d\u6613\u53d8\u8d28\uff0c\u53ef\u7528\u4e8e\u5236\u9020\u575a\u786c\u3001\u6613\u4e8e\u6d88\u6bd2\u3001\u6297\u9ad8\u5f3a\u5ea6\u5e94\u529b\u7684\u7269\u4ef6\uff0c\u540c\u65f6\u6d88\u9664\u5185\u88c5\u7269\u53d7\u6c61\u67d3\u7684\u98ce\u9669\u3002<\/p>\n<p>&nbsp;<\/p>\n","link_one":"","link_two":"","background":{"ID":122,"id":122,"title":"microscope","filename":"microscope.png","filesize":1397617,"url":"https:\/\/nanoe.com\/wp-content\/uploads\/2020\/03\/microscope.png","link":"https:\/\/nanoe.com\/zh-hans\/support-technique\/microscope\/","alt":"","author":"1","description":"","caption":"","name":"microscope","status":"inherit","uploaded_to":120,"date":"2020-03-10 17:36:04","modified":"2020-03-10 17:36:04","menu_order":0,"mime_type":"image\/png","type":"image","subtype":"png","icon":"https:\/\/nanoe.com\/wp-includes\/images\/media\/default.png","width":1920,"height":640,"sizes":{"thumbnail":"https:\/\/nanoe.com\/wp-content\/uploads\/2020\/03\/microscope-150x150.png","thumbnail-width":150,"thumbnail-height":150,"medium":"https:\/\/nanoe.com\/wp-content\/uploads\/2020\/03\/microscope-300x100.png","medium-width":300,"medium-height":100,"medium_large":"https:\/\/nanoe.com\/wp-content\/uploads\/2020\/03\/microscope-768x256.png","medium_large-width":768,"medium_large-height":256,"large":"https:\/\/nanoe.com\/wp-content\/uploads\/2020\/03\/microscope-1024x341.png","large-width":1024,"large-height":341,"1536x1536":"https:\/\/nanoe.com\/wp-content\/uploads\/2020\/03\/microscope-1536x512.png","1536x1536-width":1536,"1536x1536-height":512,"2048x2048":"https:\/\/nanoe.com\/wp-content\/uploads\/2020\/03\/microscope.png","2048x2048-width":1920,"2048x2048-height":640,"wide":"https:\/\/nanoe.com\/wp-content\/uploads\/2020\/03\/microscope.png","wide-width":1920,"wide-height":640,"hero":"https:\/\/nanoe.com\/wp-content\/uploads\/2020\/03\/microscope-1236x412.png","hero-width":1236,"hero-height":412}}},{"acf_fc_layout":"spacer","size":"small"},{"acf_fc_layout":"rich_content","title":"","text":"<h2><\/h2>\n<p><strong>\u538b\u529b\u4f20\u611f\u5668<\/strong><\/p>\n<p>&nbsp;<\/p>\n<p>\u5316\u5b66\u5de5\u4e1a\u548c\u519c\u98df\u54c1\u4e1a\u4f7f\u7528\u7684\u538b\u529b\u4f20\u611f\u5668\u5fc5\u987b\u80fd\u591f\u6700\u5927\u7a0b\u5ea6\u62b5\u6297\u5316\u5b66\u4fb5\u8680\u3002Nanoe\u63a8\u8350\u5728\u8be5\u5e94\u7528\u573a\u666f\u4e2d\u4f7f\u7528\u6c27\u5316\u94dd\u6750\u6599\uff0c\u56e0\u4e3a\u8be5\u6750\u6599\u7684\u5bc6\u5ea6\u8fbe99%\uff0c\u7eaf\u5ea6\u6781\u9ad8\u3002\u8fd9\u4e9b\u7279\u6027\u80fd\u591f\u786e\u4fdd\u66f4\u597d\u7684\u8010\u6469\u64e6\u548c\u8010\u8150\u8680\u6027\u80fd\uff0c\u4ece\u800c\u5ef6\u957f\u4f20\u611f\u5668\u7684\u4f7f\u7528\u65f6\u95f4\u3002<\/p>\n","image":{"ID":1087,"id":1087,"title":"capteur de pression 1","filename":"capteur-de-pression-1.png","filesize":268851,"url":"https:\/\/nanoe.com\/wp-content\/uploads\/2020\/10\/capteur-de-pression-1.png","link":"https:\/\/nanoe.com\/zh-hans\/gestion-des-fluides\/capteur-de-pression-1\/","alt":"","author":"2","description":"","caption":"","name":"capteur-de-pression-1","status":"inherit","uploaded_to":310,"date":"2020-10-23 12:09:58","modified":"2020-10-23 12:10:14","menu_order":0,"mime_type":"image\/png","type":"image","subtype":"png","icon":"https:\/\/nanoe.com\/wp-includes\/images\/media\/default.png","width":2258,"height":1382,"sizes":{"thumbnail":"https:\/\/nanoe.com\/wp-content\/uploads\/2020\/10\/capteur-de-pression-1-150x150.png","thumbnail-width":150,"thumbnail-height":150,"medium":"https:\/\/nanoe.com\/wp-content\/uploads\/2020\/10\/capteur-de-pression-1-300x184.png","medium-width":300,"medium-height":184,"medium_large":"https:\/\/nanoe.com\/wp-content\/uploads\/2020\/10\/capteur-de-pression-1-768x470.png","medium_large-width":768,"medium_large-height":470,"large":"https:\/\/nanoe.com\/wp-content\/uploads\/2020\/10\/capteur-de-pression-1-1024x627.png","large-width":1024,"large-height":627,"1536x1536":"https:\/\/nanoe.com\/wp-content\/uploads\/2020\/10\/capteur-de-pression-1-1536x940.png","1536x1536-width":1536,"1536x1536-height":940,"2048x2048":"https:\/\/nanoe.com\/wp-content\/uploads\/2020\/10\/capteur-de-pression-1-2048x1253.png","2048x2048-width":2048,"2048x2048-height":1253,"wide":"https:\/\/nanoe.com\/wp-content\/uploads\/2020\/10\/capteur-de-pression-1-1673x1024.png","wide-width":1673,"wide-height":1024,"hero":"https:\/\/nanoe.com\/wp-content\/uploads\/2020\/10\/capteur-de-pression-1-673x412.png","hero-width":673,"hero-height":412}},"image_right":false},{"acf_fc_layout":"rich_content","title":"","text":"<p><strong>\u6cf5\u4e3b\u4f53<\/strong><\/p>\n<p>&nbsp;<\/p>\n<p>\u4e0d\u9508\u94a2\u662f\u5927\u591a\u6570\u5de5\u4e1a\u5236\u9020\u704c\u6ce8\u6cf5\u548c\u914d\u6599\u6cf5\u7684\u5e38\u7528\u6750\u6599\u3002\u7136\u800c\uff0c\u7531\u4e8e\u5faa\u73af\u6d88\u6bd2\u7684\u7f18\u6545\uff0c\u8fd9\u79cd\u6750\u6599\u7684\u8010\u6469\u64e6\u3001\u8010\u8150\u8680\u6027\u80fd\u900a\u8272\u4e8e\u9676\u74f7\u6750\u6599\u3002\u6c27\u5316\u9506\u589e\u97e7\u6c27\u5316\u94dd\u6750\u6599\u6709\u5f88\u597d\u7684\u8010\u78e8\u6027\u3001\u6297\u70ed\u51b2\u51fb\u548c\u70ed\u6db2\u8001\u5316\u6027\u80fd\uff0c\u9002\u5408\u4e8e\u4e0a\u8ff0\u5e94\u7528\u573a\u666f\u3002<\/p>\n","image":{"ID":1092,"id":1092,"title":"gestion des fluides v2","filename":"gestion-des-fluides-v2.png","filesize":127236,"url":"https:\/\/nanoe.com\/wp-content\/uploads\/2020\/10\/gestion-des-fluides-v2.png","link":"https:\/\/nanoe.com\/zh-hans\/gestion-des-fluides\/gestion-des-fluides-v2\/","alt":"","author":"2","description":"","caption":"","name":"gestion-des-fluides-v2","status":"inherit","uploaded_to":310,"date":"2020-10-23 13:19:35","modified":"2020-10-23 13:19:58","menu_order":0,"mime_type":"image\/png","type":"image","subtype":"png","icon":"https:\/\/nanoe.com\/wp-includes\/images\/media\/default.png","width":1536,"height":1532,"sizes":{"thumbnail":"https:\/\/nanoe.com\/wp-content\/uploads\/2020\/10\/gestion-des-fluides-v2-150x150.png","thumbnail-width":150,"thumbnail-height":150,"medium":"https:\/\/nanoe.com\/wp-content\/uploads\/2020\/10\/gestion-des-fluides-v2-300x300.png","medium-width":300,"medium-height":300,"medium_large":"https:\/\/nanoe.com\/wp-content\/uploads\/2020\/10\/gestion-des-fluides-v2-768x766.png","medium_large-width":768,"medium_large-height":766,"large":"https:\/\/nanoe.com\/wp-content\/uploads\/2020\/10\/gestion-des-fluides-v2-1024x1021.png","large-width":1024,"large-height":1021,"1536x1536":"https:\/\/nanoe.com\/wp-content\/uploads\/2020\/10\/gestion-des-fluides-v2.png","1536x1536-width":1536,"1536x1536-height":1532,"2048x2048":"https:\/\/nanoe.com\/wp-content\/uploads\/2020\/10\/gestion-des-fluides-v2.png","2048x2048-width":1536,"2048x2048-height":1532,"wide":"https:\/\/nanoe.com\/wp-content\/uploads\/2020\/10\/gestion-des-fluides-v2-1027x1024.png","wide-width":1027,"wide-height":1024,"hero":"https:\/\/nanoe.com\/wp-content\/uploads\/2020\/10\/gestion-des-fluides-v2-413x412.png","hero-width":413,"hero-height":412}},"image_right":true},{"acf_fc_layout":"products","title":"\u6211\u4eec\u7684\u4ea7\u54c1","products":[{"product":{"title":"\u6211\u4eec\u7684\u4ea7\u54c1","url":"\/zta-12\/","target":""}},{"product":{"title":"\u6c27\u5316\u9506\u589e\u97e7\u6c27\u5316\u94dd 25","url":"\/zta-25\/","target":""}},{"product":{"title":"\u6c27\u5316\u94dd","url":"\/alumine\/","target":""}}]}]},"yoast_head":"<!-- This site is optimized with the Yoast SEO plugin v16.3 - https:\/\/yoast.com\/wordpress\/plugins\/seo\/ -->\n<meta name=\"description\" content=\"Industries pharmaceutiques, cosm\u00e9tiques, agroalimentaires : les c\u00e9ramiques sont id\u00e9ales pour la production de corps de pompes, valves, senseurs, buses.\" \/>\n<meta name=\"robots\" content=\"index, follow, max-snippet:-1, max-image-preview:large, max-video-preview:-1\" \/>\n<link rel=\"canonical\" href=\"https:\/\/nanoe.com\/zh-hans\/gestion-des-fluides\/\" \/>\n<meta property=\"og:locale\" content=\"zh_CN\" \/>\n<meta property=\"og:type\" content=\"article\" \/>\n<meta property=\"og:title\" content=\"\u6d41\u4f53\u7ba1\u7406 : la c\u00e9ramique pour des objets durables &ndash; Nanoe\" \/>\n<meta property=\"og:description\" content=\"Industries pharmaceutiques, cosm\u00e9tiques, agroalimentaires : les c\u00e9ramiques sont id\u00e9ales pour la production de corps de pompes, valves, senseurs, buses.\" \/>\n<meta property=\"og:url\" content=\"https:\/\/nanoe.com\/zh-hans\/gestion-des-fluides\/\" \/>\n<meta property=\"og:site_name\" content=\"Nanoe\" \/>\n<meta property=\"article:modified_time\" content=\"2021-05-25T19:02:17+00:00\" \/>\n<meta name=\"twitter:card\" content=\"summary_large_image\" \/>\n<script type=\"application\/ld+json\" class=\"yoast-schema-graph\">{\"@context\":\"https:\/\/schema.org\",\"@graph\":[{\"@type\":\"Organization\",\"@id\":\"https:\/\/nanoe.com\/en\/#organization\",\"name\":\"Nanoe\",\"url\":\"https:\/\/nanoe.com\/en\/\",\"sameAs\":[],\"logo\":{\"@type\":\"ImageObject\",\"@id\":\"https:\/\/nanoe.com\/en\/#logo\",\"inLanguage\":\"zh-CN\",\"url\":\"https:\/\/nanoe.com\/wp-content\/uploads\/2020\/03\/logo.png\",\"contentUrl\":\"https:\/\/nanoe.com\/wp-content\/uploads\/2020\/03\/logo.png\",\"width\":618,\"height\":126,\"caption\":\"Nanoe\"},\"image\":{\"@id\":\"https:\/\/nanoe.com\/en\/#logo\"}},{\"@type\":\"WebSite\",\"@id\":\"https:\/\/nanoe.com\/en\/#website\",\"url\":\"https:\/\/nanoe.com\/en\/\",\"name\":\"Nanoe\",\"description\":\"Nanopoudres pour l&#039;industrie c\\u00e9ramique\",\"publisher\":{\"@id\":\"https:\/\/nanoe.com\/en\/#organization\"},\"potentialAction\":[{\"@type\":\"SearchAction\",\"target\":\"https:\/\/nanoe.com\/en\/?s={search_term_string}\",\"query-input\":\"required name=search_term_string\"}],\"inLanguage\":\"zh-CN\"},{\"@type\":\"WebPage\",\"@id\":\"https:\/\/nanoe.com\/zh-hans\/gestion-des-fluides\/#webpage\",\"url\":\"https:\/\/nanoe.com\/zh-hans\/gestion-des-fluides\/\",\"name\":\"\\u6d41\\u4f53\\u7ba1\\u7406 : la c\\u00e9ramique pour des objets durables &ndash; Nanoe\",\"isPartOf\":{\"@id\":\"https:\/\/nanoe.com\/en\/#website\"},\"datePublished\":\"2020-03-20T17:22:23+00:00\",\"dateModified\":\"2021-05-25T19:02:17+00:00\",\"description\":\"Industries pharmaceutiques, cosm\\u00e9tiques, agroalimentaires : les c\\u00e9ramiques sont id\\u00e9ales pour la production de corps de pompes, valves, senseurs, buses.\",\"breadcrumb\":{\"@id\":\"https:\/\/nanoe.com\/zh-hans\/gestion-des-fluides\/#breadcrumb\"},\"inLanguage\":\"zh-CN\",\"potentialAction\":[{\"@type\":\"ReadAction\",\"target\":[\"https:\/\/nanoe.com\/zh-hans\/gestion-des-fluides\/\"]}]},{\"@type\":\"BreadcrumbList\",\"@id\":\"https:\/\/nanoe.com\/zh-hans\/gestion-des-fluides\/#breadcrumb\",\"itemListElement\":[{\"@type\":\"ListItem\",\"position\":1,\"item\":{\"@type\":\"WebPage\",\"@id\":\"https:\/\/nanoe.com\/zh-hans\/\",\"url\":\"https:\/\/nanoe.com\/zh-hans\/\",\"name\":\"Home\"}},{\"@type\":\"ListItem\",\"position\":2,\"item\":{\"@id\":\"https:\/\/nanoe.com\/zh-hans\/gestion-des-fluides\/#webpage\"}}]}]}<\/script>\n<!-- \/ Yoast SEO plugin. -->","_links":{"self":[{"href":"https:\/\/nanoe.com\/zh-hans\/wp-json\/wp\/v2\/pages\/1193"}],"collection":[{"href":"https:\/\/nanoe.com\/zh-hans\/wp-json\/wp\/v2\/pages"}],"about":[{"href":"https:\/\/nanoe.com\/zh-hans\/wp-json\/wp\/v2\/types\/page"}],"author":[{"embeddable":true,"href":"https:\/\/nanoe.com\/zh-hans\/wp-json\/wp\/v2\/users\/3"}],"replies":[{"embeddable":true,"href":"https:\/\/nanoe.com\/zh-hans\/wp-json\/wp\/v2\/comments?post=1193"}],"version-history":[{"count":2,"href":"https:\/\/nanoe.com\/zh-hans\/wp-json\/wp\/v2\/pages\/1193\/revisions"}],"predecessor-version":[{"id":1389,"href":"https:\/\/nanoe.com\/zh-hans\/wp-json\/wp\/v2\/pages\/1193\/revisions\/1389"}],"wp:attachment":[{"href":"https:\/\/nanoe.com\/zh-hans\/wp-json\/wp\/v2\/media?parent=1193"}],"curies":[{"name":"wp","href":"https:\/\/api.w.org\/{rel}","templated":true}]}}