{"id":1195,"date":"2020-03-20T14:22:40","date_gmt":"2020-03-20T13:22:40","guid":{"rendered":"https:\/\/nanoe.com\/horlogerie-bijouterie\/"},"modified":"2021-05-26T08:13:13","modified_gmt":"2021-05-26T06:13:13","slug":"horlogerie-bijouterie","status":"publish","type":"page","link":"https:\/\/nanoe.com\/zh-hans\/horlogerie-bijouterie\/","title":{"rendered":"\u949f\u8868\u3001\u73e0\u5b9d\u548c\u5916\u89c2\u96f6\u4ef6"},"content":{"rendered":"","protected":false},"excerpt":{"rendered":"","protected":false},"author":3,"featured_media":0,"parent":0,"menu_order":0,"comment_status":"closed","ping_status":"closed","template":"","meta":[],"acf":{"components":[{"acf_fc_layout":"hero","hero_background":306,"hero_title":"\u949f\u8868\u3001\u73e0\u5b9d\u548c\u5916\u89c2\u96f6\u4ef6"},{"acf_fc_layout":"wysiwyg","wysiwyg":"<p>\u7531\u4e8e\u5de5\u4e1a\u9676\u74f7\u5177\u6709\u8010\u78e8\u6027\u3001\u4f4e\u6469\u64e6\u7cfb\u6570\u7684\u4f18\u70b9\uff0c\u56e0\u6b64\u5b83\u662f\u949f\u8868\u4e1a\uff0c\u5c24\u5176\u662f\u5236\u9020\u949f\u8868\u4ef6\u9f7f\u8f6e\u8f74\u627f\u7684\u7406\u60f3\u6750\u6599\u3002\u6b64\u5916\uff0c\u8be5\u6750\u6599\u5149\u6ed1\u7684\u8868\u9762\u548c\u51fa\u4f17\u7684\u8010\u78e8\u635f\u7279\u6027\u4e5f\u4f7f\u5b83\u6210\u4e3a\u73e0\u5b9d\u4e1a\u548c\u5916\u89c2\u96f6\u4ef6\u7684\u4f18\u9009\u6750\u6599\u3002<\/p>\n","display_one":false,"colonne":"10"},{"acf_fc_layout":"content","title":"\u5916\u89c2\u8d85\u7fa4\u6027\u80fd\u53ef\u9760\u7684\u9676\u74f7\u6750\u6599","text":"<p>Nanoe\u63a8\u51fa\u6709\u8272\u6c27\u5316\u9506\u548c\u542b\u94ec\u6c27\u5316\u94dd\u6750\u6599\uff08\u4e5f\u88ab\u79f0\u4e3a\u591a\u6676\u7ea2\u5b9d\u77f3\uff09\uff0c\u4ee5\u6ee1\u8db3\u5962\u4f88\u54c1\u884c\u4e1a\u7684\u9700\u6c42\u3002\u6211\u4eec\u7684\u7c89\u672b\u975e\u5e38\u7ec6\u817b\uff0c\u786e\u4fdd\u6700\u4f73\u673a\u68b0\u7279\u6027\u548c\u6781\u81f4\u5916\u89c2\u3002<\/p>\n","link_one":"","link_two":"","background":{"ID":122,"id":122,"title":"microscope","filename":"microscope.png","filesize":1397617,"url":"https:\/\/nanoe.com\/wp-content\/uploads\/2020\/03\/microscope.png","link":"https:\/\/nanoe.com\/zh-hans\/support-technique\/microscope\/","alt":"","author":"1","description":"","caption":"","name":"microscope","status":"inherit","uploaded_to":120,"date":"2020-03-10 17:36:04","modified":"2020-03-10 17:36:04","menu_order":0,"mime_type":"image\/png","type":"image","subtype":"png","icon":"https:\/\/nanoe.com\/wp-includes\/images\/media\/default.png","width":1920,"height":640,"sizes":{"thumbnail":"https:\/\/nanoe.com\/wp-content\/uploads\/2020\/03\/microscope-150x150.png","thumbnail-width":150,"thumbnail-height":150,"medium":"https:\/\/nanoe.com\/wp-content\/uploads\/2020\/03\/microscope-300x100.png","medium-width":300,"medium-height":100,"medium_large":"https:\/\/nanoe.com\/wp-content\/uploads\/2020\/03\/microscope-768x256.png","medium_large-width":768,"medium_large-height":256,"large":"https:\/\/nanoe.com\/wp-content\/uploads\/2020\/03\/microscope-1024x341.png","large-width":1024,"large-height":341,"1536x1536":"https:\/\/nanoe.com\/wp-content\/uploads\/2020\/03\/microscope-1536x512.png","1536x1536-width":1536,"1536x1536-height":512,"2048x2048":"https:\/\/nanoe.com\/wp-content\/uploads\/2020\/03\/microscope.png","2048x2048-width":1920,"2048x2048-height":640,"wide":"https:\/\/nanoe.com\/wp-content\/uploads\/2020\/03\/microscope.png","wide-width":1920,"wide-height":640,"hero":"https:\/\/nanoe.com\/wp-content\/uploads\/2020\/03\/microscope-1236x412.png","hero-width":1236,"hero-height":412}}},{"acf_fc_layout":"text_image","title":"\u624b\u8868\u8f74\u627f","text":"<p>\u6211\u4eec\u7684\u591a\u6676\u7ea2\u5b9d\u77f3\u662f\u949f\u8868\u9576\u5d4c\u7684\u4f18\u9009\u6750\u6599\u3002\u6211\u4eec\u7684\u7c89\u672b\u975e\u5e38\u7ec6\u817b\uff0c\u6469\u64e6\u7cfb\u6570\u8f83\u4f4e\uff0c\u53ef\u7528\u4e8e\u5236\u4f5c\u91cd\u8d28\u8f74\u627f\u3002\u56e0\u6b64\uff0c\u8be5\u6750\u6599\u80fd\u591f\u4f7f\u6307\u9488\u79fb\u52a8\u66f4\u52a0\u987a\u7545\uff0c\u4ece\u800c\u51cf\u5c11\u673a\u68b0\u7684\u80fd\u8017\uff0c\u4fdd\u6301\u957f\u65f6\u95f4\u7eed\u822a\u3002<\/p>\n","image":{"ID":510,"id":510,"title":"paliers de frottements","filename":"paliers-de-frottements.jpg","filesize":272023,"url":"https:\/\/nanoe.com\/wp-content\/uploads\/2020\/04\/paliers-de-frottements.jpg","link":"https:\/\/nanoe.com\/zh-hans\/horlogerie-bijouterie\/paliers-de-frottements-2\/","alt":"","author":"1","description":"","caption":"","name":"paliers-de-frottements-2","status":"inherit","uploaded_to":304,"date":"2020-04-01 13:10:44","modified":"2020-04-01 13:10:44","menu_order":0,"mime_type":"image\/jpeg","type":"image","subtype":"jpeg","icon":"https:\/\/nanoe.com\/wp-includes\/images\/media\/default.png","width":1037,"height":691,"sizes":{"thumbnail":"https:\/\/nanoe.com\/wp-content\/uploads\/2020\/04\/paliers-de-frottements-150x150.jpg","thumbnail-width":150,"thumbnail-height":150,"medium":"https:\/\/nanoe.com\/wp-content\/uploads\/2020\/04\/paliers-de-frottements-300x200.jpg","medium-width":300,"medium-height":200,"medium_large":"https:\/\/nanoe.com\/wp-content\/uploads\/2020\/04\/paliers-de-frottements-768x512.jpg","medium_large-width":768,"medium_large-height":512,"large":"https:\/\/nanoe.com\/wp-content\/uploads\/2020\/04\/paliers-de-frottements-1024x682.jpg","large-width":1024,"large-height":682,"1536x1536":"https:\/\/nanoe.com\/wp-content\/uploads\/2020\/04\/paliers-de-frottements.jpg","1536x1536-width":1037,"1536x1536-height":691,"2048x2048":"https:\/\/nanoe.com\/wp-content\/uploads\/2020\/04\/paliers-de-frottements.jpg","2048x2048-width":1037,"2048x2048-height":691,"wide":"https:\/\/nanoe.com\/wp-content\/uploads\/2020\/04\/paliers-de-frottements.jpg","wide-width":1037,"wide-height":691,"hero":"https:\/\/nanoe.com\/wp-content\/uploads\/2020\/04\/paliers-de-frottements-618x412.jpg","hero-width":618,"hero-height":412}},"link":"","image_right":false,"couleur":"black"},{"acf_fc_layout":"text_image","title":"\u5916\u89c2\u96f6\u4ef6","text":"<p>\u9676\u74f7\u6750\u6599\u53ef\u63d0\u4f9b\u5927\u80c6\u4e30\u5bcc\u7684\u914d\u8272\uff0c\u662f\u66ff\u4ee3\u91d1\u5c5e\u7684\u4e0a\u4e58\u4e4b\u9009\u3002\u9274\u4e8e\u91d1\u94f6\u7b49\u8d35\u91d1\u5c5e\u6240\u4f7f\u7528\u7684\u914d\u8272\u6bd4\u8f83\u5c40\u9650\uff0c\u800c\u4e14\u5bb9\u6613\u88ab\u522e\u635f\u7559\u75d5\uff0c\u53e6\u4e00\u65b9\u9762\uff0c\u9676\u74f7\u6750\u6599\u5728\u5f62\u6001\u548c\u989c\u8272\u4e0a\u90fd\u6709\u66f4\u5927\u7684\u81ea\u7531\u5ea6\uff0c\u540c\u65f6\u4e5f\u5177\u6709\u8d35\u91cd\u91d1\u5c5e\u7684\u9ad8\u8d35\u5916\u89c2\u548c\u7a00\u6709\u5b9d\u77f3\u7684\u575a\u786c\u5ea6\u3002\u6b64\u5916\uff0c\u901a\u8fc7\u8868\u9762\u5904\u7406\u53ef\u83b7\u5f97\u4e0d\u540c\u7684\u8d28\u5730\uff1a\u4e9a\u5149\u3001\u62c9\u7ed2\u3001\u6c99\u783e\u6216\u5149\u9762\u3002\u6211\u4eec\u4ea7\u54c1\u53ef\u7528\u4e8e\u5236\u9020\u591a\u79cd\u5916\u89c2\u96f6\u4ef6\uff0c\u6bd4\u5982\u773c\u955c\u3001\u6309\u94ae\uff0c\u4ee5\u53ca\u73e0\u5b9d\u914d\u9970\u7b49\u3002<\/p>\n","image":{"ID":511,"id":511,"title":"pi\u00e8ces industrie luxe","filename":"pi\u00e8ces-industrie-luxe.jpg","filesize":277514,"url":"https:\/\/nanoe.com\/wp-content\/uploads\/2020\/04\/pi\u00e8ces-industrie-luxe.jpg","link":"https:\/\/nanoe.com\/zh-hans\/horlogerie-bijouterie\/pieces-industrie-luxe-2\/","alt":"","author":"1","description":"","caption":"","name":"pieces-industrie-luxe-2","status":"inherit","uploaded_to":304,"date":"2020-04-01 13:10:45","modified":"2020-04-01 13:10:45","menu_order":0,"mime_type":"image\/jpeg","type":"image","subtype":"jpeg","icon":"https:\/\/nanoe.com\/wp-includes\/images\/media\/default.png","width":1037,"height":691,"sizes":{"thumbnail":"https:\/\/nanoe.com\/wp-content\/uploads\/2020\/04\/pi\u00e8ces-industrie-luxe-150x150.jpg","thumbnail-width":150,"thumbnail-height":150,"medium":"https:\/\/nanoe.com\/wp-content\/uploads\/2020\/04\/pi\u00e8ces-industrie-luxe-300x200.jpg","medium-width":300,"medium-height":200,"medium_large":"https:\/\/nanoe.com\/wp-content\/uploads\/2020\/04\/pi\u00e8ces-industrie-luxe-768x512.jpg","medium_large-width":768,"medium_large-height":512,"large":"https:\/\/nanoe.com\/wp-content\/uploads\/2020\/04\/pi\u00e8ces-industrie-luxe-1024x682.jpg","large-width":1024,"large-height":682,"1536x1536":"https:\/\/nanoe.com\/wp-content\/uploads\/2020\/04\/pi\u00e8ces-industrie-luxe.jpg","1536x1536-width":1037,"1536x1536-height":691,"2048x2048":"https:\/\/nanoe.com\/wp-content\/uploads\/2020\/04\/pi\u00e8ces-industrie-luxe.jpg","2048x2048-width":1037,"2048x2048-height":691,"wide":"https:\/\/nanoe.com\/wp-content\/uploads\/2020\/04\/pi\u00e8ces-industrie-luxe.jpg","wide-width":1037,"wide-height":691,"hero":"https:\/\/nanoe.com\/wp-content\/uploads\/2020\/04\/pi\u00e8ces-industrie-luxe-618x412.jpg","hero-width":618,"hero-height":412}},"link":"","image_right":true,"couleur":"black"},{"acf_fc_layout":"products","title":"\u6211\u4eec\u7684\u4ea7\u54c1","products":[{"product":{"title":"\u591a\u6676\u7ea2\u5b9d\u77f3","url":"\/rubis-polycristallin\/","target":""}},{"product":{"title":"\u6709\u8272\u6c27\u5316\u9506","url":"\/zircone-atz-colorees\/","target":""}}]}]},"yoast_head":"<!-- This site is optimized with the Yoast SEO plugin v16.3 - https:\/\/yoast.com\/wordpress\/plugins\/seo\/ -->\n<meta name=\"description\" content=\"Nos poudres tr\u00e8s fines assurent des propri\u00e9t\u00e9s m\u00e9caniques optimales et un tr\u00e8s bel aspect. Palier de montre et pi\u00e8ces d&#039;aspect color\u00e9es.\" \/>\n<meta name=\"robots\" content=\"index, follow, max-snippet:-1, max-image-preview:large, max-video-preview:-1\" \/>\n<link rel=\"canonical\" href=\"https:\/\/nanoe.com\/zh-hans\/horlogerie-bijouterie\/\" \/>\n<meta property=\"og:locale\" content=\"zh_CN\" \/>\n<meta property=\"og:type\" content=\"article\" \/>\n<meta property=\"og:title\" content=\"\u949f\u8868\u3001\u73e0\u5b9d\u548c\u5916\u89c2\u96f6\u4ef6 : c\u00e9ramiques techniques &ndash; Nanoe\" \/>\n<meta property=\"og:description\" content=\"Nos poudres tr\u00e8s fines assurent des propri\u00e9t\u00e9s m\u00e9caniques optimales et un tr\u00e8s bel aspect. Palier de montre et pi\u00e8ces d&#039;aspect color\u00e9es.\" \/>\n<meta property=\"og:url\" content=\"https:\/\/nanoe.com\/zh-hans\/horlogerie-bijouterie\/\" \/>\n<meta property=\"og:site_name\" content=\"Nanoe\" \/>\n<meta property=\"article:modified_time\" content=\"2021-05-26T06:13:13+00:00\" \/>\n<meta name=\"twitter:card\" content=\"summary_large_image\" \/>\n<script type=\"application\/ld+json\" class=\"yoast-schema-graph\">{\"@context\":\"https:\/\/schema.org\",\"@graph\":[{\"@type\":\"Organization\",\"@id\":\"https:\/\/nanoe.com\/en\/#organization\",\"name\":\"Nanoe\",\"url\":\"https:\/\/nanoe.com\/en\/\",\"sameAs\":[],\"logo\":{\"@type\":\"ImageObject\",\"@id\":\"https:\/\/nanoe.com\/en\/#logo\",\"inLanguage\":\"zh-CN\",\"url\":\"https:\/\/nanoe.com\/wp-content\/uploads\/2020\/03\/logo.png\",\"contentUrl\":\"https:\/\/nanoe.com\/wp-content\/uploads\/2020\/03\/logo.png\",\"width\":618,\"height\":126,\"caption\":\"Nanoe\"},\"image\":{\"@id\":\"https:\/\/nanoe.com\/en\/#logo\"}},{\"@type\":\"WebSite\",\"@id\":\"https:\/\/nanoe.com\/en\/#website\",\"url\":\"https:\/\/nanoe.com\/en\/\",\"name\":\"Nanoe\",\"description\":\"Nanopoudres pour l&#039;industrie c\\u00e9ramique\",\"publisher\":{\"@id\":\"https:\/\/nanoe.com\/en\/#organization\"},\"potentialAction\":[{\"@type\":\"SearchAction\",\"target\":\"https:\/\/nanoe.com\/en\/?s={search_term_string}\",\"query-input\":\"required name=search_term_string\"}],\"inLanguage\":\"zh-CN\"},{\"@type\":\"WebPage\",\"@id\":\"https:\/\/nanoe.com\/zh-hans\/horlogerie-bijouterie\/#webpage\",\"url\":\"https:\/\/nanoe.com\/zh-hans\/horlogerie-bijouterie\/\",\"name\":\"\\u949f\\u8868\\u3001\\u73e0\\u5b9d\\u548c\\u5916\\u89c2\\u96f6\\u4ef6 : c\\u00e9ramiques techniques &ndash; Nanoe\",\"isPartOf\":{\"@id\":\"https:\/\/nanoe.com\/en\/#website\"},\"datePublished\":\"2020-03-20T13:22:40+00:00\",\"dateModified\":\"2021-05-26T06:13:13+00:00\",\"description\":\"Nos poudres tr\\u00e8s fines assurent des propri\\u00e9t\\u00e9s m\\u00e9caniques optimales et un tr\\u00e8s bel aspect. Palier de montre et pi\\u00e8ces d'aspect color\\u00e9es.\",\"breadcrumb\":{\"@id\":\"https:\/\/nanoe.com\/zh-hans\/horlogerie-bijouterie\/#breadcrumb\"},\"inLanguage\":\"zh-CN\",\"potentialAction\":[{\"@type\":\"ReadAction\",\"target\":[\"https:\/\/nanoe.com\/zh-hans\/horlogerie-bijouterie\/\"]}]},{\"@type\":\"BreadcrumbList\",\"@id\":\"https:\/\/nanoe.com\/zh-hans\/horlogerie-bijouterie\/#breadcrumb\",\"itemListElement\":[{\"@type\":\"ListItem\",\"position\":1,\"item\":{\"@type\":\"WebPage\",\"@id\":\"https:\/\/nanoe.com\/zh-hans\/\",\"url\":\"https:\/\/nanoe.com\/zh-hans\/\",\"name\":\"Home\"}},{\"@type\":\"ListItem\",\"position\":2,\"item\":{\"@id\":\"https:\/\/nanoe.com\/zh-hans\/horlogerie-bijouterie\/#webpage\"}}]}]}<\/script>\n<!-- \/ Yoast SEO plugin. -->","_links":{"self":[{"href":"https:\/\/nanoe.com\/zh-hans\/wp-json\/wp\/v2\/pages\/1195"}],"collection":[{"href":"https:\/\/nanoe.com\/zh-hans\/wp-json\/wp\/v2\/pages"}],"about":[{"href":"https:\/\/nanoe.com\/zh-hans\/wp-json\/wp\/v2\/types\/page"}],"author":[{"embeddable":true,"href":"https:\/\/nanoe.com\/zh-hans\/wp-json\/wp\/v2\/users\/3"}],"replies":[{"embeddable":true,"href":"https:\/\/nanoe.com\/zh-hans\/wp-json\/wp\/v2\/comments?post=1195"}],"version-history":[{"count":2,"href":"https:\/\/nanoe.com\/zh-hans\/wp-json\/wp\/v2\/pages\/1195\/revisions"}],"predecessor-version":[{"id":1396,"href":"https:\/\/nanoe.com\/zh-hans\/wp-json\/wp\/v2\/pages\/1195\/revisions\/1396"}],"wp:attachment":[{"href":"https:\/\/nanoe.com\/zh-hans\/wp-json\/wp\/v2\/media?parent=1195"}],"curies":[{"name":"wp","href":"https:\/\/api.w.org\/{rel}","templated":true}]}}