{"id":1202,"date":"2020-03-03T10:34:16","date_gmt":"2020-03-03T09:34:16","guid":{"rendered":"https:\/\/nanoe.com\/procede-de-fabrication\/"},"modified":"2021-05-26T08:47:46","modified_gmt":"2021-05-26T06:47:46","slug":"procede-de-fabrication","status":"publish","type":"page","link":"https:\/\/nanoe.com\/zh-hans\/procede-de-fabrication\/","title":{"rendered":"\u5236\u9020\u6d41\u7a0b"},"content":{"rendered":"","protected":false},"excerpt":{"rendered":"","protected":false},"author":3,"featured_media":0,"parent":0,"menu_order":0,"comment_status":"closed","ping_status":"closed","template":"","meta":[],"acf":{"components":[{"acf_fc_layout":"hero","hero_background":282,"hero_title":"\u5236\u9020\u6d41\u7a0b"},{"acf_fc_layout":"wysiwyg","wysiwyg":"<p>\u6211\u4eec\u51ed\u501f10\u5e74\u4e30\u5bcc\u7ecf\u9a8c\u5206\u6790\u6539\u5584\u5236\u9020\u6d41\u7a0b\uff0c\u4e3a\u5ba2\u6237\u63d0\u4f9b\u9ad8\u7eaf\u5ea6\u7c89\u672b\uff0c\u4f7f\u5f97\u9676\u74f7\u5de5\u4ef6\u62e5\u6709\u66f4\u8f7b\u5de7\u7684\u663e\u5fae\u7ed3\u6784\uff0c\u786e\u4fdd\u6df7\u5408\u9676\u74f7\u6750\u6599\u7684\u826f\u597d\u5747\u8d28\u6027\u3002\u4e3a\u786e\u4fdd\u7c89\u672b\u8d28\u91cf\uff0c\u6211\u4eec\u5728\u5236\u9020\u6d41\u7a0b\u4e2d\u5b9e\u65bd\u591a\u6b21\u8d28\u91cf\u63a7\u5236\u3002<\/p>\n","display_one":false,"colonne":"10"},{"acf_fc_layout":"timeline","timeline":[{"timeline_title":"\u6b65\u9aa41\uff1a\u5316\u5b66\u5408\u6210","description":"<p>Nanoe\u901a\u8fc7\u5316\u5b66\u5408\u6210\u7684\u65b9\u5f0f\u5236\u4f5c\u539f\u6750\u6599\u3002\u8d28\u91cf\u63a7\u5236\u59cb\u4e8e\u6d41\u7a0b\u7684\u5f00\u7aef\uff0c\u68c0\u67e5\u6750\u6599\u7eaf\u5ea6\u3002<\/p>\n","image":{"ID":203,"id":203,"title":"Synth\u00e8se chimique","filename":"Synth\u00e8se-chimique-scaled.jpg","filesize":189485,"url":"https:\/\/nanoe.com\/wp-content\/uploads\/2020\/03\/Synth\u00e8se-chimique-scaled.jpg","link":"https:\/\/nanoe.com\/zh-hans\/procede-de-fabrication\/synthese-chimique\/","alt":"","author":"1","description":"","caption":"widescreen picture, scientist in blue lab suit and gas mask working with control panel, look at steel tank, check readings","name":"synthese-chimique","status":"inherit","uploaded_to":99,"date":"2020-03-12 16:41:41","modified":"2020-03-12 16:41:41","menu_order":0,"mime_type":"image\/jpeg","type":"image","subtype":"jpeg","icon":"https:\/\/nanoe.com\/wp-includes\/images\/media\/default.png","width":2560,"height":731,"sizes":{"thumbnail":"https:\/\/nanoe.com\/wp-content\/uploads\/2020\/03\/Synth\u00e8se-chimique-150x150.jpg","thumbnail-width":150,"thumbnail-height":150,"medium":"https:\/\/nanoe.com\/wp-content\/uploads\/2020\/03\/Synth\u00e8se-chimique-300x86.jpg","medium-width":300,"medium-height":86,"medium_large":"https:\/\/nanoe.com\/wp-content\/uploads\/2020\/03\/Synth\u00e8se-chimique-768x219.jpg","medium_large-width":768,"medium_large-height":219,"large":"https:\/\/nanoe.com\/wp-content\/uploads\/2020\/03\/Synth\u00e8se-chimique-1024x292.jpg","large-width":1024,"large-height":292,"1536x1536":"https:\/\/nanoe.com\/wp-content\/uploads\/2020\/03\/Synth\u00e8se-chimique-1536x438.jpg","1536x1536-width":1536,"1536x1536-height":438,"2048x2048":"https:\/\/nanoe.com\/wp-content\/uploads\/2020\/03\/Synth\u00e8se-chimique-2048x585.jpg","2048x2048-width":2048,"2048x2048-height":585,"wide":"https:\/\/nanoe.com\/wp-content\/uploads\/2020\/03\/Synth\u00e8se-chimique-1920x548.jpg","wide-width":1920,"wide-height":548,"hero":"https:\/\/nanoe.com\/wp-content\/uploads\/2020\/03\/Synth\u00e8se-chimique-1444x412.jpg","hero-width":1444,"hero-height":412}}},{"timeline_title":"\u6b65\u9aa42\uff1a\u7145\u70e7","description":"<p>\u5728\u6b64\u6b65\u9aa4\u4e2d\uff0cNanoe\u5bf9\u5408\u6210\u7c89\u672b\u8fdb\u884c\u70ed\u5904\u7406\u4ee5\u83b7\u5f97\u6c27\u5316\u7269\u3002<\/p>\n","image":{"ID":283,"id":283,"title":"proc\u00e9d\u00e9 de fabriquation calcination","filename":"proc\u00e9d\u00e9-de-fabriquation-calcination--scaled.jpg","filesize":401966,"url":"https:\/\/nanoe.com\/wp-content\/uploads\/2020\/03\/proc\u00e9d\u00e9-de-fabriquation-calcination--scaled.jpg","link":"https:\/\/nanoe.com\/zh-hans\/procede-de-fabrication\/procede-de-fabriquation-calcination\/","alt":"","author":"1","description":"","caption":"","name":"procede-de-fabriquation-calcination","status":"inherit","uploaded_to":99,"date":"2020-03-20 12:37:38","modified":"2020-03-20 12:37:38","menu_order":0,"mime_type":"image\/jpeg","type":"image","subtype":"jpeg","icon":"https:\/\/nanoe.com\/wp-includes\/images\/media\/default.png","width":2560,"height":1920,"sizes":{"thumbnail":"https:\/\/nanoe.com\/wp-content\/uploads\/2020\/03\/proc\u00e9d\u00e9-de-fabriquation-calcination--150x150.jpg","thumbnail-width":150,"thumbnail-height":150,"medium":"https:\/\/nanoe.com\/wp-content\/uploads\/2020\/03\/proc\u00e9d\u00e9-de-fabriquation-calcination--300x225.jpg","medium-width":300,"medium-height":225,"medium_large":"https:\/\/nanoe.com\/wp-content\/uploads\/2020\/03\/proc\u00e9d\u00e9-de-fabriquation-calcination--768x576.jpg","medium_large-width":768,"medium_large-height":576,"large":"https:\/\/nanoe.com\/wp-content\/uploads\/2020\/03\/proc\u00e9d\u00e9-de-fabriquation-calcination--1024x768.jpg","large-width":1024,"large-height":768,"1536x1536":"https:\/\/nanoe.com\/wp-content\/uploads\/2020\/03\/proc\u00e9d\u00e9-de-fabriquation-calcination--1536x1152.jpg","1536x1536-width":1536,"1536x1536-height":1152,"2048x2048":"https:\/\/nanoe.com\/wp-content\/uploads\/2020\/03\/proc\u00e9d\u00e9-de-fabriquation-calcination--2048x1536.jpg","2048x2048-width":2048,"2048x2048-height":1536,"wide":"https:\/\/nanoe.com\/wp-content\/uploads\/2020\/03\/proc\u00e9d\u00e9-de-fabriquation-calcination--1365x1024.jpg","wide-width":1365,"wide-height":1024,"hero":"https:\/\/nanoe.com\/wp-content\/uploads\/2020\/03\/proc\u00e9d\u00e9-de-fabriquation-calcination--549x412.jpg","hero-width":549,"hero-height":412}}},{"timeline_title":"\u6b65\u9aa43\uff1a\u60ac\u6d6e\u548c\u677e\u56e2","description":"<p>\u7c89\u672b\u7ecf\u8fc7\u60ac\u6d6e\u548c\u677e\u56e2\u5904\u7406\uff0c\u786e\u4fdd\u6750\u6599\u7684\u5747\u8d28\u6027\u3002<\/p>\n","image":{"ID":284,"id":284,"title":"mixing of dry building mixes with mixers","filename":"Mise-en-suspension-et-desagglomeration.jpg","filesize":481187,"url":"https:\/\/nanoe.com\/wp-content\/uploads\/2020\/03\/Mise-en-suspension-et-desagglomeration.jpg","link":"https:\/\/nanoe.com\/zh-hans\/procede-de-fabrication\/mixing-of-dry-building-mixes-with-mixers\/","alt":"","author":"1","description":"","caption":"S","name":"mixing-of-dry-building-mixes-with-mixers","status":"inherit","uploaded_to":99,"date":"2020-03-20 12:39:47","modified":"2020-03-20 12:39:47","menu_order":0,"mime_type":"image\/jpeg","type":"image","subtype":"jpeg","icon":"https:\/\/nanoe.com\/wp-includes\/images\/media\/default.png","width":1037,"height":691,"sizes":{"thumbnail":"https:\/\/nanoe.com\/wp-content\/uploads\/2020\/03\/Mise-en-suspension-et-desagglomeration-150x150.jpg","thumbnail-width":150,"thumbnail-height":150,"medium":"https:\/\/nanoe.com\/wp-content\/uploads\/2020\/03\/Mise-en-suspension-et-desagglomeration-300x200.jpg","medium-width":300,"medium-height":200,"medium_large":"https:\/\/nanoe.com\/wp-content\/uploads\/2020\/03\/Mise-en-suspension-et-desagglomeration-768x512.jpg","medium_large-width":768,"medium_large-height":512,"large":"https:\/\/nanoe.com\/wp-content\/uploads\/2020\/03\/Mise-en-suspension-et-desagglomeration-1024x682.jpg","large-width":1024,"large-height":682,"1536x1536":"https:\/\/nanoe.com\/wp-content\/uploads\/2020\/03\/Mise-en-suspension-et-desagglomeration.jpg","1536x1536-width":1037,"1536x1536-height":691,"2048x2048":"https:\/\/nanoe.com\/wp-content\/uploads\/2020\/03\/Mise-en-suspension-et-desagglomeration.jpg","2048x2048-width":1037,"2048x2048-height":691,"wide":"https:\/\/nanoe.com\/wp-content\/uploads\/2020\/03\/Mise-en-suspension-et-desagglomeration.jpg","wide-width":1037,"wide-height":691,"hero":"https:\/\/nanoe.com\/wp-content\/uploads\/2020\/03\/Mise-en-suspension-et-desagglomeration-618x412.jpg","hero-width":618,"hero-height":412}}},{"timeline_title":"\u6b65\u9aa44\uff1a\u96fe\u5316\u5e72\u71e5","description":"<p>\u6211\u4eec\u4f7f\u7528\u96fe\u5316\u88c5\u7f6e\u70d8\u5e72\u7c89\u672b\uff0c\u5373\u53ef\u83b7\u5f97\u7403\u72b6\u9897\u7c92\uff0c\u5927\u5c0f\u6536\u7d27\u5448\u6269\u6563\u72b6\u6001\uff0c\u4ee5\u786e\u4fdd\u7c89\u672b\u826f\u597d\u7684\u6d41\u52a8\u6027\u3002\u5728\u6b64\u6b65\u9aa4\u4e2d\uff0c\u6211\u4eec\u5c06\u8fdb\u884c\u4ee5\u4e0b\u6d4b\u8bd5\uff1a<\/p>\n<p>&#8211; \u6d4b\u91cf\u7c89\u672b\u6bd4\u8868\u9762\uff0c\u786e\u4fdd\u5176\u5728\u70e7\u7ed3\u8fc7\u7a0b\u4e2d\u4ea7\u751f\u6d3b\u6027<\/p>\n<p>&#8211; \u4f7f\u7528\u970d\u5c14\u5f02\u5f84\u7ba1\u6d4b\u91cf\u6e7f\u5ea6\u6bd4\u4f8b\u3001\u6d41\u52a8\u6027\u6bd4\u4f8b\u3001\u81ea\u7531\u5bc6\u5ea6\u6bd4\u4f8b<\/p>\n<p>&#8211; \u5728\u5149\u5b66\u663e\u5fae\u955c\u4e0b\u89c2\u5bdf<\/p>\n","image":{"ID":205,"id":205,"title":"close up of spary water on black background","filename":"Atomisation-s\u00e9chage.jpg","filesize":881208,"url":"https:\/\/nanoe.com\/wp-content\/uploads\/2020\/03\/Atomisation-s\u00e9chage.jpg","link":"https:\/\/nanoe.com\/zh-hans\/procede-de-fabrication\/close-up-of-spary-water-on-black-background\/","alt":"","author":"1","description":"","caption":"close up of spary water on black background","name":"close-up-of-spary-water-on-black-background","status":"inherit","uploaded_to":99,"date":"2020-03-12 16:41:57","modified":"2020-03-12 16:41:57","menu_order":0,"mime_type":"image\/jpeg","type":"image","subtype":"jpeg","icon":"https:\/\/nanoe.com\/wp-includes\/images\/media\/default.png","width":1230,"height":922,"sizes":{"thumbnail":"https:\/\/nanoe.com\/wp-content\/uploads\/2020\/03\/Atomisation-s\u00e9chage-150x150.jpg","thumbnail-width":150,"thumbnail-height":150,"medium":"https:\/\/nanoe.com\/wp-content\/uploads\/2020\/03\/Atomisation-s\u00e9chage-300x225.jpg","medium-width":300,"medium-height":225,"medium_large":"https:\/\/nanoe.com\/wp-content\/uploads\/2020\/03\/Atomisation-s\u00e9chage-768x576.jpg","medium_large-width":768,"medium_large-height":576,"large":"https:\/\/nanoe.com\/wp-content\/uploads\/2020\/03\/Atomisation-s\u00e9chage-1024x768.jpg","large-width":1024,"large-height":768,"1536x1536":"https:\/\/nanoe.com\/wp-content\/uploads\/2020\/03\/Atomisation-s\u00e9chage.jpg","1536x1536-width":1230,"1536x1536-height":922,"2048x2048":"https:\/\/nanoe.com\/wp-content\/uploads\/2020\/03\/Atomisation-s\u00e9chage.jpg","2048x2048-width":1230,"2048x2048-height":922,"wide":"https:\/\/nanoe.com\/wp-content\/uploads\/2020\/03\/Atomisation-s\u00e9chage.jpg","wide-width":1230,"wide-height":922,"hero":"https:\/\/nanoe.com\/wp-content\/uploads\/2020\/03\/Atomisation-s\u00e9chage-550x412.jpg","hero-width":550,"hero-height":412}}},{"timeline_title":"\u6b65\u9aa45\uff1a\u6839\u636e\u60a8\u7684\u751f\u4ea7\u6d41\u7a0b\u8c03\u6574\u7c89\u672b","description":"<p>\u4e3a\u4e86\u786e\u4fdd\u60a8\u53ef\u4ee5\u76f4\u63a5\u4f7f\u7528\u6211\u4eec\u7684\u7c89\u672b\u4ea7\u54c1\uff0c\u514d\u53bb\u5185\u90e8\u6210\u578b\u52a0\u5de5\u6b65\u9aa4\uff0cNanoe\u5c06\u6839\u636e\u60a8\u7684\u751f\u4ea7\u6d41\u7a0b\u5c06\u7c89\u672b\u8c03\u6574\u6210\u6240\u9700\u7684\u5f62\u72b6\u3002\u6211\u4eec\u8fd8\u80fd\u63d0\u4f9b\u5404\u79cd\u5f62\u6001\u7684\u6750\u6599\uff0c\u5305\u62ec\u53ef\u76f4\u63a5\u6324\u538b\u9897\u7c92\u3001\u53ef\u518d\u5206\u6563\u7c89\u672b\u3001\u6216\u7528\u4e8e\u9676\u74f7\u6ce8\u5c04\u6210\u5f62\u7684\u7ed9\u6599\u3002<\/p>\n","image":{"ID":204,"id":204,"title":"White plastic pellets remelt and extrusion by recycle remelt plastic machine","filename":"Ajustement-des-poudres-\u00e0-votre-proc\u00e9d\u00e9.jpg","filesize":601842,"url":"https:\/\/nanoe.com\/wp-content\/uploads\/2020\/03\/Ajustement-des-poudres-\u00e0-votre-proc\u00e9d\u00e9.jpg","link":"https:\/\/nanoe.com\/zh-hans\/procede-de-fabrication\/white-plastic-pellets-remelt-and-extrusion-by-recycle-remelt-plastic-machine\/","alt":"","author":"1","description":"","caption":"White plastic pellets remelt and extrusion by recycle remelt plastic machine","name":"white-plastic-pellets-remelt-and-extrusion-by-recycle-remelt-plastic-machine","status":"inherit","uploaded_to":99,"date":"2020-03-12 16:41:57","modified":"2020-03-12 16:41:57","menu_order":0,"mime_type":"image\/jpeg","type":"image","subtype":"jpeg","icon":"https:\/\/nanoe.com\/wp-includes\/images\/media\/default.png","width":922,"height":691,"sizes":{"thumbnail":"https:\/\/nanoe.com\/wp-content\/uploads\/2020\/03\/Ajustement-des-poudres-\u00e0-votre-proc\u00e9d\u00e9-150x150.jpg","thumbnail-width":150,"thumbnail-height":150,"medium":"https:\/\/nanoe.com\/wp-content\/uploads\/2020\/03\/Ajustement-des-poudres-\u00e0-votre-proc\u00e9d\u00e9-300x225.jpg","medium-width":300,"medium-height":225,"medium_large":"https:\/\/nanoe.com\/wp-content\/uploads\/2020\/03\/Ajustement-des-poudres-\u00e0-votre-proc\u00e9d\u00e9-768x576.jpg","medium_large-width":768,"medium_large-height":576,"large":"https:\/\/nanoe.com\/wp-content\/uploads\/2020\/03\/Ajustement-des-poudres-\u00e0-votre-proc\u00e9d\u00e9.jpg","large-width":922,"large-height":691,"1536x1536":"https:\/\/nanoe.com\/wp-content\/uploads\/2020\/03\/Ajustement-des-poudres-\u00e0-votre-proc\u00e9d\u00e9.jpg","1536x1536-width":922,"1536x1536-height":691,"2048x2048":"https:\/\/nanoe.com\/wp-content\/uploads\/2020\/03\/Ajustement-des-poudres-\u00e0-votre-proc\u00e9d\u00e9.jpg","2048x2048-width":922,"2048x2048-height":691,"wide":"https:\/\/nanoe.com\/wp-content\/uploads\/2020\/03\/Ajustement-des-poudres-\u00e0-votre-proc\u00e9d\u00e9.jpg","wide-width":922,"wide-height":691,"hero":"https:\/\/nanoe.com\/wp-content\/uploads\/2020\/03\/Ajustement-des-poudres-\u00e0-votre-proc\u00e9d\u00e9-550x412.jpg","hero-width":550,"hero-height":412}}},{"timeline_title":"\u6b65\u9aa46\uff1a\u4ea4\u4ed8\u524d\u8d28\u91cf\u63a7\u5236","description":"<p>\u6700\u540e\uff0c\u4e3a\u4e86\u786e\u4fdd\u9676\u74f7\u6750\u6599\u5728\u70e7\u7ed3\u540e\u7684\u6027\u80fd\uff0cNanoe\u5c06\u5bf9\u5176\u4e2d\u4e00\u4e2a\u6837\u672c\u8fdb\u884c\u70e7\u7ed3\uff0c\u7136\u540e\u68c0\u67e5\uff1a<\/p>\n<p>&#8211; \u5bc6\u5ea6\u548c\u6536\u7f29\u5ea6<\/p>\n<p>&#8211; \u663e\u5fae\u7ed3\u6784<\/p>\n<p>&#8211; \u9897\u7c92\u5927\u5c0f\u7684\u5747\u5300\u5ea6<\/p>\n","image":{"ID":201,"id":201,"title":"Contr\u00f4le qualit\u00e9 avant livraison","filename":"Contr\u00f4le-qualit\u00e9-avant-livraison.jpg","filesize":625299,"url":"https:\/\/nanoe.com\/wp-content\/uploads\/2020\/03\/Contr\u00f4le-qualit\u00e9-avant-livraison.jpg","link":"https:\/\/nanoe.com\/zh-hans\/procede-de-fabrication\/controle-qualite-avant-livraison\/","alt":"","author":"1","description":"","caption":"S","name":"controle-qualite-avant-livraison","status":"inherit","uploaded_to":99,"date":"2020-03-12 16:36:23","modified":"2020-03-12 16:36:23","menu_order":0,"mime_type":"image\/jpeg","type":"image","subtype":"jpeg","icon":"https:\/\/nanoe.com\/wp-includes\/images\/media\/default.png","width":1200,"height":800,"sizes":{"thumbnail":"https:\/\/nanoe.com\/wp-content\/uploads\/2020\/03\/Contr\u00f4le-qualit\u00e9-avant-livraison-150x150.jpg","thumbnail-width":150,"thumbnail-height":150,"medium":"https:\/\/nanoe.com\/wp-content\/uploads\/2020\/03\/Contr\u00f4le-qualit\u00e9-avant-livraison-300x200.jpg","medium-width":300,"medium-height":200,"medium_large":"https:\/\/nanoe.com\/wp-content\/uploads\/2020\/03\/Contr\u00f4le-qualit\u00e9-avant-livraison-768x512.jpg","medium_large-width":768,"medium_large-height":512,"large":"https:\/\/nanoe.com\/wp-content\/uploads\/2020\/03\/Contr\u00f4le-qualit\u00e9-avant-livraison-1024x683.jpg","large-width":1024,"large-height":683,"1536x1536":"https:\/\/nanoe.com\/wp-content\/uploads\/2020\/03\/Contr\u00f4le-qualit\u00e9-avant-livraison.jpg","1536x1536-width":1200,"1536x1536-height":800,"2048x2048":"https:\/\/nanoe.com\/wp-content\/uploads\/2020\/03\/Contr\u00f4le-qualit\u00e9-avant-livraison.jpg","2048x2048-width":1200,"2048x2048-height":800,"wide":"https:\/\/nanoe.com\/wp-content\/uploads\/2020\/03\/Contr\u00f4le-qualit\u00e9-avant-livraison.jpg","wide-width":1200,"wide-height":800,"hero":"https:\/\/nanoe.com\/wp-content\/uploads\/2020\/03\/Contr\u00f4le-qualit\u00e9-avant-livraison-618x412.jpg","hero-width":618,"hero-height":412}}}]},{"acf_fc_layout":"link","type":"primary","link":{"title":"\u54a8\u8be2Nanoe","url":"\/contact\/","target":""}}]},"yoast_head":"<!-- This site is optimized with the Yoast SEO plugin v16.3 - https:\/\/yoast.com\/wordpress\/plugins\/seo\/ -->\n<meta name=\"description\" content=\"D\u00e9couvrez les \u00e9tapes de fabrication de nos poudres : de la synth\u00e8se chimique \u00e0 la livraison d&#039;un produit qui r\u00e9ponde parfaitement \u00e0 votre besoin.\" \/>\n<meta name=\"robots\" content=\"index, follow, max-snippet:-1, max-image-preview:large, max-video-preview:-1\" \/>\n<link rel=\"canonical\" href=\"https:\/\/nanoe.com\/zh-hans\/procede-de-fabrication\/\" \/>\n<meta property=\"og:locale\" content=\"zh_CN\" \/>\n<meta property=\"og:type\" content=\"article\" \/>\n<meta property=\"og:title\" content=\"\u5236\u9020\u6d41\u7a0b de nos poudres haute puret\u00e9 &ndash; Nanoe\" \/>\n<meta property=\"og:description\" content=\"D\u00e9couvrez les \u00e9tapes de fabrication de nos poudres : de la synth\u00e8se chimique \u00e0 la livraison d&#039;un produit qui r\u00e9ponde parfaitement \u00e0 votre besoin.\" \/>\n<meta property=\"og:url\" content=\"https:\/\/nanoe.com\/zh-hans\/procede-de-fabrication\/\" \/>\n<meta property=\"og:site_name\" content=\"Nanoe\" \/>\n<meta property=\"article:modified_time\" content=\"2021-05-26T06:47:46+00:00\" \/>\n<meta name=\"twitter:card\" content=\"summary_large_image\" \/>\n<script type=\"application\/ld+json\" class=\"yoast-schema-graph\">{\"@context\":\"https:\/\/schema.org\",\"@graph\":[{\"@type\":\"Organization\",\"@id\":\"https:\/\/nanoe.com\/en\/#organization\",\"name\":\"Nanoe\",\"url\":\"https:\/\/nanoe.com\/en\/\",\"sameAs\":[],\"logo\":{\"@type\":\"ImageObject\",\"@id\":\"https:\/\/nanoe.com\/en\/#logo\",\"inLanguage\":\"zh-CN\",\"url\":\"https:\/\/nanoe.com\/wp-content\/uploads\/2020\/03\/logo.png\",\"contentUrl\":\"https:\/\/nanoe.com\/wp-content\/uploads\/2020\/03\/logo.png\",\"width\":618,\"height\":126,\"caption\":\"Nanoe\"},\"image\":{\"@id\":\"https:\/\/nanoe.com\/en\/#logo\"}},{\"@type\":\"WebSite\",\"@id\":\"https:\/\/nanoe.com\/en\/#website\",\"url\":\"https:\/\/nanoe.com\/en\/\",\"name\":\"Nanoe\",\"description\":\"Nanopoudres pour l&#039;industrie c\\u00e9ramique\",\"publisher\":{\"@id\":\"https:\/\/nanoe.com\/en\/#organization\"},\"potentialAction\":[{\"@type\":\"SearchAction\",\"target\":\"https:\/\/nanoe.com\/en\/?s={search_term_string}\",\"query-input\":\"required name=search_term_string\"}],\"inLanguage\":\"zh-CN\"},{\"@type\":\"WebPage\",\"@id\":\"https:\/\/nanoe.com\/zh-hans\/procede-de-fabrication\/#webpage\",\"url\":\"https:\/\/nanoe.com\/zh-hans\/procede-de-fabrication\/\",\"name\":\"\\u5236\\u9020\\u6d41\\u7a0b de nos poudres haute puret\\u00e9 &ndash; Nanoe\",\"isPartOf\":{\"@id\":\"https:\/\/nanoe.com\/en\/#website\"},\"datePublished\":\"2020-03-03T09:34:16+00:00\",\"dateModified\":\"2021-05-26T06:47:46+00:00\",\"description\":\"D\\u00e9couvrez les \\u00e9tapes de fabrication de nos poudres : de la synth\\u00e8se chimique \\u00e0 la livraison d'un produit qui r\\u00e9ponde parfaitement \\u00e0 votre besoin.\",\"breadcrumb\":{\"@id\":\"https:\/\/nanoe.com\/zh-hans\/procede-de-fabrication\/#breadcrumb\"},\"inLanguage\":\"zh-CN\",\"potentialAction\":[{\"@type\":\"ReadAction\",\"target\":[\"https:\/\/nanoe.com\/zh-hans\/procede-de-fabrication\/\"]}]},{\"@type\":\"BreadcrumbList\",\"@id\":\"https:\/\/nanoe.com\/zh-hans\/procede-de-fabrication\/#breadcrumb\",\"itemListElement\":[{\"@type\":\"ListItem\",\"position\":1,\"item\":{\"@type\":\"WebPage\",\"@id\":\"https:\/\/nanoe.com\/zh-hans\/\",\"url\":\"https:\/\/nanoe.com\/zh-hans\/\",\"name\":\"Home\"}},{\"@type\":\"ListItem\",\"position\":2,\"item\":{\"@id\":\"https:\/\/nanoe.com\/zh-hans\/procede-de-fabrication\/#webpage\"}}]}]}<\/script>\n<!-- \/ Yoast SEO plugin. -->","_links":{"self":[{"href":"https:\/\/nanoe.com\/zh-hans\/wp-json\/wp\/v2\/pages\/1202"}],"collection":[{"href":"https:\/\/nanoe.com\/zh-hans\/wp-json\/wp\/v2\/pages"}],"about":[{"href":"https:\/\/nanoe.com\/zh-hans\/wp-json\/wp\/v2\/types\/page"}],"author":[{"embeddable":true,"href":"https:\/\/nanoe.com\/zh-hans\/wp-json\/wp\/v2\/users\/3"}],"replies":[{"embeddable":true,"href":"https:\/\/nanoe.com\/zh-hans\/wp-json\/wp\/v2\/comments?post=1202"}],"version-history":[{"count":2,"href":"https:\/\/nanoe.com\/zh-hans\/wp-json\/wp\/v2\/pages\/1202\/revisions"}],"predecessor-version":[{"id":1402,"href":"https:\/\/nanoe.com\/zh-hans\/wp-json\/wp\/v2\/pages\/1202\/revisions\/1402"}],"wp:attachment":[{"href":"https:\/\/nanoe.com\/zh-hans\/wp-json\/wp\/v2\/media?parent=1202"}],"curies":[{"name":"wp","href":"https:\/\/api.w.org\/{rel}","templated":true}]}}