{"id":1204,"date":"2020-03-10T18:17:43","date_gmt":"2020-03-10T17:17:43","guid":{"rendered":"https:\/\/nanoe.com\/produit-sur-mesure\/"},"modified":"2021-05-25T18:29:09","modified_gmt":"2021-05-25T16:29:09","slug":"produit-sur-mesure","status":"publish","type":"page","link":"https:\/\/nanoe.com\/zh-hans\/produit-sur-mesure\/","title":{"rendered":"\u5b9a\u5236\u4ea7\u54c1"},"content":{"rendered":"","protected":false},"excerpt":{"rendered":"","protected":false},"author":3,"featured_media":0,"parent":0,"menu_order":0,"comment_status":"closed","ping_status":"closed","template":"","meta":[],"acf":{"components":[{"acf_fc_layout":"hero","hero_background":249,"hero_title":"\u5b9a\u5236\u4ea7\u54c1"},{"acf_fc_layout":"title","type":"h2","align":"left","title":"Nanoe\u7684\u57fa\u56e0\uff1a\u7814\u7a76\u4e0e\u5f00\u53d1"},{"acf_fc_layout":"wysiwyg","wysiwyg":"<p>Nanoe\u62e5\u670910\u5e74\u4e30\u5bcc\u7ecf\u9a8c\u548c\u5f3a\u5927\u7684\u7814\u53d1\u90e8\u95e8\uff0c\u80fd\u591f\u6839\u636e\u60a8\u7684\u9700\u8981\u8fdb\u884c\u4ea7\u54c1\u5b9a\u5236\u8bbe\u8ba1\u7684\u7814\u7a76\u5de5\u4f5c\u3002\u9664\u4e86\u6211\u4eec\u81ea\u6709\u7684\u5206\u6790\u8bbe\u5907\u5916\uff0c\u6211\u4eec\u8fd8\u548c\u591a\u6240\u6b27\u6d32\u77e5\u540d\u5927\u5b66\u5f00\u5c55\u591a\u9879\u5408\u4f5c\uff0c\u80fd\u591f\u4f7f\u7528\u8fd9\u4e9b\u5927\u5b66\u63d0\u4f9b\u7684\u7279\u6b8a\u7814\u7a76\u5668\u6750\u3002<\/p>\n","display_one":false,"colonne":"10"},{"acf_fc_layout":"rich_content","title":"\u4ece\u65b0\u6750\u6599\u7684\u7814\u7a76......","text":"<p>Nanoe\u4e0e\u60a8\u5408\u4f5c\uff0c\u6253\u9020\u6700\u80fd\u6ee1\u8db3\u60a8\u7684\u5b9e\u9645\u5e94\u7528\u548c\u89e3\u51b3\u9650\u5236\u6761\u4ef6\u7684\u4ea7\u54c1\u3002\u6211\u4eec\u7cbe\u901a\u5de5\u4e1a\u9886\u57df\u7684\u77e5\u8bc6\uff0c\u5584\u4e8e\u503e\u542c\u5ba2\u6237\u9700\u6c42\uff0c\u81f4\u529b\u4e3a\u60a8\u63d0\u4f9b\u5efa\u8bae\u548c\u534f\u52a9\uff0c\u5236\u5b9a\u6700\u9002\u5408\u60a8\u7684\u89e3\u51b3\u65b9\u6848\u3002<\/p>\n<p>\u6211\u4eec\u7684\u7814\u53d1\u56e2\u961f\u7531\u5de5\u4e1a\u9676\u74f7\u548c\u7535\u6c60\u539f\u6599\u9886\u57df\u7684\u4e13\u4e1a\u7814\u7a76\u4eba\u5458\u7ec4\u6210\uff0c\u80fd\u591f\u6839\u636e\u60a8\u7684\u8981\u6c42\u63d0\u4f9b\u4ece\u6750\u6599\u5408\u6210\u5230\u6210\u578b\u52a0\u5de5\u5168\u65b9\u4f4d\u7684\u6280\u672f\u670d\u52a1\u3002<\/p>\n<p>&nbsp;<\/p>\n<p><strong><em>\u6848\u4f8b\uff1a\u81ea<\/em><\/strong><strong><em>2015<\/em><\/strong><strong><em>\u5e74\u4ee5\u6765\uff0c\u6211\u4eec\u7684\u56e2\u961f\u4e3a\u4e00\u4f4d\u5ba2\u6237\u7814\u53d1\u51fa\u7528\u4e8e\u5236\u4f5c\u9502\u79bb\u5b50\u7535\u6c60\u7684\u591a\u79cd\u6750\u6599\uff0c\u6309\u7167\u5ba2\u6237\u5b9a\u5236\u7684\u6210\u5206\u914d\u6bd4\u5236\u4f5c\uff0c<\/em><\/strong><strong><em>Nanoe<\/em><\/strong><strong><em>\u4e5f\u786e\u4fdd\u8fd9\u4e9b\u6750\u6599\u7684\u957f\u671f\u7a33\u5b9a\u4f9b\u5e94\u3002<\/em><\/strong><\/p>\n","image":{"ID":251,"id":251,"title":"cycleur","filename":"cycleur-scaled.jpg","filesize":645368,"url":"https:\/\/nanoe.com\/wp-content\/uploads\/2020\/03\/cycleur-scaled.jpg","link":"https:\/\/nanoe.com\/zh-hans\/produit-sur-mesure\/cycleur-3\/","alt":"","author":"1","description":"","caption":"","name":"cycleur-3","status":"inherit","uploaded_to":115,"date":"2020-03-20 11:31:27","modified":"2020-03-20 11:31:27","menu_order":0,"mime_type":"image\/jpeg","type":"image","subtype":"jpeg","icon":"https:\/\/nanoe.com\/wp-includes\/images\/media\/default.png","width":2560,"height":1707,"sizes":{"thumbnail":"https:\/\/nanoe.com\/wp-content\/uploads\/2020\/03\/cycleur-150x150.jpg","thumbnail-width":150,"thumbnail-height":150,"medium":"https:\/\/nanoe.com\/wp-content\/uploads\/2020\/03\/cycleur-300x200.jpg","medium-width":300,"medium-height":200,"medium_large":"https:\/\/nanoe.com\/wp-content\/uploads\/2020\/03\/cycleur-768x512.jpg","medium_large-width":768,"medium_large-height":512,"large":"https:\/\/nanoe.com\/wp-content\/uploads\/2020\/03\/cycleur-1024x683.jpg","large-width":1024,"large-height":683,"1536x1536":"https:\/\/nanoe.com\/wp-content\/uploads\/2020\/03\/cycleur-1536x1024.jpg","1536x1536-width":1536,"1536x1536-height":1024,"2048x2048":"https:\/\/nanoe.com\/wp-content\/uploads\/2020\/03\/cycleur-2048x1365.jpg","2048x2048-width":2048,"2048x2048-height":1365,"wide":"https:\/\/nanoe.com\/wp-content\/uploads\/2020\/03\/cycleur-1536x1024.jpg","wide-width":1536,"wide-height":1024,"hero":"https:\/\/nanoe.com\/wp-content\/uploads\/2020\/03\/cycleur-618x412.jpg","hero-width":618,"hero-height":412}},"image_right":false},{"acf_fc_layout":"title","type":"h2","align":"left","title":"\u2026\u2026\u5230\u5de5\u4e1a\u5316\u6d41\u7a0b\u7684\u7814\u7a76"},{"acf_fc_layout":"rich_content","title":"","text":"<p>Nanoe\u4e0d\u4ec5\u5177\u5907\u5de5\u4e1a\u751f\u4ea7\u5b9e\u529b\uff0c\u800c\u4e14\u62e5\u6709\u7ba1\u7406\u7075\u6d3b\u7684\u7814\u53d1\u90e8\u95e8\u3002\u6211\u4eec\u914d\u5907\u6570\u6761\u751f\u4ea7\u7ebf\uff0c\u4ea7\u80fd\u4ece\u51e0\u5343\u514b\u5230\u51e0\u5428\u4e0d\u7b49\uff0c\u56e0\u6b64\u80fd\u591f\u534f\u52a9\u60a8\u5b8c\u6210\u4ea7\u54c1\u7684\u5de5\u4e1a\u5316\u751f\u4ea7\u3002<\/p>\n<p>\u4ea7\u54c1\u8bbe\u8ba1\u9636\u6bb5\u5c06\u5728\u7814\u53d1\u7ebf\u5b8c\u6210\uff0c\u53ef\u7528\u4e8e\u5236\u4f5c\u201c\u539f\u578b\u201d\u6837\u54c1\uff0c\u91cd\u91cf\u4e3a1\u523010\u5343\u514b\u3002<\/p>\n<p>\u786e\u5b9a\u4ea7\u54c1\u8bbe\u8ba1\u540e\uff0c\u6211\u4eec\u5c06\u542f\u7528\u8bd5\u5236\u7ebf\u751f\u4ea7\u4e00\u6279\u91cd\u91cf\u4e3a50\u5230100\u5343\u514b\u7684\u4ea7\u54c1\u3002\u8be5\u9636\u6bb5\u5141\u8bb8\u6211\u4eec\u6839\u636e\u4ea7\u54c1\u7279\u5f81\u4ee5\u53ca\u5728\u5ba2\u6237\u73b0\u573a\u751f\u4ea7\u7684\u00a0<em>\u9884\u5236\u7cfb\u5217<\/em>\u8c03\u6574\u5236\u4f5c\u6d41\u7a0b\u3002<\/p>\n<p>\u6700\u540e\uff0c\u5728\u4ea7\u54c1\u901a\u8fc7\u5ba1\u6279\u540e\uff0c\u6211\u4eec\u80fd\u591f\u5feb\u901f\u63d0\u5347\u751f\u4ea7\u4ea7\u80fd\u3002\u4e3a\u6b64\uff0c\u6211\u4eec\u914d\u5907\u4e00\u6761\u4ea7\u80fd\u8fbe\u5230\u6bcf\u5e74100\u5428\u7684\u751f\u4ea7\u7ebf\u3002<\/p>\n<p>&nbsp;<\/p>\n<p><strong><em>\u6848\u4f8b\uff1a<\/em><\/strong><strong><em>Nanoe<\/em><\/strong><strong><em>\u53d7\u5230\u59d4\u6258\uff0c\u4e3a\u4e00\u79cd\u7528\u4e8e\u7279\u6b8a\u533b\u7597\u5e94\u7528\u7684\u63ba\u5165\u94c8\u5143\u7d20\u7684\u6c27\u5316\u9506\u589e\u97e7\u6c27\u5316\u94dd\u6750\u7814\u53d1\u4e86\u5236\u9020\u6d41\u7a0b\u3002\u6211\u4eec\u7684\u5ba2\u6237\u4e4b\u524d\u548c\u4e00\u5bb6\u79d1\u7814\u5b9e\u9a8c\u5ba4\u505a\u4e86\u5408\u4f5c\u7814\u53d1\u9879\u76ee\uff0c\u9700\u8981\u5c06\u8fd9\u79cd\u5236\u9020\u6d41\u7a0b\u5de5\u4e1a\u5316\u3002\u56e0\u6b64\u6211\u4eec\u7684\u89d2\u8272\u662f\u5206\u6790\u7531\u8be5\u5b9e\u9a8c\u5ba4\u5b9e\u65bd\u7684\u6d41\u7a0b\uff0c\u5229\u7528\u6211\u4eec\u5728\u5de5\u4e1a\u9886\u57df\u79ef\u7d2f\u7684\u77e5\u8bc6\uff0c\u5bf9\u8be5\u6d41\u7a0b\u8fdb\u884c\u8c03\u6574\uff0c\u4ee5\u5b9e\u73b0\u4ea7\u54c1\u5927\u89c4\u6a21\u751f\u4ea7\u3002<\/em><\/strong><\/p>\n","image":{"ID":253,"id":253,"title":"boite a gants","filename":"boite-a-gants-scaled.jpg","filesize":407734,"url":"https:\/\/nanoe.com\/wp-content\/uploads\/2020\/03\/boite-a-gants-scaled.jpg","link":"https:\/\/nanoe.com\/zh-hans\/produit-sur-mesure\/boite-a-gants-3\/","alt":"","author":"1","description":"","caption":"","name":"boite-a-gants-3","status":"inherit","uploaded_to":115,"date":"2020-03-20 11:31:42","modified":"2020-03-20 11:31:42","menu_order":0,"mime_type":"image\/jpeg","type":"image","subtype":"jpeg","icon":"https:\/\/nanoe.com\/wp-includes\/images\/media\/default.png","width":2560,"height":1707,"sizes":{"thumbnail":"https:\/\/nanoe.com\/wp-content\/uploads\/2020\/03\/boite-a-gants-150x150.jpg","thumbnail-width":150,"thumbnail-height":150,"medium":"https:\/\/nanoe.com\/wp-content\/uploads\/2020\/03\/boite-a-gants-300x200.jpg","medium-width":300,"medium-height":200,"medium_large":"https:\/\/nanoe.com\/wp-content\/uploads\/2020\/03\/boite-a-gants-768x512.jpg","medium_large-width":768,"medium_large-height":512,"large":"https:\/\/nanoe.com\/wp-content\/uploads\/2020\/03\/boite-a-gants-1024x683.jpg","large-width":1024,"large-height":683,"1536x1536":"https:\/\/nanoe.com\/wp-content\/uploads\/2020\/03\/boite-a-gants-1536x1024.jpg","1536x1536-width":1536,"1536x1536-height":1024,"2048x2048":"https:\/\/nanoe.com\/wp-content\/uploads\/2020\/03\/boite-a-gants-2048x1365.jpg","2048x2048-width":2048,"2048x2048-height":1365,"wide":"https:\/\/nanoe.com\/wp-content\/uploads\/2020\/03\/boite-a-gants-1536x1024.jpg","wide-width":1536,"wide-height":1024,"hero":"https:\/\/nanoe.com\/wp-content\/uploads\/2020\/03\/boite-a-gants-618x412.jpg","hero-width":618,"hero-height":412}},"image_right":true},{"acf_fc_layout":"spacer","size":"medium"},{"acf_fc_layout":"separateur"},{"acf_fc_layout":"push","title":"\u6211\u4eec\u6839\u636e\u60a8\u7684\u9700\u6c42\u8c03\u6574\uff01","text":"<p style=\"text-align: center;\"><strong>\u7279\u5b9a\u6d41\u7a0b\uff1f<\/strong><strong>\u7279\u6b8a\u5de5\u4e1a\u5236\u7ea6\u6761\u4ef6\uff1f<\/strong><\/p>\n","link":{"title":"\u6b22\u8fce\u5b9a\u5236\u60a8\u7684\u4e13\u5c5e\u4ea7\u54c1\uff01","url":"\/contact\/","target":""},"background":{"ID":232,"id":232,"title":"BGdark-compressor","filename":"BGdark-compressor.png","filesize":264791,"url":"https:\/\/nanoe.com\/wp-content\/uploads\/2020\/03\/BGdark-compressor.png","link":"https:\/\/nanoe.com\/zh-hans\/zta-12\/bgdark-compressor\/","alt":"","author":"1","description":"","caption":"","name":"bgdark-compressor","status":"inherit","uploaded_to":230,"date":"2020-03-20 10:50:07","modified":"2020-03-20 10:50:07","menu_order":0,"mime_type":"image\/png","type":"image","subtype":"png","icon":"https:\/\/nanoe.com\/wp-includes\/images\/media\/default.png","width":1920,"height":729,"sizes":{"thumbnail":"https:\/\/nanoe.com\/wp-content\/uploads\/2020\/03\/BGdark-compressor-150x150.png","thumbnail-width":150,"thumbnail-height":150,"medium":"https:\/\/nanoe.com\/wp-content\/uploads\/2020\/03\/BGdark-compressor-300x114.png","medium-width":300,"medium-height":114,"medium_large":"https:\/\/nanoe.com\/wp-content\/uploads\/2020\/03\/BGdark-compressor-768x292.png","medium_large-width":768,"medium_large-height":292,"large":"https:\/\/nanoe.com\/wp-content\/uploads\/2020\/03\/BGdark-compressor-1024x389.png","large-width":1024,"large-height":389,"1536x1536":"https:\/\/nanoe.com\/wp-content\/uploads\/2020\/03\/BGdark-compressor-1536x583.png","1536x1536-width":1536,"1536x1536-height":583,"2048x2048":"https:\/\/nanoe.com\/wp-content\/uploads\/2020\/03\/BGdark-compressor.png","2048x2048-width":1920,"2048x2048-height":729,"wide":"https:\/\/nanoe.com\/wp-content\/uploads\/2020\/03\/BGdark-compressor.png","wide-width":1920,"wide-height":729,"hero":"https:\/\/nanoe.com\/wp-content\/uploads\/2020\/03\/BGdark-compressor-1085x412.png","hero-width":1085,"hero-height":412}}}]},"yoast_head":"<!-- This site is optimized with the Yoast SEO plugin v16.3 - https:\/\/yoast.com\/wordpress\/plugins\/seo\/ -->\n<meta name=\"description\" content=\"Gr\u00e2ce \u00e0 sa R&amp;D, Nanoe est capable d&#039;\u00e9laborer LE produit sur mesure qui vous convient. Recherche de nouveaux mat\u00e9riaux et de proc\u00e9d\u00e9s d\u2019industrialisation.\" \/>\n<meta name=\"robots\" content=\"index, follow, max-snippet:-1, max-image-preview:large, max-video-preview:-1\" \/>\n<link rel=\"canonical\" href=\"https:\/\/nanoe.com\/zh-hans\/produit-sur-mesure\/\" \/>\n<meta property=\"og:locale\" content=\"zh_CN\" \/>\n<meta property=\"og:type\" content=\"article\" \/>\n<meta property=\"og:title\" content=\"Votre produit sur mesure &ndash; Nanoe\" \/>\n<meta property=\"og:description\" content=\"Gr\u00e2ce \u00e0 sa R&amp;D, Nanoe est capable d&#039;\u00e9laborer LE produit sur mesure qui vous convient. Recherche de nouveaux mat\u00e9riaux et de proc\u00e9d\u00e9s d\u2019industrialisation.\" \/>\n<meta property=\"og:url\" content=\"https:\/\/nanoe.com\/zh-hans\/produit-sur-mesure\/\" \/>\n<meta property=\"og:site_name\" content=\"Nanoe\" \/>\n<meta property=\"article:modified_time\" content=\"2021-05-25T16:29:09+00:00\" \/>\n<meta name=\"twitter:card\" content=\"summary_large_image\" \/>\n<script type=\"application\/ld+json\" class=\"yoast-schema-graph\">{\"@context\":\"https:\/\/schema.org\",\"@graph\":[{\"@type\":\"Organization\",\"@id\":\"https:\/\/nanoe.com\/en\/#organization\",\"name\":\"Nanoe\",\"url\":\"https:\/\/nanoe.com\/en\/\",\"sameAs\":[],\"logo\":{\"@type\":\"ImageObject\",\"@id\":\"https:\/\/nanoe.com\/en\/#logo\",\"inLanguage\":\"zh-CN\",\"url\":\"https:\/\/nanoe.com\/wp-content\/uploads\/2020\/03\/logo.png\",\"contentUrl\":\"https:\/\/nanoe.com\/wp-content\/uploads\/2020\/03\/logo.png\",\"width\":618,\"height\":126,\"caption\":\"Nanoe\"},\"image\":{\"@id\":\"https:\/\/nanoe.com\/en\/#logo\"}},{\"@type\":\"WebSite\",\"@id\":\"https:\/\/nanoe.com\/en\/#website\",\"url\":\"https:\/\/nanoe.com\/en\/\",\"name\":\"Nanoe\",\"description\":\"Nanopoudres pour l&#039;industrie c\\u00e9ramique\",\"publisher\":{\"@id\":\"https:\/\/nanoe.com\/en\/#organization\"},\"potentialAction\":[{\"@type\":\"SearchAction\",\"target\":\"https:\/\/nanoe.com\/en\/?s={search_term_string}\",\"query-input\":\"required name=search_term_string\"}],\"inLanguage\":\"zh-CN\"},{\"@type\":\"WebPage\",\"@id\":\"https:\/\/nanoe.com\/zh-hans\/produit-sur-mesure\/#webpage\",\"url\":\"https:\/\/nanoe.com\/zh-hans\/produit-sur-mesure\/\",\"name\":\"Votre produit sur mesure &ndash; Nanoe\",\"isPartOf\":{\"@id\":\"https:\/\/nanoe.com\/en\/#website\"},\"datePublished\":\"2020-03-10T17:17:43+00:00\",\"dateModified\":\"2021-05-25T16:29:09+00:00\",\"description\":\"Gr\\u00e2ce \\u00e0 sa R&D, Nanoe est capable d'\\u00e9laborer LE produit sur mesure qui vous convient. Recherche de nouveaux mat\\u00e9riaux et de proc\\u00e9d\\u00e9s d\\u2019industrialisation.\",\"breadcrumb\":{\"@id\":\"https:\/\/nanoe.com\/zh-hans\/produit-sur-mesure\/#breadcrumb\"},\"inLanguage\":\"zh-CN\",\"potentialAction\":[{\"@type\":\"ReadAction\",\"target\":[\"https:\/\/nanoe.com\/zh-hans\/produit-sur-mesure\/\"]}]},{\"@type\":\"BreadcrumbList\",\"@id\":\"https:\/\/nanoe.com\/zh-hans\/produit-sur-mesure\/#breadcrumb\",\"itemListElement\":[{\"@type\":\"ListItem\",\"position\":1,\"item\":{\"@type\":\"WebPage\",\"@id\":\"https:\/\/nanoe.com\/zh-hans\/\",\"url\":\"https:\/\/nanoe.com\/zh-hans\/\",\"name\":\"Home\"}},{\"@type\":\"ListItem\",\"position\":2,\"item\":{\"@id\":\"https:\/\/nanoe.com\/zh-hans\/produit-sur-mesure\/#webpage\"}}]}]}<\/script>\n<!-- \/ Yoast SEO plugin. -->","_links":{"self":[{"href":"https:\/\/nanoe.com\/zh-hans\/wp-json\/wp\/v2\/pages\/1204"}],"collection":[{"href":"https:\/\/nanoe.com\/zh-hans\/wp-json\/wp\/v2\/pages"}],"about":[{"href":"https:\/\/nanoe.com\/zh-hans\/wp-json\/wp\/v2\/types\/page"}],"author":[{"embeddable":true,"href":"https:\/\/nanoe.com\/zh-hans\/wp-json\/wp\/v2\/users\/3"}],"replies":[{"embeddable":true,"href":"https:\/\/nanoe.com\/zh-hans\/wp-json\/wp\/v2\/comments?post=1204"}],"version-history":[{"count":2,"href":"https:\/\/nanoe.com\/zh-hans\/wp-json\/wp\/v2\/pages\/1204\/revisions"}],"predecessor-version":[{"id":1363,"href":"https:\/\/nanoe.com\/zh-hans\/wp-json\/wp\/v2\/pages\/1204\/revisions\/1363"}],"wp:attachment":[{"href":"https:\/\/nanoe.com\/zh-hans\/wp-json\/wp\/v2\/media?parent=1204"}],"curies":[{"name":"wp","href":"https:\/\/api.w.org\/{rel}","templated":true}]}}