{"id":1206,"date":"2020-03-24T10:37:52","date_gmt":"2020-03-24T09:37:52","guid":{"rendered":"https:\/\/nanoe.com\/pieces-dusure-outillage\/"},"modified":"2021-05-25T20:57:47","modified_gmt":"2021-05-25T18:57:47","slug":"pieces-dusure-outillage","status":"publish","type":"page","link":"https:\/\/nanoe.com\/zh-hans\/pieces-dusure-outillage\/","title":{"rendered":"\u6613\u78e8\u635f\u5de5\u4ef6\u548c\u5de5\u5177"},"content":{"rendered":"","protected":false},"excerpt":{"rendered":"","protected":false},"author":3,"featured_media":0,"parent":0,"menu_order":0,"comment_status":"closed","ping_status":"closed","template":"","meta":[],"acf":{"components":[{"acf_fc_layout":"hero","hero_background":1258,"hero_title":"\u6613\u78e8\u635f\u5de5\u4ef6\u548c\u5de5\u5177"},{"acf_fc_layout":"wysiwyg","wysiwyg":"<p>\u5728\u6240\u6709\u5de5\u4e1a\u9886\u57df\u4e2d\uff0c\u5236\u9020\u5546\u90fd\u81f4\u529b\u4e8e\u63d0\u9ad8\u751f\u4ea7\u6548\u7387\uff1a\u751f\u4ea7\u7ebf\u81ea\u52a8\u5316\u3001\u751f\u4ea7\u8282\u594f\u52a0\u5feb\u3001\u51cf\u5c11\u6545\u969c\u548c\u8bbe\u5907\u505c\u673a\u3002\u5728\u6b64\u80cc\u666f\u4e0b\uff0c\u5927\u91cf\u9676\u74f7\u5236\u6210\u7684\u5de5\u5177\u6d8c\u73b0\uff0c\u65e8\u5728\u5ef6\u957f\u5de5\u4ef6\u4f7f\u7528\u5bff\u547d\uff0c\u51cf\u5c11\u751f\u4ea7\u4e2d\u65ad\u3002<\/p>\n","display_one":false,"colonne":"10"},{"acf_fc_layout":"content","title":"\u786c\u5ea6\u548c\u5ef6\u5c55\u6027\u7684\u4f18\u5148\u6027","text":"<p>\u6c27\u5316\u94dd\u548c\u6c27\u5316\u9506\u5e38\u7528\u4e8e\u5236\u9020\u6613\u78e8\u635f\u5de5\u4ef6\u3002\u7136\u800c\uff0c\u5b83\u4eec\u7684\u7279\u6027\u8fd8\u662f\u6709\u6240\u5c40\u9650\u3002\u5176\u4e2d\u4e00\u79cd\u6750\u6599\u80fd\u8010\u53d7\u78e8\u635f\u548c\u8150\u8680\uff0c\u4f46\u5ef6\u5c55\u6027\u5374\u5f88\u4f4e\uff0c\u800c\u53e6\u4e00\u79cd\u6750\u6599\u521a\u597d\u76f8\u53cd\uff0c\u6297\u78b0\u649e\u5374\u4e0d\u8010\u78e8\u635f\u3002\u56e0\u6b64\u6c27\u5316\u9506\u589e\u97e7\u6c27\u5316\u94dd\u548c\u6c27\u5316\u9506\u589e\u97e7\u6c27\u5316\u94dd\u6750\u6599\u662f\u7ed3\u5408\u4e24\u8005\u7279\u6027\u7684\u7406\u60f3\u6298\u8877\u6750\u6599\u3002<\/p>\n","link_one":"","link_two":"","background":{"ID":122,"id":122,"title":"microscope","filename":"microscope.png","filesize":1397617,"url":"https:\/\/nanoe.com\/wp-content\/uploads\/2020\/03\/microscope.png","link":"https:\/\/nanoe.com\/zh-hans\/support-technique\/microscope\/","alt":"","author":"1","description":"","caption":"","name":"microscope","status":"inherit","uploaded_to":120,"date":"2020-03-10 17:36:04","modified":"2020-03-10 17:36:04","menu_order":0,"mime_type":"image\/png","type":"image","subtype":"png","icon":"https:\/\/nanoe.com\/wp-includes\/images\/media\/default.png","width":1920,"height":640,"sizes":{"thumbnail":"https:\/\/nanoe.com\/wp-content\/uploads\/2020\/03\/microscope-150x150.png","thumbnail-width":150,"thumbnail-height":150,"medium":"https:\/\/nanoe.com\/wp-content\/uploads\/2020\/03\/microscope-300x100.png","medium-width":300,"medium-height":100,"medium_large":"https:\/\/nanoe.com\/wp-content\/uploads\/2020\/03\/microscope-768x256.png","medium_large-width":768,"medium_large-height":256,"large":"https:\/\/nanoe.com\/wp-content\/uploads\/2020\/03\/microscope-1024x341.png","large-width":1024,"large-height":341,"1536x1536":"https:\/\/nanoe.com\/wp-content\/uploads\/2020\/03\/microscope-1536x512.png","1536x1536-width":1536,"1536x1536-height":512,"2048x2048":"https:\/\/nanoe.com\/wp-content\/uploads\/2020\/03\/microscope.png","2048x2048-width":1920,"2048x2048-height":640,"wide":"https:\/\/nanoe.com\/wp-content\/uploads\/2020\/03\/microscope.png","wide-width":1920,"wide-height":640,"hero":"https:\/\/nanoe.com\/wp-content\/uploads\/2020\/03\/microscope-1236x412.png","hero-width":1236,"hero-height":412}}},{"acf_fc_layout":"spacer","size":"small"},{"acf_fc_layout":"rich_content","title":"","text":"<p><strong>\u5bfc\u7ebf\u5668<\/strong><\/p>\n<p>&nbsp;<\/p>\n<p>\u5728\u7eba\u7ec7\u4e1a\u548c\u7535\u7f06\u5236\u9020\u4e1a\uff0c\u5f88\u591a\u673a\u5668\u90fd\u9700\u8981\u64cd\u7eb5\u7ebf\u6761\u3002\u968f\u7740\u751f\u4ea7\u8282\u594f\u7684\u52a0\u5feb\uff0c\u4e0e\u7ebf\u6761\u64cd\u4f5c\u76f8\u5173\u7684\u5de5\u4ef6\u627f\u53d7\u7684\u5e94\u529b\u8d8a\u6765\u8d8a\u5927\uff0c\u52a0\u901f\u78e8\u635f\u3002\u5bfc\u7ebf\u5668\u8981\u9762\u5bf9\u53cc\u91cd\u6311\u6218\uff1a\u8010\u6469\u64e6\u548c\u78e8\u635f\uff0c\u540c\u65f6\u4fdd\u6301\u826f\u597d\u8868\u9762\u72b6\u6001\u4ee5\u514d\u635f\u574f\u7ebf\u6761\u3002\u6c27\u5316\u9506\u589e\u97e7\u6c27\u5316\u94dd\u6750\u6599\u975e\u5e38\u4f7f\u7528\u4e8e\u8fd9\u79cd\u573a\u666f\uff0c\u56e0\u4e3a\u5b83\u5177\u6709\u8010\u78e8\u6027\uff0c\u540c\u65f6\u4fdd\u6301\u6700\u5927\u7a0b\u5ea6\u7684\u5149\u6ed1\u3002<\/p>\n","image":{"ID":1241,"id":1241,"title":"guidefil site internet","filename":"guidefil-site-internet-1.png","filesize":81635,"url":"https:\/\/nanoe.com\/wp-content\/uploads\/2021\/05\/guidefil-site-internet-1.png","link":"https:\/\/nanoe.com\/zh-hans\/pieces-dusure-outillage\/guidefil-site-internet-2\/","alt":"","author":"2","description":"","caption":"","name":"guidefil-site-internet-2","status":"inherit","uploaded_to":326,"date":"2021-05-21 16:55:14","modified":"2021-05-21 16:55:14","menu_order":0,"mime_type":"image\/png","type":"image","subtype":"png","icon":"https:\/\/nanoe.com\/wp-includes\/images\/media\/default.png","width":500,"height":500,"sizes":{"thumbnail":"https:\/\/nanoe.com\/wp-content\/uploads\/2021\/05\/guidefil-site-internet-1-150x150.png","thumbnail-width":150,"thumbnail-height":150,"medium":"https:\/\/nanoe.com\/wp-content\/uploads\/2021\/05\/guidefil-site-internet-1-300x300.png","medium-width":300,"medium-height":300,"medium_large":"https:\/\/nanoe.com\/wp-content\/uploads\/2021\/05\/guidefil-site-internet-1.png","medium_large-width":500,"medium_large-height":500,"large":"https:\/\/nanoe.com\/wp-content\/uploads\/2021\/05\/guidefil-site-internet-1.png","large-width":500,"large-height":500,"1536x1536":"https:\/\/nanoe.com\/wp-content\/uploads\/2021\/05\/guidefil-site-internet-1.png","1536x1536-width":500,"1536x1536-height":500,"2048x2048":"https:\/\/nanoe.com\/wp-content\/uploads\/2021\/05\/guidefil-site-internet-1.png","2048x2048-width":500,"2048x2048-height":500,"wide":"https:\/\/nanoe.com\/wp-content\/uploads\/2021\/05\/guidefil-site-internet-1.png","wide-width":500,"wide-height":500,"hero":"https:\/\/nanoe.com\/wp-content\/uploads\/2021\/05\/guidefil-site-internet-1-412x412.png","hero-width":412,"hero-height":412}},"image_right":false},{"acf_fc_layout":"rich_content","title":"","text":"<p><strong>\u5207\u5272\u5de5\u5177<\/strong><\/p>\n<p>&nbsp;<\/p>\n<p>\u76ee\u524d\u6709\u5f88\u591a\u5207\u5272\u5de5\u5177\u90fd\u662f\u7528\u9676\u74f7\u5236\u6210\uff1a\u5207\u7eb8\u673a\u3001\u8584\u677f\u6a21\u538b\u5668\u3001\u6728\u6750\u548c\u91d1\u5c5e\u52a0\u5de5\u8bbe\u5907\u3002\u7531\u4e8e\u91d1\u5c5e\u5207\u5272\u5de5\u5177\u7684\u78e8\u635f\u95ee\u9898\u592a\u8fc7\u663e\u8457\uff0c\u56e0\u6b64\u9676\u74f7\u5de5\u5177\u8d8a\u6765\u8d8a\u53d7\u6b22\u8fce\u3002Nanoe\u63a8\u8350\u4f7f\u7528\u6c27\u5316\u9506\u589e\u97e7\u6c27\u5316\u94dd25\u6750\u6599\u5236\u4f5c\u8010\u78e8\u7684\u5207\u5272\u5de5\u5177\u3002\u7136\u800c\uff0c\u5982\u679c\u9700\u8981\u66f4\u597d\u7684\u8010\u5f2f\u66f2\u548c\u6297\u649e\u51fb\u6027\u80fd\uff0c\u5219\u4f18\u5148\u9009\u7528\u6c27\u5316\u9506\u589e\u97e7\u6c27\u5316\u94dd\u6750\u6599\u3002<\/p>\n","image":{"ID":1237,"id":1237,"title":"outildecoupe site intenet","filename":"outildecoupe-site-intenet.png","filesize":42189,"url":"https:\/\/nanoe.com\/wp-content\/uploads\/2021\/05\/outildecoupe-site-intenet.png","link":"https:\/\/nanoe.com\/zh-hans\/pieces-dusure-outillage\/outildecoupe-site-intenet\/","alt":"outil de coupe c\u00e9ramique","author":"2","description":"","caption":"","name":"outildecoupe-site-intenet","status":"inherit","uploaded_to":326,"date":"2021-05-21 16:32:28","modified":"2021-05-21 16:32:41","menu_order":0,"mime_type":"image\/png","type":"image","subtype":"png","icon":"https:\/\/nanoe.com\/wp-includes\/images\/media\/default.png","width":500,"height":500,"sizes":{"thumbnail":"https:\/\/nanoe.com\/wp-content\/uploads\/2021\/05\/outildecoupe-site-intenet-150x150.png","thumbnail-width":150,"thumbnail-height":150,"medium":"https:\/\/nanoe.com\/wp-content\/uploads\/2021\/05\/outildecoupe-site-intenet-300x300.png","medium-width":300,"medium-height":300,"medium_large":"https:\/\/nanoe.com\/wp-content\/uploads\/2021\/05\/outildecoupe-site-intenet.png","medium_large-width":500,"medium_large-height":500,"large":"https:\/\/nanoe.com\/wp-content\/uploads\/2021\/05\/outildecoupe-site-intenet.png","large-width":500,"large-height":500,"1536x1536":"https:\/\/nanoe.com\/wp-content\/uploads\/2021\/05\/outildecoupe-site-intenet.png","1536x1536-width":500,"1536x1536-height":500,"2048x2048":"https:\/\/nanoe.com\/wp-content\/uploads\/2021\/05\/outildecoupe-site-intenet.png","2048x2048-width":500,"2048x2048-height":500,"wide":"https:\/\/nanoe.com\/wp-content\/uploads\/2021\/05\/outildecoupe-site-intenet.png","wide-width":500,"wide-height":500,"hero":"https:\/\/nanoe.com\/wp-content\/uploads\/2021\/05\/outildecoupe-site-intenet-412x412.png","hero-width":412,"hero-height":412}},"image_right":true},{"acf_fc_layout":"products","title":"\u6211\u4eec\u7684\u4ea7\u54c1","products":[{"product":{"title":"\u6c27\u5316\u9506\u589e\u97e7\u6c27\u5316\u94dd 25","url":"\/zta-25\/","target":""}},{"product":{"title":"\u6c27\u5316\u9506\u589e\u97e7\u6c27\u5316\u94dd 12","url":"\/zta-12\/","target":""}},{"product":{"title":"\u6c27\u5316\u9506\u4e0e\u6c27\u5316\u9506\u589e\u97e7\u6c27\u5316\u94dd","url":"\/zircone-atz\/","target":""}}]}]},"yoast_head":"<!-- This site is optimized with the Yoast SEO plugin v16.3 - https:\/\/yoast.com\/wordpress\/plugins\/seo\/ -->\n<meta name=\"description\" content=\"La c\u00e9ramique permet d&#039;augmenter la dur\u00e9e de vie de vos pi\u00e8ces. Outils de coupe. Guide fil pour le textile et la fabrication de c\u00e2ble.\" \/>\n<meta name=\"robots\" content=\"index, follow, max-snippet:-1, max-image-preview:large, max-video-preview:-1\" \/>\n<link rel=\"canonical\" href=\"https:\/\/nanoe.com\/zh-hans\/pieces-dusure-outillage\/\" \/>\n<meta property=\"og:locale\" content=\"zh_CN\" \/>\n<meta property=\"og:type\" content=\"article\" \/>\n<meta property=\"og:title\" content=\"\u6613\u78e8\u635f\u5de5\u4ef6\u548c\u5de5\u5177 : une meilleure duret\u00e9 et t\u00e9nacit\u00e9 &ndash; Nanoe\" \/>\n<meta property=\"og:description\" content=\"La c\u00e9ramique permet d&#039;augmenter la dur\u00e9e de vie de vos pi\u00e8ces. Outils de coupe. Guide fil pour le textile et la fabrication de c\u00e2ble.\" \/>\n<meta property=\"og:url\" content=\"https:\/\/nanoe.com\/zh-hans\/pieces-dusure-outillage\/\" \/>\n<meta property=\"og:site_name\" content=\"Nanoe\" \/>\n<meta property=\"article:modified_time\" content=\"2021-05-25T18:57:47+00:00\" \/>\n<meta name=\"twitter:card\" content=\"summary_large_image\" \/>\n<script type=\"application\/ld+json\" class=\"yoast-schema-graph\">{\"@context\":\"https:\/\/schema.org\",\"@graph\":[{\"@type\":\"Organization\",\"@id\":\"https:\/\/nanoe.com\/en\/#organization\",\"name\":\"Nanoe\",\"url\":\"https:\/\/nanoe.com\/en\/\",\"sameAs\":[],\"logo\":{\"@type\":\"ImageObject\",\"@id\":\"https:\/\/nanoe.com\/en\/#logo\",\"inLanguage\":\"zh-CN\",\"url\":\"https:\/\/nanoe.com\/wp-content\/uploads\/2020\/03\/logo.png\",\"contentUrl\":\"https:\/\/nanoe.com\/wp-content\/uploads\/2020\/03\/logo.png\",\"width\":618,\"height\":126,\"caption\":\"Nanoe\"},\"image\":{\"@id\":\"https:\/\/nanoe.com\/en\/#logo\"}},{\"@type\":\"WebSite\",\"@id\":\"https:\/\/nanoe.com\/en\/#website\",\"url\":\"https:\/\/nanoe.com\/en\/\",\"name\":\"Nanoe\",\"description\":\"Nanopoudres pour l&#039;industrie c\\u00e9ramique\",\"publisher\":{\"@id\":\"https:\/\/nanoe.com\/en\/#organization\"},\"potentialAction\":[{\"@type\":\"SearchAction\",\"target\":\"https:\/\/nanoe.com\/en\/?s={search_term_string}\",\"query-input\":\"required name=search_term_string\"}],\"inLanguage\":\"zh-CN\"},{\"@type\":\"WebPage\",\"@id\":\"https:\/\/nanoe.com\/zh-hans\/pieces-dusure-outillage\/#webpage\",\"url\":\"https:\/\/nanoe.com\/zh-hans\/pieces-dusure-outillage\/\",\"name\":\"\\u6613\\u78e8\\u635f\\u5de5\\u4ef6\\u548c\\u5de5\\u5177 : une meilleure duret\\u00e9 et t\\u00e9nacit\\u00e9 &ndash; Nanoe\",\"isPartOf\":{\"@id\":\"https:\/\/nanoe.com\/en\/#website\"},\"datePublished\":\"2020-03-24T09:37:52+00:00\",\"dateModified\":\"2021-05-25T18:57:47+00:00\",\"description\":\"La c\\u00e9ramique permet d'augmenter la dur\\u00e9e de vie de vos pi\\u00e8ces. Outils de coupe. Guide fil pour le textile et la fabrication de c\\u00e2ble.\",\"breadcrumb\":{\"@id\":\"https:\/\/nanoe.com\/zh-hans\/pieces-dusure-outillage\/#breadcrumb\"},\"inLanguage\":\"zh-CN\",\"potentialAction\":[{\"@type\":\"ReadAction\",\"target\":[\"https:\/\/nanoe.com\/zh-hans\/pieces-dusure-outillage\/\"]}]},{\"@type\":\"BreadcrumbList\",\"@id\":\"https:\/\/nanoe.com\/zh-hans\/pieces-dusure-outillage\/#breadcrumb\",\"itemListElement\":[{\"@type\":\"ListItem\",\"position\":1,\"item\":{\"@type\":\"WebPage\",\"@id\":\"https:\/\/nanoe.com\/zh-hans\/\",\"url\":\"https:\/\/nanoe.com\/zh-hans\/\",\"name\":\"Home\"}},{\"@type\":\"ListItem\",\"position\":2,\"item\":{\"@id\":\"https:\/\/nanoe.com\/zh-hans\/pieces-dusure-outillage\/#webpage\"}}]}]}<\/script>\n<!-- \/ Yoast SEO plugin. -->","_links":{"self":[{"href":"https:\/\/nanoe.com\/zh-hans\/wp-json\/wp\/v2\/pages\/1206"}],"collection":[{"href":"https:\/\/nanoe.com\/zh-hans\/wp-json\/wp\/v2\/pages"}],"about":[{"href":"https:\/\/nanoe.com\/zh-hans\/wp-json\/wp\/v2\/types\/page"}],"author":[{"embeddable":true,"href":"https:\/\/nanoe.com\/zh-hans\/wp-json\/wp\/v2\/users\/3"}],"replies":[{"embeddable":true,"href":"https:\/\/nanoe.com\/zh-hans\/wp-json\/wp\/v2\/comments?post=1206"}],"version-history":[{"count":5,"href":"https:\/\/nanoe.com\/zh-hans\/wp-json\/wp\/v2\/pages\/1206\/revisions"}],"predecessor-version":[{"id":1387,"href":"https:\/\/nanoe.com\/zh-hans\/wp-json\/wp\/v2\/pages\/1206\/revisions\/1387"}],"wp:attachment":[{"href":"https:\/\/nanoe.com\/zh-hans\/wp-json\/wp\/v2\/media?parent=1206"}],"curies":[{"name":"wp","href":"https:\/\/api.w.org\/{rel}","templated":true}]}}