{"id":1210,"date":"2020-03-24T17:41:28","date_gmt":"2020-03-24T16:41:28","guid":{"rendered":"https:\/\/nanoe.com\/rubis-polycristallin\/"},"modified":"2021-05-25T17:38:12","modified_gmt":"2021-05-25T15:38:12","slug":"rubis-polycristallin","status":"publish","type":"page","link":"https:\/\/nanoe.com\/zh-hans\/rubis-polycristallin\/","title":{"rendered":"\u591a\u6676\u7ea2\u5b9d\u77f3"},"content":{"rendered":"","protected":false},"excerpt":{"rendered":"","protected":false},"author":3,"featured_media":0,"parent":0,"menu_order":0,"comment_status":"closed","ping_status":"closed","template":"","meta":[],"acf":{"components":[{"acf_fc_layout":"hero","hero_background":492,"hero_title":"\u591a\u6676\u7ea2\u5b9d\u77f3"},{"acf_fc_layout":"wysiwyg","wysiwyg":"<p style=\"text-align: center;\"><strong>\u8d85\u9ad8\u8010\u78e8\u6027 | \u8d85\u9ad8\u8010\u6469\u64e6\u6027<\/strong><\/p>\n","display_one":false,"colonne":"10"},{"acf_fc_layout":"content","title":"\u591a\u6676\u7ea2\u5b9d\u77f3\u6750\u6599","text":"<p>\u591a\u6676\u7ea2\u5b9d\u77f3\uff0c\u4e5f\u88ab\u79f0\u4e3a\u542b\u94ec\u6c27\u5316\u94dd\uff0c\u662f\u4e00\u79cd\u9676\u74f7\u6750\u6599\uff0c\u5177\u6709\u6c27\u5316\u94dd\u7684\u786c\u5ea6\uff0c\u8fd8\u95ea\u8000\u7740\u5982\u5929\u7136\u7ea2\u5b9d\u77f3\u4e00\u822c\u7684\u6df1\u7ea2\u8272\u3002Nanoe\u5229\u7528\u5176\u4e13\u4e1a\u6280\u672f\u548c\u72ec\u7279\u5de5\u827a\uff0c\u7814\u53d1\u51fa\u4e00\u6b3e\u542b\u94ec\u6c27\u5316\u94dd\u8d85\u7ec6\u7c89\u672b\uff0c\u53ef\u7528\u4e8e\u5236\u6210\u534a\u900f\u660e\u591a\u6676\u7ea2\u5b9d\u77f3\u6750\u6599\uff0c\u5177\u6709\u8010\u78e8\u6027\u6027\u548c\u8f83\u4f4e\u6469\u64e6\u7cfb\u6570\u3002<\/p>\n","link_one":"","link_two":"","background":{"ID":122,"id":122,"title":"microscope","filename":"microscope.png","filesize":1397617,"url":"https:\/\/nanoe.com\/wp-content\/uploads\/2020\/03\/microscope.png","link":"https:\/\/nanoe.com\/zh-hans\/support-technique\/microscope\/","alt":"","author":"1","description":"","caption":"","name":"microscope","status":"inherit","uploaded_to":120,"date":"2020-03-10 17:36:04","modified":"2020-03-10 17:36:04","menu_order":0,"mime_type":"image\/png","type":"image","subtype":"png","icon":"https:\/\/nanoe.com\/wp-includes\/images\/media\/default.png","width":1920,"height":640,"sizes":{"thumbnail":"https:\/\/nanoe.com\/wp-content\/uploads\/2020\/03\/microscope-150x150.png","thumbnail-width":150,"thumbnail-height":150,"medium":"https:\/\/nanoe.com\/wp-content\/uploads\/2020\/03\/microscope-300x100.png","medium-width":300,"medium-height":100,"medium_large":"https:\/\/nanoe.com\/wp-content\/uploads\/2020\/03\/microscope-768x256.png","medium_large-width":768,"medium_large-height":256,"large":"https:\/\/nanoe.com\/wp-content\/uploads\/2020\/03\/microscope-1024x341.png","large-width":1024,"large-height":341,"1536x1536":"https:\/\/nanoe.com\/wp-content\/uploads\/2020\/03\/microscope-1536x512.png","1536x1536-width":1536,"1536x1536-height":512,"2048x2048":"https:\/\/nanoe.com\/wp-content\/uploads\/2020\/03\/microscope.png","2048x2048-width":1920,"2048x2048-height":640,"wide":"https:\/\/nanoe.com\/wp-content\/uploads\/2020\/03\/microscope.png","wide-width":1920,"wide-height":640,"hero":"https:\/\/nanoe.com\/wp-content\/uploads\/2020\/03\/microscope-1236x412.png","hero-width":1236,"hero-height":412}}},{"acf_fc_layout":"spacer","size":"small"},{"acf_fc_layout":"title","type":"h2","align":"left","title":"\u5e94\u7528"},{"acf_fc_layout":"wysiwyg","wysiwyg":"<h4>\u591a\u6676\u7ea2\u5b9d\u77f3\u6750\u6599\u591a\u7528\u4e8e\u5236\u4f5c\u673a\u68b0\u624b\u8868\u7684\u91d1\u5c5e\u9f7f\u8f6e\u8f74\u627f\u3002\u6b64\u5916\uff0c\u542b\u94ec\u6c27\u5316\u94dd\u548c\u4f20\u7edf\u6c27\u5316\u94dd\u4e00\u6837\uff0c\u5f97\u5230\u8ba1\u91cf\u5b66\u548c\u751f\u7269\u533b\u7597\u9886\u57df\u7684\u9752\u7750\u3002\u94ec\u5143\u7d20\u53ef\u4ee5\u6539\u5584\u6c27\u5316\u94dd\u7684\u673a\u68b0\u7279\u6027\uff0c\u4f7f\u4e4b\u53d8\u6210\u7ea2\u8272\uff0c\u4fbf\u4e8e\u548c\u5176\u4ed6\u5de5\u4ef6\u533a\u5206\u3002<\/h4>\n","display_one":false,"colonne":"12"},{"acf_fc_layout":"pictos","block":[{"pictogramme":"watch","title":"\u949f\u8868\u548c\u73e0\u5b9d","description":"\u8be5\u6750\u6599\u51ed\u501f\u7740\u575a\u56fa\u3001\u8010\u78e8\u635f\u548c\u4f4e\u6469\u64e6\u7cfb\u6570\u7684\u4f18\u52bf\uff0c\u6210\u4e3a\u949f\u8868\u5236\u4f5c\u7684\u7406\u60f3\u6750\u6599\uff0c\u6709\u52a9\u4e8e\u6539\u5584\u949f\u8868\u96f6\u4ef6\u7cbe\u5bc6\u5ea6\uff0c\u5ef6\u957f\u4f7f\u7528\u5bff\u547d\u3002","picto_link":{"title":"","url":"\/horlogerie-bijouterie\/","target":""}},{"pictogramme":"compas","title":"\u8ba1\u91cf\u5b66","description":"\u542b\u94ec\u6c27\u5316\u94dd\u662f\u8ba1\u91cf\u5b66\u9886\u57df\u5e38\u7528\u7684\u6750\u6599\uff0c\u56e0\u5176\u5177\u6709\u826f\u597d\u7684\u673a\u68b0\u7279\u6027\uff0c\u800c\u4e14\u5b83\u5448\u73b0\u7684\u7ea2\u8272\u4f7f\u5f97\u5de5\u5177\u5728\u7ef4\u62a4\u4f5c\u4e1a\u4e2d\u66f4\u6613\u8fa8\u8ba4\u3002","picto_link":{"title":"","url":"\/metrologie\/","target":""}}],"link":{"title":"\u6211\u4eec\u7684\u5e94\u7528","url":"\/horlogerie-bijouterie\/","target":""}},{"acf_fc_layout":"separateur"},{"acf_fc_layout":"push","title":"\u9002\u5e94\u60a8\u9700\u6c42\u7684\u4ea7\u54c1","text":"<p>Nanoe\u6839\u636e\u60a8\u7684\u9700\u6c42\uff0c\u5c06\u4ea4\u4ed8\u7684\u591a\u6676\u7ea2\u5b9d\u77f3\u6750\u6599\u8c03\u6574\u6210\u9002\u5e94\u5236\u4f5c\u6d41\u7a0b\u7684\u5f62\u72b6\u3002\u540c\u65f6\u6211\u4eec\u8fd8\u80fd\u63d0\u4f9b\u5404\u79cd\u5f62\u6001\u7684\u6750\u6599\uff0c\u5305\u62ec\u53ef\u76f4\u63a5\u6324\u538b\u9897\u7c92\u3001\u53ef\u518d\u5206\u6563\u7c89\u672b\u3001\u6216\u7528\u4e8e\u9676\u74f7\u6ce8\u5c04\u6210\u5f62\u7684\u7ed9\u6599\u3002\u53e6\u5916\uff0cNanoe\u8fd8\u80fd\u8c03\u6574\u94ec\u542b\u91cf\u6bd4\u4f8b\uff0c\u4ee5\u8fbe\u5230\u6240\u9700\u7684\u5e94\u529b\u5c5e\u6027\u3002<\/p>\n<p style=\"text-align: center;\"><strong>\u60a8\u6709\u5174\u8da3\u4e86\u89e3<\/strong><strong>Nanoe<\/strong><strong>\u7684\u591a\u6676\u7ea2\u5b9d\u77f3\u6750\u6599\u5417\uff1f<\/strong><\/p>\n","link":{"title":"\u6b22\u8fce\u4e0e\u6211\u4eec\u8054\u7cfb!","url":"\/contact\/","target":""},"background":{"ID":232,"id":232,"title":"BGdark-compressor","filename":"BGdark-compressor.png","filesize":264791,"url":"https:\/\/nanoe.com\/wp-content\/uploads\/2020\/03\/BGdark-compressor.png","link":"https:\/\/nanoe.com\/zh-hans\/zta-12\/bgdark-compressor\/","alt":"","author":"1","description":"","caption":"","name":"bgdark-compressor","status":"inherit","uploaded_to":230,"date":"2020-03-20 10:50:07","modified":"2020-03-20 10:50:07","menu_order":0,"mime_type":"image\/png","type":"image","subtype":"png","icon":"https:\/\/nanoe.com\/wp-includes\/images\/media\/default.png","width":1920,"height":729,"sizes":{"thumbnail":"https:\/\/nanoe.com\/wp-content\/uploads\/2020\/03\/BGdark-compressor-150x150.png","thumbnail-width":150,"thumbnail-height":150,"medium":"https:\/\/nanoe.com\/wp-content\/uploads\/2020\/03\/BGdark-compressor-300x114.png","medium-width":300,"medium-height":114,"medium_large":"https:\/\/nanoe.com\/wp-content\/uploads\/2020\/03\/BGdark-compressor-768x292.png","medium_large-width":768,"medium_large-height":292,"large":"https:\/\/nanoe.com\/wp-content\/uploads\/2020\/03\/BGdark-compressor-1024x389.png","large-width":1024,"large-height":389,"1536x1536":"https:\/\/nanoe.com\/wp-content\/uploads\/2020\/03\/BGdark-compressor-1536x583.png","1536x1536-width":1536,"1536x1536-height":583,"2048x2048":"https:\/\/nanoe.com\/wp-content\/uploads\/2020\/03\/BGdark-compressor.png","2048x2048-width":1920,"2048x2048-height":729,"wide":"https:\/\/nanoe.com\/wp-content\/uploads\/2020\/03\/BGdark-compressor.png","wide-width":1920,"wide-height":729,"hero":"https:\/\/nanoe.com\/wp-content\/uploads\/2020\/03\/BGdark-compressor-1085x412.png","hero-width":1085,"hero-height":412}}}]},"yoast_head":"<!-- This site is optimized with the Yoast SEO plugin v16.3 - https:\/\/yoast.com\/wordpress\/plugins\/seo\/ -->\n<meta name=\"description\" content=\"Poudre c\u00e9ramique rouge, r\u00e9sistante \u00e0 l\u2019usure et ayant un faible coefficient de frottement. Utilis\u00e9e en horlogerie, en m\u00e9trologie et en biom\u00e9dical.\" \/>\n<meta name=\"robots\" content=\"index, follow, max-snippet:-1, max-image-preview:large, max-video-preview:-1\" \/>\n<link rel=\"canonical\" href=\"https:\/\/nanoe.com\/zh-hans\/rubis-polycristallin\/\" \/>\n<meta property=\"og:locale\" content=\"zh_CN\" \/>\n<meta property=\"og:type\" content=\"article\" \/>\n<meta property=\"og:title\" content=\"\u591a\u6676\u7ea2\u5b9d\u77f3 ou Alumine chrom\u00e9e &ndash; Nanoe\" \/>\n<meta property=\"og:description\" content=\"Poudre c\u00e9ramique rouge, r\u00e9sistante \u00e0 l\u2019usure et ayant un faible coefficient de frottement. Utilis\u00e9e en horlogerie, en m\u00e9trologie et en biom\u00e9dical.\" \/>\n<meta property=\"og:url\" content=\"https:\/\/nanoe.com\/zh-hans\/rubis-polycristallin\/\" \/>\n<meta property=\"og:site_name\" content=\"Nanoe\" \/>\n<meta property=\"article:modified_time\" content=\"2021-05-25T15:38:12+00:00\" \/>\n<meta name=\"twitter:card\" content=\"summary_large_image\" \/>\n<script type=\"application\/ld+json\" class=\"yoast-schema-graph\">{\"@context\":\"https:\/\/schema.org\",\"@graph\":[{\"@type\":\"Organization\",\"@id\":\"https:\/\/nanoe.com\/en\/#organization\",\"name\":\"Nanoe\",\"url\":\"https:\/\/nanoe.com\/en\/\",\"sameAs\":[],\"logo\":{\"@type\":\"ImageObject\",\"@id\":\"https:\/\/nanoe.com\/en\/#logo\",\"inLanguage\":\"zh-CN\",\"url\":\"https:\/\/nanoe.com\/wp-content\/uploads\/2020\/03\/logo.png\",\"contentUrl\":\"https:\/\/nanoe.com\/wp-content\/uploads\/2020\/03\/logo.png\",\"width\":618,\"height\":126,\"caption\":\"Nanoe\"},\"image\":{\"@id\":\"https:\/\/nanoe.com\/en\/#logo\"}},{\"@type\":\"WebSite\",\"@id\":\"https:\/\/nanoe.com\/en\/#website\",\"url\":\"https:\/\/nanoe.com\/en\/\",\"name\":\"Nanoe\",\"description\":\"Nanopoudres pour l&#039;industrie c\\u00e9ramique\",\"publisher\":{\"@id\":\"https:\/\/nanoe.com\/en\/#organization\"},\"potentialAction\":[{\"@type\":\"SearchAction\",\"target\":\"https:\/\/nanoe.com\/en\/?s={search_term_string}\",\"query-input\":\"required name=search_term_string\"}],\"inLanguage\":\"zh-CN\"},{\"@type\":\"WebPage\",\"@id\":\"https:\/\/nanoe.com\/zh-hans\/rubis-polycristallin\/#webpage\",\"url\":\"https:\/\/nanoe.com\/zh-hans\/rubis-polycristallin\/\",\"name\":\"\\u591a\\u6676\\u7ea2\\u5b9d\\u77f3 ou Alumine chrom\\u00e9e &ndash; Nanoe\",\"isPartOf\":{\"@id\":\"https:\/\/nanoe.com\/en\/#website\"},\"datePublished\":\"2020-03-24T16:41:28+00:00\",\"dateModified\":\"2021-05-25T15:38:12+00:00\",\"description\":\"Poudre c\\u00e9ramique rouge, r\\u00e9sistante \\u00e0 l\\u2019usure et ayant un faible coefficient de frottement. Utilis\\u00e9e en horlogerie, en m\\u00e9trologie et en biom\\u00e9dical.\",\"breadcrumb\":{\"@id\":\"https:\/\/nanoe.com\/zh-hans\/rubis-polycristallin\/#breadcrumb\"},\"inLanguage\":\"zh-CN\",\"potentialAction\":[{\"@type\":\"ReadAction\",\"target\":[\"https:\/\/nanoe.com\/zh-hans\/rubis-polycristallin\/\"]}]},{\"@type\":\"BreadcrumbList\",\"@id\":\"https:\/\/nanoe.com\/zh-hans\/rubis-polycristallin\/#breadcrumb\",\"itemListElement\":[{\"@type\":\"ListItem\",\"position\":1,\"item\":{\"@type\":\"WebPage\",\"@id\":\"https:\/\/nanoe.com\/zh-hans\/\",\"url\":\"https:\/\/nanoe.com\/zh-hans\/\",\"name\":\"Home\"}},{\"@type\":\"ListItem\",\"position\":2,\"item\":{\"@id\":\"https:\/\/nanoe.com\/zh-hans\/rubis-polycristallin\/#webpage\"}}]}]}<\/script>\n<!-- \/ Yoast SEO plugin. -->","_links":{"self":[{"href":"https:\/\/nanoe.com\/zh-hans\/wp-json\/wp\/v2\/pages\/1210"}],"collection":[{"href":"https:\/\/nanoe.com\/zh-hans\/wp-json\/wp\/v2\/pages"}],"about":[{"href":"https:\/\/nanoe.com\/zh-hans\/wp-json\/wp\/v2\/types\/page"}],"author":[{"embeddable":true,"href":"https:\/\/nanoe.com\/zh-hans\/wp-json\/wp\/v2\/users\/3"}],"replies":[{"embeddable":true,"href":"https:\/\/nanoe.com\/zh-hans\/wp-json\/wp\/v2\/comments?post=1210"}],"version-history":[{"count":2,"href":"https:\/\/nanoe.com\/zh-hans\/wp-json\/wp\/v2\/pages\/1210\/revisions"}],"predecessor-version":[{"id":1361,"href":"https:\/\/nanoe.com\/zh-hans\/wp-json\/wp\/v2\/pages\/1210\/revisions\/1361"}],"wp:attachment":[{"href":"https:\/\/nanoe.com\/zh-hans\/wp-json\/wp\/v2\/media?parent=1210"}],"curies":[{"name":"wp","href":"https:\/\/api.w.org\/{rel}","templated":true}]}}