{"id":1213,"date":"2020-03-11T15:06:09","date_gmt":"2020-03-11T14:06:09","guid":{"rendered":"https:\/\/nanoe.com\/stockage-de-lenergie\/"},"modified":"2021-05-26T08:11:36","modified_gmt":"2021-05-26T06:11:36","slug":"stockage-de-lenergie","status":"publish","type":"page","link":"https:\/\/nanoe.com\/zh-hans\/stockage-de-lenergie\/","title":{"rendered":"\u80fd\u6e90\u50a8\u5b58"},"content":{"rendered":"","protected":false},"excerpt":{"rendered":"","protected":false},"author":3,"featured_media":0,"parent":0,"menu_order":0,"comment_status":"closed","ping_status":"closed","template":"","meta":[],"acf":{"components":[{"acf_fc_layout":"hero","hero_background":273,"hero_title":"\u80fd\u6e90\u50a8\u5b58"},{"acf_fc_layout":"wysiwyg","wysiwyg":"<p>\u9502\u79bb\u5b50\u7535\u6c60\u662f\u7535\u52a8\u6c7d\u8f66\u3001\u84c4\u80fd\u3001\u7535\u5b50\u4ea7\u54c1\u548c\u65e0\u4eba\u673a\u7b49\u591a\u4e2a\u9886\u57df\u7684\u521b\u65b0\u6838\u5fc3\u4ea7\u54c1\u3002\u5982\u4eca\uff0c\u963b\u788d\u6b64\u7c7b\u7535\u6c60\u666e\u53ca\u4f7f\u7528\u7684\u4e3b\u8981\u6311\u6218\u5728\u4e8e\u5176\u6210\u672c\u3001\u80fd\u91cf\u5bc6\u5ea6\u548c\u529f\u7387\u3002\u6750\u6599\u9886\u57df\u7684\u521b\u65b0 \u80fd\u591f\u7a81\u7834\u7535\u6c60\u6027\u80fd\u7684\u5c40\u9650\u6027\u3002<\/p>\n","display_one":true,"colonne":"10"},{"acf_fc_layout":"text_image","title":"\u84c4\u80fd\u9886\u57df\u7684\u4e13\u4e1a\u5b9e\u529b","text":"<p>Nanoe\u7684\u7814\u53d1\u7684\u5176\u4e2d\u4e00\u4e2a\u56e2\u961f\u4e13\u6ce8\u4e8e\u9502\u79bb\u5b50\u84c4\u7535\u6c60\u548c\u540e\u9502\u79bb\u5b50\u6280\u672f\u7684\u521b\u65b0\u6d3b\u6027\u7269\u8d28\u7684\u5408\u6210\u3002\u56e2\u961f\u8fd8\u7814\u7a76\u7535\u6c60\u6750\u6599\u5408\u6210\u5de5\u5e8f\u4f18\u5316\u7b49\u5176\u4ed6\u91cd\u8981\u4e3b\u9898\u3002\u6211\u4eec\u4e0e\u7d22\u90a6\u5927\u5b66\u3001\u5df4\u9ece\u4e1c\u90e8\u5927\u5b66\u548c\u5df4\u9ece\u8428\u514b\u96f7\u5927\u5b66\u8fbe\u6210\u5408\u4f5c\uff0c\u4e0e\u5ba2\u6237\u5171\u540c\u7814\u53d1\u4e0b\u4e00\u4ee3\u7535\u5316\u5b66\u84c4\u7535\u6c60\u7684\u5173\u952e\u6750\u6599\u3002\u57282019\u5e74\u4ee5\u6765\uff0c\u6211\u4eec\u4e5f\u52a0\u5165\u4e86\u7535\u5316\u5b66\u84c4\u80fd\u7f51\u7edc\uff08RS2E\uff09\u4ff1\u4e50\u90e8\u3002<\/p>\n","image":{"ID":269,"id":269,"title":"Savoir faire stockage de l'\u00e9nergie Nanoe","filename":"Savoir-faire-stockage-de-l\u00e9nergie-Nanoe.jpg","filesize":864989,"url":"https:\/\/nanoe.com\/wp-content\/uploads\/2020\/03\/Savoir-faire-stockage-de-l\u00e9nergie-Nanoe.jpg","link":"https:\/\/nanoe.com\/zh-hans\/stockage-de-lenergie\/savoir-faire-stockage-de-lenergie-nanoe\/","alt":"","author":"1","description":"","caption":"","name":"savoir-faire-stockage-de-lenergie-nanoe","status":"inherit","uploaded_to":148,"date":"2020-03-20 11:51:40","modified":"2020-03-20 11:51:40","menu_order":0,"mime_type":"image\/jpeg","type":"image","subtype":"jpeg","icon":"https:\/\/nanoe.com\/wp-includes\/images\/media\/default.png","width":1448,"height":967,"sizes":{"thumbnail":"https:\/\/nanoe.com\/wp-content\/uploads\/2020\/03\/Savoir-faire-stockage-de-l\u00e9nergie-Nanoe-150x150.jpg","thumbnail-width":150,"thumbnail-height":150,"medium":"https:\/\/nanoe.com\/wp-content\/uploads\/2020\/03\/Savoir-faire-stockage-de-l\u00e9nergie-Nanoe-300x200.jpg","medium-width":300,"medium-height":200,"medium_large":"https:\/\/nanoe.com\/wp-content\/uploads\/2020\/03\/Savoir-faire-stockage-de-l\u00e9nergie-Nanoe-768x513.jpg","medium_large-width":768,"medium_large-height":513,"large":"https:\/\/nanoe.com\/wp-content\/uploads\/2020\/03\/Savoir-faire-stockage-de-l\u00e9nergie-Nanoe-1024x684.jpg","large-width":1024,"large-height":684,"1536x1536":"https:\/\/nanoe.com\/wp-content\/uploads\/2020\/03\/Savoir-faire-stockage-de-l\u00e9nergie-Nanoe.jpg","1536x1536-width":1448,"1536x1536-height":967,"2048x2048":"https:\/\/nanoe.com\/wp-content\/uploads\/2020\/03\/Savoir-faire-stockage-de-l\u00e9nergie-Nanoe.jpg","2048x2048-width":1448,"2048x2048-height":967,"wide":"https:\/\/nanoe.com\/wp-content\/uploads\/2020\/03\/Savoir-faire-stockage-de-l\u00e9nergie-Nanoe.jpg","wide-width":1448,"wide-height":967,"hero":"https:\/\/nanoe.com\/wp-content\/uploads\/2020\/03\/Savoir-faire-stockage-de-l\u00e9nergie-Nanoe-617x412.jpg","hero-width":617,"hero-height":412}},"link":"","image_right":false,"couleur":"secondary"},{"acf_fc_layout":"content","title":"\u521b\u65b0\u8282\u80fd\u7684NMC\u7c89\u672b\u5408\u6210\u65b9\u6cd5","text":"<p>NMC\uff08\u954d\u94b4\u9530\u9178\u9502\uff09\u84c4\u7535\u6c60\u6210\u672c\u4f4e\u3001\u5355\u4f4d\u80fd\u91cf\u5bc6\u5ea6\u9ad8\uff0c\u6700\u8fd1\u624d\u5f00\u59cb\u88ab\u4f7f\u7528\u3002\u8fd9\u4e9b\u6d3b\u6027\u6750\u6599\u7684\u4f20\u7edf\u5408\u6210\u65b9\u5f0f\u662f\uff0c\u57fa\u4e8e\u9884\u8f6c\u5316\u76d0\u63d0\u53d6\u7684\u524d\u8d28\u8fdb\u884c\u8054\u5408\u6c89\u6dc0\u3002\u5236\u9020\u6b65\u9aa4\u6570\u3001\u524d\u5236\u4f5c\u8d39\u7528\u90fd\u5927\u5927\u589e\u52a0\u751f\u4ea7\u6210\u672c\u3002<\/p>\n<p>Nanoe\u6839\u636e\u5176\u4e30\u5bcc\u4e13\u4e1a\u7ecf\u9a8c\u63d0\u51fa\u4e00\u4e2a\u66ff\u4ee3\u65b9\u6cd5\u3002\u8be5\u65b9\u6cd5\u53ef\u4f7f\u5236\u4f5c\u6750\u6599\u7684\u6210\u672c\u51cf\u534a\uff0c\u4ece\u800c\u4f7f\u5355\u9897\u7535\u6c60\u6700\u7ec8\u6210\u672c\u964d\u81f3100\u7f8e\u5143\/kWh\u4ee5\u4e0b\u3002<\/p>\n","link_one":"","link_two":"","background":{"ID":122,"id":122,"title":"microscope","filename":"microscope.png","filesize":1397617,"url":"https:\/\/nanoe.com\/wp-content\/uploads\/2020\/03\/microscope.png","link":"https:\/\/nanoe.com\/zh-hans\/support-technique\/microscope\/","alt":"","author":"1","description":"","caption":"","name":"microscope","status":"inherit","uploaded_to":120,"date":"2020-03-10 17:36:04","modified":"2020-03-10 17:36:04","menu_order":0,"mime_type":"image\/png","type":"image","subtype":"png","icon":"https:\/\/nanoe.com\/wp-includes\/images\/media\/default.png","width":1920,"height":640,"sizes":{"thumbnail":"https:\/\/nanoe.com\/wp-content\/uploads\/2020\/03\/microscope-150x150.png","thumbnail-width":150,"thumbnail-height":150,"medium":"https:\/\/nanoe.com\/wp-content\/uploads\/2020\/03\/microscope-300x100.png","medium-width":300,"medium-height":100,"medium_large":"https:\/\/nanoe.com\/wp-content\/uploads\/2020\/03\/microscope-768x256.png","medium_large-width":768,"medium_large-height":256,"large":"https:\/\/nanoe.com\/wp-content\/uploads\/2020\/03\/microscope-1024x341.png","large-width":1024,"large-height":341,"1536x1536":"https:\/\/nanoe.com\/wp-content\/uploads\/2020\/03\/microscope-1536x512.png","1536x1536-width":1536,"1536x1536-height":512,"2048x2048":"https:\/\/nanoe.com\/wp-content\/uploads\/2020\/03\/microscope.png","2048x2048-width":1920,"2048x2048-height":640,"wide":"https:\/\/nanoe.com\/wp-content\/uploads\/2020\/03\/microscope.png","wide-width":1920,"wide-height":640,"hero":"https:\/\/nanoe.com\/wp-content\/uploads\/2020\/03\/microscope-1236x412.png","hero-width":1236,"hero-height":412}}},{"acf_fc_layout":"text_image","title":"\u6211\u4eec\u7684\u5b9a\u5236\u89e3\u51b3\u65b9\u6848","text":"<p>Nanoe\u501f\u52a9\u8be5\u9ad8\u6548\u65b0\u65b9\u6cd5\uff0c\u4f7f\u7528NCA\uff08\u954d\u94b4\u94dd\u9178\u9502\uff09\u3001LEP\uff08\u78f7\u9178\u94c1\u9502\uff09\u7b49\u5176\u4ed6\u6d3b\u6027\u6750\u6599\u8fdb\u884c\u5408\u6210\uff0c\u751a\u81f3\u8fd8\u80fd\u6839\u636e\u5e94\u7528\u573a\u666f\uff08\u80fd\u6e90\/\u529f\u7387\uff09\u5b9a\u5236\u7535\u6c60\u5408\u6210\u7269\u3002\u56e0\u6b64\u6211\u4eec\u57fa\u4e8e\u4e0a\u8ff0\u76ee\u524d\u5c1a\u672a\u63a8\u51fa\u5e02\u573a\u7684\u5b9a\u5236\u5408\u6210\u7269\uff0c\u80fd\u591f\u6309\u4e2d\u578b\u89c4\u6a21\uff08100kg &#8211; 10T\uff09\u751f\u4ea7\u7535\u6c60\u7535\u6781\u7684\u539f\u6750\u6599\uff0c\u786e\u4fdd\u4ea7\u54c1\u4e0e\u6211\u4eec\u73b0\u6709\u7684\u9676\u74f7\u6750\u6599\u5177\u6709\u540c\u7b49\u7684\u7eaf\u5ea6\u548c\u8d28\u91cf\u3002\u53e6\u4e00\u65b9\u9762\uff0c\u6211\u4eec\u8fd8\u5f88\u591a\u7cbe\u529b\u7814\u53d1\u540e\u9502\u79bb\u5b50\u6280\u672f\u7684\u5173\u952e\u6750\u6599\uff0c\u6bd4\u5982\u521b\u65b0\u6d3b\u6027\u6750\u6599\u3001\u84c4\u7535\u6c60\u9676\u74f7\u9694\u677f\u548c\u7528\u4e8e\u56fa\u4f53\u84c4\u7535\u6c60\u7684\u56fa\u4f53\u7535\u89e3\u8d28\u3002<\/p>\n","image":{"ID":151,"id":151,"title":"cycleur","filename":"cycleur.png","filesize":393872,"url":"https:\/\/nanoe.com\/wp-content\/uploads\/2020\/03\/cycleur.png","link":"https:\/\/nanoe.com\/zh-hans\/stockage-de-lenergie\/cycleur\/","alt":"","author":"1","description":"","caption":"","name":"cycleur","status":"inherit","uploaded_to":148,"date":"2020-03-11 14:06:03","modified":"2020-03-11 14:06:03","menu_order":0,"mime_type":"image\/png","type":"image","subtype":"png","icon":"https:\/\/nanoe.com\/wp-includes\/images\/media\/default.png","width":464,"height":416,"sizes":{"thumbnail":"https:\/\/nanoe.com\/wp-content\/uploads\/2020\/03\/cycleur-150x150.png","thumbnail-width":150,"thumbnail-height":150,"medium":"https:\/\/nanoe.com\/wp-content\/uploads\/2020\/03\/cycleur-300x269.png","medium-width":300,"medium-height":269,"medium_large":"https:\/\/nanoe.com\/wp-content\/uploads\/2020\/03\/cycleur.png","medium_large-width":464,"medium_large-height":416,"large":"https:\/\/nanoe.com\/wp-content\/uploads\/2020\/03\/cycleur.png","large-width":464,"large-height":416,"1536x1536":"https:\/\/nanoe.com\/wp-content\/uploads\/2020\/03\/cycleur.png","1536x1536-width":464,"1536x1536-height":416,"2048x2048":"https:\/\/nanoe.com\/wp-content\/uploads\/2020\/03\/cycleur.png","2048x2048-width":464,"2048x2048-height":416,"wide":"https:\/\/nanoe.com\/wp-content\/uploads\/2020\/03\/cycleur.png","wide-width":464,"wide-height":416,"hero":"https:\/\/nanoe.com\/wp-content\/uploads\/2020\/03\/cycleur-460x412.png","hero-width":460,"hero-height":412}},"link":{"title":"\u6b22\u8fce\u5b9a\u5236\u60a8\u7684\u4e13\u5c5e\u4ea7\u54c1","url":"\/produit-sur-mesure\/","target":""},"image_right":false,"couleur":"secondary"}]},"yoast_head":"<!-- This site is optimized with the Yoast SEO plugin v16.3 - https:\/\/yoast.com\/wordpress\/plugins\/seo\/ -->\n<meta name=\"description\" content=\"Le savoir-faire Nanoe au service du stockage de l&#039;\u00e9nergie. Batteries lithium-ion : d\u00e9passons leurs performances gr\u00e2ce \u00e0 l&#039;innovation de leurs mat\u00e9riaux.\" \/>\n<meta name=\"robots\" content=\"index, follow, max-snippet:-1, max-image-preview:large, max-video-preview:-1\" \/>\n<link rel=\"canonical\" href=\"https:\/\/nanoe.com\/zh-hans\/stockage-de-lenergie\/\" \/>\n<meta property=\"og:locale\" content=\"zh_CN\" \/>\n<meta property=\"og:type\" content=\"article\" \/>\n<meta property=\"og:title\" content=\"\u80fd\u6e90\u50a8\u5b58 et synth\u00e8se de poudres NMC &ndash; Nanoe\" \/>\n<meta property=\"og:description\" content=\"Le savoir-faire Nanoe au service du stockage de l&#039;\u00e9nergie. Batteries lithium-ion : d\u00e9passons leurs performances gr\u00e2ce \u00e0 l&#039;innovation de leurs mat\u00e9riaux.\" \/>\n<meta property=\"og:url\" content=\"https:\/\/nanoe.com\/zh-hans\/stockage-de-lenergie\/\" \/>\n<meta property=\"og:site_name\" content=\"Nanoe\" \/>\n<meta property=\"article:modified_time\" content=\"2021-05-26T06:11:36+00:00\" \/>\n<meta name=\"twitter:card\" content=\"summary_large_image\" \/>\n<script type=\"application\/ld+json\" class=\"yoast-schema-graph\">{\"@context\":\"https:\/\/schema.org\",\"@graph\":[{\"@type\":\"Organization\",\"@id\":\"https:\/\/nanoe.com\/en\/#organization\",\"name\":\"Nanoe\",\"url\":\"https:\/\/nanoe.com\/en\/\",\"sameAs\":[],\"logo\":{\"@type\":\"ImageObject\",\"@id\":\"https:\/\/nanoe.com\/en\/#logo\",\"inLanguage\":\"zh-CN\",\"url\":\"https:\/\/nanoe.com\/wp-content\/uploads\/2020\/03\/logo.png\",\"contentUrl\":\"https:\/\/nanoe.com\/wp-content\/uploads\/2020\/03\/logo.png\",\"width\":618,\"height\":126,\"caption\":\"Nanoe\"},\"image\":{\"@id\":\"https:\/\/nanoe.com\/en\/#logo\"}},{\"@type\":\"WebSite\",\"@id\":\"https:\/\/nanoe.com\/en\/#website\",\"url\":\"https:\/\/nanoe.com\/en\/\",\"name\":\"Nanoe\",\"description\":\"Nanopoudres pour l&#039;industrie c\\u00e9ramique\",\"publisher\":{\"@id\":\"https:\/\/nanoe.com\/en\/#organization\"},\"potentialAction\":[{\"@type\":\"SearchAction\",\"target\":\"https:\/\/nanoe.com\/en\/?s={search_term_string}\",\"query-input\":\"required name=search_term_string\"}],\"inLanguage\":\"zh-CN\"},{\"@type\":\"WebPage\",\"@id\":\"https:\/\/nanoe.com\/zh-hans\/stockage-de-lenergie\/#webpage\",\"url\":\"https:\/\/nanoe.com\/zh-hans\/stockage-de-lenergie\/\",\"name\":\"\\u80fd\\u6e90\\u50a8\\u5b58 et synth\\u00e8se de poudres NMC &ndash; Nanoe\",\"isPartOf\":{\"@id\":\"https:\/\/nanoe.com\/en\/#website\"},\"datePublished\":\"2020-03-11T14:06:09+00:00\",\"dateModified\":\"2021-05-26T06:11:36+00:00\",\"description\":\"Le savoir-faire Nanoe au service du stockage de l'\\u00e9nergie. Batteries lithium-ion : d\\u00e9passons leurs performances gr\\u00e2ce \\u00e0 l'innovation de leurs mat\\u00e9riaux.\",\"breadcrumb\":{\"@id\":\"https:\/\/nanoe.com\/zh-hans\/stockage-de-lenergie\/#breadcrumb\"},\"inLanguage\":\"zh-CN\",\"potentialAction\":[{\"@type\":\"ReadAction\",\"target\":[\"https:\/\/nanoe.com\/zh-hans\/stockage-de-lenergie\/\"]}]},{\"@type\":\"BreadcrumbList\",\"@id\":\"https:\/\/nanoe.com\/zh-hans\/stockage-de-lenergie\/#breadcrumb\",\"itemListElement\":[{\"@type\":\"ListItem\",\"position\":1,\"item\":{\"@type\":\"WebPage\",\"@id\":\"https:\/\/nanoe.com\/zh-hans\/\",\"url\":\"https:\/\/nanoe.com\/zh-hans\/\",\"name\":\"Home\"}},{\"@type\":\"ListItem\",\"position\":2,\"item\":{\"@id\":\"https:\/\/nanoe.com\/zh-hans\/stockage-de-lenergie\/#webpage\"}}]}]}<\/script>\n<!-- \/ Yoast SEO plugin. -->","_links":{"self":[{"href":"https:\/\/nanoe.com\/zh-hans\/wp-json\/wp\/v2\/pages\/1213"}],"collection":[{"href":"https:\/\/nanoe.com\/zh-hans\/wp-json\/wp\/v2\/pages"}],"about":[{"href":"https:\/\/nanoe.com\/zh-hans\/wp-json\/wp\/v2\/types\/page"}],"author":[{"embeddable":true,"href":"https:\/\/nanoe.com\/zh-hans\/wp-json\/wp\/v2\/users\/3"}],"replies":[{"embeddable":true,"href":"https:\/\/nanoe.com\/zh-hans\/wp-json\/wp\/v2\/comments?post=1213"}],"version-history":[{"count":2,"href":"https:\/\/nanoe.com\/zh-hans\/wp-json\/wp\/v2\/pages\/1213\/revisions"}],"predecessor-version":[{"id":1395,"href":"https:\/\/nanoe.com\/zh-hans\/wp-json\/wp\/v2\/pages\/1213\/revisions\/1395"}],"wp:attachment":[{"href":"https:\/\/nanoe.com\/zh-hans\/wp-json\/wp\/v2\/media?parent=1213"}],"curies":[{"name":"wp","href":"https:\/\/api.w.org\/{rel}","templated":true}]}}