{"id":1215,"date":"2020-03-10T18:36:41","date_gmt":"2020-03-10T17:36:41","guid":{"rendered":"https:\/\/nanoe.com\/support-technique\/"},"modified":"2021-05-26T08:32:42","modified_gmt":"2021-05-26T06:32:42","slug":"support-technique","status":"publish","type":"page","link":"https:\/\/nanoe.com\/zh-hans\/support-technique\/","title":{"rendered":"\u6280\u672f\u652f\u6301"},"content":{"rendered":"","protected":false},"excerpt":{"rendered":"","protected":false},"author":3,"featured_media":0,"parent":0,"menu_order":0,"comment_status":"closed","ping_status":"closed","template":"","meta":[],"acf":{"components":[{"acf_fc_layout":"hero","hero_background":277,"hero_title":"\u6280\u672f\u652f\u6301"},{"acf_fc_layout":"wysiwyg","wysiwyg":"<p>\u5982\u679c\u60a8\u5728\u5236\u9020\u6d41\u7a0b\u4e2d\u66f4\u6362\u7c89\u672b\uff0c\u9700\u8981\u4e3a\u751f\u4ea7\u94fe\u9884\u7559\u4e00\u6bb5\u9002\u5e94\u671f\u3002\u4e3a\u4e86\u786e\u4fddNanoe\u7684\u7c89\u672b\u4ea7\u54c1\u4ee5\u6700\u5feb\u6700\u7b80\u5355\u7684\u65b9\u5f0f\u6295\u5165\u8bbe\u5907\u751f\u4ea7\uff0c\u6211\u4eec\u7684\u5546\u52a1\u56e2\u961f\u548c\u4e13\u4e1a\u5de5\u7a0b\u5e08\u5c06\u5168\u7a0b\u4e3a\u60a8\u63d0\u4f9b\u652f\u6301\uff0c\u5305\u62ec\u539f\u6750\u6599\u7684\u9009\u8d2d\uff0c\u6216\u8005\u7c89\u672b\u8fbe\u5230\u5de5\u4e1a\u89c4\u6a21\u7684\u5e94\u7528\u3002<\/p>\n","display_one":true,"colonne":"10"},{"acf_fc_layout":"content","title":"\u6750\u6599\u9009\u62e9","text":"<p>Nanoe\u5546\u52a1\u56e2\u961f\u7531\u6750\u6599\u9886\u57df\u4e13\u4e1a\u5de5\u7a0b\u5e08\u7ec4\u6210\u3002\u9676\u74f7\u6750\u6599\u662f\u6211\u4eec\u7684\u4e13\u4e1a\u5f3a\u9879\uff0c\u6211\u4eec\u975e\u5e38\u719f\u6089\u5176\u7279\u6027\u548c\u4f7f\u7528\u3002\u6211\u4eec\u5c06\u5e2e\u52a9\u60a8\u9009\u62e9\u6700\u9002\u5408\u60a8\u9879\u76ee\u7684\u9676\u74f7\u6750\u6599\uff0c\u53ef\u4ee5\u7814\u53d1\u65b0\u4ea7\u54c1\u6216\u6539\u826f\u73b0\u6709\u4ea7\u54c1\u3002\u6211\u4eec\u5c06\u6839\u636e\u60a8\u7684\u64cd\u4f5c\u624b\u518c\u8bf4\u660e\u548c\u60a8\u7684\u9700\u6c42\uff0c\u4e3a\u60a8\u63d0\u4f9b\u7c89\u672b\u9009\u62e9\u65b9\u9762\u7684\u652f\u6301\u548c\u5efa\u8bae\u3002<\/p>\n","link_one":"","link_two":"","background":{"ID":122,"id":122,"title":"microscope","filename":"microscope.png","filesize":1397617,"url":"https:\/\/nanoe.com\/wp-content\/uploads\/2020\/03\/microscope.png","link":"https:\/\/nanoe.com\/zh-hans\/support-technique\/microscope\/","alt":"","author":"1","description":"","caption":"","name":"microscope","status":"inherit","uploaded_to":120,"date":"2020-03-10 17:36:04","modified":"2020-03-10 17:36:04","menu_order":0,"mime_type":"image\/png","type":"image","subtype":"png","icon":"https:\/\/nanoe.com\/wp-includes\/images\/media\/default.png","width":1920,"height":640,"sizes":{"thumbnail":"https:\/\/nanoe.com\/wp-content\/uploads\/2020\/03\/microscope-150x150.png","thumbnail-width":150,"thumbnail-height":150,"medium":"https:\/\/nanoe.com\/wp-content\/uploads\/2020\/03\/microscope-300x100.png","medium-width":300,"medium-height":100,"medium_large":"https:\/\/nanoe.com\/wp-content\/uploads\/2020\/03\/microscope-768x256.png","medium_large-width":768,"medium_large-height":256,"large":"https:\/\/nanoe.com\/wp-content\/uploads\/2020\/03\/microscope-1024x341.png","large-width":1024,"large-height":341,"1536x1536":"https:\/\/nanoe.com\/wp-content\/uploads\/2020\/03\/microscope-1536x512.png","1536x1536-width":1536,"1536x1536-height":512,"2048x2048":"https:\/\/nanoe.com\/wp-content\/uploads\/2020\/03\/microscope.png","2048x2048-width":1920,"2048x2048-height":640,"wide":"https:\/\/nanoe.com\/wp-content\/uploads\/2020\/03\/microscope.png","wide-width":1920,"wide-height":640,"hero":"https:\/\/nanoe.com\/wp-content\/uploads\/2020\/03\/microscope-1236x412.png","hero-width":1236,"hero-height":412}}},{"acf_fc_layout":"spacer","size":"small"},{"acf_fc_layout":"title","type":"h2","align":"left","title":"\u5de5\u4e1a\u5316\u751f\u4ea7\u652f\u6301\u670d\u52a1"},{"acf_fc_layout":"wysiwyg","wysiwyg":"<p>\u4e3a\u4e86\u52a0\u5feb\u5de5\u4e1a\u5316\u751f\u4ea7\u6d41\u7a0b\uff0c\u4ece\u751f\u4ea7\u7b2c\u4e00\u9636\u6bb5\u6d4b\u8bd5\u5f00\u59cb\uff0c\u6211\u4eec\u7684\u5546\u52a1\u56e2\u961f\u5c06\u5e2e\u52a9\u60a8\u5728\u751f\u4ea7\u8fc7\u7a0b\u4e2d\u6b63\u786e\u4f7f\u7528\u7c89\u672b\u3002\u65e0\u8bba\u60a8\u91c7\u7528\u7684\u662f\u6a21\u538b\u3001\u503e\u6ce8\u3001\u55b7\u6ce8\u6216\u662f\u9970\u9762\u5de5\u827a\uff0c\u6211\u4eec\u7684\u7c89\u672b\u90fd\u80fd\u4e0e\u9676\u74f7\u6210\u578b\u52a0\u5de5\u7684\u6240\u6709\u6d41\u7a0b\u76f8\u517c\u5bb9\u3002\u56e0\u6b64\uff0c\u4e3a\u4e86\u8ba9\u60a8\u80fd\u5728\u751f\u4ea7\u6d41\u7a0b\u4e2d\u80fd\u76f4\u63a5\u4f7f\u7528\u7c89\u672b\uff0c\u6211\u4eec\u5c06\u4e3a\u60a8\u4ea4\u4ed8\u53ef\u76f4\u63a5\u6324\u538b\u9897\u7c92\u3001\u7528\u4e8e\u9676\u74f7\u6ce8\u5c04\u6210\u5f62\u7684\u7ed9\u6599\u3001\u53ef\u518d\u5206\u6563\u7c89\u672b\u30013D\u6253\u5370\u957f\u4e1d\u7b49\u4e0d\u540c\u5f62\u6001\u7684\u4ea7\u54c1\u3002<\/p>\n<p>\u6211\u4eec\u5c06\u534f\u52a9\u60a8\u5b8c\u6210\u9996\u6279\u8bd5\u9a8c\uff0c\u5e2e\u52a9\u60a8\u4f18\u5316\u6a21\u538b\u3001\u55b7\u6ce8\u3001\u9664\u8102\u3001\u70e7\u7ed3\u8bbe\u5907\u7684\u53c2\u6570\u3002<\/p>\n<p>\u4e3a\u6b64\u6211\u4eec\u5c06\u5bf9\u60a8\u5728\u4f01\u4e1a\u5185\u90e8\u751f\u4ea7\u7684\u4ea7\u54c1\u8fdb\u884cADAQ\u6d4b\u8bd5\uff08\u6539\u5584\u8d28\u91cf\u7f3a\u9677\u5206\u6790\u6d4b\u8bd5\uff09\u3002\u6211\u4eec\u5c06\u68c0\u67e5\u4ea7\u54c1\u6837\u672c\u7684\u5fae\u89c2\u7ed3\u6784\u7b49\u7279\u6027\uff0c\u4ee5\u8bc4\u4f30\u6210\u54c1\u6216\u6210\u578b\u52a0\u5de5\u7684\u6f5c\u5728\u4e0d\u8db3\u4e4b\u5904\u3002\u901a\u8fc7\u8fd9\u6b21\u5206\u6790\u6d4b\u8bd5\uff0c\u6211\u4eec\u4e3a\u60a8\u5236\u5b9a\u73b0\u6709\u6d41\u7a0b\u7684\u6539\u5584\u65b9\u6848\uff0c\u63d0\u51fa\u5305\u62ec\u66f4\u6539\u8bbe\u5907\u8bbe\u7f6e\u3001\u7ec6\u5316\u70e7\u7ed3\u53c2\u6570\u7b49\u5efa\u8bae\u3002<\/p>\n","display_one":false,"colonne":"10"}]},"yoast_head":"<!-- This site is optimized with the Yoast SEO plugin v16.3 - https:\/\/yoast.com\/wordpress\/plugins\/seo\/ -->\n<meta name=\"description\" content=\"Les ing\u00e9nieurs Nanoe vous accompagnent tout au long de votre cha\u00eene de production. Choix de la mati\u00e8re premi\u00e8re, accompagnement \u00e0 l\u2019\u00e9chelle industrielle.\" \/>\n<meta name=\"robots\" content=\"index, follow, max-snippet:-1, max-image-preview:large, max-video-preview:-1\" \/>\n<link rel=\"canonical\" href=\"https:\/\/nanoe.com\/zh-hans\/support-technique\/\" \/>\n<meta property=\"og:locale\" content=\"zh_CN\" \/>\n<meta property=\"og:type\" content=\"article\" \/>\n<meta property=\"og:title\" content=\"\u6280\u672f\u652f\u6301 par les meilleurs ing\u00e9nieurs Nanoe\" \/>\n<meta property=\"og:description\" content=\"Les ing\u00e9nieurs Nanoe vous accompagnent tout au long de votre cha\u00eene de production. Choix de la mati\u00e8re premi\u00e8re, accompagnement \u00e0 l\u2019\u00e9chelle industrielle.\" \/>\n<meta property=\"og:url\" content=\"https:\/\/nanoe.com\/zh-hans\/support-technique\/\" \/>\n<meta property=\"og:site_name\" content=\"Nanoe\" \/>\n<meta property=\"article:modified_time\" content=\"2021-05-26T06:32:42+00:00\" \/>\n<meta name=\"twitter:card\" content=\"summary_large_image\" \/>\n<script type=\"application\/ld+json\" class=\"yoast-schema-graph\">{\"@context\":\"https:\/\/schema.org\",\"@graph\":[{\"@type\":\"Organization\",\"@id\":\"https:\/\/nanoe.com\/en\/#organization\",\"name\":\"Nanoe\",\"url\":\"https:\/\/nanoe.com\/en\/\",\"sameAs\":[],\"logo\":{\"@type\":\"ImageObject\",\"@id\":\"https:\/\/nanoe.com\/en\/#logo\",\"inLanguage\":\"zh-CN\",\"url\":\"https:\/\/nanoe.com\/wp-content\/uploads\/2020\/03\/logo.png\",\"contentUrl\":\"https:\/\/nanoe.com\/wp-content\/uploads\/2020\/03\/logo.png\",\"width\":618,\"height\":126,\"caption\":\"Nanoe\"},\"image\":{\"@id\":\"https:\/\/nanoe.com\/en\/#logo\"}},{\"@type\":\"WebSite\",\"@id\":\"https:\/\/nanoe.com\/en\/#website\",\"url\":\"https:\/\/nanoe.com\/en\/\",\"name\":\"Nanoe\",\"description\":\"Nanopoudres pour l&#039;industrie c\\u00e9ramique\",\"publisher\":{\"@id\":\"https:\/\/nanoe.com\/en\/#organization\"},\"potentialAction\":[{\"@type\":\"SearchAction\",\"target\":\"https:\/\/nanoe.com\/en\/?s={search_term_string}\",\"query-input\":\"required name=search_term_string\"}],\"inLanguage\":\"zh-CN\"},{\"@type\":\"WebPage\",\"@id\":\"https:\/\/nanoe.com\/zh-hans\/support-technique\/#webpage\",\"url\":\"https:\/\/nanoe.com\/zh-hans\/support-technique\/\",\"name\":\"\\u6280\\u672f\\u652f\\u6301 par les meilleurs ing\\u00e9nieurs Nanoe\",\"isPartOf\":{\"@id\":\"https:\/\/nanoe.com\/en\/#website\"},\"datePublished\":\"2020-03-10T17:36:41+00:00\",\"dateModified\":\"2021-05-26T06:32:42+00:00\",\"description\":\"Les ing\\u00e9nieurs Nanoe vous accompagnent tout au long de votre cha\\u00eene de production. Choix de la mati\\u00e8re premi\\u00e8re, accompagnement \\u00e0 l\\u2019\\u00e9chelle industrielle.\",\"breadcrumb\":{\"@id\":\"https:\/\/nanoe.com\/zh-hans\/support-technique\/#breadcrumb\"},\"inLanguage\":\"zh-CN\",\"potentialAction\":[{\"@type\":\"ReadAction\",\"target\":[\"https:\/\/nanoe.com\/zh-hans\/support-technique\/\"]}]},{\"@type\":\"BreadcrumbList\",\"@id\":\"https:\/\/nanoe.com\/zh-hans\/support-technique\/#breadcrumb\",\"itemListElement\":[{\"@type\":\"ListItem\",\"position\":1,\"item\":{\"@type\":\"WebPage\",\"@id\":\"https:\/\/nanoe.com\/zh-hans\/\",\"url\":\"https:\/\/nanoe.com\/zh-hans\/\",\"name\":\"Home\"}},{\"@type\":\"ListItem\",\"position\":2,\"item\":{\"@id\":\"https:\/\/nanoe.com\/zh-hans\/support-technique\/#webpage\"}}]}]}<\/script>\n<!-- \/ Yoast SEO plugin. -->","_links":{"self":[{"href":"https:\/\/nanoe.com\/zh-hans\/wp-json\/wp\/v2\/pages\/1215"}],"collection":[{"href":"https:\/\/nanoe.com\/zh-hans\/wp-json\/wp\/v2\/pages"}],"about":[{"href":"https:\/\/nanoe.com\/zh-hans\/wp-json\/wp\/v2\/types\/page"}],"author":[{"embeddable":true,"href":"https:\/\/nanoe.com\/zh-hans\/wp-json\/wp\/v2\/users\/3"}],"replies":[{"embeddable":true,"href":"https:\/\/nanoe.com\/zh-hans\/wp-json\/wp\/v2\/comments?post=1215"}],"version-history":[{"count":2,"href":"https:\/\/nanoe.com\/zh-hans\/wp-json\/wp\/v2\/pages\/1215\/revisions"}],"predecessor-version":[{"id":1400,"href":"https:\/\/nanoe.com\/zh-hans\/wp-json\/wp\/v2\/pages\/1215\/revisions\/1400"}],"wp:attachment":[{"href":"https:\/\/nanoe.com\/zh-hans\/wp-json\/wp\/v2\/media?parent=1215"}],"curies":[{"name":"wp","href":"https:\/\/api.w.org\/{rel}","templated":true}]}}