{"id":1328,"date":"2020-03-24T18:02:20","date_gmt":"2020-03-24T17:02:20","guid":{"rendered":"https:\/\/nanoe.com\/zircone-atz\/"},"modified":"2021-07-28T11:50:06","modified_gmt":"2021-07-28T09:50:06","slug":"zircone-atz","status":"publish","type":"page","link":"https:\/\/nanoe.com\/zh-hans\/zircone-atz\/","title":{"rendered":"\u6c27\u5316\u9506\u4e0e\u6c27\u5316\u9506\u589e\u97e7\u6c27\u5316\u94dd"},"content":{"rendered":"","protected":false},"excerpt":{"rendered":"","protected":false},"author":3,"featured_media":0,"parent":0,"menu_order":0,"comment_status":"closed","ping_status":"closed","template":"","meta":[],"acf":{"components":[{"acf_fc_layout":"hero","hero_background":398,"hero_title":"\u6c27\u5316\u9506\u4e0e\u6c27\u5316\u9506\u589e\u97e7\u6c27\u5316\u94dd"},{"acf_fc_layout":"wysiwyg","wysiwyg":"<p style=\"text-align: center;\"><strong>\u8d85\u9ad8\u6297\u78b0\u649e\u6027\u80fd<\/strong><strong> | <\/strong><strong>\u8d85\u5f3a\u6297\u5f2f\u66f2\u6027\u80fd<\/strong><\/p>\n","display_one":false,"colonne":"10"},{"acf_fc_layout":"title","type":"h2","align":"left","title":"\u6c27\u5316\u9506\u6750\u6599"},{"acf_fc_layout":"wysiwyg","wysiwyg":"<p>\u4e3a\u4e86\u8ba9\u6c27\u5316\u9506\u9002\u7528\u4e8e\u6280\u672f\u5de5\u4ef6\u7684\u5236\u9020\uff0c\u53ef\u901a\u8fc7\u6dfb\u52a0\u63ba\u5408\u5242\uff08\u901a\u5e38\u4e3a3%\u6c27\u5316\u9487\uff09\u5bf9\u7eaf\u6c27\u5316\u9506\u8fdb\u884c\u90e8\u5206\u7a33\u5b9a\u5904\u7406\uff0c\u52a0\u5de5\u6210\u56db\u65b9\u6676\u5f62\u6001\u3002\u56db\u65b9\u6676\u5f62\u6001\u6c27\u5316\u9506\u662f\u9676\u74f7\u6280\u672f\u9886\u57df\u6700\u5e38\u7528\u7684\u6750\u6599\u3002\u8be5\u6750\u6599\u5177\u6709\u4f18\u8d8a\u7684\u6297\u649e\u51fb\u548c\u6297\u5f2f\u66f2\u6027\u80fd\u3002<\/p>\n","display_one":false,"colonne":"10"},{"acf_fc_layout":"content","title":"Nanoe\u63a8\u51fa\u7684\u6c27\u5316\u9506\u4ea7\u54c1","text":"<p>\u9664\u4e86\u6c27\u5316\u9487\u7a33\u5b9a\u6c27\u5316\u9506\u6750\u6599\uff083Y-TZP\uff09\u5916\uff0cNanoe\u8fd8\u63a8\u51fa\u4e86\u4e00\u79cd\u6c27\u5316\u94dd\u589e\u97e7\u6c27\u5316\u9506\u7c89\u672b\uff08\u4e5f\u88ab\u79f0\u4e3a\u6c27\u5316\u9506\u589e\u97e7\u6c27\u5316\u94dd\uff09\uff0c\u6709\u52a9\u6539\u5584\u5176\u6297\u78e8\u635f\u6027\u3002Nanoe\u91c7\u7528\u7684\u6c27\u5316\u94dd-\u6c27\u5316\u9506\u6bd4\u4f8b\u4f7f\u5f97\u6750\u6599\u83b7\u5f97\u6bd4\u53ea\u542b\u6c27\u5316\u9506\u7684\u6750\u6599\u66f4\u4f18\u7684\u673a\u68b0\u6027\u80fd\u3002\u8be5\u6c27\u5316\u9506\uff08\u6c27\u5316\u9506\u589e\u97e7\u6c27\u5316\u94dd\uff09\u6750\u6599\u7ed3\u5408\u4e86\u6211\u4eec\u72ec\u7279\u7684\u7c89\u672b\u5408\u6210\u4e13\u4e1a\u6280\u672f\uff0c\u53ef\u7528\u4e8e\u5236\u9020\u542b\u6709\u8d85\u7ec6\u9897\u7c92\u7684\u70e7\u7ed3\u5de5\u4ef6\uff0c\u83b7\u5f97\u66f4\u51fa\u8272\u7684\u673a\u68b0\u7279\u6027\u3002<\/p>\n","link_one":{"title":"\u4e0b\u8f7d\u6570\u636e\u8868","url":"https:\/\/nanoe.com\/wp-content\/uploads\/2021\/07\/datasheetatzfinal2021compresse.pdf","target":"_blank"},"link_two":{"title":"\u4e0b\u8f7dFDS","url":"\/wp-content\/uploads\/2020\/04\/FDS-ATZ.pdf","target":"_blank"},"background":{"ID":122,"id":122,"title":"microscope","filename":"microscope.png","filesize":1397617,"url":"https:\/\/nanoe.com\/wp-content\/uploads\/2020\/03\/microscope.png","link":"https:\/\/nanoe.com\/zh-hans\/support-technique\/microscope\/","alt":"","author":"1","description":"","caption":"","name":"microscope","status":"inherit","uploaded_to":120,"date":"2020-03-10 17:36:04","modified":"2020-03-10 17:36:04","menu_order":0,"mime_type":"image\/png","type":"image","subtype":"png","icon":"https:\/\/nanoe.com\/wp-includes\/images\/media\/default.png","width":1920,"height":640,"sizes":{"thumbnail":"https:\/\/nanoe.com\/wp-content\/uploads\/2020\/03\/microscope-150x150.png","thumbnail-width":150,"thumbnail-height":150,"medium":"https:\/\/nanoe.com\/wp-content\/uploads\/2020\/03\/microscope-300x100.png","medium-width":300,"medium-height":100,"medium_large":"https:\/\/nanoe.com\/wp-content\/uploads\/2020\/03\/microscope-768x256.png","medium_large-width":768,"medium_large-height":256,"large":"https:\/\/nanoe.com\/wp-content\/uploads\/2020\/03\/microscope-1024x341.png","large-width":1024,"large-height":341,"1536x1536":"https:\/\/nanoe.com\/wp-content\/uploads\/2020\/03\/microscope-1536x512.png","1536x1536-width":1536,"1536x1536-height":512,"2048x2048":"https:\/\/nanoe.com\/wp-content\/uploads\/2020\/03\/microscope.png","2048x2048-width":1920,"2048x2048-height":640,"wide":"https:\/\/nanoe.com\/wp-content\/uploads\/2020\/03\/microscope.png","wide-width":1920,"wide-height":640,"hero":"https:\/\/nanoe.com\/wp-content\/uploads\/2020\/03\/microscope-1236x412.png","hero-width":1236,"hero-height":412}}},{"acf_fc_layout":"spacer","size":"small"},{"acf_fc_layout":"title","type":"h2","align":"left","title":"\u5e94\u7528"},{"acf_fc_layout":"wysiwyg","wysiwyg":"<p>\u6c27\u5316\u9506\u6750\u6599\u5728\u533b\u7597\u5e94\u7528\u4e0a\u5907\u53d7\u63a8\u5d07\uff0c\u5c24\u5176\u662f\u5728\u9f7f\u79d1\u5236\u9020\u9886\u57df\u3002\u8be5\u7c7b\u6750\u6599\u4e5f\u5e38\u7528\u4e8e\u5236\u4f5c\u5207\u5272\u6750\u6599\u7684\u9762\u5c42\u548c\u9694\u70ed\u5c42\u3002\u6b64\u5916\uff0c\u8be5\u7c7b\u6750\u6599\u8fd8\u5e38\u89c1\u4e8e\u591a\u6570\u673a\u68b0\u5e94\u7528\u9886\u57df\uff0c\u4ee5\u4fbf\u83b7\u5f97\u5fc5\u8981\u7684\u6297\u5f2f\u66f2\u6027\u80fd\u3002<\/p>\n","display_one":false,"colonne":"12"},{"acf_fc_layout":"pictos","block":[{"pictogramme":"tooth","title":"\u751f\u7269\u533b\u7597","description":"\u9f7f\u79d1\u690d\u5165\u7269\u901a\u5e38\u4f7f\u7528\u949b\u6750\u6599\uff0c\u4f46\u6c27\u5316\u9506\u589e\u97e7\u6c27\u5316\u94dd\u4f5c\u4e3a\u66ff\u4ee3\u6750\u6599\uff0c\u53ef\u4e3a\u690d\u5165\u7269\u63d0\u4f9b\u66f4\u597d\u7684\u751f\u7269\u76f8\u5bb9\u6027\u3002","picto_link":{"title":"","url":"\/biomedical\/","target":""}},{"pictogramme":"saw","title":"\u6613\u78e8\u635f\u5de5\u4ef6\u548c\u5de5\u5177","description":"\u6c27\u5316\u9506\u589e\u97e7\u6c27\u5316\u94dd\u662f\u5236\u4f5c\u5207\u5272\u5de5\u5177\u7684\u7406\u60f3\u6750\u6599\uff0c\u56e0\u4e3a\u5b83\u7ed3\u5408\u4e86\u6c27\u5316\u9506\u7684\u6297\u5f2f\u6027\u548c\u6c27\u5316\u94dd\u7684\u521a\u6027\u4e24\u5927\u4f18\u70b9\u3002","picto_link":{"title":"","url":"\/pieces-dusure-outillage\/","target":""}}],"link":{"title":"\u6211\u4eec\u7684\u5e94\u7528","url":"\/biomedical\/","target":""}},{"acf_fc_layout":"separateur"},{"acf_fc_layout":"push","title":"\u9002\u5e94\u60a8\u9700\u6c42\u7684\u4ea7\u54c1","text":"<p>Nanoe \u6839\u636e\u60a8\u7684\u9700\u6c42\uff0c\u5c06\u4ea4\u4ed8\u7684\u6c27\u5316\u9506\u6750\u6599\u8c03\u6574\u6210\u9002\u5e94\u5236\u4f5c\u6d41\u7a0b\u7684\u5f62\u72b6\u3002\u540c\u65f6\u6211\u4eec\u8fd8\u80fd\u63d0\u4f9b\u5404\u79cd\u5f62\u6001\u7684\u6750\u6599\uff0c\u5305\u62ec\u53ef\u76f4\u63a5\u6324\u538b\u9897\u7c92\u3001\u53ef\u518d\u5206\u6563\u7c89\u672b\u3001\u6216\u7528\u4e8e\u9676\u74f7\u6ce8\u5c04\u6210\u5f62\u7684\u7ed9\u6599\u3002\u53e6\u5916\uff0cNanoe\u80fd\u591f\u6839\u636e\u60a8\u7684\u8981\u6c42\u8c03\u6574\u6c27\u5316\u9506\u6750\u6599\uff0c\u4ee5\u8fbe\u5230\u6240\u9700\u7684\u5e94\u529b\u5c5e\u6027\uff0c\u4f8b\u5982\u5728\u590d\u5408\u7269\u4e2d\u6dfb\u52a0\u63ba\u5408\u5242\u3002<\/p>\n<p style=\"text-align: center;\"><strong>\u60a8\u662f\u5426\u9700\u8981\u6750\u6599\u9009\u8d2d\u5efa\u8bae\uff1f<\/strong><\/p>\n","link":{"title":"\u6b22\u8fce\u4e0e\u6211\u4eec\u7684\u4e13\u5bb6\u8054\u7cfb\uff01","url":"\/contact\/","target":""},"background":{"ID":232,"id":232,"title":"BGdark-compressor","filename":"BGdark-compressor.png","filesize":264791,"url":"https:\/\/nanoe.com\/wp-content\/uploads\/2020\/03\/BGdark-compressor.png","link":"https:\/\/nanoe.com\/zh-hans\/zta-12\/bgdark-compressor\/","alt":"","author":"1","description":"","caption":"","name":"bgdark-compressor","status":"inherit","uploaded_to":230,"date":"2020-03-20 10:50:07","modified":"2020-03-20 10:50:07","menu_order":0,"mime_type":"image\/png","type":"image","subtype":"png","icon":"https:\/\/nanoe.com\/wp-includes\/images\/media\/default.png","width":1920,"height":729,"sizes":{"thumbnail":"https:\/\/nanoe.com\/wp-content\/uploads\/2020\/03\/BGdark-compressor-150x150.png","thumbnail-width":150,"thumbnail-height":150,"medium":"https:\/\/nanoe.com\/wp-content\/uploads\/2020\/03\/BGdark-compressor-300x114.png","medium-width":300,"medium-height":114,"medium_large":"https:\/\/nanoe.com\/wp-content\/uploads\/2020\/03\/BGdark-compressor-768x292.png","medium_large-width":768,"medium_large-height":292,"large":"https:\/\/nanoe.com\/wp-content\/uploads\/2020\/03\/BGdark-compressor-1024x389.png","large-width":1024,"large-height":389,"1536x1536":"https:\/\/nanoe.com\/wp-content\/uploads\/2020\/03\/BGdark-compressor-1536x583.png","1536x1536-width":1536,"1536x1536-height":583,"2048x2048":"https:\/\/nanoe.com\/wp-content\/uploads\/2020\/03\/BGdark-compressor.png","2048x2048-width":1920,"2048x2048-height":729,"wide":"https:\/\/nanoe.com\/wp-content\/uploads\/2020\/03\/BGdark-compressor.png","wide-width":1920,"wide-height":729,"hero":"https:\/\/nanoe.com\/wp-content\/uploads\/2020\/03\/BGdark-compressor-1085x412.png","hero-width":1085,"hero-height":412}}}]},"yoast_head":"<!-- This site is optimized with the Yoast SEO plugin v16.3 - https:\/\/yoast.com\/wordpress\/plugins\/seo\/ -->\n<meta name=\"description\" content=\"Flexibles et r\u00e9sistantes, les zircones sont pr\u00e9conis\u00e9es pour les applications m\u00e9dicales (implants dentaires) ou m\u00e9caniques (outils de coupe).\" \/>\n<meta name=\"robots\" content=\"index, follow, max-snippet:-1, max-image-preview:large, max-video-preview:-1\" \/>\n<link rel=\"canonical\" href=\"https:\/\/nanoe.com\/zh-hans\/zircone-atz\/\" \/>\n<meta property=\"og:locale\" content=\"zh_CN\" \/>\n<meta property=\"og:type\" content=\"article\" \/>\n<meta property=\"og:title\" content=\"\u6c27\u5316\u9506\u4e0e\u6c27\u5316\u9506\u589e\u97e7\u6c27\u5316\u94dd &ndash; Nanoe\" \/>\n<meta property=\"og:description\" content=\"Flexibles et r\u00e9sistantes, les zircones sont pr\u00e9conis\u00e9es pour les applications m\u00e9dicales (implants dentaires) ou m\u00e9caniques (outils de coupe).\" \/>\n<meta property=\"og:url\" content=\"https:\/\/nanoe.com\/zh-hans\/zircone-atz\/\" \/>\n<meta property=\"og:site_name\" content=\"Nanoe\" \/>\n<meta property=\"article:modified_time\" content=\"2021-07-28T09:50:06+00:00\" \/>\n<meta name=\"twitter:card\" content=\"summary_large_image\" \/>\n<script type=\"application\/ld+json\" class=\"yoast-schema-graph\">{\"@context\":\"https:\/\/schema.org\",\"@graph\":[{\"@type\":\"Organization\",\"@id\":\"https:\/\/nanoe.com\/en\/#organization\",\"name\":\"Nanoe\",\"url\":\"https:\/\/nanoe.com\/en\/\",\"sameAs\":[],\"logo\":{\"@type\":\"ImageObject\",\"@id\":\"https:\/\/nanoe.com\/en\/#logo\",\"inLanguage\":\"zh-CN\",\"url\":\"https:\/\/nanoe.com\/wp-content\/uploads\/2020\/03\/logo.png\",\"contentUrl\":\"https:\/\/nanoe.com\/wp-content\/uploads\/2020\/03\/logo.png\",\"width\":618,\"height\":126,\"caption\":\"Nanoe\"},\"image\":{\"@id\":\"https:\/\/nanoe.com\/en\/#logo\"}},{\"@type\":\"WebSite\",\"@id\":\"https:\/\/nanoe.com\/en\/#website\",\"url\":\"https:\/\/nanoe.com\/en\/\",\"name\":\"Nanoe\",\"description\":\"Nanopoudres pour l&#039;industrie c\\u00e9ramique\",\"publisher\":{\"@id\":\"https:\/\/nanoe.com\/en\/#organization\"},\"potentialAction\":[{\"@type\":\"SearchAction\",\"target\":\"https:\/\/nanoe.com\/en\/?s={search_term_string}\",\"query-input\":\"required name=search_term_string\"}],\"inLanguage\":\"zh-CN\"},{\"@type\":\"WebPage\",\"@id\":\"https:\/\/nanoe.com\/zh-hans\/zircone-atz\/#webpage\",\"url\":\"https:\/\/nanoe.com\/zh-hans\/zircone-atz\/\",\"name\":\"\\u6c27\\u5316\\u9506\\u4e0e\\u6c27\\u5316\\u9506\\u589e\\u97e7\\u6c27\\u5316\\u94dd &ndash; Nanoe\",\"isPartOf\":{\"@id\":\"https:\/\/nanoe.com\/en\/#website\"},\"datePublished\":\"2020-03-24T17:02:20+00:00\",\"dateModified\":\"2021-07-28T09:50:06+00:00\",\"description\":\"Flexibles et r\\u00e9sistantes, les zircones sont pr\\u00e9conis\\u00e9es pour les applications m\\u00e9dicales (implants dentaires) ou m\\u00e9caniques (outils de coupe).\",\"breadcrumb\":{\"@id\":\"https:\/\/nanoe.com\/zh-hans\/zircone-atz\/#breadcrumb\"},\"inLanguage\":\"zh-CN\",\"potentialAction\":[{\"@type\":\"ReadAction\",\"target\":[\"https:\/\/nanoe.com\/zh-hans\/zircone-atz\/\"]}]},{\"@type\":\"BreadcrumbList\",\"@id\":\"https:\/\/nanoe.com\/zh-hans\/zircone-atz\/#breadcrumb\",\"itemListElement\":[{\"@type\":\"ListItem\",\"position\":1,\"item\":{\"@type\":\"WebPage\",\"@id\":\"https:\/\/nanoe.com\/zh-hans\/\",\"url\":\"https:\/\/nanoe.com\/zh-hans\/\",\"name\":\"Home\"}},{\"@type\":\"ListItem\",\"position\":2,\"item\":{\"@id\":\"https:\/\/nanoe.com\/zh-hans\/zircone-atz\/#webpage\"}}]}]}<\/script>\n<!-- \/ Yoast SEO plugin. -->","_links":{"self":[{"href":"https:\/\/nanoe.com\/zh-hans\/wp-json\/wp\/v2\/pages\/1328"}],"collection":[{"href":"https:\/\/nanoe.com\/zh-hans\/wp-json\/wp\/v2\/pages"}],"about":[{"href":"https:\/\/nanoe.com\/zh-hans\/wp-json\/wp\/v2\/types\/page"}],"author":[{"embeddable":true,"href":"https:\/\/nanoe.com\/zh-hans\/wp-json\/wp\/v2\/users\/3"}],"replies":[{"embeddable":true,"href":"https:\/\/nanoe.com\/zh-hans\/wp-json\/wp\/v2\/comments?post=1328"}],"version-history":[{"count":3,"href":"https:\/\/nanoe.com\/zh-hans\/wp-json\/wp\/v2\/pages\/1328\/revisions"}],"predecessor-version":[{"id":1431,"href":"https:\/\/nanoe.com\/zh-hans\/wp-json\/wp\/v2\/pages\/1328\/revisions\/1431"}],"wp:attachment":[{"href":"https:\/\/nanoe.com\/zh-hans\/wp-json\/wp\/v2\/media?parent=1328"}],"curies":[{"name":"wp","href":"https:\/\/api.w.org\/{rel}","templated":true}]}}