{"id":1330,"date":"2020-03-24T18:10:21","date_gmt":"2020-03-24T17:10:21","guid":{"rendered":"https:\/\/nanoe.com\/zircone-atz-colorees\/"},"modified":"2021-05-25T17:30:37","modified_gmt":"2021-05-25T15:30:37","slug":"zircone-atz-colorees","status":"publish","type":"page","link":"https:\/\/nanoe.com\/zh-hans\/zircone-atz-colorees\/","title":{"rendered":"\u6709\u8272\u6c27\u5316\u9506\u4e0e\u6c27\u5316\u9506\u589e\u97e7\u6c27\u5316\u94dd"},"content":{"rendered":"","protected":false},"excerpt":{"rendered":"","protected":false},"author":3,"featured_media":0,"parent":0,"menu_order":0,"comment_status":"closed","ping_status":"closed","template":"","meta":[],"acf":{"components":[{"acf_fc_layout":"hero","hero_background":403,"hero_title":"\u6709\u8272\u6c27\u5316\u9506\u4e0e\u6c27\u5316\u9506\u589e\u97e7\u6c27\u5316\u94dd"},{"acf_fc_layout":"wysiwyg","wysiwyg":"<p style=\"text-align: center;\"><strong>\u8d85\u9ad8\u6297\u78b0\u649e\u6027<\/strong><strong> | <\/strong><strong>\u8010\u78e8\u8010\u522e\u6027<\/strong>\u00a0|\u00a0<strong>\u591a\u79cd\u914d\u8272\u53ef\u9009<\/strong><strong> | <\/strong><strong>\u955c\u9762\u629b\u5149\u7cbe\u52a0\u5de5<\/strong><\/p>\n<p style=\"text-align: center;\">\n","display_one":false,"colonne":"10"},{"acf_fc_layout":"title","type":"h2","align":"left","title":"Nanoe\u63a8\u51fa\u7684\u6709\u8272\u6c27\u5316\u9506\u4e0e\u6c27\u5316\u9506\u589e\u97e7\u6c27\u5316\u94dd\u4ea7\u54c1"},{"acf_fc_layout":"wysiwyg","wysiwyg":"<p>Nanoe\u901a\u8fc7\u6dfb\u52a0\u7279\u6b8a\u8272\u7d20\u7814\u5236\u51fa\u6709\u8272\u6c27\u5316\u9506\u548c\u6c27\u5316\u9506\u589e\u97e7\u6c27\u5316\u94dd\uff08\u6c27\u5316\u94dd\u589e\u97e7\u6c27\u5316\u9506\uff09\u6750\u6599\uff0c\u53ef\u7528\u4e8e\u5236\u4f5c\u6709\u8272\u70e7\u7ed3\u9676\u74f7\u5de5\u4ef6\uff0c\u540c\u65f6\u4fdd\u7559\u5176\u826f\u597d\u7684\u673a\u68b0\u7279\u6027\u3002<\/p>\n","display_one":false,"colonne":"10"},{"acf_fc_layout":"content","title":"","text":"<p>Nanoe\u63d0\u4f9b\u4e00\u4e2a\u542b7\u6b3e\u6807\u51c6\u914d\u8272\u7684\u8c03\u8272\u76d8\uff0c\u53ef\u7528\u4e8e\u968f\u610f\u8c03\u914d\u4e0d\u540c\u6df1\u6d45\u7684\u8272\u8c03\u3002\u53ef\u7528\u76847\u6b3e\u914d\u8272\u5305\u62ec\u7eaf\u767d\u8272\u3001\u9ed1\u8272\u3001\u7eff\u8272\u3001\u7070\u8272\u3001\u84dd\u8272\u3001\u7ea2\u68d5\u8272\u4ee5\u53ca\u7d2b\u7ea2\u8272\u3002<\/p>\n<p>\u4e13\u4e3a\u9676\u74f7\u5236\u9020\u884c\u4e1a\u6253\u9020\u7684\u914d\u8272\u76d8\u662f\u6211\u4eec\u7814\u53d1\u90e8\u95e8\u591a\u5e74\u7814\u7a76\u6240\u5f97\u7684\u6210\u679c\u3002\u6211\u4eec\u7684\u6709\u8272\u6c27\u5316\u9506\u548c\u6c27\u5316\u9506\u589e\u97e7\u6c27\u5316\u94dd\u4ea7\u54c1\u5747\u4ee5\u826f\u597d\u8010\u78e8\u6297\u649e\u6027\u80fd\u4e3a\u7279\u8272\u3002\u6b64\u5916\uff0c\u6b64\u7c7b\u6750\u6599\u53ef\u7528\u4e8e\u8f7b\u677e\u7f8e\u5316\u5de5\u4ef6\u7684\u5916\u89c2\uff0c\u5982\u4e9a\u5149\u3001\u62c9\u7ed2\u3001\u6c99\u783e\u3001\u629b\u5149\u548c\u955c\u9762\u629b\u5149\u7684\u8868\u9762\u6548\u679c\u3002<\/p>\n","link_one":{"title":"\u4e0b\u8f7d\u6570\u636e\u8868","url":"\/wp-content\/uploads\/2020\/04\/datasheet-ATZ.pdf","target":"_blank"},"link_two":{"title":"\u4e0b\u8f7dFDS","url":"\/wp-content\/uploads\/2020\/04\/FDS-ATZ.pdf","target":"_blank"},"background":{"ID":122,"id":122,"title":"microscope","filename":"microscope.png","filesize":1397617,"url":"https:\/\/nanoe.com\/wp-content\/uploads\/2020\/03\/microscope.png","link":"https:\/\/nanoe.com\/zh-hans\/support-technique\/microscope\/","alt":"","author":"1","description":"","caption":"","name":"microscope","status":"inherit","uploaded_to":120,"date":"2020-03-10 17:36:04","modified":"2020-03-10 17:36:04","menu_order":0,"mime_type":"image\/png","type":"image","subtype":"png","icon":"https:\/\/nanoe.com\/wp-includes\/images\/media\/default.png","width":1920,"height":640,"sizes":{"thumbnail":"https:\/\/nanoe.com\/wp-content\/uploads\/2020\/03\/microscope-150x150.png","thumbnail-width":150,"thumbnail-height":150,"medium":"https:\/\/nanoe.com\/wp-content\/uploads\/2020\/03\/microscope-300x100.png","medium-width":300,"medium-height":100,"medium_large":"https:\/\/nanoe.com\/wp-content\/uploads\/2020\/03\/microscope-768x256.png","medium_large-width":768,"medium_large-height":256,"large":"https:\/\/nanoe.com\/wp-content\/uploads\/2020\/03\/microscope-1024x341.png","large-width":1024,"large-height":341,"1536x1536":"https:\/\/nanoe.com\/wp-content\/uploads\/2020\/03\/microscope-1536x512.png","1536x1536-width":1536,"1536x1536-height":512,"2048x2048":"https:\/\/nanoe.com\/wp-content\/uploads\/2020\/03\/microscope.png","2048x2048-width":1920,"2048x2048-height":640,"wide":"https:\/\/nanoe.com\/wp-content\/uploads\/2020\/03\/microscope.png","wide-width":1920,"wide-height":640,"hero":"https:\/\/nanoe.com\/wp-content\/uploads\/2020\/03\/microscope-1236x412.png","hero-width":1236,"hero-height":412}}},{"acf_fc_layout":"spacer","size":"small"},{"acf_fc_layout":"title","type":"h2","align":"left","title":"\u5e94\u7528"},{"acf_fc_layout":"wysiwyg","wysiwyg":"<p>\u6c27\u5316\u9506\u4e0d\u6613\u53d8\u8d28\uff0c\u56e0\u6b64\u662f\u949f\u8868\u548c\u73e0\u5b9d\u4e1a\u7684\u7406\u60f3\u6750\u6599\u3002\u5b9e\u9645\u4e0a\uff0c\u9676\u74f7\u4e0d\u540c\u4e8e\u91d1\u7b49\u91d1\u5c5e\u6750\u6599\uff0c\u4e0d\u6613\u88ab\u522e\u635f\u64e6\u4f24\uff0c\u80fd\u591f\u4fdd\u6301\u8868\u9762\u5149\u6ed1\u5982\u65b0\u3002\u53e6\u5916\uff0c\u8be5\u6750\u6599\u53ef\u53d8\u6362\u591a\u79cd\u914d\u8272\uff0c\u662f\u4f20\u7edf\u91d1\u5c5e\u65e0\u6cd5\u6bd4\u62df\u7684\u4f18\u52bf\uff0c\u7ed9\u4e88\u8bbe\u8ba1\u5e08\u66f4\u5927\u7684\u521b\u4f5c\u81ea\u7531\u3002<\/p>\n<p>\u6709\u8272\u6c27\u5316\u9506\u975e\u5e38\u9002\u5408\u7528\u4e8e\u5236\u4f5c\u8868\u9762\u52a0\u5de5\u4ef6\uff0c\u53ef\u5e7f\u6cdb\u5e94\u7528\u4e8e\u76ae\u9769\u3001\u6c7d\u8f66\u6216\u9999\u6c34\u7b49\u884c\u4e1a\u3002<\/p>\n","display_one":false,"colonne":"12"},{"acf_fc_layout":"pictos","block":[{"pictogramme":"watch","title":"\u949f\u8868\u548c\u73e0\u5b9d","description":"\u6709\u8272\u6c27\u5316\u9506\u662f\u5962\u4f88\u54c1\u884c\u4e1a\u5236\u4f5c\u72ec\u7279\u914d\u4ef6\u7684\u7406\u60f3\u6750\u6599\u3002","picto_link":{"title":"","url":"\/horlogerie-bijouterie\/","target":""}}],"link":{"title":"\u6211\u4eec\u7684\u5e94\u7528","url":"\/horlogerie-bijouterie\/","target":""}},{"acf_fc_layout":"separateur"},{"acf_fc_layout":"push","title":"\u9002\u5e94\u60a8\u9700\u6c42\u7684\u4ea7\u54c1","text":"<p>Nanoe\u80fd\u6839\u636e\u60a8\u7684\u9700\u6c42\u4e13\u95e8\u5b9a\u5236\u751f\u4ea7\u5e02\u9762\u4e0a\u4ece\u672a\u51fa\u73b0\u8fc7\u7684\u914d\u8272\u4ea7\u54c1\u3002<\/p>\n<p>\u6b64\u5916\uff0c\u4e3a\u4e86\u66f4\u597d\u5730\u6ee1\u8db3\u60a8\u7684\u9700\u6c42\uff0cNanoe\u53ef\u5c06\u4ea4\u4ed8\u7684\u6709\u8272\u6c27\u5316\u9506\u6750\u6599\u8c03\u6574\u6210\u9002\u5e94\u5236\u4f5c\u6d41\u7a0b\u7684\u5f62\u72b6\u3002\u6211\u4eec\u8fd8\u80fd\u63d0\u4f9b\u5404\u79cd\u5f62\u72b6\u7684\u6750\u6599\uff0c\u5305\u62ec\u53ef\u76f4\u63a5\u6324\u538b\u9897\u7c92\u3001\u53ef\u518d\u5206\u6563\u7c89\u672b\u3001\u6216\u7528\u4e8e\u9676\u74f7\u6ce8\u5c04\u6210\u5f62\u7684\u7ed9\u6599\u3002<\/p>\n<p style=\"text-align: center;\"><strong>\u60a8\u5728\u5bfb\u627e\u4e00\u79cd\u7279\u522b\u7684\u914d\u8272\u5417\uff1f<\/strong><\/p>\n","link":{"title":"\u6b22\u8fce\u5b9a\u5236\u60a8\u7684\u4e13\u5c5e\u4ea7\u54c1\uff01","url":"\/contact\/","target":""},"background":{"ID":232,"id":232,"title":"BGdark-compressor","filename":"BGdark-compressor.png","filesize":264791,"url":"https:\/\/nanoe.com\/wp-content\/uploads\/2020\/03\/BGdark-compressor.png","link":"https:\/\/nanoe.com\/zh-hans\/zta-12\/bgdark-compressor\/","alt":"","author":"1","description":"","caption":"","name":"bgdark-compressor","status":"inherit","uploaded_to":230,"date":"2020-03-20 10:50:07","modified":"2020-03-20 10:50:07","menu_order":0,"mime_type":"image\/png","type":"image","subtype":"png","icon":"https:\/\/nanoe.com\/wp-includes\/images\/media\/default.png","width":1920,"height":729,"sizes":{"thumbnail":"https:\/\/nanoe.com\/wp-content\/uploads\/2020\/03\/BGdark-compressor-150x150.png","thumbnail-width":150,"thumbnail-height":150,"medium":"https:\/\/nanoe.com\/wp-content\/uploads\/2020\/03\/BGdark-compressor-300x114.png","medium-width":300,"medium-height":114,"medium_large":"https:\/\/nanoe.com\/wp-content\/uploads\/2020\/03\/BGdark-compressor-768x292.png","medium_large-width":768,"medium_large-height":292,"large":"https:\/\/nanoe.com\/wp-content\/uploads\/2020\/03\/BGdark-compressor-1024x389.png","large-width":1024,"large-height":389,"1536x1536":"https:\/\/nanoe.com\/wp-content\/uploads\/2020\/03\/BGdark-compressor-1536x583.png","1536x1536-width":1536,"1536x1536-height":583,"2048x2048":"https:\/\/nanoe.com\/wp-content\/uploads\/2020\/03\/BGdark-compressor.png","2048x2048-width":1920,"2048x2048-height":729,"wide":"https:\/\/nanoe.com\/wp-content\/uploads\/2020\/03\/BGdark-compressor.png","wide-width":1920,"wide-height":729,"hero":"https:\/\/nanoe.com\/wp-content\/uploads\/2020\/03\/BGdark-compressor-1085x412.png","hero-width":1085,"hero-height":412}}}]},"yoast_head":"<!-- This site is optimized with the Yoast SEO plugin v16.3 - https:\/\/yoast.com\/wordpress\/plugins\/seo\/ -->\n<meta name=\"description\" content=\"Nanoe offre une palette de 7 teintes de zircones pigment\u00e9es et des aspects mats, bross\u00e9s, sabl\u00e9s, poli-miroir. Application : l&#039;horlogerie et la joaillerie.\" \/>\n<meta name=\"robots\" content=\"index, follow, max-snippet:-1, max-image-preview:large, max-video-preview:-1\" \/>\n<link rel=\"canonical\" href=\"https:\/\/nanoe.com\/zh-hans\/zircone-atz-colorees\/\" \/>\n<meta property=\"og:locale\" content=\"zh_CN\" \/>\n<meta property=\"og:type\" content=\"article\" \/>\n<meta property=\"og:title\" content=\"\u6709\u8272\u6c27\u5316\u9506\u4e0e\u6c27\u5316\u9506\u589e\u97e7\u6c27\u5316\u94dd &ndash; Nanoe\" \/>\n<meta property=\"og:description\" content=\"Nanoe offre une palette de 7 teintes de zircones pigment\u00e9es et des aspects mats, bross\u00e9s, sabl\u00e9s, poli-miroir. Application : l&#039;horlogerie et la joaillerie.\" \/>\n<meta property=\"og:url\" content=\"https:\/\/nanoe.com\/zh-hans\/zircone-atz-colorees\/\" \/>\n<meta property=\"og:site_name\" content=\"Nanoe\" \/>\n<meta property=\"article:modified_time\" content=\"2021-05-25T15:30:37+00:00\" \/>\n<meta name=\"twitter:card\" content=\"summary_large_image\" \/>\n<script type=\"application\/ld+json\" class=\"yoast-schema-graph\">{\"@context\":\"https:\/\/schema.org\",\"@graph\":[{\"@type\":\"Organization\",\"@id\":\"https:\/\/nanoe.com\/en\/#organization\",\"name\":\"Nanoe\",\"url\":\"https:\/\/nanoe.com\/en\/\",\"sameAs\":[],\"logo\":{\"@type\":\"ImageObject\",\"@id\":\"https:\/\/nanoe.com\/en\/#logo\",\"inLanguage\":\"zh-CN\",\"url\":\"https:\/\/nanoe.com\/wp-content\/uploads\/2020\/03\/logo.png\",\"contentUrl\":\"https:\/\/nanoe.com\/wp-content\/uploads\/2020\/03\/logo.png\",\"width\":618,\"height\":126,\"caption\":\"Nanoe\"},\"image\":{\"@id\":\"https:\/\/nanoe.com\/en\/#logo\"}},{\"@type\":\"WebSite\",\"@id\":\"https:\/\/nanoe.com\/en\/#website\",\"url\":\"https:\/\/nanoe.com\/en\/\",\"name\":\"Nanoe\",\"description\":\"Nanopoudres pour l&#039;industrie c\\u00e9ramique\",\"publisher\":{\"@id\":\"https:\/\/nanoe.com\/en\/#organization\"},\"potentialAction\":[{\"@type\":\"SearchAction\",\"target\":\"https:\/\/nanoe.com\/en\/?s={search_term_string}\",\"query-input\":\"required name=search_term_string\"}],\"inLanguage\":\"zh-CN\"},{\"@type\":\"WebPage\",\"@id\":\"https:\/\/nanoe.com\/zh-hans\/zircone-atz-colorees\/#webpage\",\"url\":\"https:\/\/nanoe.com\/zh-hans\/zircone-atz-colorees\/\",\"name\":\"\\u6709\\u8272\\u6c27\\u5316\\u9506\\u4e0e\\u6c27\\u5316\\u9506\\u589e\\u97e7\\u6c27\\u5316\\u94dd &ndash; Nanoe\",\"isPartOf\":{\"@id\":\"https:\/\/nanoe.com\/en\/#website\"},\"datePublished\":\"2020-03-24T17:10:21+00:00\",\"dateModified\":\"2021-05-25T15:30:37+00:00\",\"description\":\"Nanoe offre une palette de 7 teintes de zircones pigment\\u00e9es et des aspects mats, bross\\u00e9s, sabl\\u00e9s, poli-miroir. Application : l'horlogerie et la joaillerie.\",\"breadcrumb\":{\"@id\":\"https:\/\/nanoe.com\/zh-hans\/zircone-atz-colorees\/#breadcrumb\"},\"inLanguage\":\"zh-CN\",\"potentialAction\":[{\"@type\":\"ReadAction\",\"target\":[\"https:\/\/nanoe.com\/zh-hans\/zircone-atz-colorees\/\"]}]},{\"@type\":\"BreadcrumbList\",\"@id\":\"https:\/\/nanoe.com\/zh-hans\/zircone-atz-colorees\/#breadcrumb\",\"itemListElement\":[{\"@type\":\"ListItem\",\"position\":1,\"item\":{\"@type\":\"WebPage\",\"@id\":\"https:\/\/nanoe.com\/zh-hans\/\",\"url\":\"https:\/\/nanoe.com\/zh-hans\/\",\"name\":\"Home\"}},{\"@type\":\"ListItem\",\"position\":2,\"item\":{\"@id\":\"https:\/\/nanoe.com\/zh-hans\/zircone-atz-colorees\/#webpage\"}}]}]}<\/script>\n<!-- \/ Yoast SEO plugin. -->","_links":{"self":[{"href":"https:\/\/nanoe.com\/zh-hans\/wp-json\/wp\/v2\/pages\/1330"}],"collection":[{"href":"https:\/\/nanoe.com\/zh-hans\/wp-json\/wp\/v2\/pages"}],"about":[{"href":"https:\/\/nanoe.com\/zh-hans\/wp-json\/wp\/v2\/types\/page"}],"author":[{"embeddable":true,"href":"https:\/\/nanoe.com\/zh-hans\/wp-json\/wp\/v2\/users\/3"}],"replies":[{"embeddable":true,"href":"https:\/\/nanoe.com\/zh-hans\/wp-json\/wp\/v2\/comments?post=1330"}],"version-history":[{"count":2,"href":"https:\/\/nanoe.com\/zh-hans\/wp-json\/wp\/v2\/pages\/1330\/revisions"}],"predecessor-version":[{"id":1359,"href":"https:\/\/nanoe.com\/zh-hans\/wp-json\/wp\/v2\/pages\/1330\/revisions\/1359"}],"wp:attachment":[{"href":"https:\/\/nanoe.com\/zh-hans\/wp-json\/wp\/v2\/media?parent=1330"}],"curies":[{"name":"wp","href":"https:\/\/api.w.org\/{rel}","templated":true}]}}