{"id":1332,"date":"2020-03-24T12:19:31","date_gmt":"2020-03-24T11:19:31","guid":{"rendered":"https:\/\/nanoe.com\/zta-25\/"},"modified":"2021-07-28T11:36:34","modified_gmt":"2021-07-28T09:36:34","slug":"zta-25","status":"publish","type":"page","link":"https:\/\/nanoe.com\/zh-hans\/zta-25\/","title":{"rendered":"\u6c27\u5316\u9506\u589e\u97e7\u6c27\u5316\u94dd 25"},"content":{"rendered":"","protected":false},"excerpt":{"rendered":"","protected":false},"author":3,"featured_media":0,"parent":0,"menu_order":0,"comment_status":"closed","ping_status":"closed","template":"","meta":[],"acf":{"components":[{"acf_fc_layout":"hero","hero_background":360,"hero_title":"\u6c27\u5316\u9506\u589e\u97e7\u6c27\u5316\u94dd 25"},{"acf_fc_layout":"wysiwyg","wysiwyg":"<p><strong>\u9ad8\u8010\u78b0\u649e\u548c\u8010\u70ed\u6027\u80fd<\/strong><strong> | <\/strong><strong>\u8010\u78e8\u635f\u6027<\/strong><strong> | <\/strong><strong>\u63a8\u8350\u7528\u4e8e\u751f\u7269\u533b\u7597\u548c\u6613\u78e8\u635f\u5de5\u4ef6\u5236\u9020<\/strong><\/p>\n","display_one":false,"colonne":"10"},{"acf_fc_layout":"title","type":"h2","align":"left","title":"\u6211\u4eec\u7684\u6838\u5fc3\u6280\u672f\uff0c\u6c27\u5316\u9506\u589e\u97e7\u6c27\u5316\u94dd\u6750\u6599"},{"acf_fc_layout":"wysiwyg","wysiwyg":"<p>\u6c27\u5316\u9506\u589e\u97e7\u6c27\u5316\u94dd\uff08\u6c27\u5316\u9506\u589e\u97e7\u6c27\u5316\u94dd\uff09\u662f\u4e00\u79cd\u6c27\u5316\u94dd\u548c\u6c27\u5316\u9506\u7684\u5408\u6210\u6750\u6599\uff0c\u5c06\u8fd9\u4e24\u79cd\u5143\u7d20\u7684\u7279\u6027\u878d\u5408\u5230\u540c\u4e00\u79cd\u7c89\u672b\u4e2d\u3002\u8fd9\u79cd\u6750\u6599\u65e2\u5177\u6709\u6c27\u5316\u94dd\u7684\u9ad8\u8010\u78e8\u6027\u548c\u8010\u9ad8\u6e29\u6027\uff0c\u4e5f\u5177\u6709\u6c27\u5316\u9506\u7684\u6297\u78b0\u649e\u7279\u6027\u3002Nanoe\u7cbe\u5fc3\u8c03\u914d\u6c27\u5316\u94dd\u548c\u6c27\u5316\u9506\u7684\u6bd4\u4f8b\uff0c\u4f7f\u5f97\u590d\u5408\u6750\u6599\u5177\u5907\u6700\u597d\u6027\u80fd\uff0c\u6ee1\u8db3\u5404\u79cd\u4ea7\u54c1\u7684\u9700\u6c42\u3002\u6211\u4eec\u5728\u5408\u6210\u7c89\u672b\u5236\u9020\u65b9\u9762\u7684\u72ec\u7279\u4e13\u4e1a\u6280\u672f\uff0c\u4f7f\u5f97\u5229\u7528\u6c27\u5316\u9506\u589e\u97e7\u6c27\u5316\u94dd\u6750\u6599\u5236\u9020\u7684\u4ea7\u54c1\u5177\u6709\u7ec6\u81f4\u5fae\u89c2\u7ed3\u6784\u548c\u9ad8\u5747\u5300\u5ea6\uff0c\u786e\u4fdd\u5176\u4e0d\u540c\u5bfb\u5e38\u7684\u673a\u68b0\u7279\u6027\u3002<\/p>\n","display_one":false,"colonne":"10"},{"acf_fc_layout":"content","title":"\u6c27\u5316\u9506\u589e\u97e7\u6c27\u5316\u94dd 25\u6750\u6599","text":"<p>\u6c27\u5316\u9506\u589e\u97e7\u6c27\u5316\u94dd 25 \u662f\u4e00\u79cd\u753175%\u6c27\u5316\u94dd\u548c25%\u6c27\u5316\u9487\u7a33\u5b9a\u6c27\u5316\u9506\u6df7\u5408\u800c\u6210\u7684\u6750\u6599\u3002\u8be5\u590d\u5408\u6750\u6599\u662f\u6211\u4eec\u7814\u53d1\u90e8\u95e8\u591a\u5e74\u7814\u7a76\u6240\u5f97\u7684\u6770\u51fa\u6210\u679c\uff0c\u786e\u4fdd\u5ef6\u5c55\u6027\u548c\u6297\u78b0\u649e\u8010\u70ed\u7b49\u7279\u6027\u8fbe\u5230\u6700\u4f73\u6548\u679c\u3002\u6b64\u5916\uff0c\u6c27\u5316\u9506\u589e\u97e7\u6c27\u5316\u94dd25\u548c\u6c27\u5316\u9506\u589e\u97e7\u6c27\u5316\u94dd12\u4e00\u6837\u62e5\u6709\u5f88\u5f3a\u7684\u8010\u78e8\u6027\u3002\u4e3a\u4e86\u8fdb\u4e00\u6b65\u589e\u5f3a\u8fd9\u4e9b\u7279\u6027\uff0cNanoe\u8fd8\u63a8\u51fa\u4e86\u6dfb\u52a0\u94ec\u548c\/\u6216\u9536\u7684\u6c27\u5316\u9506\u589e\u97e7\u6c27\u5316\u94dd25\u6750\u6599\u3002<\/p>\n","link_one":{"title":"\u4e0b\u8f7d\u6570\u636e\u8868","url":"https:\/\/nanoe.com\/wp-content\/uploads\/2021\/07\/datasheetzta25final2021compresse.pdf","target":"_blank"},"link_two":{"title":"\u4e0b\u8f7dFDS","url":"\/wp-content\/uploads\/2020\/04\/FDS-ZTA.pdf","target":"_blank"},"background":{"ID":122,"id":122,"title":"microscope","filename":"microscope.png","filesize":1397617,"url":"https:\/\/nanoe.com\/wp-content\/uploads\/2020\/03\/microscope.png","link":"https:\/\/nanoe.com\/zh-hans\/support-technique\/microscope\/","alt":"","author":"1","description":"","caption":"","name":"microscope","status":"inherit","uploaded_to":120,"date":"2020-03-10 17:36:04","modified":"2020-03-10 17:36:04","menu_order":0,"mime_type":"image\/png","type":"image","subtype":"png","icon":"https:\/\/nanoe.com\/wp-includes\/images\/media\/default.png","width":1920,"height":640,"sizes":{"thumbnail":"https:\/\/nanoe.com\/wp-content\/uploads\/2020\/03\/microscope-150x150.png","thumbnail-width":150,"thumbnail-height":150,"medium":"https:\/\/nanoe.com\/wp-content\/uploads\/2020\/03\/microscope-300x100.png","medium-width":300,"medium-height":100,"medium_large":"https:\/\/nanoe.com\/wp-content\/uploads\/2020\/03\/microscope-768x256.png","medium_large-width":768,"medium_large-height":256,"large":"https:\/\/nanoe.com\/wp-content\/uploads\/2020\/03\/microscope-1024x341.png","large-width":1024,"large-height":341,"1536x1536":"https:\/\/nanoe.com\/wp-content\/uploads\/2020\/03\/microscope-1536x512.png","1536x1536-width":1536,"1536x1536-height":512,"2048x2048":"https:\/\/nanoe.com\/wp-content\/uploads\/2020\/03\/microscope.png","2048x2048-width":1920,"2048x2048-height":640,"wide":"https:\/\/nanoe.com\/wp-content\/uploads\/2020\/03\/microscope.png","wide-width":1920,"wide-height":640,"hero":"https:\/\/nanoe.com\/wp-content\/uploads\/2020\/03\/microscope-1236x412.png","hero-width":1236,"hero-height":412}}},{"acf_fc_layout":"spacer","size":"small"},{"acf_fc_layout":"title","type":"h2","align":"left","title":"\u5e94\u7528"},{"acf_fc_layout":"wysiwyg","wysiwyg":"<p>\u6c27\u5316\u9506\u589e\u97e7\u6c27\u5316\u94dd25\u6750\u6599\u53ef\u7528\u4e8e\u5236\u9020\u6324\u6613\u78e8\u635f\u5de5\u4ef6\uff0c\u6bd4\u5982\u5236\u6a21\u578b\u6216\u6cf5\u58f3\u4f53\uff0c\u76f8\u6bd4\u53ea\u7528\u6c27\u5316\u94dd\u5236\u9020\u7684\u5de5\u4ef6\u5177\u6709\u66f4\u957f\u7684\u4f7f\u7528\u5bff\u547d\u3002\u6b64\u5916\uff0c\u6c27\u5316\u9506\u589e\u97e7\u6c27\u5316\u94dd25\u6750\u6599\u5c24\u5176\u9002\u5408\u7528\u4e8e\u533b\u7597\u5236\u9020\u884c\u4e1a\u3002\u5b9e\u9645\u4e0a\uff0c\u5176\u6c27\u5316\u94dd\u7ed3\u6784\u53ef\u786e\u4fdd\u533b\u7597\u5047\u5668\u7684\u6700\u5927\u4f7f\u7528\u5bff\u547d\uff0c\u4ece\u800c\u8ba9\u75c5\u4eba\u62e5\u6709\u66f4\u8212\u9002\u5b89\u5168\u7684\u4f7f\u7528\u4f53\u9a8c\uff0c\u53e6\u4e00\u65b9\u9762\u901a\u8fc7\u6c27\u5316\u9506\u52a0\u56fa\uff0c\u8fbe\u5230\u6297\u78b0\u649e\u7684\u4fdd\u62a4\u4f5c\u7528\u3002<\/p>\n","display_one":false,"colonne":"12"},{"acf_fc_layout":"pictos","block":[{"pictogramme":"doctor","title":"\u751f\u7269\u533b\u7597","description":"\u533b\u7597\u5047\u5668\u5e94\u5177\u6709\u826f\u597d\u7684\u751f\u7269\u76f8\u5bb9\u6027\uff0c\u4ee5\u53ca\u5728\u8dcc\u843d\u65f6\u786e\u4fdd\u6297\u78b0\u649e\u6027\uff0c\u6c27\u5316\u9506\u589e\u97e7\u6c27\u5316\u94dd25\u6750\u6599\u80fd\u591f\u6ee1\u8db3\u4e0a\u8ff0\u7684\u5e94\u529b\u5c5e\u6027\u3002","picto_link":{"title":"","url":"\/biomedical\/","target":""}},{"pictogramme":"tap","title":"\u6d41\u4f53\u7ba1\u7406","description":"\u6cf5\u8bbe\u5907\u9700\u8981\u7ecf\u53d7\u78e8\u6599\u6d41\u7b49\u5404\u7c7b\u6d41\u4f53\u548c\u53cd\u590d\u6d88\u6bd2\u7684\u8003\u9a8c\u3002\u6c27\u5316\u9506\u589e\u97e7\u6c27\u5316\u94dd25\u6750\u6599\u975e\u5e38\u9002\u7528\u4e8e\u6b64\u7c7b\u5e94\u7528\u3002","picto_link":{"title":"","url":"\/gestion-des-fluides\/","target":""}}],"link":{"title":"\u6211\u4eec\u7684\u5e94\u7528","url":"\/biomedical\/","target":""}},{"acf_fc_layout":"separateur"},{"acf_fc_layout":"push","title":"\u9002\u5e94\u751f\u4ea7\u6d41\u7a0b\u7684\u4ea7\u54c1","text":"<p>Nanoe\u6839\u636e\u60a8\u7684\u751f\u4ea7\u6d41\u7a0b\u9700\u6c42\uff0c\u5c06\u4ea4\u4ed8\u7684\u6c27\u5316\u9506\u589e\u97e7\u6c27\u5316\u94dd25\u6750\u6599\u8c03\u6574\u6210\u6240\u9700\u7684\u5f62\u72b6\u3002\u540c\u65f6\u6211\u4eec\u8fd8\u80fd\u63d0\u4f9b\u5404\u79cd\u5f62\u72b6\u7684\u6750\u6599\uff0c\u5305\u62ec\u53ef\u76f4\u63a5\u6324\u538b\u9897\u7c92\u3001\u53ef\u518d\u5206\u6563\u7c89\u672b\u3001\u6216\u7528\u4e8e\u9676\u74f7\u6ce8\u5c04\u6210\u5f62\u7684\u7ed9\u6599\u3002<\/p>\n<p>Nanoe\u80fd\u6839\u636e\u60a8\u7684\u8981\u6c42\u8c03\u6574\u6c27\u5316\u9506\u589e\u97e7\u6c27\u5316\u94dd\u6750\u6599\uff0c\u4ee5\u8fbe\u5230\u6240\u9700\u7684\u5e94\u529b\u5c5e\u6027\uff0c\u4f8b\u5982\u8c03\u6574\u6c27\u5316\u94dd\/\u6c27\u5316\u9506\u7684\u6bd4\u4f8b\u6216\u8005\u6dfb\u52a0\u63ba\u5408\u7269\u3002<\/p>\n<p style=\"text-align: center;\"><strong>\u662f\u5426\u9700\u8981\u6c27\u5316\u9506\u589e\u97e7\u6c27\u5316\u94dd\u9009\u8d2d\u5efa\u8bae\uff1f<\/strong><\/p>\n","link":{"title":"\u6b22\u8fce\u4e0e\u6211\u4eec\u7684\u4e13\u5bb6\u8054\u7cfb\uff01","url":"\/contact\/","target":""},"background":{"ID":232,"id":232,"title":"BGdark-compressor","filename":"BGdark-compressor.png","filesize":264791,"url":"https:\/\/nanoe.com\/wp-content\/uploads\/2020\/03\/BGdark-compressor.png","link":"https:\/\/nanoe.com\/zh-hans\/zta-12\/bgdark-compressor\/","alt":"","author":"1","description":"","caption":"","name":"bgdark-compressor","status":"inherit","uploaded_to":230,"date":"2020-03-20 10:50:07","modified":"2020-03-20 10:50:07","menu_order":0,"mime_type":"image\/png","type":"image","subtype":"png","icon":"https:\/\/nanoe.com\/wp-includes\/images\/media\/default.png","width":1920,"height":729,"sizes":{"thumbnail":"https:\/\/nanoe.com\/wp-content\/uploads\/2020\/03\/BGdark-compressor-150x150.png","thumbnail-width":150,"thumbnail-height":150,"medium":"https:\/\/nanoe.com\/wp-content\/uploads\/2020\/03\/BGdark-compressor-300x114.png","medium-width":300,"medium-height":114,"medium_large":"https:\/\/nanoe.com\/wp-content\/uploads\/2020\/03\/BGdark-compressor-768x292.png","medium_large-width":768,"medium_large-height":292,"large":"https:\/\/nanoe.com\/wp-content\/uploads\/2020\/03\/BGdark-compressor-1024x389.png","large-width":1024,"large-height":389,"1536x1536":"https:\/\/nanoe.com\/wp-content\/uploads\/2020\/03\/BGdark-compressor-1536x583.png","1536x1536-width":1536,"1536x1536-height":583,"2048x2048":"https:\/\/nanoe.com\/wp-content\/uploads\/2020\/03\/BGdark-compressor.png","2048x2048-width":1920,"2048x2048-height":729,"wide":"https:\/\/nanoe.com\/wp-content\/uploads\/2020\/03\/BGdark-compressor.png","wide-width":1920,"wide-height":729,"hero":"https:\/\/nanoe.com\/wp-content\/uploads\/2020\/03\/BGdark-compressor-1085x412.png","hero-width":1085,"hero-height":412}}}]},"yoast_head":"<!-- This site is optimized with the Yoast SEO plugin v16.3 - https:\/\/yoast.com\/wordpress\/plugins\/seo\/ -->\n<meta name=\"description\" content=\"La \u6c27\u5316\u9506\u589e\u97e7\u6c27\u5316\u94dd 25 est extr\u00e8mement r\u00e9sistante aux chocs thermiques. Pr\u00e9conis\u00e9e pour l\u2019industrie du biom\u00e9dical, les pi\u00e8ces d\u2019usure, la gestion des fluides.\" \/>\n<meta name=\"robots\" content=\"index, follow, max-snippet:-1, max-image-preview:large, max-video-preview:-1\" \/>\n<link rel=\"canonical\" href=\"https:\/\/nanoe.com\/zh-hans\/zta-25\/\" \/>\n<meta property=\"og:locale\" content=\"zh_CN\" \/>\n<meta property=\"og:type\" content=\"article\" \/>\n<meta property=\"og:title\" content=\"\u6c27\u5316\u9506\u589e\u97e7\u6c27\u5316\u94dd 25 &ndash; Nanoe\" \/>\n<meta property=\"og:description\" content=\"La \u6c27\u5316\u9506\u589e\u97e7\u6c27\u5316\u94dd 25 est extr\u00e8mement r\u00e9sistante aux chocs thermiques. Pr\u00e9conis\u00e9e pour l\u2019industrie du biom\u00e9dical, les pi\u00e8ces d\u2019usure, la gestion des fluides.\" \/>\n<meta property=\"og:url\" content=\"https:\/\/nanoe.com\/zh-hans\/zta-25\/\" \/>\n<meta property=\"og:site_name\" content=\"Nanoe\" \/>\n<meta property=\"article:modified_time\" content=\"2021-07-28T09:36:34+00:00\" \/>\n<meta name=\"twitter:card\" content=\"summary_large_image\" \/>\n<script type=\"application\/ld+json\" class=\"yoast-schema-graph\">{\"@context\":\"https:\/\/schema.org\",\"@graph\":[{\"@type\":\"Organization\",\"@id\":\"https:\/\/nanoe.com\/en\/#organization\",\"name\":\"Nanoe\",\"url\":\"https:\/\/nanoe.com\/en\/\",\"sameAs\":[],\"logo\":{\"@type\":\"ImageObject\",\"@id\":\"https:\/\/nanoe.com\/en\/#logo\",\"inLanguage\":\"zh-CN\",\"url\":\"https:\/\/nanoe.com\/wp-content\/uploads\/2020\/03\/logo.png\",\"contentUrl\":\"https:\/\/nanoe.com\/wp-content\/uploads\/2020\/03\/logo.png\",\"width\":618,\"height\":126,\"caption\":\"Nanoe\"},\"image\":{\"@id\":\"https:\/\/nanoe.com\/en\/#logo\"}},{\"@type\":\"WebSite\",\"@id\":\"https:\/\/nanoe.com\/en\/#website\",\"url\":\"https:\/\/nanoe.com\/en\/\",\"name\":\"Nanoe\",\"description\":\"Nanopoudres pour l&#039;industrie c\\u00e9ramique\",\"publisher\":{\"@id\":\"https:\/\/nanoe.com\/en\/#organization\"},\"potentialAction\":[{\"@type\":\"SearchAction\",\"target\":\"https:\/\/nanoe.com\/en\/?s={search_term_string}\",\"query-input\":\"required name=search_term_string\"}],\"inLanguage\":\"zh-CN\"},{\"@type\":\"WebPage\",\"@id\":\"https:\/\/nanoe.com\/zh-hans\/zta-25\/#webpage\",\"url\":\"https:\/\/nanoe.com\/zh-hans\/zta-25\/\",\"name\":\"\\u6c27\\u5316\\u9506\\u589e\\u97e7\\u6c27\\u5316\\u94dd 25 &ndash; Nanoe\",\"isPartOf\":{\"@id\":\"https:\/\/nanoe.com\/en\/#website\"},\"datePublished\":\"2020-03-24T11:19:31+00:00\",\"dateModified\":\"2021-07-28T09:36:34+00:00\",\"description\":\"La \\u6c27\\u5316\\u9506\\u589e\\u97e7\\u6c27\\u5316\\u94dd 25 est extr\\u00e8mement r\\u00e9sistante aux chocs thermiques. Pr\\u00e9conis\\u00e9e pour l\\u2019industrie du biom\\u00e9dical, les pi\\u00e8ces d\\u2019usure, la gestion des fluides.\",\"breadcrumb\":{\"@id\":\"https:\/\/nanoe.com\/zh-hans\/zta-25\/#breadcrumb\"},\"inLanguage\":\"zh-CN\",\"potentialAction\":[{\"@type\":\"ReadAction\",\"target\":[\"https:\/\/nanoe.com\/zh-hans\/zta-25\/\"]}]},{\"@type\":\"BreadcrumbList\",\"@id\":\"https:\/\/nanoe.com\/zh-hans\/zta-25\/#breadcrumb\",\"itemListElement\":[{\"@type\":\"ListItem\",\"position\":1,\"item\":{\"@type\":\"WebPage\",\"@id\":\"https:\/\/nanoe.com\/zh-hans\/\",\"url\":\"https:\/\/nanoe.com\/zh-hans\/\",\"name\":\"Home\"}},{\"@type\":\"ListItem\",\"position\":2,\"item\":{\"@id\":\"https:\/\/nanoe.com\/zh-hans\/zta-25\/#webpage\"}}]}]}<\/script>\n<!-- \/ Yoast SEO plugin. -->","_links":{"self":[{"href":"https:\/\/nanoe.com\/zh-hans\/wp-json\/wp\/v2\/pages\/1332"}],"collection":[{"href":"https:\/\/nanoe.com\/zh-hans\/wp-json\/wp\/v2\/pages"}],"about":[{"href":"https:\/\/nanoe.com\/zh-hans\/wp-json\/wp\/v2\/types\/page"}],"author":[{"embeddable":true,"href":"https:\/\/nanoe.com\/zh-hans\/wp-json\/wp\/v2\/users\/3"}],"replies":[{"embeddable":true,"href":"https:\/\/nanoe.com\/zh-hans\/wp-json\/wp\/v2\/comments?post=1332"}],"version-history":[{"count":3,"href":"https:\/\/nanoe.com\/zh-hans\/wp-json\/wp\/v2\/pages\/1332\/revisions"}],"predecessor-version":[{"id":1423,"href":"https:\/\/nanoe.com\/zh-hans\/wp-json\/wp\/v2\/pages\/1332\/revisions\/1423"}],"wp:attachment":[{"href":"https:\/\/nanoe.com\/zh-hans\/wp-json\/wp\/v2\/media?parent=1332"}],"curies":[{"name":"wp","href":"https:\/\/api.w.org\/{rel}","templated":true}]}}