{"id":1334,"date":"2020-03-20T11:45:06","date_gmt":"2020-03-20T10:45:06","guid":{"rendered":"https:\/\/nanoe.com\/zta-12\/"},"modified":"2021-07-28T11:40:14","modified_gmt":"2021-07-28T09:40:14","slug":"zta-12","status":"publish","type":"page","link":"https:\/\/nanoe.com\/zh-hans\/zta-12\/","title":{"rendered":"\u6c27\u5316\u9506\u589e\u97e7\u6c27\u5316\u94dd 12"},"content":{"rendered":"","protected":false},"excerpt":{"rendered":"","protected":false},"author":3,"featured_media":0,"parent":0,"menu_order":0,"comment_status":"closed","ping_status":"closed","template":"","meta":[],"acf":{"components":[{"acf_fc_layout":"hero","hero_background":234,"hero_title":"\u6c27\u5316\u9506\u589e\u97e7\u6c27\u5316\u94dd 12"},{"acf_fc_layout":"wysiwyg","wysiwyg":"<p style=\"text-align: center;\"><strong>\u9ad8\u8010\u78e8\u6027<\/strong><strong> | <\/strong><strong>\u6297\u78b0\u649e<\/strong><strong> | <\/strong><strong>\u5236\u9020\u6613\u78e8\u635f\u96f6\u4ef6\u7684\u7406\u60f3\u6750\u6599<\/strong><\/p>\n","display_one":false,"colonne":"10"},{"acf_fc_layout":"title","type":"h2","align":"left","title":"\u6211\u4eec\u7684\u6838\u5fc3\u6280\u672f\uff0c\u6c27\u5316\u9506\u589e\u97e7\u6c27\u5316\u94dd\u6750\u6599 "},{"acf_fc_layout":"wysiwyg","wysiwyg":"<p>\u6c27\u5316\u9506\u589e\u97e7\u6c27\u5316\u94dd\uff08\u6c27\u5316\u9506\u589e\u97e7\u6c27\u5316\u94dd\uff09\u662f\u4e00\u79cd\u6c27\u5316\u94dd\u548c\u6c27\u5316\u9506\u7684\u5408\u6210\u6750\u6599\uff0c\u5c06\u8fd9\u4e24\u79cd\u5143\u7d20\u7684\u7279\u6027\u878d\u5408\u5230\u540c\u4e00\u79cd\u7c89\u672b\u4e2d\u3002\u8fd9\u79cd\u6750\u6599\u65e2\u5177\u6709\u6c27\u5316\u94dd\u7684\u9ad8\u8010\u78e8\u6027\u548c\u8010\u9ad8\u6e29\u6027\uff0c\u4e5f\u5177\u6709\u6c27\u5316\u9506\u7684\u6297\u78b0\u649e\u7279\u6027\u3002Nanoe\u7cbe\u5fc3\u8c03\u914d\u6c27\u5316\u94dd\u548c\u6c27\u5316\u9506\u7684\u6bd4\u4f8b\uff0c\u4f7f\u5f97\u590d\u5408\u6750\u6599\u5177\u5907\u6700\u597d\u7684\u6027\u80fd\uff0c\u6ee1\u8db3\u5404\u79cd\u4ea7\u54c1\u7684\u9700\u6c42\u3002\u6211\u4eec\u5728\u5408\u6210\u7c89\u672b\u5236\u9020\u65b9\u9762\u7684\u72ec\u7279\u4e13\u4e1a\u6280\u672f\uff0c\u4f7f\u5f97\u5229\u7528\u6c27\u5316\u9506\u589e\u97e7\u6c27\u5316\u94dd\u6750\u6599\u5236\u9020\u7684\u4ea7\u54c1\u5177\u6709\u7ec6\u81f4\u5fae\u89c2\u7ed3\u6784\u548c\u9ad8\u5747\u5300\u5ea6\uff0c\u786e\u4fdd\u5176\u4e0d\u540c\u5bfb\u5e38\u7684\u673a\u68b0\u7279\u6027\u3002<\/p>\n","display_one":false,"colonne":"10"},{"acf_fc_layout":"content","title":"\u6c27\u5316\u9506\u589e\u97e7\u6c27\u5316\u94dd12\u6750\u6599","text":"<p>\u6c27\u5316\u9506\u589e\u97e7\u6c27\u5316\u94dd12\u662f\u4e00\u79cd\u753188%\u6c27\u5316\u94dd\u548c12%\u6c27\u5316\u9487\u7a33\u5b9a\u6c27\u5316\u9506\u6df7\u5408\u800c\u6210\u7684\u6750\u6599\u3002\u8be5\u590d\u5408\u6750\u6599\u662f\u6211\u4eec\u7814\u53d1\u90e8\u95e8\u591a\u5e74\u7814\u7a76\u6240\u5f97\u7684\u6770\u51fa\u6210\u679c\uff0c\u786e\u4fdd\u786c\u5ea6\u3001\u7535\u963b\u7387\u548c\u6297\u70ed\u8001\u5316\u7b49\u7279\u6027\u8fbe\u5230\u6700\u4f73\u6548\u679c\u3002\u6b64\u5916\uff0c\u6c27\u5316\u9506\u589e\u97e7\u6c27\u5316\u94dd12\u548c\u6c27\u5316\u9506\u589e\u97e7\u6c27\u5316\u94dd25\u4e00\u6837\u62e5\u6709\u5f88\u5f3a\u7684\u8010\u78e8\u6027\u3002\u4e3a\u4e86\u8fdb\u4e00\u6b65\u589e\u5f3a\u8fd9\u4e9b\u7279\u6027\uff0cNanoe\u8fd8\u63a8\u51fa\u4e86\u6dfb\u52a0\u94ec\u7684\u6c27\u5316\u9506\u589e\u97e7\u6c27\u5316\u94dd12\u6750\u6599\u3002<\/p>\n","link_one":{"title":"\u4e0b\u8f7d\u6570\u636e\u8868","url":"https:\/\/nanoe.com\/wp-content\/uploads\/2021\/07\/datasheetzta12final2021compresse.pdf","target":"_blank"},"link_two":{"title":"\u4e0b\u8f7dFDS","url":"\/wp-content\/uploads\/2020\/04\/FDS-ZTA.pdf","target":"_blank"},"background":{"ID":122,"id":122,"title":"microscope","filename":"microscope.png","filesize":1397617,"url":"https:\/\/nanoe.com\/wp-content\/uploads\/2020\/03\/microscope.png","link":"https:\/\/nanoe.com\/zh-hans\/support-technique\/microscope\/","alt":"","author":"1","description":"","caption":"","name":"microscope","status":"inherit","uploaded_to":120,"date":"2020-03-10 17:36:04","modified":"2020-03-10 17:36:04","menu_order":0,"mime_type":"image\/png","type":"image","subtype":"png","icon":"https:\/\/nanoe.com\/wp-includes\/images\/media\/default.png","width":1920,"height":640,"sizes":{"thumbnail":"https:\/\/nanoe.com\/wp-content\/uploads\/2020\/03\/microscope-150x150.png","thumbnail-width":150,"thumbnail-height":150,"medium":"https:\/\/nanoe.com\/wp-content\/uploads\/2020\/03\/microscope-300x100.png","medium-width":300,"medium-height":100,"medium_large":"https:\/\/nanoe.com\/wp-content\/uploads\/2020\/03\/microscope-768x256.png","medium_large-width":768,"medium_large-height":256,"large":"https:\/\/nanoe.com\/wp-content\/uploads\/2020\/03\/microscope-1024x341.png","large-width":1024,"large-height":341,"1536x1536":"https:\/\/nanoe.com\/wp-content\/uploads\/2020\/03\/microscope-1536x512.png","1536x1536-width":1536,"1536x1536-height":512,"2048x2048":"https:\/\/nanoe.com\/wp-content\/uploads\/2020\/03\/microscope.png","2048x2048-width":1920,"2048x2048-height":640,"wide":"https:\/\/nanoe.com\/wp-content\/uploads\/2020\/03\/microscope.png","wide-width":1920,"wide-height":640,"hero":"https:\/\/nanoe.com\/wp-content\/uploads\/2020\/03\/microscope-1236x412.png","hero-width":1236,"hero-height":412}}},{"acf_fc_layout":"spacer","size":"small"},{"acf_fc_layout":"title","type":"h2","align":"left","title":"\u5e94\u7528"},{"acf_fc_layout":"wysiwyg","wysiwyg":"<p>\u6c27\u5316\u9506\u589e\u97e7\u6c27\u5316\u94dd12\u6750\u6599\u53ef\u7528\u4e8e\u5236\u9020\u6613\u78e8\u635f\u5de5\u4ef6\uff0c\u5ef6\u957f\u5176\u4f7f\u7528\u5bff\u547d\uff0c\u4ece\u800c\u51cf\u5c11\u7ef4\u62a4\u548c\u66f4\u6362\u6210\u672c\u3002\u8be5\u6750\u6599\u7528\u4e8e\u591a\u4e2a\u5de5\u4e1a\u9886\u57df\uff1a\u534a\u5bfc\u4f53\u3001\u4f10\u6728\u4e1a\u2026\u2026<\/p>\n","display_one":false,"colonne":"12"},{"acf_fc_layout":"pictos","block":[{"pictogramme":"chip","title":"\u534a\u5bfc\u4f53","description":"\u534a\u5bfc\u4f53\u5236\u9020\u9886\u57df\u4f7f\u7528\u6c27\u5316\u9506\u589e\u97e7\u6c27\u5316\u94dd\u5236\u9020\u4f7f\u7528\u5bff\u547d\u66f4\u957f\u7684\u5de5\u4ef6\u3002","picto_link":{"title":"","url":"\/semi-conducteur\/","target":""}},{"pictogramme":"tools","title":"\u6613\u78e8\u635f\u5de5\u4ef6\u548c\u5de5\u5177","description":"\u6c27\u5316\u9506\u589e\u97e7\u6c27\u5316\u94dd\u6750\u6599\u7528\u4e8e\u5236\u9020\u5bfc\u7ebf\u5668\u3001\u5207\u5272\u5de5\u5177\u7b49\u6613\u78e8\u635f\u5de5\u4ef6\uff0c\u4f7f\u5f97\u8fd9\u4e9b\u5de5\u5177\u540c\u65f6\u5177\u6709\u8010\u78e8\u635f\u548c\u6297\u78b0\u649e\u7684\u7279\u6027\u3002","picto_link":{"title":"","url":"\/pieces-dusure-outillage\/","target":""}}],"link":{"title":"\u6211\u4eec\u7684\u5e94\u7528","url":"\/semi-conducteur\/","target":""}},{"acf_fc_layout":"separateur"},{"acf_fc_layout":"push","title":"\u9002\u5e94\u751f\u4ea7\u6d41\u7a0b\u7684\u4ea7\u54c1","text":"<p>Nanoe\u6839\u636e\u60a8\u7684\u751f\u4ea7\u6d41\u7a0b\u9700\u6c42\uff0c\u5c06\u4ea4\u4ed8\u7684\u6c27\u5316\u9506\u589e\u97e7\u6c27\u5316\u94dd12\u6750\u6599\u8c03\u6574\u6210\u6240\u9700\u7684\u5f62\u72b6\u3002\u540c\u65f6\u6211\u4eec\u8fd8\u80fd\u63d0\u4f9b\u5404\u79cd\u5f62\u6001\u7684\u6750\u6599\uff0c\u5305\u62ec\u53ef\u76f4\u63a5\u6324\u538b\u9897\u7c92\u3001\u53ef\u518d\u5206\u6563\u7c89\u672b\u3001\u6216\u7528\u4e8e\u9676\u74f7\u6ce8\u5c04\u6210\u5f62\u7684\u7ed9\u6599\u3002<\/p>\n<p>Nanoe\u80fd\u6839\u636e\u60a8\u7684\u8981\u6c42\u8c03\u6574\u6c27\u5316\u9506\u589e\u97e7\u6c27\u5316\u94dd\u6750\u6599\uff0c\u4ee5\u8fbe\u5230\u6240\u9700\u7684\u5e94\u529b\u5c5e\u6027\uff0c\u4f8b\u5982\u8c03\u6574\u6c27\u5316\u94dd\/\u6c27\u5316\u9506\u7684\u6bd4\u4f8b\u6216\u8005\u6dfb\u52a0\u63ba\u5408\u7269\u3002<\/p>\n<p style=\"text-align: center;\"><strong>\u662f\u5426\u9700\u8981\u6c27\u5316\u9506\u589e\u97e7\u6c27\u5316\u94dd\u9009\u8d2d\u5efa\u8bae\uff1f<\/strong><\/p>\n","link":{"title":"\u6b22\u8fce\u4e0e\u6211\u4eec\u7684\u4e13\u5bb6\u8054\u7cfb !","url":"\/contact\/","target":""},"background":{"ID":232,"id":232,"title":"BGdark-compressor","filename":"BGdark-compressor.png","filesize":264791,"url":"https:\/\/nanoe.com\/wp-content\/uploads\/2020\/03\/BGdark-compressor.png","link":"https:\/\/nanoe.com\/zh-hans\/zta-12\/bgdark-compressor\/","alt":"","author":"1","description":"","caption":"","name":"bgdark-compressor","status":"inherit","uploaded_to":230,"date":"2020-03-20 10:50:07","modified":"2020-03-20 10:50:07","menu_order":0,"mime_type":"image\/png","type":"image","subtype":"png","icon":"https:\/\/nanoe.com\/wp-includes\/images\/media\/default.png","width":1920,"height":729,"sizes":{"thumbnail":"https:\/\/nanoe.com\/wp-content\/uploads\/2020\/03\/BGdark-compressor-150x150.png","thumbnail-width":150,"thumbnail-height":150,"medium":"https:\/\/nanoe.com\/wp-content\/uploads\/2020\/03\/BGdark-compressor-300x114.png","medium-width":300,"medium-height":114,"medium_large":"https:\/\/nanoe.com\/wp-content\/uploads\/2020\/03\/BGdark-compressor-768x292.png","medium_large-width":768,"medium_large-height":292,"large":"https:\/\/nanoe.com\/wp-content\/uploads\/2020\/03\/BGdark-compressor-1024x389.png","large-width":1024,"large-height":389,"1536x1536":"https:\/\/nanoe.com\/wp-content\/uploads\/2020\/03\/BGdark-compressor-1536x583.png","1536x1536-width":1536,"1536x1536-height":583,"2048x2048":"https:\/\/nanoe.com\/wp-content\/uploads\/2020\/03\/BGdark-compressor.png","2048x2048-width":1920,"2048x2048-height":729,"wide":"https:\/\/nanoe.com\/wp-content\/uploads\/2020\/03\/BGdark-compressor.png","wide-width":1920,"wide-height":729,"hero":"https:\/\/nanoe.com\/wp-content\/uploads\/2020\/03\/BGdark-compressor-1085x412.png","hero-width":1085,"hero-height":412}}}]},"yoast_head":"<!-- This site is optimized with the Yoast SEO plugin v16.3 - https:\/\/yoast.com\/wordpress\/plugins\/seo\/ -->\n<meta name=\"description\" content=\"\u6c27\u5316\u9506\u589e\u97e7\u6c27\u5316\u94dd 12 (Zirconia Toughened Alumina), composite haute r\u00e9sistance \u00e0 l\u2019usure, \u00e0 la temp\u00e9rature et aux chocs. Adapt\u00e9 pour semi-conducteurs et pi\u00e8ces d&#039;usure.\" \/>\n<meta name=\"robots\" content=\"index, follow, max-snippet:-1, max-image-preview:large, max-video-preview:-1\" \/>\n<link rel=\"canonical\" href=\"https:\/\/nanoe.com\/zh-hans\/zta-12\/\" \/>\n<meta property=\"og:locale\" content=\"zh_CN\" \/>\n<meta property=\"og:type\" content=\"article\" \/>\n<meta property=\"og:title\" content=\"Poudre c\u00e9ramique \u6c27\u5316\u9506\u589e\u97e7\u6c27\u5316\u94dd 12 &ndash; Nanoe\" \/>\n<meta property=\"og:description\" content=\"\u6c27\u5316\u9506\u589e\u97e7\u6c27\u5316\u94dd 12 (Zirconia Toughened Alumina), composite haute r\u00e9sistance \u00e0 l\u2019usure, \u00e0 la temp\u00e9rature et aux chocs. Adapt\u00e9 pour semi-conducteurs et pi\u00e8ces d&#039;usure.\" \/>\n<meta property=\"og:url\" content=\"https:\/\/nanoe.com\/zh-hans\/zta-12\/\" \/>\n<meta property=\"og:site_name\" content=\"Nanoe\" \/>\n<meta property=\"article:modified_time\" content=\"2021-07-28T09:40:14+00:00\" \/>\n<meta name=\"twitter:card\" content=\"summary_large_image\" \/>\n<script type=\"application\/ld+json\" class=\"yoast-schema-graph\">{\"@context\":\"https:\/\/schema.org\",\"@graph\":[{\"@type\":\"Organization\",\"@id\":\"https:\/\/nanoe.com\/en\/#organization\",\"name\":\"Nanoe\",\"url\":\"https:\/\/nanoe.com\/en\/\",\"sameAs\":[],\"logo\":{\"@type\":\"ImageObject\",\"@id\":\"https:\/\/nanoe.com\/en\/#logo\",\"inLanguage\":\"zh-CN\",\"url\":\"https:\/\/nanoe.com\/wp-content\/uploads\/2020\/03\/logo.png\",\"contentUrl\":\"https:\/\/nanoe.com\/wp-content\/uploads\/2020\/03\/logo.png\",\"width\":618,\"height\":126,\"caption\":\"Nanoe\"},\"image\":{\"@id\":\"https:\/\/nanoe.com\/en\/#logo\"}},{\"@type\":\"WebSite\",\"@id\":\"https:\/\/nanoe.com\/en\/#website\",\"url\":\"https:\/\/nanoe.com\/en\/\",\"name\":\"Nanoe\",\"description\":\"Nanopoudres pour l&#039;industrie c\\u00e9ramique\",\"publisher\":{\"@id\":\"https:\/\/nanoe.com\/en\/#organization\"},\"potentialAction\":[{\"@type\":\"SearchAction\",\"target\":\"https:\/\/nanoe.com\/en\/?s={search_term_string}\",\"query-input\":\"required name=search_term_string\"}],\"inLanguage\":\"zh-CN\"},{\"@type\":\"WebPage\",\"@id\":\"https:\/\/nanoe.com\/zh-hans\/zta-12\/#webpage\",\"url\":\"https:\/\/nanoe.com\/zh-hans\/zta-12\/\",\"name\":\"Poudre c\\u00e9ramique \\u6c27\\u5316\\u9506\\u589e\\u97e7\\u6c27\\u5316\\u94dd 12 &ndash; Nanoe\",\"isPartOf\":{\"@id\":\"https:\/\/nanoe.com\/en\/#website\"},\"datePublished\":\"2020-03-20T10:45:06+00:00\",\"dateModified\":\"2021-07-28T09:40:14+00:00\",\"description\":\"\\u6c27\\u5316\\u9506\\u589e\\u97e7\\u6c27\\u5316\\u94dd 12 (Zirconia Toughened Alumina), composite haute r\\u00e9sistance \\u00e0 l\\u2019usure, \\u00e0 la temp\\u00e9rature et aux chocs. Adapt\\u00e9 pour semi-conducteurs et pi\\u00e8ces d'usure.\",\"breadcrumb\":{\"@id\":\"https:\/\/nanoe.com\/zh-hans\/zta-12\/#breadcrumb\"},\"inLanguage\":\"zh-CN\",\"potentialAction\":[{\"@type\":\"ReadAction\",\"target\":[\"https:\/\/nanoe.com\/zh-hans\/zta-12\/\"]}]},{\"@type\":\"BreadcrumbList\",\"@id\":\"https:\/\/nanoe.com\/zh-hans\/zta-12\/#breadcrumb\",\"itemListElement\":[{\"@type\":\"ListItem\",\"position\":1,\"item\":{\"@type\":\"WebPage\",\"@id\":\"https:\/\/nanoe.com\/zh-hans\/\",\"url\":\"https:\/\/nanoe.com\/zh-hans\/\",\"name\":\"Home\"}},{\"@type\":\"ListItem\",\"position\":2,\"item\":{\"@id\":\"https:\/\/nanoe.com\/zh-hans\/zta-12\/#webpage\"}}]}]}<\/script>\n<!-- \/ Yoast SEO plugin. -->","_links":{"self":[{"href":"https:\/\/nanoe.com\/zh-hans\/wp-json\/wp\/v2\/pages\/1334"}],"collection":[{"href":"https:\/\/nanoe.com\/zh-hans\/wp-json\/wp\/v2\/pages"}],"about":[{"href":"https:\/\/nanoe.com\/zh-hans\/wp-json\/wp\/v2\/types\/page"}],"author":[{"embeddable":true,"href":"https:\/\/nanoe.com\/zh-hans\/wp-json\/wp\/v2\/users\/3"}],"replies":[{"embeddable":true,"href":"https:\/\/nanoe.com\/zh-hans\/wp-json\/wp\/v2\/comments?post=1334"}],"version-history":[{"count":3,"href":"https:\/\/nanoe.com\/zh-hans\/wp-json\/wp\/v2\/pages\/1334\/revisions"}],"predecessor-version":[{"id":1426,"href":"https:\/\/nanoe.com\/zh-hans\/wp-json\/wp\/v2\/pages\/1334\/revisions\/1426"}],"wp:attachment":[{"href":"https:\/\/nanoe.com\/zh-hans\/wp-json\/wp\/v2\/media?parent=1334"}],"curies":[{"name":"wp","href":"https:\/\/api.w.org\/{rel}","templated":true}]}}