{"id":1369,"date":"2020-03-11T15:11:23","date_gmt":"2020-03-11T14:11:23","guid":{"rendered":"https:\/\/nanoe.com\/zetamix-impression-3d\/"},"modified":"2021-05-25T18:37:44","modified_gmt":"2021-05-25T16:37:44","slug":"zetamix-impression-3d","status":"publish","type":"page","link":"https:\/\/nanoe.com\/zh-hans\/zetamix-impression-3d\/","title":{"rendered":"Zetamix \u6280\u672f\uff1a\u4fbf\u5229\u76843D\u9676\u74f7\u6253\u5370"},"content":{"rendered":"","protected":false},"excerpt":{"rendered":"","protected":false},"author":3,"featured_media":0,"parent":0,"menu_order":0,"comment_status":"closed","ping_status":"closed","template":"","meta":[],"acf":{"components":[{"acf_fc_layout":"hero","hero_background":1217,"hero_title":"Zetamix\u6280\u672f\uff1a\u4fbf\u5229\u76843D\u9676\u74f7\u6253\u5370"},{"acf_fc_layout":"wysiwyg","wysiwyg":"<p>\u6211\u4eec\u63a8\u51fa\u7684Zetamix\u4ea7\u54c1\u7ebf\u53ef\u751f\u4ea7\u4e0d\u540c\u7279\u6027\u7684\u7c89\u672b\uff0c\u9002\u7528\u4e8e\u5927\u591a\u65703D FDM\u6253\u5370\u673a\u3002\u57fa\u4e8e\u9676\u74f7\u7c89\u672b\u55b7\u5c04\u5236\u9020\u5de5\u827a\u7684\u542f\u53d1\uff0cZetamix\u7684\u751f\u4ea7\u6d41\u7a0b\u4e3b\u8981\u5206\u4e3a\u4e09\u4e2a\u6b65\u9aa4\uff1a\u5370\u5237\u3001\u8131\u8102\u3001\u70e7\u7ed3\u3002\u6210\u54c1\u5bc6\u5ea6\u9ad8\u8fbe99%\uff0c\u5177\u6709\u548c\u4f20\u7edf\u65b9\u6cd5\u5236\u9020\u7684\u9676\u74f7\u4ea7\u54c1\u76f8\u540c\u7684\u7279\u6027\u3002<\/p>\n","display_one":false,"colonne":"10"},{"acf_fc_layout":"link","type":"primary","link":{"title":"\u524d\u5f80Zetamix\u7f51\u7ad9","url":"https:\/\/zetamix.fr\/","target":""}},{"acf_fc_layout":"wysiwyg","wysiwyg":"<p><img loading=\"lazy\" class=\"alignnone wp-image-534\" src=\"https:\/\/nanoe.com\/wp-content\/uploads\/2020\/04\/UE-300x200.png\" alt=\"\" width=\"77\" height=\"51\" srcset=\"https:\/\/nanoe.com\/wp-content\/uploads\/2020\/04\/UE-300x200.png 300w, https:\/\/nanoe.com\/wp-content\/uploads\/2020\/04\/UE.png 368w\" sizes=\"(max-width: 77px) 100vw, 77px\" \/>\u6b64\u9879\u6280\u672f\u5728\u6b27\u76df\u201c\u5730\u5e73\u7ebf2020\u201d\u79d1\u7814\u521b\u65b0\u8ba1\u5212\uff08Horizon 2020\uff09\u7684\u652f\u6301\u4e0b\u7814\u53d1\u95ee\u4e16\u3002<\/p>\n","display_one":false,"colonne":"10"},{"acf_fc_layout":"content","title":"\u54c1\u79cd\u7e41\u591a\u7684\u9676\u74f7\u957f\u4e1d\u548c\u91d1\u5c5e\u957f\u4e1d","text":"<p>\u672a\u7ecf\u70e7\u7ed3\u7684\u957f\u4e1d\u7531\u805a\u5408\u7269\u7c98\u7ed3\u5242\u548c\u6bd4\u4f8b\u572850\u523060%\u4e4b\u95f4\u7684\u9676\u74f7\u7c89\u672b\u5236\u6210\u3002\u6211\u4eec\u63d0\u4f9b\u4e09\u79cd\u957f\u4e1d\uff1a\u767d\u8272\u6c27\u5316\u9506\u957f\u4e1d\u3001\u9ed1\u8272\u6c27\u5316\u9506\u957f\u4e1d\u548c\u6c27\u5316\u94dd\u957f\u4e1d\u3002<\/p>\n<p>\u6211\u4eec\u8fd8\u7814\u53d1\u4e86\u4e00\u79cd\u4e0d\u9508\u94a2\u957f\u4e1d\uff0c\u76ee\u524d\u6211\u4eec\u6b63\u5728\u7814\u53d1\u7684\u6709\u78b3\u5316\u7845\u957f\u4e1d\u3001\u6c2e\u5316\u7845\u957f\u4e1d\u3001\u78b3\u5316\u94a8\/\u94b4\u957f\u4e1d\u548c\u78b3\u5316\u949b\u957f\u4e1d\u3002<\/p>\n","link_one":{"title":"Aller sur le site Zetamix","url":"https:\/\/zetamix.fr\/","target":"_blank"},"link_two":"","background":{"ID":266,"id":266,"title":"impression 3 D texture carr\u00e9 bleu - 2","filename":"impression-3-D-texture-carr\u00e9-bleu-2.jpg","filesize":0,"url":"https:\/\/nanoe.com\/wp-content\/uploads\/2020\/03\/impression-3-D-texture-carr\u00e9-bleu-2.jpg","link":"https:\/\/nanoe.com\/zh-hans\/zetamix-impression-3d\/impression-3-d-texture-carre-bleu-2\/","alt":"","author":"1","description":"","caption":"","name":"impression-3-d-texture-carre-bleu-2","status":"inherit","uploaded_to":153,"date":"2020-03-20 11:43:01","modified":"2020-03-20 11:43:01","menu_order":0,"mime_type":"image\/jpeg","type":"image","subtype":"jpeg","icon":"https:\/\/nanoe.com\/wp-includes\/images\/media\/default.png","width":1728,"height":758,"sizes":{"thumbnail":"https:\/\/nanoe.com\/wp-content\/uploads\/2020\/03\/impression-3-D-texture-carr\u00e9-bleu-2-150x150.jpg","thumbnail-width":150,"thumbnail-height":150,"medium":"https:\/\/nanoe.com\/wp-content\/uploads\/2020\/03\/impression-3-D-texture-carr\u00e9-bleu-2-300x132.jpg","medium-width":300,"medium-height":132,"medium_large":"https:\/\/nanoe.com\/wp-content\/uploads\/2020\/03\/impression-3-D-texture-carr\u00e9-bleu-2-768x337.jpg","medium_large-width":768,"medium_large-height":337,"large":"https:\/\/nanoe.com\/wp-content\/uploads\/2020\/03\/impression-3-D-texture-carr\u00e9-bleu-2-1024x449.jpg","large-width":1024,"large-height":449,"1536x1536":"https:\/\/nanoe.com\/wp-content\/uploads\/2020\/03\/impression-3-D-texture-carr\u00e9-bleu-2-1536x674.jpg","1536x1536-width":1536,"1536x1536-height":674,"2048x2048":"https:\/\/nanoe.com\/wp-content\/uploads\/2020\/03\/impression-3-D-texture-carr\u00e9-bleu-2.jpg","2048x2048-width":1728,"2048x2048-height":758,"wide":"https:\/\/nanoe.com\/wp-content\/uploads\/2020\/03\/impression-3-D-texture-carr\u00e9-bleu-2.jpg","wide-width":1728,"wide-height":758,"hero":"https:\/\/nanoe.com\/wp-content\/uploads\/2020\/03\/impression-3-D-texture-carr\u00e9-bleu-2-939x412.jpg","hero-width":939,"hero-height":412}}},{"acf_fc_layout":"spacer","size":"small"},{"acf_fc_layout":"title","type":"h2","align":"left","title":"\u4e00\u79cd\u4eba\u4eba\u53ef\u7528\u7684\u6280\u672f"},{"acf_fc_layout":"wysiwyg","wysiwyg":"<p>\u6211\u4eec\u7684\u6280\u672f\u65e8\u5728\u4fbf\u4e8e\u5927\u4f17\u4f7f\u7528\uff0c\u4e0d\u4ec5\u9002\u7528\u4e8e\u5de5\u4e1a\u548c\u79d1\u7814\u5b9e\u9a8c\u5ba4\uff0c\u8fd8\u53ef\u4ee5\u4e3a\u827a\u672f\u5bb6\u548c\u8bbe\u8ba1\u5e08\u670d\u52a1\u3002\u9664\u957f\u4e1d\u4ee5\u5916\uff0cNanoe\u8fd8\u63d0\u4f9b\u4e00\u6574\u5957\u75313D\u6253\u5370\u673a\u3001\u53bb\u9664\u6811\u8102\u88c5\u7f6e\u548c\u70e7\u7ed3\u7089\u7ec4\u6210\u7684\u5957\u88c5\u8bbe\u5907\u3002<\/p>\n<p>\u6253\u5370\u8fc7\u7a0b\u7684\u4e09\u4e2a\u6b65\u9aa4\u7ecf\u8fc7\u7cbe\u5fc3\u8bbe\u8ba1\uff0c\u6613\u5b66\u5feb\u4e0a\u624b\uff0c\u56e0\u6b64\u5927\u5927\u964d\u4f4e\u6295\u5165\u6210\u672c\u3002\u6211\u4eec\u7684\u957f\u4e1d\u4ea7\u54c1\u80fd\u4e0e\u5e02\u9762\u4e0a\u5927\u90e8\u5206FDM\u6253\u5370\u8bbe\u5907\u517c\u5bb9\uff0c\u56e0\u6b64\u6211\u4eec\u7684\u6280\u672f\u662f\u4e00\u4e2a\u5f00\u653e\u7684\u7cfb\u7edf\u3002\u60a8\u53ef\u4ee5\u9009\u62e9\u7528\u81ea\u6709\u8bbe\u5907\u6216Nanoe\u63d0\u4f9b\u7684\u8bbe\u5907\u5b8c\u6210\u53bb\u9664\u6811\u8102\u548c\u70e7\u7ed3\u7684\u6b65\u9aa4\u3002<\/p>\n<p>\u6211\u4eec\u4e3a\u8d2d\u4e70Zetamix\u5957\u88c5\u8bbe\u5907\u7684\u5ba2\u6237\u63d0\u4f9b\u57f9\u8bad\uff0c\u57f9\u8bad\u671f\u95f4\u5c06\u5b89\u6392\u4e00\u4f4d3D\u6253\u5370\u4e13\u5bb6\u534f\u52a9\u60a8\u5b8c\u6210\u7b2c\u4e00\u6279\u4ea7\u54c1\u7684\u6253\u5370\u548c\u6700\u7ec8\u6572\u5b9a\u5de5\u4f5c\u3002<\/p>\n","display_one":false,"colonne":"10"},{"acf_fc_layout":"text_image","title":"\u5e7f\u6cdb\u5e94\u7528","text":"<p>Zetamix\u7cfb\u7edf\u662f\u5236\u4f5c\u4ea7\u54c1\u539f\u578b\u548c\u5b9a\u5236\u5de5\u4ef6\u7684\u7406\u60f3\u8f85\u52a9\u5de5\u5177\u3002\u8be5\u7cfb\u7edf\u53ef\u5e2e\u52a9\u60a8\u4ee5\u6700\u4f4e\u6210\u672c\u5feb\u901f\u521b\u4f5c\u51fa\u9676\u74f7\u6216\u91d1\u5c5e\u5de5\u4ef6\u3002\u6211\u4eec\u63a8\u8350\u60a8\u5728\u5185\u90e8\u5de5\u827a\u8bbe\u5907\u4e2d\u4f7f\u7528\u6b64\u9879\u6280\u672f\uff0c\u5e2e\u52a9\u60a8\u5728\u8f83\u77ed\u65f6\u95f4\u5185\u8f7b\u677e\u5e94\u5bf9\u5404\u79cd\u5404\u6837\u7684\u751f\u4ea7\u95ee\u9898\u3002<\/p>\n","image":{"ID":1135,"id":1135,"title":"IMG20210325114939","filename":"IMG20210325114939-scaled.jpg","filesize":767934,"url":"https:\/\/nanoe.com\/wp-content\/uploads\/2021\/04\/IMG20210325114939-scaled.jpg","link":"https:\/\/nanoe.com\/zh-hans\/zetamix-impression-3d\/img20210325114939\/","alt":"","author":"2","description":"","caption":"","name":"img20210325114939","status":"inherit","uploaded_to":153,"date":"2021-04-21 15:00:18","modified":"2021-04-21 15:00:18","menu_order":0,"mime_type":"image\/jpeg","type":"image","subtype":"jpeg","icon":"https:\/\/nanoe.com\/wp-includes\/images\/media\/default.png","width":2560,"height":1920,"sizes":{"thumbnail":"https:\/\/nanoe.com\/wp-content\/uploads\/2021\/04\/IMG20210325114939-150x150.jpg","thumbnail-width":150,"thumbnail-height":150,"medium":"https:\/\/nanoe.com\/wp-content\/uploads\/2021\/04\/IMG20210325114939-300x225.jpg","medium-width":300,"medium-height":225,"medium_large":"https:\/\/nanoe.com\/wp-content\/uploads\/2021\/04\/IMG20210325114939-768x576.jpg","medium_large-width":768,"medium_large-height":576,"large":"https:\/\/nanoe.com\/wp-content\/uploads\/2021\/04\/IMG20210325114939-1024x768.jpg","large-width":1024,"large-height":768,"1536x1536":"https:\/\/nanoe.com\/wp-content\/uploads\/2021\/04\/IMG20210325114939-1536x1152.jpg","1536x1536-width":1536,"1536x1536-height":1152,"2048x2048":"https:\/\/nanoe.com\/wp-content\/uploads\/2021\/04\/IMG20210325114939-2048x1536.jpg","2048x2048-width":2048,"2048x2048-height":1536,"wide":"https:\/\/nanoe.com\/wp-content\/uploads\/2021\/04\/IMG20210325114939-1365x1024.jpg","wide-width":1365,"wide-height":1024,"hero":"https:\/\/nanoe.com\/wp-content\/uploads\/2021\/04\/IMG20210325114939-549x412.jpg","hero-width":549,"hero-height":412}},"link":{"title":"\u4e86\u89e3\u66f4\u591a","url":"https:\/\/zetamix.fr\/","target":"_blank"},"image_right":false,"couleur":"secondary"}]},"yoast_head":"<!-- This site is optimized with the Yoast SEO plugin v16.3 - https:\/\/yoast.com\/wordpress\/plugins\/seo\/ -->\n<meta name=\"description\" content=\"Filament c\u00e9ramique et m\u00e9tal adapt\u00e9 \u00e0 la plupart des imprimantes FDM 3D. Zetamix est une technologie accessible \u00e0 tous : industries, laboratoires, artistes.\" \/>\n<meta name=\"robots\" content=\"index, follow, max-snippet:-1, max-image-preview:large, max-video-preview:-1\" \/>\n<link rel=\"canonical\" href=\"https:\/\/nanoe.com\/zh-hans\/zetamix-impression-3d\/\" \/>\n<meta property=\"og:locale\" content=\"zh_CN\" \/>\n<meta property=\"og:type\" content=\"article\" \/>\n<meta property=\"og:title\" content=\"Technologie Zetamix : l\u2019impression 3D c\u00e9ramique &ndash; Nanoe\" \/>\n<meta property=\"og:description\" content=\"Filament c\u00e9ramique et m\u00e9tal adapt\u00e9 \u00e0 la plupart des imprimantes FDM 3D. Zetamix est une technologie accessible \u00e0 tous : industries, laboratoires, artistes.\" \/>\n<meta property=\"og:url\" content=\"https:\/\/nanoe.com\/zh-hans\/zetamix-impression-3d\/\" \/>\n<meta property=\"og:site_name\" content=\"Nanoe\" \/>\n<meta property=\"article:modified_time\" content=\"2021-05-25T16:37:44+00:00\" \/>\n<meta name=\"twitter:card\" content=\"summary_large_image\" \/>\n<script type=\"application\/ld+json\" class=\"yoast-schema-graph\">{\"@context\":\"https:\/\/schema.org\",\"@graph\":[{\"@type\":\"Organization\",\"@id\":\"https:\/\/nanoe.com\/en\/#organization\",\"name\":\"Nanoe\",\"url\":\"https:\/\/nanoe.com\/en\/\",\"sameAs\":[],\"logo\":{\"@type\":\"ImageObject\",\"@id\":\"https:\/\/nanoe.com\/en\/#logo\",\"inLanguage\":\"zh-CN\",\"url\":\"https:\/\/nanoe.com\/wp-content\/uploads\/2020\/03\/logo.png\",\"contentUrl\":\"https:\/\/nanoe.com\/wp-content\/uploads\/2020\/03\/logo.png\",\"width\":618,\"height\":126,\"caption\":\"Nanoe\"},\"image\":{\"@id\":\"https:\/\/nanoe.com\/en\/#logo\"}},{\"@type\":\"WebSite\",\"@id\":\"https:\/\/nanoe.com\/en\/#website\",\"url\":\"https:\/\/nanoe.com\/en\/\",\"name\":\"Nanoe\",\"description\":\"Nanopoudres pour l&#039;industrie c\\u00e9ramique\",\"publisher\":{\"@id\":\"https:\/\/nanoe.com\/en\/#organization\"},\"potentialAction\":[{\"@type\":\"SearchAction\",\"target\":\"https:\/\/nanoe.com\/en\/?s={search_term_string}\",\"query-input\":\"required name=search_term_string\"}],\"inLanguage\":\"zh-CN\"},{\"@type\":\"WebPage\",\"@id\":\"https:\/\/nanoe.com\/zh-hans\/zetamix-impression-3d\/#webpage\",\"url\":\"https:\/\/nanoe.com\/zh-hans\/zetamix-impression-3d\/\",\"name\":\"Technologie Zetamix : l\\u2019impression 3D c\\u00e9ramique &ndash; Nanoe\",\"isPartOf\":{\"@id\":\"https:\/\/nanoe.com\/en\/#website\"},\"datePublished\":\"2020-03-11T14:11:23+00:00\",\"dateModified\":\"2021-05-25T16:37:44+00:00\",\"description\":\"Filament c\\u00e9ramique et m\\u00e9tal adapt\\u00e9 \\u00e0 la plupart des imprimantes FDM 3D. Zetamix est une technologie accessible \\u00e0 tous : industries, laboratoires, artistes.\",\"breadcrumb\":{\"@id\":\"https:\/\/nanoe.com\/zh-hans\/zetamix-impression-3d\/#breadcrumb\"},\"inLanguage\":\"zh-CN\",\"potentialAction\":[{\"@type\":\"ReadAction\",\"target\":[\"https:\/\/nanoe.com\/zh-hans\/zetamix-impression-3d\/\"]}]},{\"@type\":\"BreadcrumbList\",\"@id\":\"https:\/\/nanoe.com\/zh-hans\/zetamix-impression-3d\/#breadcrumb\",\"itemListElement\":[{\"@type\":\"ListItem\",\"position\":1,\"item\":{\"@type\":\"WebPage\",\"@id\":\"https:\/\/nanoe.com\/zh-hans\/\",\"url\":\"https:\/\/nanoe.com\/zh-hans\/\",\"name\":\"Home\"}},{\"@type\":\"ListItem\",\"position\":2,\"item\":{\"@id\":\"https:\/\/nanoe.com\/zh-hans\/zetamix-impression-3d\/#webpage\"}}]}]}<\/script>\n<!-- \/ Yoast SEO plugin. -->","_links":{"self":[{"href":"https:\/\/nanoe.com\/zh-hans\/wp-json\/wp\/v2\/pages\/1369"}],"collection":[{"href":"https:\/\/nanoe.com\/zh-hans\/wp-json\/wp\/v2\/pages"}],"about":[{"href":"https:\/\/nanoe.com\/zh-hans\/wp-json\/wp\/v2\/types\/page"}],"author":[{"embeddable":true,"href":"https:\/\/nanoe.com\/zh-hans\/wp-json\/wp\/v2\/users\/3"}],"replies":[{"embeddable":true,"href":"https:\/\/nanoe.com\/zh-hans\/wp-json\/wp\/v2\/comments?post=1369"}],"version-history":[{"count":2,"href":"https:\/\/nanoe.com\/zh-hans\/wp-json\/wp\/v2\/pages\/1369\/revisions"}],"predecessor-version":[{"id":1371,"href":"https:\/\/nanoe.com\/zh-hans\/wp-json\/wp\/v2\/pages\/1369\/revisions\/1371"}],"wp:attachment":[{"href":"https:\/\/nanoe.com\/zh-hans\/wp-json\/wp\/v2\/media?parent=1369"}],"curies":[{"name":"wp","href":"https:\/\/api.w.org\/{rel}","templated":true}]}}