{"id":1374,"date":"2020-03-24T17:50:51","date_gmt":"2020-03-24T16:50:51","guid":{"rendered":"https:\/\/nanoe.com\/yttrine\/"},"modified":"2021-05-25T18:49:02","modified_gmt":"2021-05-25T16:49:02","slug":"yttrine","status":"publish","type":"page","link":"https:\/\/nanoe.com\/zh-hans\/yttrine\/","title":{"rendered":"\u6c27\u5316\u9487"},"content":{"rendered":"","protected":false},"excerpt":{"rendered":"","protected":false},"author":3,"featured_media":0,"parent":0,"menu_order":0,"comment_status":"closed","ping_status":"closed","template":"","meta":[],"acf":{"components":[{"acf_fc_layout":"hero","hero_background":495,"hero_title":"\u6c27\u5316\u9487"},{"acf_fc_layout":"wysiwyg","wysiwyg":"<p style=\"text-align: center;\"><strong>\u8d85\u9ad8\u6e29\u8010\u53d7\u6027<\/strong><strong> | <\/strong><strong>\u6297\u7b49\u79bb\u5b50\u6027\u80fd<\/strong><\/p>\n","display_one":false,"colonne":"10"},{"acf_fc_layout":"content","title":"\u6c27\u5316\u9487\u6750\u6599","text":"<p>\u9487\u662f\u4e00\u79cd\u5c5e\u4e8e\u7a00\u571f\u7c7b\u7684\u9676\u74f7\u6750\u6599\u8be5\u6750\u6599\u4e5f\u88ab\u79f0\u4e3a\u9487\u6c27\u5316\u7269\uff0c\u662f\u552f\u4e00\u4e00\u79cd\u5177\u6709\u70ed\u5b66\u7a33\u5b9a\u6027\u548c\u6297\u7b49\u79bb\u5b50\u7279\u6027\u7684\u6c27\u5316\u7269\u3002\u53e6\u5916\uff0c\u8be5\u6750\u6599\u53ef\u88ab\u5236\u6210\u900f\u660e\u6750\u6599\u3002\u6c27\u5316\u9487\u548cNanoe\u63d0\u4f9b\u7684\u5176\u4ed6\u9676\u74f7\u6750\u6599\u4e00\u6837\uff0c\u4ee5\u826f\u597d\u7684\u8010\u78e8\u6297\u649e\u7279\u6027\u4e3a\u7279\u8272\u3002<\/p>\n","link_one":{"title":"\u4e0b\u8f7d\u6570\u636e\u8868","url":"\/wp-content\/uploads\/2020\/04\/datasheet-yttria.pdf","target":"_blank"},"link_two":{"title":"\u4e0b\u8f7dFDS","url":"\/wp-content\/uploads\/2020\/04\/MSDS-Yttrine.pdf","target":"_blank"},"background":{"ID":122,"id":122,"title":"microscope","filename":"microscope.png","filesize":1397617,"url":"https:\/\/nanoe.com\/wp-content\/uploads\/2020\/03\/microscope.png","link":"https:\/\/nanoe.com\/zh-hans\/support-technique\/microscope\/","alt":"","author":"1","description":"","caption":"","name":"microscope","status":"inherit","uploaded_to":120,"date":"2020-03-10 17:36:04","modified":"2020-03-10 17:36:04","menu_order":0,"mime_type":"image\/png","type":"image","subtype":"png","icon":"https:\/\/nanoe.com\/wp-includes\/images\/media\/default.png","width":1920,"height":640,"sizes":{"thumbnail":"https:\/\/nanoe.com\/wp-content\/uploads\/2020\/03\/microscope-150x150.png","thumbnail-width":150,"thumbnail-height":150,"medium":"https:\/\/nanoe.com\/wp-content\/uploads\/2020\/03\/microscope-300x100.png","medium-width":300,"medium-height":100,"medium_large":"https:\/\/nanoe.com\/wp-content\/uploads\/2020\/03\/microscope-768x256.png","medium_large-width":768,"medium_large-height":256,"large":"https:\/\/nanoe.com\/wp-content\/uploads\/2020\/03\/microscope-1024x341.png","large-width":1024,"large-height":341,"1536x1536":"https:\/\/nanoe.com\/wp-content\/uploads\/2020\/03\/microscope-1536x512.png","1536x1536-width":1536,"1536x1536-height":512,"2048x2048":"https:\/\/nanoe.com\/wp-content\/uploads\/2020\/03\/microscope.png","2048x2048-width":1920,"2048x2048-height":640,"wide":"https:\/\/nanoe.com\/wp-content\/uploads\/2020\/03\/microscope.png","wide-width":1920,"wide-height":640,"hero":"https:\/\/nanoe.com\/wp-content\/uploads\/2020\/03\/microscope-1236x412.png","hero-width":1236,"hero-height":412}}},{"acf_fc_layout":"spacer","size":"small"},{"acf_fc_layout":"title","type":"h2","align":"left","title":"\u5e94\u7528"},{"acf_fc_layout":"wysiwyg","wysiwyg":"<p>\u6c27\u5316\u9487\u5728\u5de5\u4e1a\u9676\u74f7\u9886\u57df\u7684\u5e94\u7528\u975e\u5e38\u5e7f\u6cdb\u3002\u8be5\u6750\u6599\u5177\u6709\u6297\u7b49\u79bb\u5b50\u7279\u6027\u548c\u5149\u5b66\u7279\u6027\uff0c\u56e0\u6b64\u975e\u5e38\u9002\u5408\u7528\u4e8e\u6781\u7aef\u73af\u5883\u7684\u9632\u62a4\u73bb\u7483\u3002\u8be5\u6750\u6599\u8fd8\u7528\u4e8e\u5236\u4f5c\u7a00\u571f\u5143\u7d20\u6fc0\u5149\u7684\u5143\u4ef6\uff0c\u6216\u5fae\u7535\u5b50\u57fa\u7247\u3002<\/p>\n","display_one":false,"colonne":"12"},{"acf_fc_layout":"pictos","block":[{"pictogramme":"rocket","title":"\u822a\u7a7a\u822a\u5929","description":"\u6c27\u5316\u9487\u6750\u6599\u56e0\u5176\u5bf9\u6781\u7aef\u6761\u4ef6\u7684\u9ad8\u8010\u53d7\u7279\u6027\u800c\u5728\u822a\u5929\u822a\u7a7a\u9886\u57df\u5907\u53d7\u9752\u7750\u3002","picto_link":{"title":"","url":"\/aeronautique-aerospatial\/","target":""}},{"pictogramme":"chip","title":"\u534a\u5bfc\u4f53","description":"\u6c27\u5316\u9487\u5177\u6709\u5149\u5b66\u548c\u673a\u68b0\u7279\u6027\uff0c\u56e0\u6b64\u5e38\u7528\u4e8e\u534a\u5bfc\u4f53\u7684\u7b49\u79bb\u5b50\u4f53\u523b\u8680\u3002","picto_link":{"title":"","url":"\/semi-conducteur\/","target":""}}],"link":{"title":"\u6211\u4eec\u7684\u5e94\u7528","url":"\/aeronautique-aerospatial\/","target":""}},{"acf_fc_layout":"separateur"},{"acf_fc_layout":"push","title":"\u9002\u5e94\u60a8\u9700\u6c42\u7684\u4ea7\u54c1","text":"<p>Nanoe\u6839\u636e\u60a8\u7684\u9700\u6c42\uff0c\u5c06\u4ea4\u4ed8\u7684\u6c27\u5316\u9487\u6750\u6599\u8c03\u6574\u6210\u9002\u5e94\u5236\u4f5c\u6d41\u7a0b\u7684\u5f62\u72b6\u3002\u540c\u65f6\u6211\u4eec\u8fd8\u80fd\u63d0\u4f9b\u5404\u79cd\u5f62\u6001\u7684\u6750\u6599\uff0c\u5305\u62ec\u53ef\u76f4\u63a5\u6324\u538b\u9897\u7c92\u3001\u53ef\u518d\u5206\u6563\u7c89\u672b\u3001\u6216\u7528\u4e8e\u9676\u74f7\u6ce8\u5c04\u6210\u5f62\u7684\u7ed9\u6599\u3002<\/p>\n<p style=\"text-align: center;\"><strong>\u60a8\u662f\u5426\u9700\u8981\u6750\u6599\u9009\u8d2d\u5efa\u8bae\uff1f<\/strong><\/p>\n","link":{"title":"\u6b22\u8fce\u4e0e\u6211\u4eec\u7684\u4e13\u5bb6\u8054\u7cfb\uff01","url":"\/contact\/","target":""},"background":{"ID":232,"id":232,"title":"BGdark-compressor","filename":"BGdark-compressor.png","filesize":264791,"url":"https:\/\/nanoe.com\/wp-content\/uploads\/2020\/03\/BGdark-compressor.png","link":"https:\/\/nanoe.com\/zh-hans\/zta-12\/bgdark-compressor\/","alt":"","author":"1","description":"","caption":"","name":"bgdark-compressor","status":"inherit","uploaded_to":230,"date":"2020-03-20 10:50:07","modified":"2020-03-20 10:50:07","menu_order":0,"mime_type":"image\/png","type":"image","subtype":"png","icon":"https:\/\/nanoe.com\/wp-includes\/images\/media\/default.png","width":1920,"height":729,"sizes":{"thumbnail":"https:\/\/nanoe.com\/wp-content\/uploads\/2020\/03\/BGdark-compressor-150x150.png","thumbnail-width":150,"thumbnail-height":150,"medium":"https:\/\/nanoe.com\/wp-content\/uploads\/2020\/03\/BGdark-compressor-300x114.png","medium-width":300,"medium-height":114,"medium_large":"https:\/\/nanoe.com\/wp-content\/uploads\/2020\/03\/BGdark-compressor-768x292.png","medium_large-width":768,"medium_large-height":292,"large":"https:\/\/nanoe.com\/wp-content\/uploads\/2020\/03\/BGdark-compressor-1024x389.png","large-width":1024,"large-height":389,"1536x1536":"https:\/\/nanoe.com\/wp-content\/uploads\/2020\/03\/BGdark-compressor-1536x583.png","1536x1536-width":1536,"1536x1536-height":583,"2048x2048":"https:\/\/nanoe.com\/wp-content\/uploads\/2020\/03\/BGdark-compressor.png","2048x2048-width":1920,"2048x2048-height":729,"wide":"https:\/\/nanoe.com\/wp-content\/uploads\/2020\/03\/BGdark-compressor.png","wide-width":1920,"wide-height":729,"hero":"https:\/\/nanoe.com\/wp-content\/uploads\/2020\/03\/BGdark-compressor-1085x412.png","hero-width":1085,"hero-height":412}}}]},"yoast_head":"<!-- This site is optimized with the Yoast SEO plugin v16.3 - https:\/\/yoast.com\/wordpress\/plugins\/seo\/ -->\n<meta name=\"description\" content=\"L&#039;\u6c27\u5316\u9487 est une c\u00e9ramique adapt\u00e9e en milieux extr\u00eames, r\u00e9sistante au plasma, et aux caract\u00e9ristiques optiques. A\u00e9rospatial et micro\u00e9lectronique.\" \/>\n<meta name=\"robots\" content=\"index, follow, max-snippet:-1, max-image-preview:large, max-video-preview:-1\" \/>\n<link rel=\"canonical\" href=\"https:\/\/nanoe.com\/zh-hans\/yttrine\/\" \/>\n<meta property=\"og:locale\" content=\"zh_CN\" \/>\n<meta property=\"og:type\" content=\"article\" \/>\n<meta property=\"og:title\" content=\"\u6c27\u5316\u9487, c\u00e9ramique aux terres rares &ndash; Nanoe\" \/>\n<meta property=\"og:description\" content=\"L&#039;\u6c27\u5316\u9487 est une c\u00e9ramique adapt\u00e9e en milieux extr\u00eames, r\u00e9sistante au plasma, et aux caract\u00e9ristiques optiques. A\u00e9rospatial et micro\u00e9lectronique.\" \/>\n<meta property=\"og:url\" content=\"https:\/\/nanoe.com\/zh-hans\/yttrine\/\" \/>\n<meta property=\"og:site_name\" content=\"Nanoe\" \/>\n<meta property=\"article:modified_time\" content=\"2021-05-25T16:49:02+00:00\" \/>\n<meta name=\"twitter:card\" content=\"summary_large_image\" \/>\n<script type=\"application\/ld+json\" class=\"yoast-schema-graph\">{\"@context\":\"https:\/\/schema.org\",\"@graph\":[{\"@type\":\"Organization\",\"@id\":\"https:\/\/nanoe.com\/en\/#organization\",\"name\":\"Nanoe\",\"url\":\"https:\/\/nanoe.com\/en\/\",\"sameAs\":[],\"logo\":{\"@type\":\"ImageObject\",\"@id\":\"https:\/\/nanoe.com\/en\/#logo\",\"inLanguage\":\"zh-CN\",\"url\":\"https:\/\/nanoe.com\/wp-content\/uploads\/2020\/03\/logo.png\",\"contentUrl\":\"https:\/\/nanoe.com\/wp-content\/uploads\/2020\/03\/logo.png\",\"width\":618,\"height\":126,\"caption\":\"Nanoe\"},\"image\":{\"@id\":\"https:\/\/nanoe.com\/en\/#logo\"}},{\"@type\":\"WebSite\",\"@id\":\"https:\/\/nanoe.com\/en\/#website\",\"url\":\"https:\/\/nanoe.com\/en\/\",\"name\":\"Nanoe\",\"description\":\"Nanopoudres pour l&#039;industrie c\\u00e9ramique\",\"publisher\":{\"@id\":\"https:\/\/nanoe.com\/en\/#organization\"},\"potentialAction\":[{\"@type\":\"SearchAction\",\"target\":\"https:\/\/nanoe.com\/en\/?s={search_term_string}\",\"query-input\":\"required name=search_term_string\"}],\"inLanguage\":\"zh-CN\"},{\"@type\":\"WebPage\",\"@id\":\"https:\/\/nanoe.com\/zh-hans\/yttrine\/#webpage\",\"url\":\"https:\/\/nanoe.com\/zh-hans\/yttrine\/\",\"name\":\"\\u6c27\\u5316\\u9487, c\\u00e9ramique aux terres rares &ndash; Nanoe\",\"isPartOf\":{\"@id\":\"https:\/\/nanoe.com\/en\/#website\"},\"datePublished\":\"2020-03-24T16:50:51+00:00\",\"dateModified\":\"2021-05-25T16:49:02+00:00\",\"description\":\"L'\\u6c27\\u5316\\u9487 est une c\\u00e9ramique adapt\\u00e9e en milieux extr\\u00eames, r\\u00e9sistante au plasma, et aux caract\\u00e9ristiques optiques. A\\u00e9rospatial et micro\\u00e9lectronique.\",\"breadcrumb\":{\"@id\":\"https:\/\/nanoe.com\/zh-hans\/yttrine\/#breadcrumb\"},\"inLanguage\":\"zh-CN\",\"potentialAction\":[{\"@type\":\"ReadAction\",\"target\":[\"https:\/\/nanoe.com\/zh-hans\/yttrine\/\"]}]},{\"@type\":\"BreadcrumbList\",\"@id\":\"https:\/\/nanoe.com\/zh-hans\/yttrine\/#breadcrumb\",\"itemListElement\":[{\"@type\":\"ListItem\",\"position\":1,\"item\":{\"@type\":\"WebPage\",\"@id\":\"https:\/\/nanoe.com\/zh-hans\/\",\"url\":\"https:\/\/nanoe.com\/zh-hans\/\",\"name\":\"Home\"}},{\"@type\":\"ListItem\",\"position\":2,\"item\":{\"@id\":\"https:\/\/nanoe.com\/zh-hans\/yttrine\/#webpage\"}}]}]}<\/script>\n<!-- \/ Yoast SEO plugin. -->","_links":{"self":[{"href":"https:\/\/nanoe.com\/zh-hans\/wp-json\/wp\/v2\/pages\/1374"}],"collection":[{"href":"https:\/\/nanoe.com\/zh-hans\/wp-json\/wp\/v2\/pages"}],"about":[{"href":"https:\/\/nanoe.com\/zh-hans\/wp-json\/wp\/v2\/types\/page"}],"author":[{"embeddable":true,"href":"https:\/\/nanoe.com\/zh-hans\/wp-json\/wp\/v2\/users\/3"}],"replies":[{"embeddable":true,"href":"https:\/\/nanoe.com\/zh-hans\/wp-json\/wp\/v2\/comments?post=1374"}],"version-history":[{"count":2,"href":"https:\/\/nanoe.com\/zh-hans\/wp-json\/wp\/v2\/pages\/1374\/revisions"}],"predecessor-version":[{"id":1377,"href":"https:\/\/nanoe.com\/zh-hans\/wp-json\/wp\/v2\/pages\/1374\/revisions\/1377"}],"wp:attachment":[{"href":"https:\/\/nanoe.com\/zh-hans\/wp-json\/wp\/v2\/media?parent=1374"}],"curies":[{"name":"wp","href":"https:\/\/api.w.org\/{rel}","templated":true}]}}